{"id":1249,"date":"2018-08-31T12:33:55","date_gmt":"2018-08-31T10:33:55","guid":{"rendered":"http:\/\/www.vdborne.nl\/?page_id=1249"},"modified":"2020-07-03T11:26:27","modified_gmt":"2020-07-03T09:26:27","slug":"weihnachtsbander","status":"publish","type":"page","link":"https:\/\/www.vdborne.nl\/de\/produkte\/ubriges\/weihnachtsbander\/","title":{"rendered":"Weihnachtsb\u00e4nder"},"content":{"rendered":"<p>Wir haben unsere Auswahl an Weihnachtsb\u00e4nder um 7 neue einfarbige Designs erweitert, die Sie in einer unserer 6 Standard-Pantone-Farben bestellen k\u00f6nnen. Suchen Sie eine andere Pantone-Farbe, nehmen Sie bitte Kontakt zu uns auf.<\/p>\n<p><img decoding=\"async\" class=\"wp-image-1260 size-large aligncenter\" src=\"https:\/\/www.vdborne.nl\/wp-content\/uploads\/2017\/10\/Alle-tapes-alle-kleuren-1024x734.jpg\" alt=\"\" width=\"1024\" height=\"734\" srcset=\"https:\/\/www.vdborne.nl\/wp-content\/uploads\/2017\/10\/Alle-tapes-alle-kleuren-1024x734.jpg 1024w, https:\/\/www.vdborne.nl\/wp-content\/uploads\/2017\/10\/Alle-tapes-alle-kleuren-300x215.jpg 300w, https:\/\/www.vdborne.nl\/wp-content\/uploads\/2017\/10\/Alle-tapes-alle-kleuren-768x550.jpg 768w, https:\/\/www.vdborne.nl\/wp-content\/uploads\/2017\/10\/Alle-tapes-alle-kleuren-100x72.jpg 100w, https:\/\/www.vdborne.nl\/wp-content\/uploads\/2017\/10\/Alle-tapes-alle-kleuren.jpg 1400w\" sizes=\"(max-width: 1024px) 100vw, 1024px\" \/><\/p>\n<p>Alle Weihnachtsb\u00e4nder sind in Wei\u00df und Transparent in PVC erh\u00e4ltlich.<span class=\"Apple-converted-space\">\u00a0<\/span><\/p>\n<p>Auch unsere mehrfarbigen Weihnachtsb\u00e4nder haben ein neues Design erhalten.<\/p>\n<p><img decoding=\"async\" class=\"aligncenter wp-image-1261 size-large\" src=\"https:\/\/www.vdborne.nl\/wp-content\/uploads\/2017\/10\/Alle-tapes-3-kleuren-1024x249.jpg\" alt=\"\" width=\"1024\" height=\"249\" srcset=\"https:\/\/www.vdborne.nl\/wp-content\/uploads\/2017\/10\/Alle-tapes-3-kleuren-1024x249.jpg 1024w, https:\/\/www.vdborne.nl\/wp-content\/uploads\/2017\/10\/Alle-tapes-3-kleuren-300x73.jpg 300w, https:\/\/www.vdborne.nl\/wp-content\/uploads\/2017\/10\/Alle-tapes-3-kleuren-768x187.jpg 768w, https:\/\/www.vdborne.nl\/wp-content\/uploads\/2017\/10\/Alle-tapes-3-kleuren-100x24.jpg 100w, https:\/\/www.vdborne.nl\/wp-content\/uploads\/2017\/10\/Alle-tapes-3-kleuren.jpg 1400w\" sizes=\"(max-width: 1024px) 100vw, 1024px\" \/><\/p>\n","protected":false},"excerpt":{"rendered":"<p>Wir haben unsere Auswahl an Weihnachtsb\u00e4nder um 7 neue einfarbige Designs erweitert, die Sie in einer unserer 6 Standard-Pantone-Farben bestellen k\u00f6nnen. Suchen Sie eine andere Pantone-Farbe, nehmen Sie bitte Kontakt zu uns auf. Alle Weihnachtsb\u00e4nder sind in Wei\u00df und Transparent in PVC erh\u00e4ltlich.\u00a0 Auch unsere mehrfarbigen Weihnachtsb\u00e4nder haben ein neues Design erhalten.<\/p>\n","protected":false},"author":2,"featured_media":4077,"parent":2488,"menu_order":55,"comment_status":"closed","ping_status":"closed","template":"","meta":{"footnotes":""},"class_list":["post-1249","page","type-page","status-publish","has-post-thumbnail","hentry"],"yoast_head":"<!-- This site is optimized with the Yoast SEO plugin v27.4 - https:\/\/yoast.com\/product\/yoast-seo-wordpress\/ -->\n<title>Weihnachtsb\u00e4nder - Van de Borne<\/title>\n<meta name=\"robots\" content=\"index, follow, max-snippet:-1, max-image-preview:large, max-video-preview:-1\" \/>\n<link rel=\"canonical\" href=\"https:\/\/www.vdborne.nl\/de\/produkte\/ubriges\/weihnachtsbander\/\" \/>\n<meta property=\"og:locale\" content=\"de_DE\" \/>\n<meta property=\"og:type\" content=\"article\" \/>\n<meta property=\"og:title\" content=\"Weihnachtsb\u00e4nder - Van de Borne\" \/>\n<meta property=\"og:description\" content=\"Wir haben unsere Auswahl an Weihnachtsb\u00e4nder um 7 neue einfarbige Designs erweitert, die Sie in einer unserer 6 Standard-Pantone-Farben bestellen k\u00f6nnen. Suchen Sie eine andere Pantone-Farbe, nehmen Sie bitte Kontakt zu uns auf. Alle Weihnachtsb\u00e4nder sind in Wei\u00df und Transparent in PVC erh\u00e4ltlich.\u00a0 Auch unsere mehrfarbigen Weihnachtsb\u00e4nder haben ein neues Design erhalten.\" \/>\n<meta property=\"og:url\" content=\"https:\/\/www.vdborne.nl\/de\/produkte\/ubriges\/weihnachtsbander\/\" \/>\n<meta property=\"og:site_name\" content=\"Van de Borne\" \/>\n<meta property=\"article:publisher\" content=\"https:\/\/www.facebook.com\/profile.php?id=100063606229530\" \/>\n<meta property=\"article:modified_time\" content=\"2020-07-03T09:26:27+00:00\" \/>\n<meta property=\"og:image\" content=\"https:\/\/www.vdborne.nl\/wp-content\/uploads\/2020\/07\/Kersttapes-500x500-1.png\" \/>\n\t<meta property=\"og:image:width\" content=\"500\" \/>\n\t<meta property=\"og:image:height\" content=\"500\" \/>\n\t<meta property=\"og:image:type\" content=\"image\/png\" \/>\n<meta name=\"twitter:card\" content=\"summary_large_image\" \/>\n<script type=\"application\/ld+json\" class=\"yoast-schema-graph\">{\"@context\":\"https:\\\/\\\/schema.org\",\"@graph\":[{\"@type\":\"WebPage\",\"@id\":\"https:\\\/\\\/www.vdborne.nl\\\/de\\\/produkte\\\/ubriges\\\/weihnachtsbander\\\/\",\"url\":\"https:\\\/\\\/www.vdborne.nl\\\/de\\\/produkte\\\/ubriges\\\/weihnachtsbander\\\/\",\"name\":\"Weihnachtsb\u00e4nder - Van de Borne\",\"isPartOf\":{\"@id\":\"https:\\\/\\\/www.vdborne.nl\\\/de\\\/#website\"},\"primaryImageOfPage\":{\"@id\":\"https:\\\/\\\/www.vdborne.nl\\\/de\\\/produkte\\\/ubriges\\\/weihnachtsbander\\\/#primaryimage\"},\"image\":{\"@id\":\"https:\\\/\\\/www.vdborne.nl\\\/de\\\/produkte\\\/ubriges\\\/weihnachtsbander\\\/#primaryimage\"},\"thumbnailUrl\":\"https:\\\/\\\/www.vdborne.nl\\\/wp-content\\\/uploads\\\/2020\\\/07\\\/Kersttapes-500x500-1.png\",\"datePublished\":\"2018-08-31T10:33:55+00:00\",\"dateModified\":\"2020-07-03T09:26:27+00:00\",\"breadcrumb\":{\"@id\":\"https:\\\/\\\/www.vdborne.nl\\\/de\\\/produkte\\\/ubriges\\\/weihnachtsbander\\\/#breadcrumb\"},\"inLanguage\":\"de\",\"potentialAction\":[{\"@type\":\"ReadAction\",\"target\":[\"https:\\\/\\\/www.vdborne.nl\\\/de\\\/produkte\\\/ubriges\\\/weihnachtsbander\\\/\"]}]},{\"@type\":\"ImageObject\",\"inLanguage\":\"de\",\"@id\":\"https:\\\/\\\/www.vdborne.nl\\\/de\\\/produkte\\\/ubriges\\\/weihnachtsbander\\\/#primaryimage\",\"url\":\"https:\\\/\\\/www.vdborne.nl\\\/wp-content\\\/uploads\\\/2020\\\/07\\\/Kersttapes-500x500-1.png\",\"contentUrl\":\"https:\\\/\\\/www.vdborne.nl\\\/wp-content\\\/uploads\\\/2020\\\/07\\\/Kersttapes-500x500-1.png\",\"width\":500,\"height\":500},{\"@type\":\"BreadcrumbList\",\"@id\":\"https:\\\/\\\/www.vdborne.nl\\\/de\\\/produkte\\\/ubriges\\\/weihnachtsbander\\\/#breadcrumb\",\"itemListElement\":[{\"@type\":\"ListItem\",\"position\":1,\"name\":\"Home\",\"item\":\"https:\\\/\\\/www.vdborne.nl\\\/de\\\/\"},{\"@type\":\"ListItem\",\"position\":2,\"name\":\"Produkte\",\"item\":\"https:\\\/\\\/www.vdborne.nl\\\/producten\\\/\"},{\"@type\":\"ListItem\",\"position\":3,\"name\":\"\u00dcbriges\",\"item\":\"https:\\\/\\\/www.vdborne.nl\\\/de\\\/produkte\\\/ubriges\\\/\"},{\"@type\":\"ListItem\",\"position\":4,\"name\":\"Weihnachtsb\u00e4nder\"}]},{\"@type\":\"WebSite\",\"@id\":\"https:\\\/\\\/www.vdborne.nl\\\/de\\\/#website\",\"url\":\"https:\\\/\\\/www.vdborne.nl\\\/de\\\/\",\"name\":\"Van de Borne\",\"description\":\"En nog een WordPress site\",\"publisher\":{\"@id\":\"https:\\\/\\\/www.vdborne.nl\\\/de\\\/#organization\"},\"potentialAction\":[{\"@type\":\"SearchAction\",\"target\":{\"@type\":\"EntryPoint\",\"urlTemplate\":\"https:\\\/\\\/www.vdborne.nl\\\/de\\\/?s={search_term_string}\"},\"query-input\":{\"@type\":\"PropertyValueSpecification\",\"valueRequired\":true,\"valueName\":\"search_term_string\"}}],\"inLanguage\":\"de\"},{\"@type\":\"Organization\",\"@id\":\"https:\\\/\\\/www.vdborne.nl\\\/de\\\/#organization\",\"name\":\"Van de Borne\",\"url\":\"https:\\\/\\\/www.vdborne.nl\\\/de\\\/\",\"logo\":{\"@type\":\"ImageObject\",\"inLanguage\":\"de\",\"@id\":\"https:\\\/\\\/www.vdborne.nl\\\/de\\\/#\\\/schema\\\/logo\\\/image\\\/\",\"url\":\"https:\\\/\\\/www.vdborne.nl\\\/wp-content\\\/uploads\\\/2023\\\/07\\\/logo-1.png\",\"contentUrl\":\"https:\\\/\\\/www.vdborne.nl\\\/wp-content\\\/uploads\\\/2023\\\/07\\\/logo-1.png\",\"width\":120,\"height\":62,\"caption\":\"Van de Borne\"},\"image\":{\"@id\":\"https:\\\/\\\/www.vdborne.nl\\\/de\\\/#\\\/schema\\\/logo\\\/image\\\/\"},\"sameAs\":[\"https:\\\/\\\/www.facebook.com\\\/profile.php?id=100063606229530\"]}]}<\/script>\n<!-- \/ Yoast SEO plugin. -->","yoast_head_json":{"title":"Weihnachtsb\u00e4nder - Van de Borne","robots":{"index":"index","follow":"follow","max-snippet":"max-snippet:-1","max-image-preview":"max-image-preview:large","max-video-preview":"max-video-preview:-1"},"canonical":"https:\/\/www.vdborne.nl\/de\/produkte\/ubriges\/weihnachtsbander\/","og_locale":"de_DE","og_type":"article","og_title":"Weihnachtsb\u00e4nder - Van de Borne","og_description":"Wir haben unsere Auswahl an Weihnachtsb\u00e4nder um 7 neue einfarbige Designs erweitert, die Sie in einer unserer 6 Standard-Pantone-Farben bestellen k\u00f6nnen. Suchen Sie eine andere Pantone-Farbe, nehmen Sie bitte Kontakt zu uns auf. Alle Weihnachtsb\u00e4nder sind in Wei\u00df und Transparent in PVC erh\u00e4ltlich.\u00a0 Auch unsere mehrfarbigen Weihnachtsb\u00e4nder haben ein neues Design erhalten.","og_url":"https:\/\/www.vdborne.nl\/de\/produkte\/ubriges\/weihnachtsbander\/","og_site_name":"Van de Borne","article_publisher":"https:\/\/www.facebook.com\/profile.php?id=100063606229530","article_modified_time":"2020-07-03T09:26:27+00:00","og_image":[{"width":500,"height":500,"url":"https:\/\/www.vdborne.nl\/wp-content\/uploads\/2020\/07\/Kersttapes-500x500-1.png","type":"image\/png"}],"twitter_card":"summary_large_image","schema":{"@context":"https:\/\/schema.org","@graph":[{"@type":"WebPage","@id":"https:\/\/www.vdborne.nl\/de\/produkte\/ubriges\/weihnachtsbander\/","url":"https:\/\/www.vdborne.nl\/de\/produkte\/ubriges\/weihnachtsbander\/","name":"Weihnachtsb\u00e4nder - Van de Borne","isPartOf":{"@id":"https:\/\/www.vdborne.nl\/de\/#website"},"primaryImageOfPage":{"@id":"https:\/\/www.vdborne.nl\/de\/produkte\/ubriges\/weihnachtsbander\/#primaryimage"},"image":{"@id":"https:\/\/www.vdborne.nl\/de\/produkte\/ubriges\/weihnachtsbander\/#primaryimage"},"thumbnailUrl":"https:\/\/www.vdborne.nl\/wp-content\/uploads\/2020\/07\/Kersttapes-500x500-1.png","datePublished":"2018-08-31T10:33:55+00:00","dateModified":"2020-07-03T09:26:27+00:00","breadcrumb":{"@id":"https:\/\/www.vdborne.nl\/de\/produkte\/ubriges\/weihnachtsbander\/#breadcrumb"},"inLanguage":"de","potentialAction":[{"@type":"ReadAction","target":["https:\/\/www.vdborne.nl\/de\/produkte\/ubriges\/weihnachtsbander\/"]}]},{"@type":"ImageObject","inLanguage":"de","@id":"https:\/\/www.vdborne.nl\/de\/produkte\/ubriges\/weihnachtsbander\/#primaryimage","url":"https:\/\/www.vdborne.nl\/wp-content\/uploads\/2020\/07\/Kersttapes-500x500-1.png","contentUrl":"https:\/\/www.vdborne.nl\/wp-content\/uploads\/2020\/07\/Kersttapes-500x500-1.png","width":500,"height":500},{"@type":"BreadcrumbList","@id":"https:\/\/www.vdborne.nl\/de\/produkte\/ubriges\/weihnachtsbander\/#breadcrumb","itemListElement":[{"@type":"ListItem","position":1,"name":"Home","item":"https:\/\/www.vdborne.nl\/de\/"},{"@type":"ListItem","position":2,"name":"Produkte","item":"https:\/\/www.vdborne.nl\/producten\/"},{"@type":"ListItem","position":3,"name":"\u00dcbriges","item":"https:\/\/www.vdborne.nl\/de\/produkte\/ubriges\/"},{"@type":"ListItem","position":4,"name":"Weihnachtsb\u00e4nder"}]},{"@type":"WebSite","@id":"https:\/\/www.vdborne.nl\/de\/#website","url":"https:\/\/www.vdborne.nl\/de\/","name":"Van de Borne","description":"En nog een WordPress site","publisher":{"@id":"https:\/\/www.vdborne.nl\/de\/#organization"},"potentialAction":[{"@type":"SearchAction","target":{"@type":"EntryPoint","urlTemplate":"https:\/\/www.vdborne.nl\/de\/?s={search_term_string}"},"query-input":{"@type":"PropertyValueSpecification","valueRequired":true,"valueName":"search_term_string"}}],"inLanguage":"de"},{"@type":"Organization","@id":"https:\/\/www.vdborne.nl\/de\/#organization","name":"Van de Borne","url":"https:\/\/www.vdborne.nl\/de\/","logo":{"@type":"ImageObject","inLanguage":"de","@id":"https:\/\/www.vdborne.nl\/de\/#\/schema\/logo\/image\/","url":"https:\/\/www.vdborne.nl\/wp-content\/uploads\/2023\/07\/logo-1.png","contentUrl":"https:\/\/www.vdborne.nl\/wp-content\/uploads\/2023\/07\/logo-1.png","width":120,"height":62,"caption":"Van de Borne"},"image":{"@id":"https:\/\/www.vdborne.nl\/de\/#\/schema\/logo\/image\/"},"sameAs":["https:\/\/www.facebook.com\/profile.php?id=100063606229530"]}]}},"_links":{"self":[{"href":"https:\/\/www.vdborne.nl\/de\/wp-json\/wp\/v2\/pages\/1249","targetHints":{"allow":["GET"]}}],"collection":[{"href":"https:\/\/www.vdborne.nl\/de\/wp-json\/wp\/v2\/pages"}],"about":[{"href":"https:\/\/www.vdborne.nl\/de\/wp-json\/wp\/v2\/types\/page"}],"author":[{"embeddable":true,"href":"https:\/\/www.vdborne.nl\/de\/wp-json\/wp\/v2\/users\/2"}],"replies":[{"embeddable":true,"href":"https:\/\/www.vdborne.nl\/de\/wp-json\/wp\/v2\/comments?post=1249"}],"version-history":[{"count":3,"href":"https:\/\/www.vdborne.nl\/de\/wp-json\/wp\/v2\/pages\/1249\/revisions"}],"predecessor-version":[{"id":2797,"href":"https:\/\/www.vdborne.nl\/de\/wp-json\/wp\/v2\/pages\/1249\/revisions\/2797"}],"up":[{"embeddable":true,"href":"https:\/\/www.vdborne.nl\/de\/wp-json\/wp\/v2\/pages\/2488"}],"wp:featuredmedia":[{"embeddable":true,"href":"https:\/\/www.vdborne.nl\/de\/wp-json\/wp\/v2\/media\/4077"}],"wp:attachment":[{"href":"https:\/\/www.vdborne.nl\/de\/wp-json\/wp\/v2\/media?parent=1249"}],"curies":[{"name":"wp","href":"https:\/\/api.w.org\/{rel}","templated":true}]}}