{"id":250,"date":"2016-08-09T09:04:57","date_gmt":"2016-08-09T07:04:57","guid":{"rendered":"http:\/\/www.vdborne.nl\/de\/?page_id=250"},"modified":"2019-01-31T15:40:30","modified_gmt":"2019-01-31T14:40:30","slug":"unternehmen","status":"publish","type":"page","link":"https:\/\/www.vdborne.nl\/de\/uber-uns\/unternehmen\/","title":{"rendered":"Das Unternehmen"},"content":{"rendered":"<p>Van de Borne b.v. steht f\u00fcr Fachwissen und Leidenschaft. Seit 1981 sind wir in Oisterwijk in Brabant ans\u00e4ssig und beliefern zufriedene Kunden in ganz Europa. Wir legen Wert auf eine langj\u00e4hrige Zusammenarbeit mit Kunden und Lieferanten. Durch die enge Zusammenarbeit k\u00f6nnen wir uns kontinuierlich verbessern.<span class=\"Apple-converted-space\">\u00a0<\/span><\/p>\n<h2>Unser System<\/h2>\n<p>Wir liefern an Gro\u00dfh\u00e4ndler und nehmen Ihnen die Arbeit ab. Wir geben keine Informationen \u00fcber Dritte weiter.<\/p>\n","protected":false},"excerpt":{"rendered":"<p>Van de Borne b.v. steht f\u00fcr Fachwissen und Leidenschaft. Seit 1981 sind wir in Oisterwijk in Brabant ans\u00e4ssig und beliefern zufriedene Kunden in ganz Europa. Wir legen Wert auf eine langj\u00e4hrige Zusammenarbeit mit Kunden und Lieferanten. Durch die enge Zusammenarbeit k\u00f6nnen wir uns kontinuierlich verbessern.\u00a0 Unser System Wir liefern an Gro\u00dfh\u00e4ndler und nehmen Ihnen die [&hellip;]<\/p>\n","protected":false},"author":3,"featured_media":4435,"parent":245,"menu_order":11,"comment_status":"closed","ping_status":"closed","template":"","meta":{"footnotes":""},"class_list":["post-250","page","type-page","status-publish","has-post-thumbnail","hentry"],"yoast_head":"<!-- This site is optimized with the Yoast SEO plugin v25.6 - https:\/\/yoast.com\/wordpress\/plugins\/seo\/ -->\n<title>Das Unternehmen - Van de Borne<\/title>\n<meta name=\"robots\" content=\"index, follow, max-snippet:-1, max-image-preview:large, max-video-preview:-1\" \/>\n<link rel=\"canonical\" href=\"https:\/\/www.vdborne.nl\/de\/uber-uns\/unternehmen\/\" \/>\n<meta property=\"og:locale\" content=\"de_DE\" \/>\n<meta property=\"og:type\" content=\"article\" \/>\n<meta property=\"og:title\" content=\"Das Unternehmen - Van de Borne\" \/>\n<meta property=\"og:description\" content=\"Van de Borne b.v. steht f\u00fcr Fachwissen und Leidenschaft. Seit 1981 sind wir in Oisterwijk in Brabant ans\u00e4ssig und beliefern zufriedene Kunden in ganz Europa. Wir legen Wert auf eine langj\u00e4hrige Zusammenarbeit mit Kunden und Lieferanten. Durch die enge Zusammenarbeit k\u00f6nnen wir uns kontinuierlich verbessern.\u00a0 Unser System Wir liefern an Gro\u00dfh\u00e4ndler und nehmen Ihnen die [&hellip;]\" \/>\n<meta property=\"og:url\" content=\"https:\/\/www.vdborne.nl\/de\/uber-uns\/unternehmen\/\" \/>\n<meta property=\"og:site_name\" content=\"Van de Borne\" \/>\n<meta property=\"article:publisher\" content=\"https:\/\/www.facebook.com\/profile.php?id=100063606229530\" \/>\n<meta property=\"article:modified_time\" content=\"2019-01-31T14:40:30+00:00\" \/>\n<meta property=\"og:image\" content=\"https:\/\/www.vdborne.nl\/wp-content\/uploads\/2016\/07\/hetbedrijf.jpg\" \/>\n\t<meta property=\"og:image:width\" content=\"1000\" \/>\n\t<meta property=\"og:image:height\" content=\"1000\" \/>\n\t<meta property=\"og:image:type\" content=\"image\/jpeg\" \/>\n<meta name=\"twitter:card\" content=\"summary_large_image\" \/>\n<script type=\"application\/ld+json\" class=\"yoast-schema-graph\">{\"@context\":\"https:\/\/schema.org\",\"@graph\":[{\"@type\":\"WebPage\",\"@id\":\"https:\/\/www.vdborne.nl\/de\/uber-uns\/unternehmen\/\",\"url\":\"https:\/\/www.vdborne.nl\/de\/uber-uns\/unternehmen\/\",\"name\":\"Das Unternehmen - Van de Borne\",\"isPartOf\":{\"@id\":\"https:\/\/www.vdborne.nl\/de\/#website\"},\"primaryImageOfPage\":{\"@id\":\"https:\/\/www.vdborne.nl\/de\/uber-uns\/unternehmen\/#primaryimage\"},\"image\":{\"@id\":\"https:\/\/www.vdborne.nl\/de\/uber-uns\/unternehmen\/#primaryimage\"},\"thumbnailUrl\":\"https:\/\/www.vdborne.nl\/wp-content\/uploads\/2016\/07\/hetbedrijf.jpg\",\"datePublished\":\"2016-08-09T07:04:57+00:00\",\"dateModified\":\"2019-01-31T14:40:30+00:00\",\"breadcrumb\":{\"@id\":\"https:\/\/www.vdborne.nl\/de\/uber-uns\/unternehmen\/#breadcrumb\"},\"inLanguage\":\"de\",\"potentialAction\":[{\"@type\":\"ReadAction\",\"target\":[\"https:\/\/www.vdborne.nl\/de\/uber-uns\/unternehmen\/\"]}]},{\"@type\":\"ImageObject\",\"inLanguage\":\"de\",\"@id\":\"https:\/\/www.vdborne.nl\/de\/uber-uns\/unternehmen\/#primaryimage\",\"url\":\"https:\/\/www.vdborne.nl\/wp-content\/uploads\/2016\/07\/hetbedrijf.jpg\",\"contentUrl\":\"https:\/\/www.vdborne.nl\/wp-content\/uploads\/2016\/07\/hetbedrijf.jpg\",\"width\":1000,\"height\":1000},{\"@type\":\"BreadcrumbList\",\"@id\":\"https:\/\/www.vdborne.nl\/de\/uber-uns\/unternehmen\/#breadcrumb\",\"itemListElement\":[{\"@type\":\"ListItem\",\"position\":1,\"name\":\"Home\",\"item\":\"https:\/\/www.vdborne.nl\/de\/\"},{\"@type\":\"ListItem\",\"position\":2,\"name\":\"\u00dcber uns\",\"item\":\"https:\/\/www.vdborne.nl\/over-ons\/\"},{\"@type\":\"ListItem\",\"position\":3,\"name\":\"Das Unternehmen\"}]},{\"@type\":\"WebSite\",\"@id\":\"https:\/\/www.vdborne.nl\/de\/#website\",\"url\":\"https:\/\/www.vdborne.nl\/de\/\",\"name\":\"Van de Borne\",\"description\":\"En nog een WordPress site\",\"publisher\":{\"@id\":\"https:\/\/www.vdborne.nl\/de\/#organization\"},\"potentialAction\":[{\"@type\":\"SearchAction\",\"target\":{\"@type\":\"EntryPoint\",\"urlTemplate\":\"https:\/\/www.vdborne.nl\/de\/?s={search_term_string}\"},\"query-input\":{\"@type\":\"PropertyValueSpecification\",\"valueRequired\":true,\"valueName\":\"search_term_string\"}}],\"inLanguage\":\"de\"},{\"@type\":\"Organization\",\"@id\":\"https:\/\/www.vdborne.nl\/de\/#organization\",\"name\":\"Van de Borne\",\"url\":\"https:\/\/www.vdborne.nl\/de\/\",\"logo\":{\"@type\":\"ImageObject\",\"inLanguage\":\"de\",\"@id\":\"https:\/\/www.vdborne.nl\/de\/#\/schema\/logo\/image\/\",\"url\":\"https:\/\/www.vdborne.nl\/wp-content\/uploads\/2023\/07\/logo-1.png\",\"contentUrl\":\"https:\/\/www.vdborne.nl\/wp-content\/uploads\/2023\/07\/logo-1.png\",\"width\":120,\"height\":62,\"caption\":\"Van de Borne\"},\"image\":{\"@id\":\"https:\/\/www.vdborne.nl\/de\/#\/schema\/logo\/image\/\"},\"sameAs\":[\"https:\/\/www.facebook.com\/profile.php?id=100063606229530\"]}]}<\/script>\n<!-- \/ Yoast SEO plugin. -->","yoast_head_json":{"title":"Das Unternehmen - Van de Borne","robots":{"index":"index","follow":"follow","max-snippet":"max-snippet:-1","max-image-preview":"max-image-preview:large","max-video-preview":"max-video-preview:-1"},"canonical":"https:\/\/www.vdborne.nl\/de\/uber-uns\/unternehmen\/","og_locale":"de_DE","og_type":"article","og_title":"Das Unternehmen - Van de Borne","og_description":"Van de Borne b.v. steht f\u00fcr Fachwissen und Leidenschaft. Seit 1981 sind wir in Oisterwijk in Brabant ans\u00e4ssig und beliefern zufriedene Kunden in ganz Europa. Wir legen Wert auf eine langj\u00e4hrige Zusammenarbeit mit Kunden und Lieferanten. Durch die enge Zusammenarbeit k\u00f6nnen wir uns kontinuierlich verbessern.\u00a0 Unser System Wir liefern an Gro\u00dfh\u00e4ndler und nehmen Ihnen die [&hellip;]","og_url":"https:\/\/www.vdborne.nl\/de\/uber-uns\/unternehmen\/","og_site_name":"Van de Borne","article_publisher":"https:\/\/www.facebook.com\/profile.php?id=100063606229530","article_modified_time":"2019-01-31T14:40:30+00:00","og_image":[{"width":1000,"height":1000,"url":"https:\/\/www.vdborne.nl\/wp-content\/uploads\/2016\/07\/hetbedrijf.jpg","type":"image\/jpeg"}],"twitter_card":"summary_large_image","schema":{"@context":"https:\/\/schema.org","@graph":[{"@type":"WebPage","@id":"https:\/\/www.vdborne.nl\/de\/uber-uns\/unternehmen\/","url":"https:\/\/www.vdborne.nl\/de\/uber-uns\/unternehmen\/","name":"Das Unternehmen - Van de Borne","isPartOf":{"@id":"https:\/\/www.vdborne.nl\/de\/#website"},"primaryImageOfPage":{"@id":"https:\/\/www.vdborne.nl\/de\/uber-uns\/unternehmen\/#primaryimage"},"image":{"@id":"https:\/\/www.vdborne.nl\/de\/uber-uns\/unternehmen\/#primaryimage"},"thumbnailUrl":"https:\/\/www.vdborne.nl\/wp-content\/uploads\/2016\/07\/hetbedrijf.jpg","datePublished":"2016-08-09T07:04:57+00:00","dateModified":"2019-01-31T14:40:30+00:00","breadcrumb":{"@id":"https:\/\/www.vdborne.nl\/de\/uber-uns\/unternehmen\/#breadcrumb"},"inLanguage":"de","potentialAction":[{"@type":"ReadAction","target":["https:\/\/www.vdborne.nl\/de\/uber-uns\/unternehmen\/"]}]},{"@type":"ImageObject","inLanguage":"de","@id":"https:\/\/www.vdborne.nl\/de\/uber-uns\/unternehmen\/#primaryimage","url":"https:\/\/www.vdborne.nl\/wp-content\/uploads\/2016\/07\/hetbedrijf.jpg","contentUrl":"https:\/\/www.vdborne.nl\/wp-content\/uploads\/2016\/07\/hetbedrijf.jpg","width":1000,"height":1000},{"@type":"BreadcrumbList","@id":"https:\/\/www.vdborne.nl\/de\/uber-uns\/unternehmen\/#breadcrumb","itemListElement":[{"@type":"ListItem","position":1,"name":"Home","item":"https:\/\/www.vdborne.nl\/de\/"},{"@type":"ListItem","position":2,"name":"\u00dcber uns","item":"https:\/\/www.vdborne.nl\/over-ons\/"},{"@type":"ListItem","position":3,"name":"Das Unternehmen"}]},{"@type":"WebSite","@id":"https:\/\/www.vdborne.nl\/de\/#website","url":"https:\/\/www.vdborne.nl\/de\/","name":"Van de Borne","description":"En nog een WordPress site","publisher":{"@id":"https:\/\/www.vdborne.nl\/de\/#organization"},"potentialAction":[{"@type":"SearchAction","target":{"@type":"EntryPoint","urlTemplate":"https:\/\/www.vdborne.nl\/de\/?s={search_term_string}"},"query-input":{"@type":"PropertyValueSpecification","valueRequired":true,"valueName":"search_term_string"}}],"inLanguage":"de"},{"@type":"Organization","@id":"https:\/\/www.vdborne.nl\/de\/#organization","name":"Van de Borne","url":"https:\/\/www.vdborne.nl\/de\/","logo":{"@type":"ImageObject","inLanguage":"de","@id":"https:\/\/www.vdborne.nl\/de\/#\/schema\/logo\/image\/","url":"https:\/\/www.vdborne.nl\/wp-content\/uploads\/2023\/07\/logo-1.png","contentUrl":"https:\/\/www.vdborne.nl\/wp-content\/uploads\/2023\/07\/logo-1.png","width":120,"height":62,"caption":"Van de Borne"},"image":{"@id":"https:\/\/www.vdborne.nl\/de\/#\/schema\/logo\/image\/"},"sameAs":["https:\/\/www.facebook.com\/profile.php?id=100063606229530"]}]}},"_links":{"self":[{"href":"https:\/\/www.vdborne.nl\/de\/wp-json\/wp\/v2\/pages\/250","targetHints":{"allow":["GET"]}}],"collection":[{"href":"https:\/\/www.vdborne.nl\/de\/wp-json\/wp\/v2\/pages"}],"about":[{"href":"https:\/\/www.vdborne.nl\/de\/wp-json\/wp\/v2\/types\/page"}],"author":[{"embeddable":true,"href":"https:\/\/www.vdborne.nl\/de\/wp-json\/wp\/v2\/users\/3"}],"replies":[{"embeddable":true,"href":"https:\/\/www.vdborne.nl\/de\/wp-json\/wp\/v2\/comments?post=250"}],"version-history":[{"count":4,"href":"https:\/\/www.vdborne.nl\/de\/wp-json\/wp\/v2\/pages\/250\/revisions"}],"predecessor-version":[{"id":2676,"href":"https:\/\/www.vdborne.nl\/de\/wp-json\/wp\/v2\/pages\/250\/revisions\/2676"}],"up":[{"embeddable":true,"href":"https:\/\/www.vdborne.nl\/de\/wp-json\/wp\/v2\/pages\/245"}],"wp:featuredmedia":[{"embeddable":true,"href":"https:\/\/www.vdborne.nl\/de\/wp-json\/wp\/v2\/media\/4435"}],"wp:attachment":[{"href":"https:\/\/www.vdborne.nl\/de\/wp-json\/wp\/v2\/media?parent=250"}],"curies":[{"name":"wp","href":"https:\/\/api.w.org\/{rel}","templated":true}]}}