{"id":263,"date":"2016-08-09T09:34:57","date_gmt":"2016-08-09T07:34:57","guid":{"rendered":"http:\/\/www.vdborne.nl\/de\/?page_id=263"},"modified":"2021-07-29T14:40:12","modified_gmt":"2021-07-29T12:40:12","slug":"klebeband-2","status":"publish","type":"page","link":"https:\/\/www.vdborne.nl\/de\/produkte\/klebeband-2\/","title":{"rendered":"Klebeband"},"content":{"rendered":"<p>Da uns mehrere verschiedene Maschinen zur Verf\u00fcgung stehen, k\u00f6nnen wir die unterschiedlichsten Sorten Verpackungsband zu besonders g\u00fcnstigen Preisen anbieten.<span class=\"Apple-converted-space\">\u00a0<\/span><\/p>\n<p>Klicken Sie <a href=\"https:\/\/www.vdborne.nl\/wp-content\/uploads\/2020\/03\/DE_uitleg-tapebedrukking.pdf\" target=\"_blank\" rel=\"noopener noreferrer\">hier<\/a>, um eine detaillierte Erl\u00e4uterung der verschiedenen Klebebandtypen und der Druckoptionen zu erhalten.<\/p>\n","protected":false},"excerpt":{"rendered":"<p>Da uns mehrere verschiedene Maschinen zur Verf\u00fcgung stehen, k\u00f6nnen wir die unterschiedlichsten Sorten Verpackungsband zu besonders g\u00fcnstigen Preisen anbieten.\u00a0 Klicken Sie hier, um eine detaillierte Erl\u00e4uterung der verschiedenen Klebebandtypen und der Druckoptionen zu erhalten.<\/p>\n","protected":false},"author":3,"featured_media":4021,"parent":261,"menu_order":21,"comment_status":"closed","ping_status":"closed","template":"templates\/template_children_blocks.php","meta":{"footnotes":""},"class_list":["post-263","page","type-page","status-publish","has-post-thumbnail","hentry"],"yoast_head":"<!-- This site is optimized with the Yoast SEO plugin v25.6 - https:\/\/yoast.com\/wordpress\/plugins\/seo\/ -->\n<title>Klebeband - Van de Borne<\/title>\n<meta name=\"robots\" content=\"index, follow, max-snippet:-1, max-image-preview:large, max-video-preview:-1\" \/>\n<link rel=\"canonical\" href=\"https:\/\/www.vdborne.nl\/producten\/tapes-2\/\" \/>\n<meta property=\"og:locale\" content=\"de_DE\" \/>\n<meta property=\"og:type\" content=\"article\" \/>\n<meta property=\"og:title\" content=\"Klebeband - Van de Borne\" \/>\n<meta property=\"og:description\" content=\"Da uns mehrere verschiedene Maschinen zur Verf\u00fcgung stehen, k\u00f6nnen wir die unterschiedlichsten Sorten Verpackungsband zu besonders g\u00fcnstigen Preisen anbieten.\u00a0 Klicken Sie hier, um eine detaillierte Erl\u00e4uterung der verschiedenen Klebebandtypen und der Druckoptionen zu erhalten.\" \/>\n<meta property=\"og:url\" content=\"https:\/\/www.vdborne.nl\/producten\/tapes-2\/\" \/>\n<meta property=\"og:site_name\" content=\"Van de Borne\" \/>\n<meta property=\"article:publisher\" content=\"https:\/\/www.facebook.com\/profile.php?id=100063606229530\" \/>\n<meta property=\"article:modified_time\" content=\"2021-07-29T12:40:12+00:00\" \/>\n<meta property=\"og:image\" content=\"https:\/\/www.vdborne.nl\/wp-content\/uploads\/2020\/06\/Doos-PPA-500x500-1.png\" \/>\n\t<meta property=\"og:image:width\" content=\"500\" \/>\n\t<meta property=\"og:image:height\" content=\"500\" \/>\n\t<meta property=\"og:image:type\" content=\"image\/png\" \/>\n<meta name=\"twitter:card\" content=\"summary_large_image\" \/>\n<script type=\"application\/ld+json\" class=\"yoast-schema-graph\">{\"@context\":\"https:\/\/schema.org\",\"@graph\":[{\"@type\":\"WebPage\",\"@id\":\"https:\/\/www.vdborne.nl\/producten\/tapes-2\/\",\"url\":\"https:\/\/www.vdborne.nl\/producten\/tapes-2\/\",\"name\":\"Klebeband - Van de Borne\",\"isPartOf\":{\"@id\":\"https:\/\/www.vdborne.nl\/de\/#website\"},\"primaryImageOfPage\":{\"@id\":\"https:\/\/www.vdborne.nl\/producten\/tapes-2\/#primaryimage\"},\"image\":{\"@id\":\"https:\/\/www.vdborne.nl\/producten\/tapes-2\/#primaryimage\"},\"thumbnailUrl\":\"https:\/\/www.vdborne.nl\/wp-content\/uploads\/2020\/06\/Doos-PPA-500x500-1.png\",\"datePublished\":\"2016-08-09T07:34:57+00:00\",\"dateModified\":\"2021-07-29T12:40:12+00:00\",\"breadcrumb\":{\"@id\":\"https:\/\/www.vdborne.nl\/producten\/tapes-2\/#breadcrumb\"},\"inLanguage\":\"de\",\"potentialAction\":[{\"@type\":\"ReadAction\",\"target\":[\"https:\/\/www.vdborne.nl\/producten\/tapes-2\/\"]}]},{\"@type\":\"ImageObject\",\"inLanguage\":\"de\",\"@id\":\"https:\/\/www.vdborne.nl\/producten\/tapes-2\/#primaryimage\",\"url\":\"https:\/\/www.vdborne.nl\/wp-content\/uploads\/2020\/06\/Doos-PPA-500x500-1.png\",\"contentUrl\":\"https:\/\/www.vdborne.nl\/wp-content\/uploads\/2020\/06\/Doos-PPA-500x500-1.png\",\"width\":500,\"height\":500},{\"@type\":\"BreadcrumbList\",\"@id\":\"https:\/\/www.vdborne.nl\/producten\/tapes-2\/#breadcrumb\",\"itemListElement\":[{\"@type\":\"ListItem\",\"position\":1,\"name\":\"Home\",\"item\":\"https:\/\/www.vdborne.nl\/de\/\"},{\"@type\":\"ListItem\",\"position\":2,\"name\":\"Produkte\",\"item\":\"https:\/\/www.vdborne.nl\/producten\/\"},{\"@type\":\"ListItem\",\"position\":3,\"name\":\"Klebeband\"}]},{\"@type\":\"WebSite\",\"@id\":\"https:\/\/www.vdborne.nl\/de\/#website\",\"url\":\"https:\/\/www.vdborne.nl\/de\/\",\"name\":\"Van de Borne\",\"description\":\"En nog een WordPress site\",\"publisher\":{\"@id\":\"https:\/\/www.vdborne.nl\/de\/#organization\"},\"potentialAction\":[{\"@type\":\"SearchAction\",\"target\":{\"@type\":\"EntryPoint\",\"urlTemplate\":\"https:\/\/www.vdborne.nl\/de\/?s={search_term_string}\"},\"query-input\":{\"@type\":\"PropertyValueSpecification\",\"valueRequired\":true,\"valueName\":\"search_term_string\"}}],\"inLanguage\":\"de\"},{\"@type\":\"Organization\",\"@id\":\"https:\/\/www.vdborne.nl\/de\/#organization\",\"name\":\"Van de Borne\",\"url\":\"https:\/\/www.vdborne.nl\/de\/\",\"logo\":{\"@type\":\"ImageObject\",\"inLanguage\":\"de\",\"@id\":\"https:\/\/www.vdborne.nl\/de\/#\/schema\/logo\/image\/\",\"url\":\"https:\/\/www.vdborne.nl\/wp-content\/uploads\/2023\/07\/logo-1.png\",\"contentUrl\":\"https:\/\/www.vdborne.nl\/wp-content\/uploads\/2023\/07\/logo-1.png\",\"width\":120,\"height\":62,\"caption\":\"Van de Borne\"},\"image\":{\"@id\":\"https:\/\/www.vdborne.nl\/de\/#\/schema\/logo\/image\/\"},\"sameAs\":[\"https:\/\/www.facebook.com\/profile.php?id=100063606229530\"]}]}<\/script>\n<!-- \/ Yoast SEO plugin. -->","yoast_head_json":{"title":"Klebeband - Van de Borne","robots":{"index":"index","follow":"follow","max-snippet":"max-snippet:-1","max-image-preview":"max-image-preview:large","max-video-preview":"max-video-preview:-1"},"canonical":"https:\/\/www.vdborne.nl\/producten\/tapes-2\/","og_locale":"de_DE","og_type":"article","og_title":"Klebeband - Van de Borne","og_description":"Da uns mehrere verschiedene Maschinen zur Verf\u00fcgung stehen, k\u00f6nnen wir die unterschiedlichsten Sorten Verpackungsband zu besonders g\u00fcnstigen Preisen anbieten.\u00a0 Klicken Sie hier, um eine detaillierte Erl\u00e4uterung der verschiedenen Klebebandtypen und der Druckoptionen zu erhalten.","og_url":"https:\/\/www.vdborne.nl\/producten\/tapes-2\/","og_site_name":"Van de Borne","article_publisher":"https:\/\/www.facebook.com\/profile.php?id=100063606229530","article_modified_time":"2021-07-29T12:40:12+00:00","og_image":[{"width":500,"height":500,"url":"https:\/\/www.vdborne.nl\/wp-content\/uploads\/2020\/06\/Doos-PPA-500x500-1.png","type":"image\/png"}],"twitter_card":"summary_large_image","schema":{"@context":"https:\/\/schema.org","@graph":[{"@type":"WebPage","@id":"https:\/\/www.vdborne.nl\/producten\/tapes-2\/","url":"https:\/\/www.vdborne.nl\/producten\/tapes-2\/","name":"Klebeband - Van de Borne","isPartOf":{"@id":"https:\/\/www.vdborne.nl\/de\/#website"},"primaryImageOfPage":{"@id":"https:\/\/www.vdborne.nl\/producten\/tapes-2\/#primaryimage"},"image":{"@id":"https:\/\/www.vdborne.nl\/producten\/tapes-2\/#primaryimage"},"thumbnailUrl":"https:\/\/www.vdborne.nl\/wp-content\/uploads\/2020\/06\/Doos-PPA-500x500-1.png","datePublished":"2016-08-09T07:34:57+00:00","dateModified":"2021-07-29T12:40:12+00:00","breadcrumb":{"@id":"https:\/\/www.vdborne.nl\/producten\/tapes-2\/#breadcrumb"},"inLanguage":"de","potentialAction":[{"@type":"ReadAction","target":["https:\/\/www.vdborne.nl\/producten\/tapes-2\/"]}]},{"@type":"ImageObject","inLanguage":"de","@id":"https:\/\/www.vdborne.nl\/producten\/tapes-2\/#primaryimage","url":"https:\/\/www.vdborne.nl\/wp-content\/uploads\/2020\/06\/Doos-PPA-500x500-1.png","contentUrl":"https:\/\/www.vdborne.nl\/wp-content\/uploads\/2020\/06\/Doos-PPA-500x500-1.png","width":500,"height":500},{"@type":"BreadcrumbList","@id":"https:\/\/www.vdborne.nl\/producten\/tapes-2\/#breadcrumb","itemListElement":[{"@type":"ListItem","position":1,"name":"Home","item":"https:\/\/www.vdborne.nl\/de\/"},{"@type":"ListItem","position":2,"name":"Produkte","item":"https:\/\/www.vdborne.nl\/producten\/"},{"@type":"ListItem","position":3,"name":"Klebeband"}]},{"@type":"WebSite","@id":"https:\/\/www.vdborne.nl\/de\/#website","url":"https:\/\/www.vdborne.nl\/de\/","name":"Van de Borne","description":"En nog een WordPress site","publisher":{"@id":"https:\/\/www.vdborne.nl\/de\/#organization"},"potentialAction":[{"@type":"SearchAction","target":{"@type":"EntryPoint","urlTemplate":"https:\/\/www.vdborne.nl\/de\/?s={search_term_string}"},"query-input":{"@type":"PropertyValueSpecification","valueRequired":true,"valueName":"search_term_string"}}],"inLanguage":"de"},{"@type":"Organization","@id":"https:\/\/www.vdborne.nl\/de\/#organization","name":"Van de Borne","url":"https:\/\/www.vdborne.nl\/de\/","logo":{"@type":"ImageObject","inLanguage":"de","@id":"https:\/\/www.vdborne.nl\/de\/#\/schema\/logo\/image\/","url":"https:\/\/www.vdborne.nl\/wp-content\/uploads\/2023\/07\/logo-1.png","contentUrl":"https:\/\/www.vdborne.nl\/wp-content\/uploads\/2023\/07\/logo-1.png","width":120,"height":62,"caption":"Van de Borne"},"image":{"@id":"https:\/\/www.vdborne.nl\/de\/#\/schema\/logo\/image\/"},"sameAs":["https:\/\/www.facebook.com\/profile.php?id=100063606229530"]}]}},"_links":{"self":[{"href":"https:\/\/www.vdborne.nl\/de\/wp-json\/wp\/v2\/pages\/263","targetHints":{"allow":["GET"]}}],"collection":[{"href":"https:\/\/www.vdborne.nl\/de\/wp-json\/wp\/v2\/pages"}],"about":[{"href":"https:\/\/www.vdborne.nl\/de\/wp-json\/wp\/v2\/types\/page"}],"author":[{"embeddable":true,"href":"https:\/\/www.vdborne.nl\/de\/wp-json\/wp\/v2\/users\/3"}],"replies":[{"embeddable":true,"href":"https:\/\/www.vdborne.nl\/de\/wp-json\/wp\/v2\/comments?post=263"}],"version-history":[{"count":5,"href":"https:\/\/www.vdborne.nl\/de\/wp-json\/wp\/v2\/pages\/263\/revisions"}],"predecessor-version":[{"id":3475,"href":"https:\/\/www.vdborne.nl\/de\/wp-json\/wp\/v2\/pages\/263\/revisions\/3475"}],"up":[{"embeddable":true,"href":"https:\/\/www.vdborne.nl\/de\/wp-json\/wp\/v2\/pages\/261"}],"wp:featuredmedia":[{"embeddable":true,"href":"https:\/\/www.vdborne.nl\/de\/wp-json\/wp\/v2\/media\/4021"}],"wp:attachment":[{"href":"https:\/\/www.vdborne.nl\/de\/wp-json\/wp\/v2\/media?parent=263"}],"curies":[{"name":"wp","href":"https:\/\/api.w.org\/{rel}","templated":true}]}}