{"id":265,"date":"2016-08-09T09:38:28","date_gmt":"2016-08-09T07:38:28","guid":{"rendered":"http:\/\/www.vdborne.nl\/de\/?page_id=265"},"modified":"2021-07-29T14:59:54","modified_gmt":"2021-07-29T12:59:54","slug":"pvc","status":"publish","type":"page","link":"https:\/\/www.vdborne.nl\/de\/produkte\/klebeband-2\/pvc\/","title":{"rendered":"PVC"},"content":{"rendered":"<p>Das meistverkaufte Klebeband mit den sch\u00f6nsten und vielf\u00e4ltigsten Druckm\u00f6glichkeiten. Dieses Band kann f\u00fcr verschiedene Verpackungen verwendet werden. Das Band rollt sich fast ger\u00e4uschlos und nicht zu leicht ab. Mit seiner starken Klebeseite bleibt auf den meisten Untergr\u00fcnden festkleben. Bei korrekter Aufbewahrung (Zimmertemperatur) ist es bis zu ein Jahr haltbar. PVC-Band ist in den Standardfarben Wei\u00df, Braun und Transparent erh\u00e4ltlich, sowie in Gelb, Rot, Gr\u00fcn, Blau, Orange, Leuchtend-Orange, Schwarz und Wei\u00df\/Wei\u00df.<\/p>\n<p><a href=\"https:\/\/www.youtube.com\/watch?v=N_O1r4n4VWQ\">Hier das Video ansehen.<\/a><span class=\"Apple-converted-space\">\u00a0<\/span><\/p>\n<h2>Unbedruckt<\/h2>\n<p>Wir haben alle \u00fcblichen Ma\u00dfe vorr\u00e4tig. Weitere Ma\u00dfe und\/oder Farben k\u00f6nnen wir speziell f\u00fcr Sie anfertigen.<\/p>\n<h2>Bedruckt<\/h2>\n<p>PVC-Klebeband kann mit 1-5 PMS-Farben bedruckt werden. Auch Full Colour-Druck, eventuell mit St\u00fctzfarbe, kann verwendet werden. Wir arbeiten mit PMS (Pantone)-Farben. HKS- und RAL-Farben werden von uns in PMS-Farben umgewandelt, so dass es geringf\u00fcgige Unterschiede zur Originalfarbe geben kann. Die maximale Wiederholungsl\u00e4nge des Drucks betr\u00e4gt 499 mm.<\/p>\n<p>&nbsp;<\/p>\n<p>In den Datenbl\u00e4ttern unterhalb dieser Seite finden Sie die verschiedenen Optionen f\u00fcr jedes Produkt separat aufgef\u00fchrt.<\/p>\n<div id=\"threesixty-slider-1089_GeKaJU\" class=\"threesixty-loading threesixty-image threesixty-light-blue threesixty-flat-round threesixty-no-border\" style=\"width: 400px;\">\r\n\t<div class=\"threesixty-preview-1089_GeKaJU\"><img decoding=\"async\" class=\"threesixty-preview-image\" src=\"https:\/\/www.vdborne.nl\/wp-content\/uploads\/2017\/07\/00001-2.jpg\"\/><\/div>\r\n\t<div class=\"threesixty-spinner threesixty-spinner-1089_GeKaJU\">\r\n\t\t<span>0%<\/span>\r\n\t<\/div>\r\n\t<ol class=\"threesixty-images threesixty-images-1089_GeKaJU\"><\/ol>\r\n\t\t\t<a href=\"#threesixty-slider-1089_GeKaJU\" class=\"threesixty-mfp-anchor\"><\/a>\r\n\t<\/div>\r\n<!--SPV--><script type=\"text\/javascript\">\/\/SPV\r\n(function($) {\r\n\t\"use strict\";\r\n\t\t$('#threesixty-slider-1089_GeKaJU .threesixty-mfp-anchor').magnificPopup({\r\n\t\ttype:'inline',\r\n\t\tcloseOnBgClick: true,\r\n\t\tmidClick: true,\r\n\t\tcallbacks: {\r\n\t\t\t resize: function() {\r\n\t\t\t \tvar originalHeight \t= 480,\r\n\t\t\t \t\toriginalWidth \t= 720,\r\n\t\t\t \t\tmfpHeight \t\t= 480,\r\n\t\t\t \t\tmfpWidth \t\t= 720,\r\n\t\t\t \t\tratio \t\t\t= originalWidth \/ originalHeight,\r\n\t\t\t \t\twinHeight \t\t= $(window).height(),\r\n\t\t\t \t\twinWidth \t\t= $(window).width();\r\n\t\t\t \t\r\n\t\t\t \tif ( originalHeight > winHeight * 0.9 ) {\r\n\t\t\t \t\tmfpHeight \t\t= winHeight * 0.9;\r\n\t\t\t \t\tmfpWidth \t\t= mfpHeight * ratio;\r\n\t\t\t\t}\r\n\t\t\t\tif ( mfpWidth > winWidth * 0.9 ) {\r\n\t\t\t \t\tmfpWidth \t\t= winWidth * 0.9;\r\n\t\t\t \t\tmfpHeight \t\t= mfpWidth \/ ratio;\r\n\t\t\t\t}\r\n\t\t\t \tif ( mfpHeight < originalHeight && mfpWidth < originalWidth ) {\r\n\t\t\t\t    $('#threesixty-slider-1089_GeKaJU').height(mfpHeight);\r\n\t\t\t\t    $('#threesixty-slider-1089_GeKaJU').width(mfpWidth);\r\n\t\t\t\t} \r\n\t\t\t\telse {\r\n\t\t\t\t    $('#threesixty-slider-1089_GeKaJU').height(originalHeight);\r\n\t\t\t\t    $('#threesixty-slider-1089_GeKaJU').width(originalWidth);\r\n\t\t\t\t}\r\n\t\t\t},\r\n\t\t\tclose: function() {\r\n\t\t\t    $('#threesixty-slider-1089_GeKaJU').height('auto');\r\n\t\t\t    $('#threesixty-slider-1089_GeKaJU').width(400);\r\n\t\t\t}\r\n\t\t},\r\n\t\tcloseMarkup :\"<button class=\\\"mfp-close\\\"><\/button>\"\r\n\t});\r\n\t\tvar product_1089_GeKaJU = $('#threesixty-slider-1089_GeKaJU').ThreeSixty({\r\n\t\ttotalFrames: 45,\r\n\t\tendFrame: 0,\r\n\t\tcurrentFrame: 45,\r\n\t\timgList: '.threesixty-images-1089_GeKaJU',\r\n\t\tprogress: '.threesixty-spinner-1089_GeKaJU',\r\n\t\tpreview: '.threesixty-preview-1089_GeKaJU',\r\n\t\timages: ['https:\/\/www.vdborne.nl\/wp-content\/uploads\/2017\/07\/00045-2.jpg','https:\/\/www.vdborne.nl\/wp-content\/uploads\/2017\/07\/00044-2.jpg','https:\/\/www.vdborne.nl\/wp-content\/uploads\/2017\/07\/00043-2.jpg','https:\/\/www.vdborne.nl\/wp-content\/uploads\/2017\/07\/00042-2.jpg','https:\/\/www.vdborne.nl\/wp-content\/uploads\/2017\/07\/00041-2.jpg','https:\/\/www.vdborne.nl\/wp-content\/uploads\/2017\/07\/00040-2.jpg','https:\/\/www.vdborne.nl\/wp-content\/uploads\/2017\/07\/00039-2.jpg','https:\/\/www.vdborne.nl\/wp-content\/uploads\/2017\/07\/00038-2.jpg','https:\/\/www.vdborne.nl\/wp-content\/uploads\/2017\/07\/00037-2.jpg','https:\/\/www.vdborne.nl\/wp-content\/uploads\/2017\/07\/00036-2.jpg','https:\/\/www.vdborne.nl\/wp-content\/uploads\/2017\/07\/00035-2.jpg','https:\/\/www.vdborne.nl\/wp-content\/uploads\/2017\/07\/00034-2.jpg','https:\/\/www.vdborne.nl\/wp-content\/uploads\/2017\/07\/00033-2.jpg','https:\/\/www.vdborne.nl\/wp-content\/uploads\/2017\/07\/00032-2.jpg','https:\/\/www.vdborne.nl\/wp-content\/uploads\/2017\/07\/00031-2.jpg','https:\/\/www.vdborne.nl\/wp-content\/uploads\/2017\/07\/00030-2.jpg','https:\/\/www.vdborne.nl\/wp-content\/uploads\/2017\/07\/00029-2.jpg','https:\/\/www.vdborne.nl\/wp-content\/uploads\/2017\/07\/00028-2.jpg','https:\/\/www.vdborne.nl\/wp-content\/uploads\/2017\/07\/00027-2.jpg','https:\/\/www.vdborne.nl\/wp-content\/uploads\/2017\/07\/00026-2.jpg','https:\/\/www.vdborne.nl\/wp-content\/uploads\/2017\/07\/00025-2.jpg','https:\/\/www.vdborne.nl\/wp-content\/uploads\/2017\/07\/00024-2.jpg','https:\/\/www.vdborne.nl\/wp-content\/uploads\/2017\/07\/00023-2.jpg','https:\/\/www.vdborne.nl\/wp-content\/uploads\/2017\/07\/00022-2.jpg','https:\/\/www.vdborne.nl\/wp-content\/uploads\/2017\/07\/00021-2.jpg','https:\/\/www.vdborne.nl\/wp-content\/uploads\/2017\/07\/00020-2.jpg','https:\/\/www.vdborne.nl\/wp-content\/uploads\/2017\/07\/00019-2.jpg','https:\/\/www.vdborne.nl\/wp-content\/uploads\/2017\/07\/00018-2.jpg','https:\/\/www.vdborne.nl\/wp-content\/uploads\/2017\/07\/00017-2.jpg','https:\/\/www.vdborne.nl\/wp-content\/uploads\/2017\/07\/00016-2.jpg','https:\/\/www.vdborne.nl\/wp-content\/uploads\/2017\/07\/00015-2.jpg','https:\/\/www.vdborne.nl\/wp-content\/uploads\/2017\/07\/00014-2.jpg','https:\/\/www.vdborne.nl\/wp-content\/uploads\/2017\/07\/00013-2.jpg','https:\/\/www.vdborne.nl\/wp-content\/uploads\/2017\/07\/00012-2.jpg','https:\/\/www.vdborne.nl\/wp-content\/uploads\/2017\/07\/00011-2.jpg','https:\/\/www.vdborne.nl\/wp-content\/uploads\/2017\/07\/00010-2.jpg','https:\/\/www.vdborne.nl\/wp-content\/uploads\/2017\/07\/00009-2.jpg','https:\/\/www.vdborne.nl\/wp-content\/uploads\/2017\/07\/00008-2.jpg','https:\/\/www.vdborne.nl\/wp-content\/uploads\/2017\/07\/00007-2.jpg','https:\/\/www.vdborne.nl\/wp-content\/uploads\/2017\/07\/00006-2.jpg','https:\/\/www.vdborne.nl\/wp-content\/uploads\/2017\/07\/00005-2.jpg','https:\/\/www.vdborne.nl\/wp-content\/uploads\/2017\/07\/00004-2.jpg','https:\/\/www.vdborne.nl\/wp-content\/uploads\/2017\/07\/00003-2.jpg','https:\/\/www.vdborne.nl\/wp-content\/uploads\/2017\/07\/00002-2.jpg','https:\/\/www.vdborne.nl\/wp-content\/uploads\/2017\/07\/00001-2.jpg'],\r\n\t\theight: 0,\r\n\t\twidth: 400,\r\n\t\tnavigation: true,\r\n\t\tdrag: true,\r\n\t\tshowCursor: true,\r\n\t\tinterval: 40,\r\n\t\tspeedMultiplier: 7,\r\n\t\tmonitorInt: 10,\r\n\t\t\t\tonReady: function() {\r\n\t\t\t$(\"#threesixty-slider-1089_GeKaJU\").removeClass('threesixty-loading');\r\n\t\t\t\t\t\t\t\t}\r\n\t\t\t});\r\n\t\t\t}(jQuery));\r\n<\/script>\n","protected":false},"excerpt":{"rendered":"<p>Das meistverkaufte Klebeband mit den sch\u00f6nsten und vielf\u00e4ltigsten Druckm\u00f6glichkeiten. Dieses Band kann f\u00fcr verschiedene Verpackungen verwendet werden. Das Band rollt sich fast ger\u00e4uschlos und nicht zu leicht ab. Mit seiner starken Klebeseite bleibt auf den meisten Untergr\u00fcnden festkleben. Bei korrekter Aufbewahrung (Zimmertemperatur) ist es bis zu ein Jahr haltbar. PVC-Band ist in den Standardfarben Wei\u00df, [&hellip;]<\/p>\n","protected":false},"author":3,"featured_media":4027,"parent":263,"menu_order":21,"comment_status":"closed","ping_status":"closed","template":"templates\/template_single_product.php","meta":{"footnotes":""},"class_list":["post-265","page","type-page","status-publish","has-post-thumbnail","hentry"],"yoast_head":"<!-- This site is optimized with the Yoast SEO plugin v25.6 - https:\/\/yoast.com\/wordpress\/plugins\/seo\/ -->\n<title>PVC - Van de Borne<\/title>\n<meta name=\"robots\" content=\"index, follow, max-snippet:-1, max-image-preview:large, max-video-preview:-1\" \/>\n<link rel=\"canonical\" href=\"https:\/\/www.vdborne.nl\/de\/produkte\/klebeband-2\/pvc\/\" \/>\n<meta property=\"og:locale\" content=\"de_DE\" \/>\n<meta property=\"og:type\" content=\"article\" \/>\n<meta property=\"og:title\" content=\"PVC - Van de Borne\" \/>\n<meta property=\"og:description\" content=\"Das meistverkaufte Klebeband mit den sch\u00f6nsten und vielf\u00e4ltigsten Druckm\u00f6glichkeiten. Dieses Band kann f\u00fcr verschiedene Verpackungen verwendet werden. Das Band rollt sich fast ger\u00e4uschlos und nicht zu leicht ab. Mit seiner starken Klebeseite bleibt auf den meisten Untergr\u00fcnden festkleben. Bei korrekter Aufbewahrung (Zimmertemperatur) ist es bis zu ein Jahr haltbar. PVC-Band ist in den Standardfarben Wei\u00df, [&hellip;]\" \/>\n<meta property=\"og:url\" content=\"https:\/\/www.vdborne.nl\/de\/produkte\/klebeband-2\/pvc\/\" \/>\n<meta property=\"og:site_name\" content=\"Van de Borne\" \/>\n<meta property=\"article:publisher\" content=\"https:\/\/www.facebook.com\/profile.php?id=100063606229530\" \/>\n<meta property=\"article:modified_time\" content=\"2021-07-29T12:59:54+00:00\" \/>\n<meta property=\"og:image\" content=\"https:\/\/www.vdborne.nl\/wp-content\/uploads\/2020\/06\/Doos-PVC-500x500-1.png\" \/>\n\t<meta property=\"og:image:width\" content=\"500\" \/>\n\t<meta property=\"og:image:height\" content=\"500\" \/>\n\t<meta property=\"og:image:type\" content=\"image\/png\" \/>\n<meta name=\"twitter:card\" content=\"summary_large_image\" \/>\n<meta name=\"twitter:label1\" content=\"Gesch\u00e4tzte Lesezeit\" \/>\n\t<meta name=\"twitter:data1\" content=\"1\u00a0Minute\" \/>\n<script type=\"application\/ld+json\" class=\"yoast-schema-graph\">{\"@context\":\"https:\/\/schema.org\",\"@graph\":[{\"@type\":\"WebPage\",\"@id\":\"https:\/\/www.vdborne.nl\/de\/produkte\/klebeband-2\/pvc\/\",\"url\":\"https:\/\/www.vdborne.nl\/de\/produkte\/klebeband-2\/pvc\/\",\"name\":\"PVC - Van de Borne\",\"isPartOf\":{\"@id\":\"https:\/\/www.vdborne.nl\/de\/#website\"},\"primaryImageOfPage\":{\"@id\":\"https:\/\/www.vdborne.nl\/de\/produkte\/klebeband-2\/pvc\/#primaryimage\"},\"image\":{\"@id\":\"https:\/\/www.vdborne.nl\/de\/produkte\/klebeband-2\/pvc\/#primaryimage\"},\"thumbnailUrl\":\"https:\/\/www.vdborne.nl\/wp-content\/uploads\/2020\/06\/Doos-PVC-500x500-1.png\",\"datePublished\":\"2016-08-09T07:38:28+00:00\",\"dateModified\":\"2021-07-29T12:59:54+00:00\",\"breadcrumb\":{\"@id\":\"https:\/\/www.vdborne.nl\/de\/produkte\/klebeband-2\/pvc\/#breadcrumb\"},\"inLanguage\":\"de\",\"potentialAction\":[{\"@type\":\"ReadAction\",\"target\":[\"https:\/\/www.vdborne.nl\/de\/produkte\/klebeband-2\/pvc\/\"]}]},{\"@type\":\"ImageObject\",\"inLanguage\":\"de\",\"@id\":\"https:\/\/www.vdborne.nl\/de\/produkte\/klebeband-2\/pvc\/#primaryimage\",\"url\":\"https:\/\/www.vdborne.nl\/wp-content\/uploads\/2020\/06\/Doos-PVC-500x500-1.png\",\"contentUrl\":\"https:\/\/www.vdborne.nl\/wp-content\/uploads\/2020\/06\/Doos-PVC-500x500-1.png\",\"width\":500,\"height\":500},{\"@type\":\"BreadcrumbList\",\"@id\":\"https:\/\/www.vdborne.nl\/de\/produkte\/klebeband-2\/pvc\/#breadcrumb\",\"itemListElement\":[{\"@type\":\"ListItem\",\"position\":1,\"name\":\"Home\",\"item\":\"https:\/\/www.vdborne.nl\/de\/\"},{\"@type\":\"ListItem\",\"position\":2,\"name\":\"Produkte\",\"item\":\"https:\/\/www.vdborne.nl\/producten\/\"},{\"@type\":\"ListItem\",\"position\":3,\"name\":\"Klebeband\",\"item\":\"https:\/\/www.vdborne.nl\/producten\/tapes-2\/\"},{\"@type\":\"ListItem\",\"position\":4,\"name\":\"PVC\"}]},{\"@type\":\"WebSite\",\"@id\":\"https:\/\/www.vdborne.nl\/de\/#website\",\"url\":\"https:\/\/www.vdborne.nl\/de\/\",\"name\":\"Van de Borne\",\"description\":\"En nog een WordPress site\",\"publisher\":{\"@id\":\"https:\/\/www.vdborne.nl\/de\/#organization\"},\"potentialAction\":[{\"@type\":\"SearchAction\",\"target\":{\"@type\":\"EntryPoint\",\"urlTemplate\":\"https:\/\/www.vdborne.nl\/de\/?s={search_term_string}\"},\"query-input\":{\"@type\":\"PropertyValueSpecification\",\"valueRequired\":true,\"valueName\":\"search_term_string\"}}],\"inLanguage\":\"de\"},{\"@type\":\"Organization\",\"@id\":\"https:\/\/www.vdborne.nl\/de\/#organization\",\"name\":\"Van de Borne\",\"url\":\"https:\/\/www.vdborne.nl\/de\/\",\"logo\":{\"@type\":\"ImageObject\",\"inLanguage\":\"de\",\"@id\":\"https:\/\/www.vdborne.nl\/de\/#\/schema\/logo\/image\/\",\"url\":\"https:\/\/www.vdborne.nl\/wp-content\/uploads\/2023\/07\/logo-1.png\",\"contentUrl\":\"https:\/\/www.vdborne.nl\/wp-content\/uploads\/2023\/07\/logo-1.png\",\"width\":120,\"height\":62,\"caption\":\"Van de Borne\"},\"image\":{\"@id\":\"https:\/\/www.vdborne.nl\/de\/#\/schema\/logo\/image\/\"},\"sameAs\":[\"https:\/\/www.facebook.com\/profile.php?id=100063606229530\"]}]}<\/script>\n<!-- \/ Yoast SEO plugin. -->","yoast_head_json":{"title":"PVC - Van de Borne","robots":{"index":"index","follow":"follow","max-snippet":"max-snippet:-1","max-image-preview":"max-image-preview:large","max-video-preview":"max-video-preview:-1"},"canonical":"https:\/\/www.vdborne.nl\/de\/produkte\/klebeband-2\/pvc\/","og_locale":"de_DE","og_type":"article","og_title":"PVC - Van de Borne","og_description":"Das meistverkaufte Klebeband mit den sch\u00f6nsten und vielf\u00e4ltigsten Druckm\u00f6glichkeiten. Dieses Band kann f\u00fcr verschiedene Verpackungen verwendet werden. Das Band rollt sich fast ger\u00e4uschlos und nicht zu leicht ab. Mit seiner starken Klebeseite bleibt auf den meisten Untergr\u00fcnden festkleben. Bei korrekter Aufbewahrung (Zimmertemperatur) ist es bis zu ein Jahr haltbar. PVC-Band ist in den Standardfarben Wei\u00df, [&hellip;]","og_url":"https:\/\/www.vdborne.nl\/de\/produkte\/klebeband-2\/pvc\/","og_site_name":"Van de Borne","article_publisher":"https:\/\/www.facebook.com\/profile.php?id=100063606229530","article_modified_time":"2021-07-29T12:59:54+00:00","og_image":[{"width":500,"height":500,"url":"https:\/\/www.vdborne.nl\/wp-content\/uploads\/2020\/06\/Doos-PVC-500x500-1.png","type":"image\/png"}],"twitter_card":"summary_large_image","twitter_misc":{"Gesch\u00e4tzte Lesezeit":"1\u00a0Minute"},"schema":{"@context":"https:\/\/schema.org","@graph":[{"@type":"WebPage","@id":"https:\/\/www.vdborne.nl\/de\/produkte\/klebeband-2\/pvc\/","url":"https:\/\/www.vdborne.nl\/de\/produkte\/klebeband-2\/pvc\/","name":"PVC - Van de Borne","isPartOf":{"@id":"https:\/\/www.vdborne.nl\/de\/#website"},"primaryImageOfPage":{"@id":"https:\/\/www.vdborne.nl\/de\/produkte\/klebeband-2\/pvc\/#primaryimage"},"image":{"@id":"https:\/\/www.vdborne.nl\/de\/produkte\/klebeband-2\/pvc\/#primaryimage"},"thumbnailUrl":"https:\/\/www.vdborne.nl\/wp-content\/uploads\/2020\/06\/Doos-PVC-500x500-1.png","datePublished":"2016-08-09T07:38:28+00:00","dateModified":"2021-07-29T12:59:54+00:00","breadcrumb":{"@id":"https:\/\/www.vdborne.nl\/de\/produkte\/klebeband-2\/pvc\/#breadcrumb"},"inLanguage":"de","potentialAction":[{"@type":"ReadAction","target":["https:\/\/www.vdborne.nl\/de\/produkte\/klebeband-2\/pvc\/"]}]},{"@type":"ImageObject","inLanguage":"de","@id":"https:\/\/www.vdborne.nl\/de\/produkte\/klebeband-2\/pvc\/#primaryimage","url":"https:\/\/www.vdborne.nl\/wp-content\/uploads\/2020\/06\/Doos-PVC-500x500-1.png","contentUrl":"https:\/\/www.vdborne.nl\/wp-content\/uploads\/2020\/06\/Doos-PVC-500x500-1.png","width":500,"height":500},{"@type":"BreadcrumbList","@id":"https:\/\/www.vdborne.nl\/de\/produkte\/klebeband-2\/pvc\/#breadcrumb","itemListElement":[{"@type":"ListItem","position":1,"name":"Home","item":"https:\/\/www.vdborne.nl\/de\/"},{"@type":"ListItem","position":2,"name":"Produkte","item":"https:\/\/www.vdborne.nl\/producten\/"},{"@type":"ListItem","position":3,"name":"Klebeband","item":"https:\/\/www.vdborne.nl\/producten\/tapes-2\/"},{"@type":"ListItem","position":4,"name":"PVC"}]},{"@type":"WebSite","@id":"https:\/\/www.vdborne.nl\/de\/#website","url":"https:\/\/www.vdborne.nl\/de\/","name":"Van de Borne","description":"En nog een WordPress site","publisher":{"@id":"https:\/\/www.vdborne.nl\/de\/#organization"},"potentialAction":[{"@type":"SearchAction","target":{"@type":"EntryPoint","urlTemplate":"https:\/\/www.vdborne.nl\/de\/?s={search_term_string}"},"query-input":{"@type":"PropertyValueSpecification","valueRequired":true,"valueName":"search_term_string"}}],"inLanguage":"de"},{"@type":"Organization","@id":"https:\/\/www.vdborne.nl\/de\/#organization","name":"Van de Borne","url":"https:\/\/www.vdborne.nl\/de\/","logo":{"@type":"ImageObject","inLanguage":"de","@id":"https:\/\/www.vdborne.nl\/de\/#\/schema\/logo\/image\/","url":"https:\/\/www.vdborne.nl\/wp-content\/uploads\/2023\/07\/logo-1.png","contentUrl":"https:\/\/www.vdborne.nl\/wp-content\/uploads\/2023\/07\/logo-1.png","width":120,"height":62,"caption":"Van de Borne"},"image":{"@id":"https:\/\/www.vdborne.nl\/de\/#\/schema\/logo\/image\/"},"sameAs":["https:\/\/www.facebook.com\/profile.php?id=100063606229530"]}]}},"_links":{"self":[{"href":"https:\/\/www.vdborne.nl\/de\/wp-json\/wp\/v2\/pages\/265","targetHints":{"allow":["GET"]}}],"collection":[{"href":"https:\/\/www.vdborne.nl\/de\/wp-json\/wp\/v2\/pages"}],"about":[{"href":"https:\/\/www.vdborne.nl\/de\/wp-json\/wp\/v2\/types\/page"}],"author":[{"embeddable":true,"href":"https:\/\/www.vdborne.nl\/de\/wp-json\/wp\/v2\/users\/3"}],"replies":[{"embeddable":true,"href":"https:\/\/www.vdborne.nl\/de\/wp-json\/wp\/v2\/comments?post=265"}],"version-history":[{"count":14,"href":"https:\/\/www.vdborne.nl\/de\/wp-json\/wp\/v2\/pages\/265\/revisions"}],"predecessor-version":[{"id":4353,"href":"https:\/\/www.vdborne.nl\/de\/wp-json\/wp\/v2\/pages\/265\/revisions\/4353"}],"up":[{"embeddable":true,"href":"https:\/\/www.vdborne.nl\/de\/wp-json\/wp\/v2\/pages\/263"}],"wp:featuredmedia":[{"embeddable":true,"href":"https:\/\/www.vdborne.nl\/de\/wp-json\/wp\/v2\/media\/4027"}],"wp:attachment":[{"href":"https:\/\/www.vdborne.nl\/de\/wp-json\/wp\/v2\/media?parent=265"}],"curies":[{"name":"wp","href":"https:\/\/api.w.org\/{rel}","templated":true}]}}