{"id":266,"date":"2016-08-09T09:39:22","date_gmt":"2016-08-09T07:39:22","guid":{"rendered":"http:\/\/www.vdborne.nl\/de\/?page_id=266"},"modified":"2021-07-29T15:07:12","modified_gmt":"2021-07-29T13:07:12","slug":"pp-acryl","status":"publish","type":"page","link":"https:\/\/www.vdborne.nl\/de\/produkte\/klebeband-2\/pp-acryl\/","title":{"rendered":"PP Acryl"},"content":{"rendered":"<p>Umweltfreundliches g\u00fcnstiges Klebeband, das auch in kalten R\u00e4umen gelagert werden kann. PP-Klebeband klebt anfangs nur leicht. Je l\u00e4nger das Klebeband haftet, umso st\u00e4rker wird die Klebkraft. Das Band sollte bei Temperaturen zwischen 15\u00b0 und 40\u00b0C verwendet werden und bleibt auch bei Temperaturschwankungen festkleben. Das Band besteht aus einem PP-Film mit einer umweltfreundlichen Klebschicht aus Acryl. Die Bedruckung kann auf zwei unterschiedliche Arten erfolgen: Auf dem PP-Film oder unter der Oberfl\u00e4che (zwischen PP-Film und Klebschicht (<a href=\"https:\/\/www.vdborne.nl\/de\/produkte\/klebeband\/pp-acryl\/under-surface-druck\/\">Under Surface<\/a>). Das Klebeband ist abgesehen von den bedruckten Stellen fast ger\u00e4uschlos beim Abrollen (Low Noise). Dadurch ist es weniger gut f\u00fcr Dia-Drucke geeignet. F\u00fcr Under Surface-Drucke gilt diese Einschr\u00e4nkung nicht. Das Klebeband ist nur begrenzt haltbar, au\u00dfer bei Unter Surface-Druck. PP-Klebeband ist in den Standardfarben Wei\u00df, Braun und Transparent erh\u00e4ltlich.<\/p>\n<p><a href=\"https:\/\/www.youtube.com\/watch?v=N_O1r4n4VWQ\">Hier das Video ansehen.<\/a><\/p>\n<h2>Unbedruckt<\/h2>\n<p>Wir haben alle \u00fcblichen Ma\u00dfe vorr\u00e4tig. Weitere Ma\u00dfe und\/oder Farben k\u00f6nnen wir speziell f\u00fcr Sie anfertigen.<\/p>\n<h2>Bedruckt<\/h2>\n<p>PP-Klebeband kann mit 1-5 PMS-Farben bedruckt werden. Auch Full Colour-Druck, eventuell mit St\u00fctzfarbe, kann bei Under Surface-Druck verwendet werden. Wir arbeiten mit PMS (Pantone)-Farben. HKS- und RAL-Farben werden von uns in PMS-Farben umgewandelt, so dass es geringf\u00fcgige Unterschiede zur Originalfarbe geben kann. Die maximale Wiederholungsl\u00e4nge des Drucks betr\u00e4gt 499 mm.<\/p>\n<p>* Kontaktieren Sie uns f\u00fcr die Mindestmenge bei Unter Surface-Druck.<span class=\"Apple-converted-space\">\u00a0<\/span><\/p>\n<p>&nbsp;<\/p>\n<p>In den Datenbl\u00e4ttern unterhalb dieser Seite finden Sie die verschiedenen Optionen f\u00fcr jedes Produkt separat aufgef\u00fchrt.<span class=\"Apple-converted-space\">\u00a0<\/span><\/p>\n<div id=\"threesixty-slider-944_SPJjTK\" class=\"threesixty-loading threesixty-image threesixty-light-blue threesixty-flat-round threesixty-no-border\" style=\"width: 400px;\">\r\n\t<div class=\"threesixty-preview-944_SPJjTK\"><img decoding=\"async\" class=\"threesixty-preview-image\" src=\"https:\/\/www.vdborne.nl\/wp-content\/uploads\/2017\/06\/00045.jpg\"\/><\/div>\r\n\t<div class=\"threesixty-spinner threesixty-spinner-944_SPJjTK\">\r\n\t\t<span>0%<\/span>\r\n\t<\/div>\r\n\t<ol class=\"threesixty-images threesixty-images-944_SPJjTK\"><\/ol>\r\n\t\t\t<a href=\"#threesixty-slider-944_SPJjTK\" class=\"threesixty-mfp-anchor\"><\/a>\r\n\t<\/div>\r\n<!--SPV--><script type=\"text\/javascript\">\/\/SPV\r\n(function($) {\r\n\t\"use strict\";\r\n\t\t$('#threesixty-slider-944_SPJjTK .threesixty-mfp-anchor').magnificPopup({\r\n\t\ttype:'inline',\r\n\t\tcloseOnBgClick: true,\r\n\t\tmidClick: true,\r\n\t\tcallbacks: {\r\n\t\t\t resize: function() {\r\n\t\t\t \tvar originalHeight \t= 480,\r\n\t\t\t \t\toriginalWidth \t= 720,\r\n\t\t\t \t\tmfpHeight \t\t= 480,\r\n\t\t\t \t\tmfpWidth \t\t= 720,\r\n\t\t\t \t\tratio \t\t\t= originalWidth \/ originalHeight,\r\n\t\t\t \t\twinHeight \t\t= $(window).height(),\r\n\t\t\t \t\twinWidth \t\t= $(window).width();\r\n\t\t\t \t\r\n\t\t\t \tif ( originalHeight > winHeight * 0.9 ) {\r\n\t\t\t \t\tmfpHeight \t\t= winHeight * 0.9;\r\n\t\t\t \t\tmfpWidth \t\t= mfpHeight * ratio;\r\n\t\t\t\t}\r\n\t\t\t\tif ( mfpWidth > winWidth * 0.9 ) {\r\n\t\t\t \t\tmfpWidth \t\t= winWidth * 0.9;\r\n\t\t\t \t\tmfpHeight \t\t= mfpWidth \/ ratio;\r\n\t\t\t\t}\r\n\t\t\t \tif ( mfpHeight < originalHeight && mfpWidth < originalWidth ) {\r\n\t\t\t\t    $('#threesixty-slider-944_SPJjTK').height(mfpHeight);\r\n\t\t\t\t    $('#threesixty-slider-944_SPJjTK').width(mfpWidth);\r\n\t\t\t\t} \r\n\t\t\t\telse {\r\n\t\t\t\t    $('#threesixty-slider-944_SPJjTK').height(originalHeight);\r\n\t\t\t\t    $('#threesixty-slider-944_SPJjTK').width(originalWidth);\r\n\t\t\t\t}\r\n\t\t\t},\r\n\t\t\tclose: function() {\r\n\t\t\t    $('#threesixty-slider-944_SPJjTK').height('auto');\r\n\t\t\t    $('#threesixty-slider-944_SPJjTK').width(400);\r\n\t\t\t}\r\n\t\t},\r\n\t\tcloseMarkup :\"<button class=\\\"mfp-close\\\"><\/button>\"\r\n\t});\r\n\t\tvar product_944_SPJjTK = $('#threesixty-slider-944_SPJjTK').ThreeSixty({\r\n\t\ttotalFrames: 45,\r\n\t\tendFrame: 0,\r\n\t\tcurrentFrame: 45,\r\n\t\timgList: '.threesixty-images-944_SPJjTK',\r\n\t\tprogress: '.threesixty-spinner-944_SPJjTK',\r\n\t\tpreview: '.threesixty-preview-944_SPJjTK',\r\n\t\timages: ['https:\/\/www.vdborne.nl\/wp-content\/uploads\/2017\/06\/00001.jpg','https:\/\/www.vdborne.nl\/wp-content\/uploads\/2017\/06\/00002.jpg','https:\/\/www.vdborne.nl\/wp-content\/uploads\/2017\/06\/00003.jpg','https:\/\/www.vdborne.nl\/wp-content\/uploads\/2017\/06\/00004.jpg','https:\/\/www.vdborne.nl\/wp-content\/uploads\/2017\/06\/00005.jpg','https:\/\/www.vdborne.nl\/wp-content\/uploads\/2017\/06\/00006.jpg','https:\/\/www.vdborne.nl\/wp-content\/uploads\/2017\/06\/00007.jpg','https:\/\/www.vdborne.nl\/wp-content\/uploads\/2017\/06\/00008.jpg','https:\/\/www.vdborne.nl\/wp-content\/uploads\/2017\/06\/00009.jpg','https:\/\/www.vdborne.nl\/wp-content\/uploads\/2017\/06\/00010.jpg','https:\/\/www.vdborne.nl\/wp-content\/uploads\/2017\/06\/00011.jpg','https:\/\/www.vdborne.nl\/wp-content\/uploads\/2017\/06\/00012.jpg','https:\/\/www.vdborne.nl\/wp-content\/uploads\/2017\/06\/00013.jpg','https:\/\/www.vdborne.nl\/wp-content\/uploads\/2017\/06\/00014.jpg','https:\/\/www.vdborne.nl\/wp-content\/uploads\/2017\/06\/00015.jpg','https:\/\/www.vdborne.nl\/wp-content\/uploads\/2017\/06\/00016.jpg','https:\/\/www.vdborne.nl\/wp-content\/uploads\/2017\/06\/00017.jpg','https:\/\/www.vdborne.nl\/wp-content\/uploads\/2017\/06\/00018.jpg','https:\/\/www.vdborne.nl\/wp-content\/uploads\/2017\/06\/00019.jpg','https:\/\/www.vdborne.nl\/wp-content\/uploads\/2017\/06\/00020.jpg','https:\/\/www.vdborne.nl\/wp-content\/uploads\/2017\/06\/00021.jpg','https:\/\/www.vdborne.nl\/wp-content\/uploads\/2017\/06\/00022.jpg','https:\/\/www.vdborne.nl\/wp-content\/uploads\/2017\/06\/00023.jpg','https:\/\/www.vdborne.nl\/wp-content\/uploads\/2017\/06\/00024.jpg','https:\/\/www.vdborne.nl\/wp-content\/uploads\/2017\/06\/00025.jpg','https:\/\/www.vdborne.nl\/wp-content\/uploads\/2017\/06\/00026.jpg','https:\/\/www.vdborne.nl\/wp-content\/uploads\/2017\/06\/00027.jpg','https:\/\/www.vdborne.nl\/wp-content\/uploads\/2017\/06\/00028.jpg','https:\/\/www.vdborne.nl\/wp-content\/uploads\/2017\/06\/00029.jpg','https:\/\/www.vdborne.nl\/wp-content\/uploads\/2017\/06\/00030.jpg','https:\/\/www.vdborne.nl\/wp-content\/uploads\/2017\/06\/00031.jpg','https:\/\/www.vdborne.nl\/wp-content\/uploads\/2017\/06\/00032.jpg','https:\/\/www.vdborne.nl\/wp-content\/uploads\/2017\/06\/00033.jpg','https:\/\/www.vdborne.nl\/wp-content\/uploads\/2017\/06\/00034.jpg','https:\/\/www.vdborne.nl\/wp-content\/uploads\/2017\/06\/00035.jpg','https:\/\/www.vdborne.nl\/wp-content\/uploads\/2017\/06\/00036.jpg','https:\/\/www.vdborne.nl\/wp-content\/uploads\/2017\/06\/00037.jpg','https:\/\/www.vdborne.nl\/wp-content\/uploads\/2017\/06\/00038.jpg','https:\/\/www.vdborne.nl\/wp-content\/uploads\/2017\/06\/00039.jpg','https:\/\/www.vdborne.nl\/wp-content\/uploads\/2017\/06\/00040.jpg','https:\/\/www.vdborne.nl\/wp-content\/uploads\/2017\/06\/00041.jpg','https:\/\/www.vdborne.nl\/wp-content\/uploads\/2017\/06\/00042.jpg','https:\/\/www.vdborne.nl\/wp-content\/uploads\/2017\/06\/00043.jpg','https:\/\/www.vdborne.nl\/wp-content\/uploads\/2017\/06\/00044.jpg','https:\/\/www.vdborne.nl\/wp-content\/uploads\/2017\/06\/00045.jpg'],\r\n\t\theight: 0,\r\n\t\twidth: 400,\r\n\t\tnavigation: true,\r\n\t\tdrag: true,\r\n\t\tshowCursor: true,\r\n\t\tinterval: 40,\r\n\t\tspeedMultiplier: 7,\r\n\t\tmonitorInt: 10,\r\n\t\t\t\tonReady: function() {\r\n\t\t\t$(\"#threesixty-slider-944_SPJjTK\").removeClass('threesixty-loading');\r\n\t\t\t\t\t\t\t\t}\r\n\t\t\t});\r\n\t\t\t}(jQuery));\r\n<\/script>\n","protected":false},"excerpt":{"rendered":"<p>Umweltfreundliches g\u00fcnstiges Klebeband, das auch in kalten R\u00e4umen gelagert werden kann. PP-Klebeband klebt anfangs nur leicht. Je l\u00e4nger das Klebeband haftet, umso st\u00e4rker wird die Klebkraft. Das Band sollte bei Temperaturen zwischen 15\u00b0 und 40\u00b0C verwendet werden und bleibt auch bei Temperaturschwankungen festkleben. Das Band besteht aus einem PP-Film mit einer umweltfreundlichen Klebschicht aus Acryl. [&hellip;]<\/p>\n","protected":false},"author":3,"featured_media":4021,"parent":263,"menu_order":23,"comment_status":"closed","ping_status":"closed","template":"templates\/template_single_product.php","meta":{"footnotes":""},"class_list":["post-266","page","type-page","status-publish","has-post-thumbnail","hentry"],"yoast_head":"<!-- This site is optimized with the Yoast SEO plugin v25.6 - https:\/\/yoast.com\/wordpress\/plugins\/seo\/ -->\n<title>PP Acryl - Van de Borne<\/title>\n<meta name=\"robots\" content=\"index, follow, max-snippet:-1, max-image-preview:large, max-video-preview:-1\" \/>\n<link rel=\"canonical\" href=\"https:\/\/www.vdborne.nl\/producten\/tapes-2\/pp-acryl\/\" \/>\n<meta property=\"og:locale\" content=\"de_DE\" \/>\n<meta property=\"og:type\" content=\"article\" \/>\n<meta property=\"og:title\" content=\"PP Acryl - Van de Borne\" \/>\n<meta property=\"og:description\" content=\"Umweltfreundliches g\u00fcnstiges Klebeband, das auch in kalten R\u00e4umen gelagert werden kann. PP-Klebeband klebt anfangs nur leicht. Je l\u00e4nger das Klebeband haftet, umso st\u00e4rker wird die Klebkraft. Das Band sollte bei Temperaturen zwischen 15\u00b0 und 40\u00b0C verwendet werden und bleibt auch bei Temperaturschwankungen festkleben. Das Band besteht aus einem PP-Film mit einer umweltfreundlichen Klebschicht aus Acryl. [&hellip;]\" \/>\n<meta property=\"og:url\" content=\"https:\/\/www.vdborne.nl\/producten\/tapes-2\/pp-acryl\/\" \/>\n<meta property=\"og:site_name\" content=\"Van de Borne\" \/>\n<meta property=\"article:publisher\" content=\"https:\/\/www.facebook.com\/profile.php?id=100063606229530\" \/>\n<meta property=\"article:modified_time\" content=\"2021-07-29T13:07:12+00:00\" \/>\n<meta property=\"og:image\" content=\"https:\/\/www.vdborne.nl\/wp-content\/uploads\/2020\/06\/Doos-PPA-500x500-1.png\" \/>\n\t<meta property=\"og:image:width\" content=\"500\" \/>\n\t<meta property=\"og:image:height\" content=\"500\" \/>\n\t<meta property=\"og:image:type\" content=\"image\/png\" \/>\n<meta name=\"twitter:card\" content=\"summary_large_image\" \/>\n<meta name=\"twitter:label1\" content=\"Gesch\u00e4tzte Lesezeit\" \/>\n\t<meta name=\"twitter:data1\" content=\"1\u00a0Minute\" \/>\n<script type=\"application\/ld+json\" class=\"yoast-schema-graph\">{\"@context\":\"https:\/\/schema.org\",\"@graph\":[{\"@type\":\"WebPage\",\"@id\":\"https:\/\/www.vdborne.nl\/producten\/tapes-2\/pp-acryl\/\",\"url\":\"https:\/\/www.vdborne.nl\/producten\/tapes-2\/pp-acryl\/\",\"name\":\"PP Acryl - Van de Borne\",\"isPartOf\":{\"@id\":\"https:\/\/www.vdborne.nl\/de\/#website\"},\"primaryImageOfPage\":{\"@id\":\"https:\/\/www.vdborne.nl\/producten\/tapes-2\/pp-acryl\/#primaryimage\"},\"image\":{\"@id\":\"https:\/\/www.vdborne.nl\/producten\/tapes-2\/pp-acryl\/#primaryimage\"},\"thumbnailUrl\":\"https:\/\/www.vdborne.nl\/wp-content\/uploads\/2020\/06\/Doos-PPA-500x500-1.png\",\"datePublished\":\"2016-08-09T07:39:22+00:00\",\"dateModified\":\"2021-07-29T13:07:12+00:00\",\"breadcrumb\":{\"@id\":\"https:\/\/www.vdborne.nl\/producten\/tapes-2\/pp-acryl\/#breadcrumb\"},\"inLanguage\":\"de\",\"potentialAction\":[{\"@type\":\"ReadAction\",\"target\":[\"https:\/\/www.vdborne.nl\/producten\/tapes-2\/pp-acryl\/\"]}]},{\"@type\":\"ImageObject\",\"inLanguage\":\"de\",\"@id\":\"https:\/\/www.vdborne.nl\/producten\/tapes-2\/pp-acryl\/#primaryimage\",\"url\":\"https:\/\/www.vdborne.nl\/wp-content\/uploads\/2020\/06\/Doos-PPA-500x500-1.png\",\"contentUrl\":\"https:\/\/www.vdborne.nl\/wp-content\/uploads\/2020\/06\/Doos-PPA-500x500-1.png\",\"width\":500,\"height\":500},{\"@type\":\"BreadcrumbList\",\"@id\":\"https:\/\/www.vdborne.nl\/producten\/tapes-2\/pp-acryl\/#breadcrumb\",\"itemListElement\":[{\"@type\":\"ListItem\",\"position\":1,\"name\":\"Home\",\"item\":\"https:\/\/www.vdborne.nl\/de\/\"},{\"@type\":\"ListItem\",\"position\":2,\"name\":\"Produkte\",\"item\":\"https:\/\/www.vdborne.nl\/producten\/\"},{\"@type\":\"ListItem\",\"position\":3,\"name\":\"Klebeband\",\"item\":\"https:\/\/www.vdborne.nl\/producten\/tapes-2\/\"},{\"@type\":\"ListItem\",\"position\":4,\"name\":\"PP Acryl\"}]},{\"@type\":\"WebSite\",\"@id\":\"https:\/\/www.vdborne.nl\/de\/#website\",\"url\":\"https:\/\/www.vdborne.nl\/de\/\",\"name\":\"Van de Borne\",\"description\":\"En nog een WordPress site\",\"publisher\":{\"@id\":\"https:\/\/www.vdborne.nl\/de\/#organization\"},\"potentialAction\":[{\"@type\":\"SearchAction\",\"target\":{\"@type\":\"EntryPoint\",\"urlTemplate\":\"https:\/\/www.vdborne.nl\/de\/?s={search_term_string}\"},\"query-input\":{\"@type\":\"PropertyValueSpecification\",\"valueRequired\":true,\"valueName\":\"search_term_string\"}}],\"inLanguage\":\"de\"},{\"@type\":\"Organization\",\"@id\":\"https:\/\/www.vdborne.nl\/de\/#organization\",\"name\":\"Van de Borne\",\"url\":\"https:\/\/www.vdborne.nl\/de\/\",\"logo\":{\"@type\":\"ImageObject\",\"inLanguage\":\"de\",\"@id\":\"https:\/\/www.vdborne.nl\/de\/#\/schema\/logo\/image\/\",\"url\":\"https:\/\/www.vdborne.nl\/wp-content\/uploads\/2023\/07\/logo-1.png\",\"contentUrl\":\"https:\/\/www.vdborne.nl\/wp-content\/uploads\/2023\/07\/logo-1.png\",\"width\":120,\"height\":62,\"caption\":\"Van de Borne\"},\"image\":{\"@id\":\"https:\/\/www.vdborne.nl\/de\/#\/schema\/logo\/image\/\"},\"sameAs\":[\"https:\/\/www.facebook.com\/profile.php?id=100063606229530\"]}]}<\/script>\n<!-- \/ Yoast SEO plugin. -->","yoast_head_json":{"title":"PP Acryl - Van de Borne","robots":{"index":"index","follow":"follow","max-snippet":"max-snippet:-1","max-image-preview":"max-image-preview:large","max-video-preview":"max-video-preview:-1"},"canonical":"https:\/\/www.vdborne.nl\/producten\/tapes-2\/pp-acryl\/","og_locale":"de_DE","og_type":"article","og_title":"PP Acryl - Van de Borne","og_description":"Umweltfreundliches g\u00fcnstiges Klebeband, das auch in kalten R\u00e4umen gelagert werden kann. PP-Klebeband klebt anfangs nur leicht. Je l\u00e4nger das Klebeband haftet, umso st\u00e4rker wird die Klebkraft. Das Band sollte bei Temperaturen zwischen 15\u00b0 und 40\u00b0C verwendet werden und bleibt auch bei Temperaturschwankungen festkleben. Das Band besteht aus einem PP-Film mit einer umweltfreundlichen Klebschicht aus Acryl. [&hellip;]","og_url":"https:\/\/www.vdborne.nl\/producten\/tapes-2\/pp-acryl\/","og_site_name":"Van de Borne","article_publisher":"https:\/\/www.facebook.com\/profile.php?id=100063606229530","article_modified_time":"2021-07-29T13:07:12+00:00","og_image":[{"width":500,"height":500,"url":"https:\/\/www.vdborne.nl\/wp-content\/uploads\/2020\/06\/Doos-PPA-500x500-1.png","type":"image\/png"}],"twitter_card":"summary_large_image","twitter_misc":{"Gesch\u00e4tzte Lesezeit":"1\u00a0Minute"},"schema":{"@context":"https:\/\/schema.org","@graph":[{"@type":"WebPage","@id":"https:\/\/www.vdborne.nl\/producten\/tapes-2\/pp-acryl\/","url":"https:\/\/www.vdborne.nl\/producten\/tapes-2\/pp-acryl\/","name":"PP Acryl - Van de Borne","isPartOf":{"@id":"https:\/\/www.vdborne.nl\/de\/#website"},"primaryImageOfPage":{"@id":"https:\/\/www.vdborne.nl\/producten\/tapes-2\/pp-acryl\/#primaryimage"},"image":{"@id":"https:\/\/www.vdborne.nl\/producten\/tapes-2\/pp-acryl\/#primaryimage"},"thumbnailUrl":"https:\/\/www.vdborne.nl\/wp-content\/uploads\/2020\/06\/Doos-PPA-500x500-1.png","datePublished":"2016-08-09T07:39:22+00:00","dateModified":"2021-07-29T13:07:12+00:00","breadcrumb":{"@id":"https:\/\/www.vdborne.nl\/producten\/tapes-2\/pp-acryl\/#breadcrumb"},"inLanguage":"de","potentialAction":[{"@type":"ReadAction","target":["https:\/\/www.vdborne.nl\/producten\/tapes-2\/pp-acryl\/"]}]},{"@type":"ImageObject","inLanguage":"de","@id":"https:\/\/www.vdborne.nl\/producten\/tapes-2\/pp-acryl\/#primaryimage","url":"https:\/\/www.vdborne.nl\/wp-content\/uploads\/2020\/06\/Doos-PPA-500x500-1.png","contentUrl":"https:\/\/www.vdborne.nl\/wp-content\/uploads\/2020\/06\/Doos-PPA-500x500-1.png","width":500,"height":500},{"@type":"BreadcrumbList","@id":"https:\/\/www.vdborne.nl\/producten\/tapes-2\/pp-acryl\/#breadcrumb","itemListElement":[{"@type":"ListItem","position":1,"name":"Home","item":"https:\/\/www.vdborne.nl\/de\/"},{"@type":"ListItem","position":2,"name":"Produkte","item":"https:\/\/www.vdborne.nl\/producten\/"},{"@type":"ListItem","position":3,"name":"Klebeband","item":"https:\/\/www.vdborne.nl\/producten\/tapes-2\/"},{"@type":"ListItem","position":4,"name":"PP Acryl"}]},{"@type":"WebSite","@id":"https:\/\/www.vdborne.nl\/de\/#website","url":"https:\/\/www.vdborne.nl\/de\/","name":"Van de Borne","description":"En nog een WordPress site","publisher":{"@id":"https:\/\/www.vdborne.nl\/de\/#organization"},"potentialAction":[{"@type":"SearchAction","target":{"@type":"EntryPoint","urlTemplate":"https:\/\/www.vdborne.nl\/de\/?s={search_term_string}"},"query-input":{"@type":"PropertyValueSpecification","valueRequired":true,"valueName":"search_term_string"}}],"inLanguage":"de"},{"@type":"Organization","@id":"https:\/\/www.vdborne.nl\/de\/#organization","name":"Van de Borne","url":"https:\/\/www.vdborne.nl\/de\/","logo":{"@type":"ImageObject","inLanguage":"de","@id":"https:\/\/www.vdborne.nl\/de\/#\/schema\/logo\/image\/","url":"https:\/\/www.vdborne.nl\/wp-content\/uploads\/2023\/07\/logo-1.png","contentUrl":"https:\/\/www.vdborne.nl\/wp-content\/uploads\/2023\/07\/logo-1.png","width":120,"height":62,"caption":"Van de Borne"},"image":{"@id":"https:\/\/www.vdborne.nl\/de\/#\/schema\/logo\/image\/"},"sameAs":["https:\/\/www.facebook.com\/profile.php?id=100063606229530"]}]}},"_links":{"self":[{"href":"https:\/\/www.vdborne.nl\/de\/wp-json\/wp\/v2\/pages\/266","targetHints":{"allow":["GET"]}}],"collection":[{"href":"https:\/\/www.vdborne.nl\/de\/wp-json\/wp\/v2\/pages"}],"about":[{"href":"https:\/\/www.vdborne.nl\/de\/wp-json\/wp\/v2\/types\/page"}],"author":[{"embeddable":true,"href":"https:\/\/www.vdborne.nl\/de\/wp-json\/wp\/v2\/users\/3"}],"replies":[{"embeddable":true,"href":"https:\/\/www.vdborne.nl\/de\/wp-json\/wp\/v2\/comments?post=266"}],"version-history":[{"count":11,"href":"https:\/\/www.vdborne.nl\/de\/wp-json\/wp\/v2\/pages\/266\/revisions"}],"predecessor-version":[{"id":4362,"href":"https:\/\/www.vdborne.nl\/de\/wp-json\/wp\/v2\/pages\/266\/revisions\/4362"}],"up":[{"embeddable":true,"href":"https:\/\/www.vdborne.nl\/de\/wp-json\/wp\/v2\/pages\/263"}],"wp:featuredmedia":[{"embeddable":true,"href":"https:\/\/www.vdborne.nl\/de\/wp-json\/wp\/v2\/media\/4021"}],"wp:attachment":[{"href":"https:\/\/www.vdborne.nl\/de\/wp-json\/wp\/v2\/media?parent=266"}],"curies":[{"name":"wp","href":"https:\/\/api.w.org\/{rel}","templated":true}]}}