{"id":2668,"date":"2019-01-18T10:49:52","date_gmt":"2019-01-18T09:49:52","guid":{"rendered":"http:\/\/www.vdborne.nl\/de\/?page_id=2668"},"modified":"2019-01-18T11:51:02","modified_gmt":"2019-01-18T10:51:02","slug":"haftungsausschluss","status":"publish","type":"page","link":"https:\/\/www.vdborne.nl\/de\/uber-uns\/haftungsausschluss\/","title":{"rendered":"Haftungsausschluss"},"content":{"rendered":"<p>F\u00fcr die Verwendung dieser Website (www.vdborne.nl) gelten folgende Nutzungsbedingungen. Mit der Nutzung der Website erkennen Sie an, dass Sie Kenntnis von den Nutzungsbedingungen genommen und diese akzeptiert haben.<span class=\"Apple-converted-space\">\u00a0<\/span><\/p>\n<p><b>Umgang mit Informationen<br \/>\n<\/b>Van de Borne B.V. ist bestrebt, jederzeit korrekte und aktuelle Informationen zur Verf\u00fcgung zu stellen. Doch auch wenn diese Informationen mit gr\u00f6\u00dftm\u00f6glicher Sorgfalt zusammengestellt wurden, kann Van de Borne B.V. nicht f\u00fcr die Vollst\u00e4ndigkeit, Korrektheit oder Aktualit\u00e4t der Informationen garantieren. Die juristischen Informationen auf der Website sind allgemeiner Art und k\u00f6nnen nicht als Ersatz f\u00fcr eine juristische Beratung betrachtet werden.<span class=\"Apple-converted-space\">\u00a0<\/span><\/p>\n<p>Aus diesen Informationen leiten sich keinerlei Rechtsanspr\u00fcche ab. Van de Borne B.V. \u00fcbernimmt keine Verantwortung f\u00fcr Sch\u00e4den, die aus der Verwendung der Informationen auf der Website oder einer nicht korrekten Funktion der Website entstehen.<span class=\"Apple-converted-space\">\u00a0<\/span><\/p>\n<p>Zwischen Van de Borne B.V. und dem Nutzer der Website entsteht nicht ohne weiteres durch den Versand und Empfang von Informationen \u00fcber die Website oder per E-Mail eine Gesch\u00e4ftsbeziehung.<span class=\"Apple-converted-space\">\u00a0<\/span><\/p>\n<p><b>E-Mail<br \/>\n<\/b>Van de Borne B.V. kann nicht garantieren, dass an uns gesendete E-Mails (rechtzeitig) empfangen oder bearbeitet werden, da ein rechtzeitiger Empfang von E-Mails niemals garantiert werden kann. Auch die Sicherheit des E-Mail-Verkehrs kann aufgrund der damit verbundenen Sicherheitsrisiken niemals ganz garantiert werden. Indem Sie ohne Verschl\u00fcsselung und Passwortsicherung mit Van de Borne B.V. per E-Mail kommunizieren, akzeptieren Sie dieses Risiko.<\/p>\n<p><b>Hyperlinks<br \/>\n<\/b>Diese Website kann Hyperlinks zu den Websites Dritter enthalten. Van de Borne B.V. hat keinen Einfluss auf die Websites Dritter und \u00fcbernimmt keine Verantwortung f\u00fcr den Inhalt und die Verf\u00fcgbarkeit dieser Websites. Van de Borne B.V. \u00fcbernimmt weiterhin keine Verantwortung f\u00fcr eventuelle Sch\u00e4den, die durch die Verwendung der Websites Dritter entstehen.<span class=\"Apple-converted-space\">\u00a0<\/span><\/p>\n<p><b>Geistiges Eigentum<br \/>\n<\/b>Alle Ver\u00f6ffentlichungen und \u00c4u\u00dferungen von Van de Borne B.V. sind durch das Urheberrecht und andere Rechte zum Schutz geistigen Eigentums gesch\u00fctzt. Ver\u00f6ffentlichungen und \u00c4u\u00dferungen d\u00fcrfen au\u00dfer f\u00fcr pers\u00f6nliche und nicht-kommerzielle Zwecke ohne vorausgehende schriftliche Zustimmung von Van de Borne B.V. in keiner Weise vervielf\u00e4ltigt, kopiert oder auf andere Weise ver\u00f6ffentlicht werden.<span class=\"Apple-converted-space\">\u00a0<\/span><\/p>\n","protected":false},"excerpt":{"rendered":"<p>F\u00fcr die Verwendung dieser Website (www.vdborne.nl) gelten folgende Nutzungsbedingungen. Mit der Nutzung der Website erkennen Sie an, dass Sie Kenntnis von den Nutzungsbedingungen genommen und diese akzeptiert haben.\u00a0 Umgang mit Informationen Van de Borne B.V. ist bestrebt, jederzeit korrekte und aktuelle Informationen zur Verf\u00fcgung zu stellen. Doch auch wenn diese Informationen mit gr\u00f6\u00dftm\u00f6glicher Sorgfalt zusammengestellt [&hellip;]<\/p>\n","protected":false},"author":2,"featured_media":2444,"parent":245,"menu_order":16,"comment_status":"closed","ping_status":"closed","template":"","meta":{"footnotes":""},"class_list":["post-2668","page","type-page","status-publish","has-post-thumbnail","hentry"],"yoast_head":"<!-- This site is optimized with the Yoast SEO plugin v25.6 - https:\/\/yoast.com\/wordpress\/plugins\/seo\/ -->\n<title>Haftungsausschluss - Van de Borne<\/title>\n<meta name=\"robots\" content=\"index, follow, max-snippet:-1, max-image-preview:large, max-video-preview:-1\" \/>\n<link rel=\"canonical\" href=\"https:\/\/www.vdborne.nl\/de\/uber-uns\/haftungsausschluss\/\" \/>\n<meta property=\"og:locale\" content=\"de_DE\" \/>\n<meta property=\"og:type\" content=\"article\" \/>\n<meta property=\"og:title\" content=\"Haftungsausschluss - Van de Borne\" \/>\n<meta property=\"og:description\" content=\"F\u00fcr die Verwendung dieser Website (www.vdborne.nl) gelten folgende Nutzungsbedingungen. Mit der Nutzung der Website erkennen Sie an, dass Sie Kenntnis von den Nutzungsbedingungen genommen und diese akzeptiert haben.\u00a0 Umgang mit Informationen Van de Borne B.V. ist bestrebt, jederzeit korrekte und aktuelle Informationen zur Verf\u00fcgung zu stellen. Doch auch wenn diese Informationen mit gr\u00f6\u00dftm\u00f6glicher Sorgfalt zusammengestellt [&hellip;]\" \/>\n<meta property=\"og:url\" content=\"https:\/\/www.vdborne.nl\/de\/uber-uns\/haftungsausschluss\/\" \/>\n<meta property=\"og:site_name\" content=\"Van de Borne\" \/>\n<meta property=\"article:publisher\" content=\"https:\/\/www.facebook.com\/profile.php?id=100063606229530\" \/>\n<meta property=\"article:modified_time\" content=\"2019-01-18T10:51:02+00:00\" \/>\n<meta property=\"og:image\" content=\"https:\/\/www.vdborne.nl\/wp-content\/uploads\/2016\/10\/AlgemeneVoorwaarden.jpg\" \/>\n\t<meta property=\"og:image:width\" content=\"1000\" \/>\n\t<meta property=\"og:image:height\" content=\"1000\" \/>\n\t<meta property=\"og:image:type\" content=\"image\/jpeg\" \/>\n<meta name=\"twitter:card\" content=\"summary_large_image\" \/>\n<meta name=\"twitter:label1\" content=\"Gesch\u00e4tzte Lesezeit\" \/>\n\t<meta name=\"twitter:data1\" content=\"2\u00a0Minuten\" \/>\n<script type=\"application\/ld+json\" class=\"yoast-schema-graph\">{\"@context\":\"https:\/\/schema.org\",\"@graph\":[{\"@type\":\"WebPage\",\"@id\":\"https:\/\/www.vdborne.nl\/de\/uber-uns\/haftungsausschluss\/\",\"url\":\"https:\/\/www.vdborne.nl\/de\/uber-uns\/haftungsausschluss\/\",\"name\":\"Haftungsausschluss - Van de Borne\",\"isPartOf\":{\"@id\":\"https:\/\/www.vdborne.nl\/de\/#website\"},\"primaryImageOfPage\":{\"@id\":\"https:\/\/www.vdborne.nl\/de\/uber-uns\/haftungsausschluss\/#primaryimage\"},\"image\":{\"@id\":\"https:\/\/www.vdborne.nl\/de\/uber-uns\/haftungsausschluss\/#primaryimage\"},\"thumbnailUrl\":\"https:\/\/www.vdborne.nl\/wp-content\/uploads\/2016\/10\/AlgemeneVoorwaarden.jpg\",\"datePublished\":\"2019-01-18T09:49:52+00:00\",\"dateModified\":\"2019-01-18T10:51:02+00:00\",\"breadcrumb\":{\"@id\":\"https:\/\/www.vdborne.nl\/de\/uber-uns\/haftungsausschluss\/#breadcrumb\"},\"inLanguage\":\"de\",\"potentialAction\":[{\"@type\":\"ReadAction\",\"target\":[\"https:\/\/www.vdborne.nl\/de\/uber-uns\/haftungsausschluss\/\"]}]},{\"@type\":\"ImageObject\",\"inLanguage\":\"de\",\"@id\":\"https:\/\/www.vdborne.nl\/de\/uber-uns\/haftungsausschluss\/#primaryimage\",\"url\":\"https:\/\/www.vdborne.nl\/wp-content\/uploads\/2016\/10\/AlgemeneVoorwaarden.jpg\",\"contentUrl\":\"https:\/\/www.vdborne.nl\/wp-content\/uploads\/2016\/10\/AlgemeneVoorwaarden.jpg\",\"width\":1000,\"height\":1000},{\"@type\":\"BreadcrumbList\",\"@id\":\"https:\/\/www.vdborne.nl\/de\/uber-uns\/haftungsausschluss\/#breadcrumb\",\"itemListElement\":[{\"@type\":\"ListItem\",\"position\":1,\"name\":\"Home\",\"item\":\"https:\/\/www.vdborne.nl\/de\/\"},{\"@type\":\"ListItem\",\"position\":2,\"name\":\"\u00dcber uns\",\"item\":\"https:\/\/www.vdborne.nl\/over-ons\/\"},{\"@type\":\"ListItem\",\"position\":3,\"name\":\"Haftungsausschluss\"}]},{\"@type\":\"WebSite\",\"@id\":\"https:\/\/www.vdborne.nl\/de\/#website\",\"url\":\"https:\/\/www.vdborne.nl\/de\/\",\"name\":\"Van de Borne\",\"description\":\"En nog een WordPress site\",\"publisher\":{\"@id\":\"https:\/\/www.vdborne.nl\/de\/#organization\"},\"potentialAction\":[{\"@type\":\"SearchAction\",\"target\":{\"@type\":\"EntryPoint\",\"urlTemplate\":\"https:\/\/www.vdborne.nl\/de\/?s={search_term_string}\"},\"query-input\":{\"@type\":\"PropertyValueSpecification\",\"valueRequired\":true,\"valueName\":\"search_term_string\"}}],\"inLanguage\":\"de\"},{\"@type\":\"Organization\",\"@id\":\"https:\/\/www.vdborne.nl\/de\/#organization\",\"name\":\"Van de Borne\",\"url\":\"https:\/\/www.vdborne.nl\/de\/\",\"logo\":{\"@type\":\"ImageObject\",\"inLanguage\":\"de\",\"@id\":\"https:\/\/www.vdborne.nl\/de\/#\/schema\/logo\/image\/\",\"url\":\"https:\/\/www.vdborne.nl\/wp-content\/uploads\/2023\/07\/logo-1.png\",\"contentUrl\":\"https:\/\/www.vdborne.nl\/wp-content\/uploads\/2023\/07\/logo-1.png\",\"width\":120,\"height\":62,\"caption\":\"Van de Borne\"},\"image\":{\"@id\":\"https:\/\/www.vdborne.nl\/de\/#\/schema\/logo\/image\/\"},\"sameAs\":[\"https:\/\/www.facebook.com\/profile.php?id=100063606229530\"]}]}<\/script>\n<!-- \/ Yoast SEO plugin. -->","yoast_head_json":{"title":"Haftungsausschluss - Van de Borne","robots":{"index":"index","follow":"follow","max-snippet":"max-snippet:-1","max-image-preview":"max-image-preview:large","max-video-preview":"max-video-preview:-1"},"canonical":"https:\/\/www.vdborne.nl\/de\/uber-uns\/haftungsausschluss\/","og_locale":"de_DE","og_type":"article","og_title":"Haftungsausschluss - Van de Borne","og_description":"F\u00fcr die Verwendung dieser Website (www.vdborne.nl) gelten folgende Nutzungsbedingungen. Mit der Nutzung der Website erkennen Sie an, dass Sie Kenntnis von den Nutzungsbedingungen genommen und diese akzeptiert haben.\u00a0 Umgang mit Informationen Van de Borne B.V. ist bestrebt, jederzeit korrekte und aktuelle Informationen zur Verf\u00fcgung zu stellen. Doch auch wenn diese Informationen mit gr\u00f6\u00dftm\u00f6glicher Sorgfalt zusammengestellt [&hellip;]","og_url":"https:\/\/www.vdborne.nl\/de\/uber-uns\/haftungsausschluss\/","og_site_name":"Van de Borne","article_publisher":"https:\/\/www.facebook.com\/profile.php?id=100063606229530","article_modified_time":"2019-01-18T10:51:02+00:00","og_image":[{"width":1000,"height":1000,"url":"https:\/\/www.vdborne.nl\/wp-content\/uploads\/2016\/10\/AlgemeneVoorwaarden.jpg","type":"image\/jpeg"}],"twitter_card":"summary_large_image","twitter_misc":{"Gesch\u00e4tzte Lesezeit":"2\u00a0Minuten"},"schema":{"@context":"https:\/\/schema.org","@graph":[{"@type":"WebPage","@id":"https:\/\/www.vdborne.nl\/de\/uber-uns\/haftungsausschluss\/","url":"https:\/\/www.vdborne.nl\/de\/uber-uns\/haftungsausschluss\/","name":"Haftungsausschluss - Van de Borne","isPartOf":{"@id":"https:\/\/www.vdborne.nl\/de\/#website"},"primaryImageOfPage":{"@id":"https:\/\/www.vdborne.nl\/de\/uber-uns\/haftungsausschluss\/#primaryimage"},"image":{"@id":"https:\/\/www.vdborne.nl\/de\/uber-uns\/haftungsausschluss\/#primaryimage"},"thumbnailUrl":"https:\/\/www.vdborne.nl\/wp-content\/uploads\/2016\/10\/AlgemeneVoorwaarden.jpg","datePublished":"2019-01-18T09:49:52+00:00","dateModified":"2019-01-18T10:51:02+00:00","breadcrumb":{"@id":"https:\/\/www.vdborne.nl\/de\/uber-uns\/haftungsausschluss\/#breadcrumb"},"inLanguage":"de","potentialAction":[{"@type":"ReadAction","target":["https:\/\/www.vdborne.nl\/de\/uber-uns\/haftungsausschluss\/"]}]},{"@type":"ImageObject","inLanguage":"de","@id":"https:\/\/www.vdborne.nl\/de\/uber-uns\/haftungsausschluss\/#primaryimage","url":"https:\/\/www.vdborne.nl\/wp-content\/uploads\/2016\/10\/AlgemeneVoorwaarden.jpg","contentUrl":"https:\/\/www.vdborne.nl\/wp-content\/uploads\/2016\/10\/AlgemeneVoorwaarden.jpg","width":1000,"height":1000},{"@type":"BreadcrumbList","@id":"https:\/\/www.vdborne.nl\/de\/uber-uns\/haftungsausschluss\/#breadcrumb","itemListElement":[{"@type":"ListItem","position":1,"name":"Home","item":"https:\/\/www.vdborne.nl\/de\/"},{"@type":"ListItem","position":2,"name":"\u00dcber uns","item":"https:\/\/www.vdborne.nl\/over-ons\/"},{"@type":"ListItem","position":3,"name":"Haftungsausschluss"}]},{"@type":"WebSite","@id":"https:\/\/www.vdborne.nl\/de\/#website","url":"https:\/\/www.vdborne.nl\/de\/","name":"Van de Borne","description":"En nog een WordPress site","publisher":{"@id":"https:\/\/www.vdborne.nl\/de\/#organization"},"potentialAction":[{"@type":"SearchAction","target":{"@type":"EntryPoint","urlTemplate":"https:\/\/www.vdborne.nl\/de\/?s={search_term_string}"},"query-input":{"@type":"PropertyValueSpecification","valueRequired":true,"valueName":"search_term_string"}}],"inLanguage":"de"},{"@type":"Organization","@id":"https:\/\/www.vdborne.nl\/de\/#organization","name":"Van de Borne","url":"https:\/\/www.vdborne.nl\/de\/","logo":{"@type":"ImageObject","inLanguage":"de","@id":"https:\/\/www.vdborne.nl\/de\/#\/schema\/logo\/image\/","url":"https:\/\/www.vdborne.nl\/wp-content\/uploads\/2023\/07\/logo-1.png","contentUrl":"https:\/\/www.vdborne.nl\/wp-content\/uploads\/2023\/07\/logo-1.png","width":120,"height":62,"caption":"Van de Borne"},"image":{"@id":"https:\/\/www.vdborne.nl\/de\/#\/schema\/logo\/image\/"},"sameAs":["https:\/\/www.facebook.com\/profile.php?id=100063606229530"]}]}},"_links":{"self":[{"href":"https:\/\/www.vdborne.nl\/de\/wp-json\/wp\/v2\/pages\/2668","targetHints":{"allow":["GET"]}}],"collection":[{"href":"https:\/\/www.vdborne.nl\/de\/wp-json\/wp\/v2\/pages"}],"about":[{"href":"https:\/\/www.vdborne.nl\/de\/wp-json\/wp\/v2\/types\/page"}],"author":[{"embeddable":true,"href":"https:\/\/www.vdborne.nl\/de\/wp-json\/wp\/v2\/users\/2"}],"replies":[{"embeddable":true,"href":"https:\/\/www.vdborne.nl\/de\/wp-json\/wp\/v2\/comments?post=2668"}],"version-history":[{"count":4,"href":"https:\/\/www.vdborne.nl\/de\/wp-json\/wp\/v2\/pages\/2668\/revisions"}],"predecessor-version":[{"id":2694,"href":"https:\/\/www.vdborne.nl\/de\/wp-json\/wp\/v2\/pages\/2668\/revisions\/2694"}],"up":[{"embeddable":true,"href":"https:\/\/www.vdborne.nl\/de\/wp-json\/wp\/v2\/pages\/245"}],"wp:featuredmedia":[{"embeddable":true,"href":"https:\/\/www.vdborne.nl\/de\/wp-json\/wp\/v2\/media\/2444"}],"wp:attachment":[{"href":"https:\/\/www.vdborne.nl\/de\/wp-json\/wp\/v2\/media?parent=2668"}],"curies":[{"name":"wp","href":"https:\/\/api.w.org\/{rel}","templated":true}]}}