{"id":267,"date":"2016-08-09T09:39:50","date_gmt":"2016-08-09T07:39:50","guid":{"rendered":"http:\/\/www.vdborne.nl\/de\/?page_id=267"},"modified":"2021-07-29T15:03:29","modified_gmt":"2021-07-29T13:03:29","slug":"pp-hotmelt","status":"publish","type":"page","link":"https:\/\/www.vdborne.nl\/de\/produkte\/klebeband-2\/pp-hotmelt\/","title":{"rendered":"PP Hotmelt"},"content":{"rendered":"<p>Dieses umweltfreundliche Klebeband ist besonders gut geeignet, wenn schnelles Kleben erforderlich ist, da die HotMelt-Klebeschicht von Anfang sehr gut klebt. Der Druck kann auf zwei verschiedene Arten erfolgen: Auf dem PP-Film oder \u201e<a href=\"https:\/\/www.vdborne.nl\/de\/produkte\/klebeband\/pp-acryl\/under-surface-druck\/\">Under Surface<\/a>\u201c (zwischen PP-Film und Klebeschicht). Das Klebeband ist beim Abrollen nicht ger\u00e4uscharm und regul\u00e4r nur begrenzt haltbar. Nur bei Under Surface*-Druck ist es lange haltbar. PP HotMelt-Klebeband ist in den Standardfarben Wei\u00df, Braun und Transparent erh\u00e4ltlich.<span class=\"Apple-converted-space\">\u00a0<\/span><\/p>\n<p><a href=\"https:\/\/www.youtube.com\/watch?v=N_O1r4n4VWQ\">Hier das Video ansehen.<\/a><span class=\"Apple-converted-space\">\u00a0<\/span><\/p>\n<h2>Unbedruckt<\/h2>\n<p>Da van de Borne B.V. die f\u00fchrende offizielle 3M-Druckerei ist, k\u00f6nnen wir Ihnen verschiedene Arten von HotMelt-Klebeb\u00e4ndern wie die Typen 371 und 3739 liefern.<span class=\"Apple-converted-space\">\u00a0<\/span><\/p>\n<h2>Bedruckt<\/h2>\n<p>PP Hotmelt-Klebeband kann mit 1-5 PMS-Farben bedruckt werden. Auch Full Colour-Druck, eventuell mit St\u00fctzfarbe, kann bei Under Surface-Druck verwendet werden. Wir arbeiten mit PMS (Pantone)-Farben. HKS- und RAL-Farben werden von uns in PMS-Farben umgewandelt, so dass es geringf\u00fcgige Unterschiede zur Originalfarbe geben kann. Die maximale Wiederholungsl\u00e4nge des Drucks betr\u00e4gt 499 mm.<\/p>\n<p>* Kontaktieren Sie uns f\u00fcr die Mindestmenge bei Unter Surface-Druck.<\/p>\n<p>&nbsp;<\/p>\n<p>In den Datenbl\u00e4ttern unterhalb dieser Seite finden Sie die verschiedenen Optionen f\u00fcr jedes Produkt separat aufgef\u00fchrt.<\/p>\n<div id=\"threesixty-slider-1042_U5n5Ph\" class=\"threesixty-loading threesixty-image threesixty-light-blue threesixty-flat-round threesixty-no-border\" style=\"width: 400px;\">\r\n\t<div class=\"threesixty-preview-1042_U5n5Ph\"><img decoding=\"async\" class=\"threesixty-preview-image\" src=\"https:\/\/www.vdborne.nl\/wp-content\/uploads\/2017\/07\/00001-1.jpg\"\/><\/div>\r\n\t<div class=\"threesixty-spinner threesixty-spinner-1042_U5n5Ph\">\r\n\t\t<span>0%<\/span>\r\n\t<\/div>\r\n\t<ol class=\"threesixty-images threesixty-images-1042_U5n5Ph\"><\/ol>\r\n\t\t\t<a href=\"#threesixty-slider-1042_U5n5Ph\" class=\"threesixty-mfp-anchor\"><\/a>\r\n\t<\/div>\r\n<!--SPV--><script type=\"text\/javascript\">\/\/SPV\r\n(function($) {\r\n\t\"use strict\";\r\n\t\t$('#threesixty-slider-1042_U5n5Ph .threesixty-mfp-anchor').magnificPopup({\r\n\t\ttype:'inline',\r\n\t\tcloseOnBgClick: true,\r\n\t\tmidClick: true,\r\n\t\tcallbacks: {\r\n\t\t\t resize: function() {\r\n\t\t\t \tvar originalHeight \t= 480,\r\n\t\t\t \t\toriginalWidth \t= 720,\r\n\t\t\t \t\tmfpHeight \t\t= 480,\r\n\t\t\t \t\tmfpWidth \t\t= 720,\r\n\t\t\t \t\tratio \t\t\t= originalWidth \/ originalHeight,\r\n\t\t\t \t\twinHeight \t\t= $(window).height(),\r\n\t\t\t \t\twinWidth \t\t= $(window).width();\r\n\t\t\t \t\r\n\t\t\t \tif ( originalHeight > winHeight * 0.9 ) {\r\n\t\t\t \t\tmfpHeight \t\t= winHeight * 0.9;\r\n\t\t\t \t\tmfpWidth \t\t= mfpHeight * ratio;\r\n\t\t\t\t}\r\n\t\t\t\tif ( mfpWidth > winWidth * 0.9 ) {\r\n\t\t\t \t\tmfpWidth \t\t= winWidth * 0.9;\r\n\t\t\t \t\tmfpHeight \t\t= mfpWidth \/ ratio;\r\n\t\t\t\t}\r\n\t\t\t \tif ( mfpHeight < originalHeight && mfpWidth < originalWidth ) {\r\n\t\t\t\t    $('#threesixty-slider-1042_U5n5Ph').height(mfpHeight);\r\n\t\t\t\t    $('#threesixty-slider-1042_U5n5Ph').width(mfpWidth);\r\n\t\t\t\t} \r\n\t\t\t\telse {\r\n\t\t\t\t    $('#threesixty-slider-1042_U5n5Ph').height(originalHeight);\r\n\t\t\t\t    $('#threesixty-slider-1042_U5n5Ph').width(originalWidth);\r\n\t\t\t\t}\r\n\t\t\t},\r\n\t\t\tclose: function() {\r\n\t\t\t    $('#threesixty-slider-1042_U5n5Ph').height('auto');\r\n\t\t\t    $('#threesixty-slider-1042_U5n5Ph').width(400);\r\n\t\t\t}\r\n\t\t},\r\n\t\tcloseMarkup :\"<button class=\\\"mfp-close\\\"><\/button>\"\r\n\t});\r\n\t\tvar product_1042_U5n5Ph = $('#threesixty-slider-1042_U5n5Ph').ThreeSixty({\r\n\t\ttotalFrames: 45,\r\n\t\tendFrame: 0,\r\n\t\tcurrentFrame: 45,\r\n\t\timgList: '.threesixty-images-1042_U5n5Ph',\r\n\t\tprogress: '.threesixty-spinner-1042_U5n5Ph',\r\n\t\tpreview: '.threesixty-preview-1042_U5n5Ph',\r\n\t\timages: ['https:\/\/www.vdborne.nl\/wp-content\/uploads\/2017\/07\/00045-1.jpg','https:\/\/www.vdborne.nl\/wp-content\/uploads\/2017\/07\/00044-1.jpg','https:\/\/www.vdborne.nl\/wp-content\/uploads\/2017\/07\/00043-1.jpg','https:\/\/www.vdborne.nl\/wp-content\/uploads\/2017\/07\/00042-1.jpg','https:\/\/www.vdborne.nl\/wp-content\/uploads\/2017\/07\/00041-1.jpg','https:\/\/www.vdborne.nl\/wp-content\/uploads\/2017\/07\/00040-1.jpg','https:\/\/www.vdborne.nl\/wp-content\/uploads\/2017\/07\/00039-1.jpg','https:\/\/www.vdborne.nl\/wp-content\/uploads\/2017\/07\/00038-1.jpg','https:\/\/www.vdborne.nl\/wp-content\/uploads\/2017\/07\/00037-1.jpg','https:\/\/www.vdborne.nl\/wp-content\/uploads\/2017\/07\/00036-1.jpg','https:\/\/www.vdborne.nl\/wp-content\/uploads\/2017\/07\/00035-1.jpg','https:\/\/www.vdborne.nl\/wp-content\/uploads\/2017\/07\/00034-1.jpg','https:\/\/www.vdborne.nl\/wp-content\/uploads\/2017\/07\/00033-1.jpg','https:\/\/www.vdborne.nl\/wp-content\/uploads\/2017\/07\/00032-1.jpg','https:\/\/www.vdborne.nl\/wp-content\/uploads\/2017\/07\/00031-1.jpg','https:\/\/www.vdborne.nl\/wp-content\/uploads\/2017\/07\/00030-1.jpg','https:\/\/www.vdborne.nl\/wp-content\/uploads\/2017\/07\/00029-1.jpg','https:\/\/www.vdborne.nl\/wp-content\/uploads\/2017\/07\/00028-1.jpg','https:\/\/www.vdborne.nl\/wp-content\/uploads\/2017\/07\/00027-1.jpg','https:\/\/www.vdborne.nl\/wp-content\/uploads\/2017\/07\/00026-1.jpg','https:\/\/www.vdborne.nl\/wp-content\/uploads\/2017\/07\/00025-1.jpg','https:\/\/www.vdborne.nl\/wp-content\/uploads\/2017\/07\/00024-1.jpg','https:\/\/www.vdborne.nl\/wp-content\/uploads\/2017\/07\/00023-1.jpg','https:\/\/www.vdborne.nl\/wp-content\/uploads\/2017\/07\/00022-1.jpg','https:\/\/www.vdborne.nl\/wp-content\/uploads\/2017\/07\/00021-1.jpg','https:\/\/www.vdborne.nl\/wp-content\/uploads\/2017\/07\/00020-1.jpg','https:\/\/www.vdborne.nl\/wp-content\/uploads\/2017\/07\/00019-1.jpg','https:\/\/www.vdborne.nl\/wp-content\/uploads\/2017\/07\/00018-1.jpg','https:\/\/www.vdborne.nl\/wp-content\/uploads\/2017\/07\/00017-1.jpg','https:\/\/www.vdborne.nl\/wp-content\/uploads\/2017\/07\/00016-1.jpg','https:\/\/www.vdborne.nl\/wp-content\/uploads\/2017\/07\/00015-1.jpg','https:\/\/www.vdborne.nl\/wp-content\/uploads\/2017\/07\/00014-1.jpg','https:\/\/www.vdborne.nl\/wp-content\/uploads\/2017\/07\/00013-1.jpg','https:\/\/www.vdborne.nl\/wp-content\/uploads\/2017\/07\/00012-1.jpg','https:\/\/www.vdborne.nl\/wp-content\/uploads\/2017\/07\/00011-1.jpg','https:\/\/www.vdborne.nl\/wp-content\/uploads\/2017\/07\/00010-1.jpg','https:\/\/www.vdborne.nl\/wp-content\/uploads\/2017\/07\/00009-1.jpg','https:\/\/www.vdborne.nl\/wp-content\/uploads\/2017\/07\/00008-1.jpg','https:\/\/www.vdborne.nl\/wp-content\/uploads\/2017\/07\/00007-1.jpg','https:\/\/www.vdborne.nl\/wp-content\/uploads\/2017\/07\/00006-1.jpg','https:\/\/www.vdborne.nl\/wp-content\/uploads\/2017\/07\/00005-1.jpg','https:\/\/www.vdborne.nl\/wp-content\/uploads\/2017\/07\/00004-1.jpg','https:\/\/www.vdborne.nl\/wp-content\/uploads\/2017\/07\/00003-1.jpg','https:\/\/www.vdborne.nl\/wp-content\/uploads\/2017\/07\/00002-1.jpg','https:\/\/www.vdborne.nl\/wp-content\/uploads\/2017\/07\/00001-1.jpg'],\r\n\t\theight: 0,\r\n\t\twidth: 400,\r\n\t\tnavigation: true,\r\n\t\tdrag: true,\r\n\t\tshowCursor: true,\r\n\t\tinterval: 40,\r\n\t\tspeedMultiplier: 7,\r\n\t\tmonitorInt: 10,\r\n\t\t\t\tonReady: function() {\r\n\t\t\t$(\"#threesixty-slider-1042_U5n5Ph\").removeClass('threesixty-loading');\r\n\t\t\t\t\t\t\t\t}\r\n\t\t\t});\r\n\t\t\t}(jQuery));\r\n<\/script>\n","protected":false},"excerpt":{"rendered":"<p>Dieses umweltfreundliche Klebeband ist besonders gut geeignet, wenn schnelles Kleben erforderlich ist, da die HotMelt-Klebeschicht von Anfang sehr gut klebt. Der Druck kann auf zwei verschiedene Arten erfolgen: Auf dem PP-Film oder \u201eUnder Surface\u201c (zwischen PP-Film und Klebeschicht). Das Klebeband ist beim Abrollen nicht ger\u00e4uscharm und regul\u00e4r nur begrenzt haltbar. Nur bei Under Surface*-Druck ist [&hellip;]<\/p>\n","protected":false},"author":3,"featured_media":4023,"parent":263,"menu_order":24,"comment_status":"closed","ping_status":"closed","template":"templates\/template_single_product.php","meta":{"footnotes":""},"class_list":["post-267","page","type-page","status-publish","has-post-thumbnail","hentry"],"yoast_head":"<!-- This site is optimized with the Yoast SEO plugin v25.6 - https:\/\/yoast.com\/wordpress\/plugins\/seo\/ -->\n<title>PP Hotmelt - Van de Borne<\/title>\n<meta name=\"robots\" content=\"index, follow, max-snippet:-1, max-image-preview:large, max-video-preview:-1\" \/>\n<link rel=\"canonical\" href=\"https:\/\/www.vdborne.nl\/de\/produkte\/klebeband-2\/pp-hotmelt\/\" \/>\n<meta property=\"og:locale\" content=\"de_DE\" \/>\n<meta property=\"og:type\" content=\"article\" \/>\n<meta property=\"og:title\" content=\"PP Hotmelt - Van de Borne\" \/>\n<meta property=\"og:description\" content=\"Dieses umweltfreundliche Klebeband ist besonders gut geeignet, wenn schnelles Kleben erforderlich ist, da die HotMelt-Klebeschicht von Anfang sehr gut klebt. Der Druck kann auf zwei verschiedene Arten erfolgen: Auf dem PP-Film oder \u201eUnder Surface\u201c (zwischen PP-Film und Klebeschicht). Das Klebeband ist beim Abrollen nicht ger\u00e4uscharm und regul\u00e4r nur begrenzt haltbar. Nur bei Under Surface*-Druck ist [&hellip;]\" \/>\n<meta property=\"og:url\" content=\"https:\/\/www.vdborne.nl\/de\/produkte\/klebeband-2\/pp-hotmelt\/\" \/>\n<meta property=\"og:site_name\" content=\"Van de Borne\" \/>\n<meta property=\"article:publisher\" content=\"https:\/\/www.facebook.com\/profile.php?id=100063606229530\" \/>\n<meta property=\"article:modified_time\" content=\"2021-07-29T13:03:29+00:00\" \/>\n<meta property=\"og:image\" content=\"https:\/\/www.vdborne.nl\/wp-content\/uploads\/2020\/06\/Doos-PPH-500x500-1.png\" \/>\n\t<meta property=\"og:image:width\" content=\"500\" \/>\n\t<meta property=\"og:image:height\" content=\"500\" \/>\n\t<meta property=\"og:image:type\" content=\"image\/png\" \/>\n<meta name=\"twitter:card\" content=\"summary_large_image\" \/>\n<meta name=\"twitter:label1\" content=\"Gesch\u00e4tzte Lesezeit\" \/>\n\t<meta name=\"twitter:data1\" content=\"1\u00a0Minute\" \/>\n<script type=\"application\/ld+json\" class=\"yoast-schema-graph\">{\"@context\":\"https:\/\/schema.org\",\"@graph\":[{\"@type\":\"WebPage\",\"@id\":\"https:\/\/www.vdborne.nl\/de\/produkte\/klebeband-2\/pp-hotmelt\/\",\"url\":\"https:\/\/www.vdborne.nl\/de\/produkte\/klebeband-2\/pp-hotmelt\/\",\"name\":\"PP Hotmelt - Van de Borne\",\"isPartOf\":{\"@id\":\"https:\/\/www.vdborne.nl\/de\/#website\"},\"primaryImageOfPage\":{\"@id\":\"https:\/\/www.vdborne.nl\/de\/produkte\/klebeband-2\/pp-hotmelt\/#primaryimage\"},\"image\":{\"@id\":\"https:\/\/www.vdborne.nl\/de\/produkte\/klebeband-2\/pp-hotmelt\/#primaryimage\"},\"thumbnailUrl\":\"https:\/\/www.vdborne.nl\/wp-content\/uploads\/2020\/06\/Doos-PPH-500x500-1.png\",\"datePublished\":\"2016-08-09T07:39:50+00:00\",\"dateModified\":\"2021-07-29T13:03:29+00:00\",\"breadcrumb\":{\"@id\":\"https:\/\/www.vdborne.nl\/de\/produkte\/klebeband-2\/pp-hotmelt\/#breadcrumb\"},\"inLanguage\":\"de\",\"potentialAction\":[{\"@type\":\"ReadAction\",\"target\":[\"https:\/\/www.vdborne.nl\/de\/produkte\/klebeband-2\/pp-hotmelt\/\"]}]},{\"@type\":\"ImageObject\",\"inLanguage\":\"de\",\"@id\":\"https:\/\/www.vdborne.nl\/de\/produkte\/klebeband-2\/pp-hotmelt\/#primaryimage\",\"url\":\"https:\/\/www.vdborne.nl\/wp-content\/uploads\/2020\/06\/Doos-PPH-500x500-1.png\",\"contentUrl\":\"https:\/\/www.vdborne.nl\/wp-content\/uploads\/2020\/06\/Doos-PPH-500x500-1.png\",\"width\":500,\"height\":500},{\"@type\":\"BreadcrumbList\",\"@id\":\"https:\/\/www.vdborne.nl\/de\/produkte\/klebeband-2\/pp-hotmelt\/#breadcrumb\",\"itemListElement\":[{\"@type\":\"ListItem\",\"position\":1,\"name\":\"Home\",\"item\":\"https:\/\/www.vdborne.nl\/de\/\"},{\"@type\":\"ListItem\",\"position\":2,\"name\":\"Produkte\",\"item\":\"https:\/\/www.vdborne.nl\/producten\/\"},{\"@type\":\"ListItem\",\"position\":3,\"name\":\"Klebeband\",\"item\":\"https:\/\/www.vdborne.nl\/producten\/tapes-2\/\"},{\"@type\":\"ListItem\",\"position\":4,\"name\":\"PP Hotmelt\"}]},{\"@type\":\"WebSite\",\"@id\":\"https:\/\/www.vdborne.nl\/de\/#website\",\"url\":\"https:\/\/www.vdborne.nl\/de\/\",\"name\":\"Van de Borne\",\"description\":\"En nog een WordPress site\",\"publisher\":{\"@id\":\"https:\/\/www.vdborne.nl\/de\/#organization\"},\"potentialAction\":[{\"@type\":\"SearchAction\",\"target\":{\"@type\":\"EntryPoint\",\"urlTemplate\":\"https:\/\/www.vdborne.nl\/de\/?s={search_term_string}\"},\"query-input\":{\"@type\":\"PropertyValueSpecification\",\"valueRequired\":true,\"valueName\":\"search_term_string\"}}],\"inLanguage\":\"de\"},{\"@type\":\"Organization\",\"@id\":\"https:\/\/www.vdborne.nl\/de\/#organization\",\"name\":\"Van de Borne\",\"url\":\"https:\/\/www.vdborne.nl\/de\/\",\"logo\":{\"@type\":\"ImageObject\",\"inLanguage\":\"de\",\"@id\":\"https:\/\/www.vdborne.nl\/de\/#\/schema\/logo\/image\/\",\"url\":\"https:\/\/www.vdborne.nl\/wp-content\/uploads\/2023\/07\/logo-1.png\",\"contentUrl\":\"https:\/\/www.vdborne.nl\/wp-content\/uploads\/2023\/07\/logo-1.png\",\"width\":120,\"height\":62,\"caption\":\"Van de Borne\"},\"image\":{\"@id\":\"https:\/\/www.vdborne.nl\/de\/#\/schema\/logo\/image\/\"},\"sameAs\":[\"https:\/\/www.facebook.com\/profile.php?id=100063606229530\"]}]}<\/script>\n<!-- \/ Yoast SEO plugin. -->","yoast_head_json":{"title":"PP Hotmelt - Van de Borne","robots":{"index":"index","follow":"follow","max-snippet":"max-snippet:-1","max-image-preview":"max-image-preview:large","max-video-preview":"max-video-preview:-1"},"canonical":"https:\/\/www.vdborne.nl\/de\/produkte\/klebeband-2\/pp-hotmelt\/","og_locale":"de_DE","og_type":"article","og_title":"PP Hotmelt - Van de Borne","og_description":"Dieses umweltfreundliche Klebeband ist besonders gut geeignet, wenn schnelles Kleben erforderlich ist, da die HotMelt-Klebeschicht von Anfang sehr gut klebt. Der Druck kann auf zwei verschiedene Arten erfolgen: Auf dem PP-Film oder \u201eUnder Surface\u201c (zwischen PP-Film und Klebeschicht). Das Klebeband ist beim Abrollen nicht ger\u00e4uscharm und regul\u00e4r nur begrenzt haltbar. Nur bei Under Surface*-Druck ist [&hellip;]","og_url":"https:\/\/www.vdborne.nl\/de\/produkte\/klebeband-2\/pp-hotmelt\/","og_site_name":"Van de Borne","article_publisher":"https:\/\/www.facebook.com\/profile.php?id=100063606229530","article_modified_time":"2021-07-29T13:03:29+00:00","og_image":[{"width":500,"height":500,"url":"https:\/\/www.vdborne.nl\/wp-content\/uploads\/2020\/06\/Doos-PPH-500x500-1.png","type":"image\/png"}],"twitter_card":"summary_large_image","twitter_misc":{"Gesch\u00e4tzte Lesezeit":"1\u00a0Minute"},"schema":{"@context":"https:\/\/schema.org","@graph":[{"@type":"WebPage","@id":"https:\/\/www.vdborne.nl\/de\/produkte\/klebeband-2\/pp-hotmelt\/","url":"https:\/\/www.vdborne.nl\/de\/produkte\/klebeband-2\/pp-hotmelt\/","name":"PP Hotmelt - Van de Borne","isPartOf":{"@id":"https:\/\/www.vdborne.nl\/de\/#website"},"primaryImageOfPage":{"@id":"https:\/\/www.vdborne.nl\/de\/produkte\/klebeband-2\/pp-hotmelt\/#primaryimage"},"image":{"@id":"https:\/\/www.vdborne.nl\/de\/produkte\/klebeband-2\/pp-hotmelt\/#primaryimage"},"thumbnailUrl":"https:\/\/www.vdborne.nl\/wp-content\/uploads\/2020\/06\/Doos-PPH-500x500-1.png","datePublished":"2016-08-09T07:39:50+00:00","dateModified":"2021-07-29T13:03:29+00:00","breadcrumb":{"@id":"https:\/\/www.vdborne.nl\/de\/produkte\/klebeband-2\/pp-hotmelt\/#breadcrumb"},"inLanguage":"de","potentialAction":[{"@type":"ReadAction","target":["https:\/\/www.vdborne.nl\/de\/produkte\/klebeband-2\/pp-hotmelt\/"]}]},{"@type":"ImageObject","inLanguage":"de","@id":"https:\/\/www.vdborne.nl\/de\/produkte\/klebeband-2\/pp-hotmelt\/#primaryimage","url":"https:\/\/www.vdborne.nl\/wp-content\/uploads\/2020\/06\/Doos-PPH-500x500-1.png","contentUrl":"https:\/\/www.vdborne.nl\/wp-content\/uploads\/2020\/06\/Doos-PPH-500x500-1.png","width":500,"height":500},{"@type":"BreadcrumbList","@id":"https:\/\/www.vdborne.nl\/de\/produkte\/klebeband-2\/pp-hotmelt\/#breadcrumb","itemListElement":[{"@type":"ListItem","position":1,"name":"Home","item":"https:\/\/www.vdborne.nl\/de\/"},{"@type":"ListItem","position":2,"name":"Produkte","item":"https:\/\/www.vdborne.nl\/producten\/"},{"@type":"ListItem","position":3,"name":"Klebeband","item":"https:\/\/www.vdborne.nl\/producten\/tapes-2\/"},{"@type":"ListItem","position":4,"name":"PP Hotmelt"}]},{"@type":"WebSite","@id":"https:\/\/www.vdborne.nl\/de\/#website","url":"https:\/\/www.vdborne.nl\/de\/","name":"Van de Borne","description":"En nog een WordPress site","publisher":{"@id":"https:\/\/www.vdborne.nl\/de\/#organization"},"potentialAction":[{"@type":"SearchAction","target":{"@type":"EntryPoint","urlTemplate":"https:\/\/www.vdborne.nl\/de\/?s={search_term_string}"},"query-input":{"@type":"PropertyValueSpecification","valueRequired":true,"valueName":"search_term_string"}}],"inLanguage":"de"},{"@type":"Organization","@id":"https:\/\/www.vdborne.nl\/de\/#organization","name":"Van de Borne","url":"https:\/\/www.vdborne.nl\/de\/","logo":{"@type":"ImageObject","inLanguage":"de","@id":"https:\/\/www.vdborne.nl\/de\/#\/schema\/logo\/image\/","url":"https:\/\/www.vdborne.nl\/wp-content\/uploads\/2023\/07\/logo-1.png","contentUrl":"https:\/\/www.vdborne.nl\/wp-content\/uploads\/2023\/07\/logo-1.png","width":120,"height":62,"caption":"Van de Borne"},"image":{"@id":"https:\/\/www.vdborne.nl\/de\/#\/schema\/logo\/image\/"},"sameAs":["https:\/\/www.facebook.com\/profile.php?id=100063606229530"]}]}},"_links":{"self":[{"href":"https:\/\/www.vdborne.nl\/de\/wp-json\/wp\/v2\/pages\/267","targetHints":{"allow":["GET"]}}],"collection":[{"href":"https:\/\/www.vdborne.nl\/de\/wp-json\/wp\/v2\/pages"}],"about":[{"href":"https:\/\/www.vdborne.nl\/de\/wp-json\/wp\/v2\/types\/page"}],"author":[{"embeddable":true,"href":"https:\/\/www.vdborne.nl\/de\/wp-json\/wp\/v2\/users\/3"}],"replies":[{"embeddable":true,"href":"https:\/\/www.vdborne.nl\/de\/wp-json\/wp\/v2\/comments?post=267"}],"version-history":[{"count":13,"href":"https:\/\/www.vdborne.nl\/de\/wp-json\/wp\/v2\/pages\/267\/revisions"}],"predecessor-version":[{"id":4357,"href":"https:\/\/www.vdborne.nl\/de\/wp-json\/wp\/v2\/pages\/267\/revisions\/4357"}],"up":[{"embeddable":true,"href":"https:\/\/www.vdborne.nl\/de\/wp-json\/wp\/v2\/pages\/263"}],"wp:featuredmedia":[{"embeddable":true,"href":"https:\/\/www.vdborne.nl\/de\/wp-json\/wp\/v2\/media\/4023"}],"wp:attachment":[{"href":"https:\/\/www.vdborne.nl\/de\/wp-json\/wp\/v2\/media?parent=267"}],"curies":[{"name":"wp","href":"https:\/\/api.w.org\/{rel}","templated":true}]}}