{"id":2670,"date":"2019-01-18T10:50:20","date_gmt":"2019-01-18T09:50:20","guid":{"rendered":"http:\/\/www.vdborne.nl\/de\/?page_id=2670"},"modified":"2021-07-29T14:52:53","modified_gmt":"2021-07-29T12:52:53","slug":"datenschutzerklaerung","status":"publish","type":"page","link":"https:\/\/www.vdborne.nl\/de\/uber-uns\/datenschutzerklaerung\/","title":{"rendered":"Datenschutzerkl\u00e4rung"},"content":{"rendered":"<p><strong>Verwendung von personenbezogenen Daten<\/strong><br \/>\nVan de Borne B.V. kann Ihre personenbezogenen Daten verarbeiten wenn Sie unsere Dienstleistungen verwenden oder selbst ein Kontaktformular auf der Website von Van de Borne B.V. ausf\u00fcllen.<br \/>\nVan de Borne B.V. kann die folgenden personenbezogenen Daten verwenden:<\/p>\n<p>&#8211; Name<br \/>\n&#8211; Angaben zum Unternehmen<br \/>\n&#8211; Telefonnummer<br \/>\n&#8211; E-Mail-Adresse<br \/>\n&#8211; IP-Adresse<\/p>\n<p><strong>Zwecke<\/strong><br \/>\nWir verarbeiten Ihre personenbezogenen Daten um mit Ihnen telefonisch Kontakt aufzunehmen, wenn Sie dies w\u00fcnschen und\/oder um Sie schriftlich (per E-Mail und\/oder per Post) zu kontaktieren, falls wir Sie telefonisch nicht erreichen k\u00f6nnen.<br \/>\nWeiterhin k\u00f6nnen wir Ihre personenbezogenen Daten im Rahmen einer mit Ihnen geschlossenen Vereinbarung und zum Versand unserer Newsletter verwenden.<\/p>\n<p><strong>Weitergabe an Dritte<\/strong><br \/>\nWir teilen die uns von Ihnen mitgeteilten Daten nur dann mit Dritten, wenn dies f\u00fcr die Lieferung der bestellten Produkte oder den Versand elektronischer Newsletter erforderlich ist. So geben wir Ihre Daten an den Lieferanten Ihrer Bestellung weiter und verwenden die Dienstleistungen eines Dritten zum Versand unserer elektronischen Newsletter.<br \/>\nWenn wir Ihre Daten an Dritte weitergeben, achten wir (u.a. mit einer Vereinbarung) darauf, dass Ihre Daten nicht f\u00fcr andere Zwecke verwendet werden. Des Weiteren werden Ihre Daten gel\u00f6scht, sobald sie nicht mehr erforderlich sind. Dar\u00fcber hinaus werden wir die uns von Ihnen mitgeteilten Daten nicht an andere weitergeben, es sei denn, wir sind gesetzlich dazu verpflichtet.<\/p>\n<p><strong>Verfolgung des Besuchs auf der Website<\/strong><br \/>\nVan de Borne B.V. verwendet ausschlie\u00dflich technische und funktionale Cookies. Daneben kommen analytische Cookies zum Einsatz, die keine Verletzung des Datenschutzes darstellen. Ein Cookie ist eine kleine Textdatei, die beim ersten Besuch der Website auf Ihrem Computer, Tablet oder Smartphone gespeichert wird. Die von uns verwendeten Cookies sind zur technischen Funktion der Website und f\u00fcr die Anwenderfreundlichkeit erforderlich. Sie garantieren eine ordentliche Funktion der Website und speichern beispielsweise Ihre bevorzugten Einstellungen. Weiterhin erlauben sie uns die Optimierung der Website. Sie k\u00f6nnen sich von Cookies abmelden, indem Sie Ihren Browser so einstellen, dass keine Cookies mehr gespeichert werden. Weiterhin k\u00f6nnen Sie alle bisherigen gespeicherten Informationen \u00fcber die Browser-Einstellungen l\u00f6schen.<\/p>\n<p><strong>Einsicht und Korrektur der Daten<\/strong><br \/>\nSie haben das Recht, die von uns gespeicherten personenbezogenen Daten einzusehen, zu korrigieren und l\u00f6schen zu lassen. Senden Sie Ihre Bitte um Einsicht, Korrektur oder Entfernung an <a href=\"mailto:privacy@vdborne.nl\">privacy@vdborne.nl<\/a>. Wir werden schnellstm\u00f6glich und auf jeden Fall innerhalb von vier Wochen auf Ihre Anforderung reagieren.<\/p>\n<p><strong>Sicherheit und Datenspeicherung<\/strong><br \/>\nWir treffen die notwendigen Sicherheitsma\u00dfnahmen, um Missbrauch durch unautorisierten Zugang zu Ihren personenbezogenen Daten zu verhindern. So achten wir darauf, dass nur das erforderliche Personal Zugang zu Ihren Daten hat, der Zugang zu den Daten gesch\u00fctzt und dass unsere Sicherheitsma\u00dfnahmen regelm\u00e4\u00dfig gepr\u00fcft werden.<br \/>\nWir speichern Daten nicht l\u00e4nger als notwendig. Eine Ausnahme sind Daten, wir aus rechtlichen Gr\u00fcnden \u00fcber einen l\u00e4ngeren Zeitraum speichern m\u00fcssen.<br \/>\nSind Sie der Ansicht, dass Ihre Daten nicht ausreichend gesichert sind, wenn Sie Anzeichen eines Missbrauchs festgestellt haben oder weitere Informationen zur Sicherheit der von Van de Borne B.V. gesammelten personenbezogenen Daten w\u00fcnschen, kontaktieren Sie uns bitte unter <a href=\"mailto:privacy@vdborne.nl\">privacy@vdborne.nl<\/a>.<br \/>\nwww.vdborne.nl ist eine Website von Van de Borne B.V.<\/p>\n<p>Sie k\u00f6nnen Van de Borne B.V. unter folgender Adresse erreichen:<br \/>\nPostanschrift: Schijfstraat 11, 5061 KA Oisterwijk, Niederlande<br \/>\nNiederlassung: Schijfstraat 11, 5061 KA Oisterwijk, Niederlande<br \/>\nHandelsregistereintrag: Kamer van Koophandel: 18031413<br \/>\nTelefon: +31 (0)13 &#8211; 521 74 42<br \/>\nE-Mail-Adresse: <a href=\"mailto:privacy@vdborne.nl\">privacy@vdborne.nl<\/a><\/p>\n<p><strong>\u00c4nderungen in dieser Datenschutzerkl\u00e4rung<\/strong><br \/>\nWir k\u00f6nnen diese Datenschutzerkl\u00e4rung jederzeit \u00e4ndern. \u00c4nderungen werden auf unserer Website bekannt gegeben. Wir empfehlen Ihnen, diese Datenschutzerkl\u00e4rung regelm\u00e4\u00dfig zu pr\u00fcfen, so dass Sie stets \u00fcber etwaige \u00c4nderungen informiert sind.<\/p>\n<p><strong>G\u00fcltigkeit<\/strong><br \/>\nDiese (aktualisierte) Datenschutzerkl\u00e4rung ist am 3.Mai 2018 in Kraft getreten.<\/p>\n","protected":false},"excerpt":{"rendered":"<p>Verwendung von personenbezogenen Daten Van de Borne B.V. kann Ihre personenbezogenen Daten verarbeiten wenn Sie unsere Dienstleistungen verwenden oder selbst ein Kontaktformular auf der Website von Van de Borne B.V. ausf\u00fcllen. Van de Borne B.V. kann die folgenden personenbezogenen Daten verwenden: &#8211; Name &#8211; Angaben zum Unternehmen &#8211; Telefonnummer &#8211; E-Mail-Adresse &#8211; IP-Adresse Zwecke Wir [&hellip;]<\/p>\n","protected":false},"author":2,"featured_media":2441,"parent":245,"menu_order":15,"comment_status":"closed","ping_status":"closed","template":"","meta":{"footnotes":""},"class_list":["post-2670","page","type-page","status-publish","has-post-thumbnail","hentry"],"yoast_head":"<!-- This site is optimized with the Yoast SEO plugin v25.6 - https:\/\/yoast.com\/wordpress\/plugins\/seo\/ -->\n<title>Datenschutzerkl\u00e4rung - Van de Borne<\/title>\n<meta name=\"robots\" content=\"index, follow, max-snippet:-1, max-image-preview:large, max-video-preview:-1\" \/>\n<link rel=\"canonical\" href=\"https:\/\/www.vdborne.nl\/de\/uber-uns\/datenschutzerklaerung\/\" \/>\n<meta property=\"og:locale\" content=\"de_DE\" \/>\n<meta property=\"og:type\" content=\"article\" \/>\n<meta property=\"og:title\" content=\"Datenschutzerkl\u00e4rung - Van de Borne\" \/>\n<meta property=\"og:description\" content=\"Verwendung von personenbezogenen Daten Van de Borne B.V. kann Ihre personenbezogenen Daten verarbeiten wenn Sie unsere Dienstleistungen verwenden oder selbst ein Kontaktformular auf der Website von Van de Borne B.V. ausf\u00fcllen. Van de Borne B.V. kann die folgenden personenbezogenen Daten verwenden: &#8211; Name &#8211; Angaben zum Unternehmen &#8211; Telefonnummer &#8211; E-Mail-Adresse &#8211; IP-Adresse Zwecke Wir [&hellip;]\" \/>\n<meta property=\"og:url\" content=\"https:\/\/www.vdborne.nl\/de\/uber-uns\/datenschutzerklaerung\/\" \/>\n<meta property=\"og:site_name\" content=\"Van de Borne\" \/>\n<meta property=\"article:publisher\" content=\"https:\/\/www.facebook.com\/profile.php?id=100063606229530\" \/>\n<meta property=\"article:modified_time\" content=\"2021-07-29T12:52:53+00:00\" \/>\n<meta property=\"og:image\" content=\"https:\/\/www.vdborne.nl\/wp-content\/uploads\/2018\/04\/Privacyverklaring.jpg\" \/>\n\t<meta property=\"og:image:width\" content=\"1000\" \/>\n\t<meta property=\"og:image:height\" content=\"1000\" \/>\n\t<meta property=\"og:image:type\" content=\"image\/jpeg\" \/>\n<meta name=\"twitter:card\" content=\"summary_large_image\" \/>\n<meta name=\"twitter:label1\" content=\"Gesch\u00e4tzte Lesezeit\" \/>\n\t<meta name=\"twitter:data1\" content=\"3\u00a0Minuten\" \/>\n<script type=\"application\/ld+json\" class=\"yoast-schema-graph\">{\"@context\":\"https:\/\/schema.org\",\"@graph\":[{\"@type\":\"WebPage\",\"@id\":\"https:\/\/www.vdborne.nl\/de\/uber-uns\/datenschutzerklaerung\/\",\"url\":\"https:\/\/www.vdborne.nl\/de\/uber-uns\/datenschutzerklaerung\/\",\"name\":\"Datenschutzerkl\u00e4rung - Van de Borne\",\"isPartOf\":{\"@id\":\"https:\/\/www.vdborne.nl\/de\/#website\"},\"primaryImageOfPage\":{\"@id\":\"https:\/\/www.vdborne.nl\/de\/uber-uns\/datenschutzerklaerung\/#primaryimage\"},\"image\":{\"@id\":\"https:\/\/www.vdborne.nl\/de\/uber-uns\/datenschutzerklaerung\/#primaryimage\"},\"thumbnailUrl\":\"https:\/\/www.vdborne.nl\/wp-content\/uploads\/2018\/04\/Privacyverklaring.jpg\",\"datePublished\":\"2019-01-18T09:50:20+00:00\",\"dateModified\":\"2021-07-29T12:52:53+00:00\",\"breadcrumb\":{\"@id\":\"https:\/\/www.vdborne.nl\/de\/uber-uns\/datenschutzerklaerung\/#breadcrumb\"},\"inLanguage\":\"de\",\"potentialAction\":[{\"@type\":\"ReadAction\",\"target\":[\"https:\/\/www.vdborne.nl\/de\/uber-uns\/datenschutzerklaerung\/\"]}]},{\"@type\":\"ImageObject\",\"inLanguage\":\"de\",\"@id\":\"https:\/\/www.vdborne.nl\/de\/uber-uns\/datenschutzerklaerung\/#primaryimage\",\"url\":\"https:\/\/www.vdborne.nl\/wp-content\/uploads\/2018\/04\/Privacyverklaring.jpg\",\"contentUrl\":\"https:\/\/www.vdborne.nl\/wp-content\/uploads\/2018\/04\/Privacyverklaring.jpg\",\"width\":1000,\"height\":1000},{\"@type\":\"BreadcrumbList\",\"@id\":\"https:\/\/www.vdborne.nl\/de\/uber-uns\/datenschutzerklaerung\/#breadcrumb\",\"itemListElement\":[{\"@type\":\"ListItem\",\"position\":1,\"name\":\"Home\",\"item\":\"https:\/\/www.vdborne.nl\/de\/\"},{\"@type\":\"ListItem\",\"position\":2,\"name\":\"\u00dcber uns\",\"item\":\"https:\/\/www.vdborne.nl\/over-ons\/\"},{\"@type\":\"ListItem\",\"position\":3,\"name\":\"Datenschutzerkl\u00e4rung\"}]},{\"@type\":\"WebSite\",\"@id\":\"https:\/\/www.vdborne.nl\/de\/#website\",\"url\":\"https:\/\/www.vdborne.nl\/de\/\",\"name\":\"Van de Borne\",\"description\":\"En nog een WordPress site\",\"publisher\":{\"@id\":\"https:\/\/www.vdborne.nl\/de\/#organization\"},\"potentialAction\":[{\"@type\":\"SearchAction\",\"target\":{\"@type\":\"EntryPoint\",\"urlTemplate\":\"https:\/\/www.vdborne.nl\/de\/?s={search_term_string}\"},\"query-input\":{\"@type\":\"PropertyValueSpecification\",\"valueRequired\":true,\"valueName\":\"search_term_string\"}}],\"inLanguage\":\"de\"},{\"@type\":\"Organization\",\"@id\":\"https:\/\/www.vdborne.nl\/de\/#organization\",\"name\":\"Van de Borne\",\"url\":\"https:\/\/www.vdborne.nl\/de\/\",\"logo\":{\"@type\":\"ImageObject\",\"inLanguage\":\"de\",\"@id\":\"https:\/\/www.vdborne.nl\/de\/#\/schema\/logo\/image\/\",\"url\":\"https:\/\/www.vdborne.nl\/wp-content\/uploads\/2023\/07\/logo-1.png\",\"contentUrl\":\"https:\/\/www.vdborne.nl\/wp-content\/uploads\/2023\/07\/logo-1.png\",\"width\":120,\"height\":62,\"caption\":\"Van de Borne\"},\"image\":{\"@id\":\"https:\/\/www.vdborne.nl\/de\/#\/schema\/logo\/image\/\"},\"sameAs\":[\"https:\/\/www.facebook.com\/profile.php?id=100063606229530\"]}]}<\/script>\n<!-- \/ Yoast SEO plugin. -->","yoast_head_json":{"title":"Datenschutzerkl\u00e4rung - Van de Borne","robots":{"index":"index","follow":"follow","max-snippet":"max-snippet:-1","max-image-preview":"max-image-preview:large","max-video-preview":"max-video-preview:-1"},"canonical":"https:\/\/www.vdborne.nl\/de\/uber-uns\/datenschutzerklaerung\/","og_locale":"de_DE","og_type":"article","og_title":"Datenschutzerkl\u00e4rung - Van de Borne","og_description":"Verwendung von personenbezogenen Daten Van de Borne B.V. kann Ihre personenbezogenen Daten verarbeiten wenn Sie unsere Dienstleistungen verwenden oder selbst ein Kontaktformular auf der Website von Van de Borne B.V. ausf\u00fcllen. Van de Borne B.V. kann die folgenden personenbezogenen Daten verwenden: &#8211; Name &#8211; Angaben zum Unternehmen &#8211; Telefonnummer &#8211; E-Mail-Adresse &#8211; IP-Adresse Zwecke Wir [&hellip;]","og_url":"https:\/\/www.vdborne.nl\/de\/uber-uns\/datenschutzerklaerung\/","og_site_name":"Van de Borne","article_publisher":"https:\/\/www.facebook.com\/profile.php?id=100063606229530","article_modified_time":"2021-07-29T12:52:53+00:00","og_image":[{"width":1000,"height":1000,"url":"https:\/\/www.vdborne.nl\/wp-content\/uploads\/2018\/04\/Privacyverklaring.jpg","type":"image\/jpeg"}],"twitter_card":"summary_large_image","twitter_misc":{"Gesch\u00e4tzte Lesezeit":"3\u00a0Minuten"},"schema":{"@context":"https:\/\/schema.org","@graph":[{"@type":"WebPage","@id":"https:\/\/www.vdborne.nl\/de\/uber-uns\/datenschutzerklaerung\/","url":"https:\/\/www.vdborne.nl\/de\/uber-uns\/datenschutzerklaerung\/","name":"Datenschutzerkl\u00e4rung - Van de Borne","isPartOf":{"@id":"https:\/\/www.vdborne.nl\/de\/#website"},"primaryImageOfPage":{"@id":"https:\/\/www.vdborne.nl\/de\/uber-uns\/datenschutzerklaerung\/#primaryimage"},"image":{"@id":"https:\/\/www.vdborne.nl\/de\/uber-uns\/datenschutzerklaerung\/#primaryimage"},"thumbnailUrl":"https:\/\/www.vdborne.nl\/wp-content\/uploads\/2018\/04\/Privacyverklaring.jpg","datePublished":"2019-01-18T09:50:20+00:00","dateModified":"2021-07-29T12:52:53+00:00","breadcrumb":{"@id":"https:\/\/www.vdborne.nl\/de\/uber-uns\/datenschutzerklaerung\/#breadcrumb"},"inLanguage":"de","potentialAction":[{"@type":"ReadAction","target":["https:\/\/www.vdborne.nl\/de\/uber-uns\/datenschutzerklaerung\/"]}]},{"@type":"ImageObject","inLanguage":"de","@id":"https:\/\/www.vdborne.nl\/de\/uber-uns\/datenschutzerklaerung\/#primaryimage","url":"https:\/\/www.vdborne.nl\/wp-content\/uploads\/2018\/04\/Privacyverklaring.jpg","contentUrl":"https:\/\/www.vdborne.nl\/wp-content\/uploads\/2018\/04\/Privacyverklaring.jpg","width":1000,"height":1000},{"@type":"BreadcrumbList","@id":"https:\/\/www.vdborne.nl\/de\/uber-uns\/datenschutzerklaerung\/#breadcrumb","itemListElement":[{"@type":"ListItem","position":1,"name":"Home","item":"https:\/\/www.vdborne.nl\/de\/"},{"@type":"ListItem","position":2,"name":"\u00dcber uns","item":"https:\/\/www.vdborne.nl\/over-ons\/"},{"@type":"ListItem","position":3,"name":"Datenschutzerkl\u00e4rung"}]},{"@type":"WebSite","@id":"https:\/\/www.vdborne.nl\/de\/#website","url":"https:\/\/www.vdborne.nl\/de\/","name":"Van de Borne","description":"En nog een WordPress site","publisher":{"@id":"https:\/\/www.vdborne.nl\/de\/#organization"},"potentialAction":[{"@type":"SearchAction","target":{"@type":"EntryPoint","urlTemplate":"https:\/\/www.vdborne.nl\/de\/?s={search_term_string}"},"query-input":{"@type":"PropertyValueSpecification","valueRequired":true,"valueName":"search_term_string"}}],"inLanguage":"de"},{"@type":"Organization","@id":"https:\/\/www.vdborne.nl\/de\/#organization","name":"Van de Borne","url":"https:\/\/www.vdborne.nl\/de\/","logo":{"@type":"ImageObject","inLanguage":"de","@id":"https:\/\/www.vdborne.nl\/de\/#\/schema\/logo\/image\/","url":"https:\/\/www.vdborne.nl\/wp-content\/uploads\/2023\/07\/logo-1.png","contentUrl":"https:\/\/www.vdborne.nl\/wp-content\/uploads\/2023\/07\/logo-1.png","width":120,"height":62,"caption":"Van de Borne"},"image":{"@id":"https:\/\/www.vdborne.nl\/de\/#\/schema\/logo\/image\/"},"sameAs":["https:\/\/www.facebook.com\/profile.php?id=100063606229530"]}]}},"_links":{"self":[{"href":"https:\/\/www.vdborne.nl\/de\/wp-json\/wp\/v2\/pages\/2670","targetHints":{"allow":["GET"]}}],"collection":[{"href":"https:\/\/www.vdborne.nl\/de\/wp-json\/wp\/v2\/pages"}],"about":[{"href":"https:\/\/www.vdborne.nl\/de\/wp-json\/wp\/v2\/types\/page"}],"author":[{"embeddable":true,"href":"https:\/\/www.vdborne.nl\/de\/wp-json\/wp\/v2\/users\/2"}],"replies":[{"embeddable":true,"href":"https:\/\/www.vdborne.nl\/de\/wp-json\/wp\/v2\/comments?post=2670"}],"version-history":[{"count":5,"href":"https:\/\/www.vdborne.nl\/de\/wp-json\/wp\/v2\/pages\/2670\/revisions"}],"predecessor-version":[{"id":4339,"href":"https:\/\/www.vdborne.nl\/de\/wp-json\/wp\/v2\/pages\/2670\/revisions\/4339"}],"up":[{"embeddable":true,"href":"https:\/\/www.vdborne.nl\/de\/wp-json\/wp\/v2\/pages\/245"}],"wp:featuredmedia":[{"embeddable":true,"href":"https:\/\/www.vdborne.nl\/de\/wp-json\/wp\/v2\/media\/2441"}],"wp:attachment":[{"href":"https:\/\/www.vdborne.nl\/de\/wp-json\/wp\/v2\/media?parent=2670"}],"curies":[{"name":"wp","href":"https:\/\/api.w.org\/{rel}","templated":true}]}}