{"id":269,"date":"2016-08-09T09:40:47","date_gmt":"2016-08-09T07:40:47","guid":{"rendered":"http:\/\/www.vdborne.nl\/de\/?page_id=269"},"modified":"2025-09-13T12:58:26","modified_gmt":"2025-09-13T10:58:26","slug":"selbstklebendes-papier","status":"publish","type":"page","link":"https:\/\/www.vdborne.nl\/de\/produkte\/klebeband-2\/selbstklebendes-papier\/","title":{"rendered":"Selbstklebendes Papier"},"content":{"rendered":"<h3>Packband auf Papierbasis mit einer Klebschicht aus nat\u00fcrlichem Gummi.<\/h3>\n<ul>\n<li>Geeignet f\u00fcr schnell klebende Verschl\u00fcsse<\/li>\n<li>Breiten von 19-150mm und L\u00e4ngen von 50-500m<span class=\"Apple-converted-space\">\u00a0<\/span><\/li>\n<li>Bis zu drei Farben ab einem Druck von 108 Rollen \/ 3 Kartons<\/li>\n<li>Diapositiver Druck oder All Over-Druck m\u00f6glich<\/li>\n<li>Standardfarben Wei\u00df und Braun<\/li>\n<li>Kein ger\u00e4uscharmes Abrollen<\/li>\n<li>Mit oder ohne Faserverst\u00e4rkung<\/li>\n<li>Umweltfreundlich<\/li>\n<li>Begrenzte Haltbarkeit<\/li>\n<\/ul>\n<p class=\"p1\"><div id=\"threesixty-slider-1183_QrNwGe\" class=\"threesixty-loading threesixty-image threesixty-light-blue threesixty-flat-round threesixty-no-border\" style=\"width: 400px;\">\r\n\t<div class=\"threesixty-preview-1183_QrNwGe\"><img decoding=\"async\" class=\"threesixty-preview-image\" src=\"https:\/\/www.vdborne.nl\/wp-content\/uploads\/2017\/07\/00001-4.jpg\"\/><\/div>\r\n\t<div class=\"threesixty-spinner threesixty-spinner-1183_QrNwGe\">\r\n\t\t<span>0%<\/span>\r\n\t<\/div>\r\n\t<ol class=\"threesixty-images threesixty-images-1183_QrNwGe\"><\/ol>\r\n\t\t\t<a href=\"#threesixty-slider-1183_QrNwGe\" class=\"threesixty-mfp-anchor\"><\/a>\r\n\t<\/div>\r\n<!--SPV--><script type=\"text\/javascript\">\/\/SPV\r\n(function($) {\r\n\t\"use strict\";\r\n\t\t$('#threesixty-slider-1183_QrNwGe .threesixty-mfp-anchor').magnificPopup({\r\n\t\ttype:'inline',\r\n\t\tcloseOnBgClick: true,\r\n\t\tmidClick: true,\r\n\t\tcallbacks: {\r\n\t\t\t resize: function() {\r\n\t\t\t \tvar originalHeight \t= 480,\r\n\t\t\t \t\toriginalWidth \t= 720,\r\n\t\t\t \t\tmfpHeight \t\t= 480,\r\n\t\t\t \t\tmfpWidth \t\t= 720,\r\n\t\t\t \t\tratio \t\t\t= originalWidth \/ originalHeight,\r\n\t\t\t \t\twinHeight \t\t= $(window).height(),\r\n\t\t\t \t\twinWidth \t\t= $(window).width();\r\n\t\t\t \t\r\n\t\t\t \tif ( originalHeight > winHeight * 0.9 ) {\r\n\t\t\t \t\tmfpHeight \t\t= winHeight * 0.9;\r\n\t\t\t \t\tmfpWidth \t\t= mfpHeight * ratio;\r\n\t\t\t\t}\r\n\t\t\t\tif ( mfpWidth > winWidth * 0.9 ) {\r\n\t\t\t \t\tmfpWidth \t\t= winWidth * 0.9;\r\n\t\t\t \t\tmfpHeight \t\t= mfpWidth \/ ratio;\r\n\t\t\t\t}\r\n\t\t\t \tif ( mfpHeight < originalHeight && mfpWidth < originalWidth ) {\r\n\t\t\t\t    $('#threesixty-slider-1183_QrNwGe').height(mfpHeight);\r\n\t\t\t\t    $('#threesixty-slider-1183_QrNwGe').width(mfpWidth);\r\n\t\t\t\t} \r\n\t\t\t\telse {\r\n\t\t\t\t    $('#threesixty-slider-1183_QrNwGe').height(originalHeight);\r\n\t\t\t\t    $('#threesixty-slider-1183_QrNwGe').width(originalWidth);\r\n\t\t\t\t}\r\n\t\t\t},\r\n\t\t\tclose: function() {\r\n\t\t\t    $('#threesixty-slider-1183_QrNwGe').height('auto');\r\n\t\t\t    $('#threesixty-slider-1183_QrNwGe').width(400);\r\n\t\t\t}\r\n\t\t},\r\n\t\tcloseMarkup :\"<button class=\\\"mfp-close\\\"><\/button>\"\r\n\t});\r\n\t\tvar product_1183_QrNwGe = $('#threesixty-slider-1183_QrNwGe').ThreeSixty({\r\n\t\ttotalFrames: 45,\r\n\t\tendFrame: 0,\r\n\t\tcurrentFrame: 45,\r\n\t\timgList: '.threesixty-images-1183_QrNwGe',\r\n\t\tprogress: '.threesixty-spinner-1183_QrNwGe',\r\n\t\tpreview: '.threesixty-preview-1183_QrNwGe',\r\n\t\timages: ['https:\/\/www.vdborne.nl\/wp-content\/uploads\/2017\/07\/00045-4.jpg','https:\/\/www.vdborne.nl\/wp-content\/uploads\/2017\/07\/00044-4.jpg','https:\/\/www.vdborne.nl\/wp-content\/uploads\/2017\/07\/00043-4.jpg','https:\/\/www.vdborne.nl\/wp-content\/uploads\/2017\/07\/00042-4.jpg','https:\/\/www.vdborne.nl\/wp-content\/uploads\/2017\/07\/00041-4.jpg','https:\/\/www.vdborne.nl\/wp-content\/uploads\/2017\/07\/00040-4.jpg','https:\/\/www.vdborne.nl\/wp-content\/uploads\/2017\/07\/00039-4.jpg','https:\/\/www.vdborne.nl\/wp-content\/uploads\/2017\/07\/00038-4.jpg','https:\/\/www.vdborne.nl\/wp-content\/uploads\/2017\/07\/00037-4.jpg','https:\/\/www.vdborne.nl\/wp-content\/uploads\/2017\/07\/00036-4.jpg','https:\/\/www.vdborne.nl\/wp-content\/uploads\/2017\/07\/00035-4.jpg','https:\/\/www.vdborne.nl\/wp-content\/uploads\/2017\/07\/00034-4.jpg','https:\/\/www.vdborne.nl\/wp-content\/uploads\/2017\/07\/00033-4.jpg','https:\/\/www.vdborne.nl\/wp-content\/uploads\/2017\/07\/00032-4.jpg','https:\/\/www.vdborne.nl\/wp-content\/uploads\/2017\/07\/00031-4.jpg','https:\/\/www.vdborne.nl\/wp-content\/uploads\/2017\/07\/00030-4.jpg','https:\/\/www.vdborne.nl\/wp-content\/uploads\/2017\/07\/00029-4.jpg','https:\/\/www.vdborne.nl\/wp-content\/uploads\/2017\/07\/00028-4.jpg','https:\/\/www.vdborne.nl\/wp-content\/uploads\/2017\/07\/00027-4.jpg','https:\/\/www.vdborne.nl\/wp-content\/uploads\/2017\/07\/00026-4.jpg','https:\/\/www.vdborne.nl\/wp-content\/uploads\/2017\/07\/00025-4.jpg','https:\/\/www.vdborne.nl\/wp-content\/uploads\/2017\/07\/00024-4.jpg','https:\/\/www.vdborne.nl\/wp-content\/uploads\/2017\/07\/00023-4.jpg','https:\/\/www.vdborne.nl\/wp-content\/uploads\/2017\/07\/00022-4.jpg','https:\/\/www.vdborne.nl\/wp-content\/uploads\/2017\/07\/00021-4.jpg','https:\/\/www.vdborne.nl\/wp-content\/uploads\/2017\/07\/00020-4.jpg','https:\/\/www.vdborne.nl\/wp-content\/uploads\/2017\/07\/00019-4.jpg','https:\/\/www.vdborne.nl\/wp-content\/uploads\/2017\/07\/00018-4.jpg','https:\/\/www.vdborne.nl\/wp-content\/uploads\/2017\/07\/00017-4.jpg','https:\/\/www.vdborne.nl\/wp-content\/uploads\/2017\/07\/00016-4.jpg','https:\/\/www.vdborne.nl\/wp-content\/uploads\/2017\/07\/00015-4.jpg','https:\/\/www.vdborne.nl\/wp-content\/uploads\/2017\/07\/00014-4.jpg','https:\/\/www.vdborne.nl\/wp-content\/uploads\/2017\/07\/00013-4.jpg','https:\/\/www.vdborne.nl\/wp-content\/uploads\/2017\/07\/00012-4.jpg','https:\/\/www.vdborne.nl\/wp-content\/uploads\/2017\/07\/00011-4.jpg','https:\/\/www.vdborne.nl\/wp-content\/uploads\/2017\/07\/00010-4.jpg','https:\/\/www.vdborne.nl\/wp-content\/uploads\/2017\/07\/00009-4.jpg','https:\/\/www.vdborne.nl\/wp-content\/uploads\/2017\/07\/00008-4.jpg','https:\/\/www.vdborne.nl\/wp-content\/uploads\/2017\/07\/00007-4.jpg','https:\/\/www.vdborne.nl\/wp-content\/uploads\/2017\/07\/00006-4.jpg','https:\/\/www.vdborne.nl\/wp-content\/uploads\/2017\/07\/00005-4.jpg','https:\/\/www.vdborne.nl\/wp-content\/uploads\/2017\/07\/00004-4.jpg','https:\/\/www.vdborne.nl\/wp-content\/uploads\/2017\/07\/00003-4.jpg','https:\/\/www.vdborne.nl\/wp-content\/uploads\/2017\/07\/00002-4.jpg','https:\/\/www.vdborne.nl\/wp-content\/uploads\/2017\/07\/00001-4.jpg'],\r\n\t\theight: 0,\r\n\t\twidth: 400,\r\n\t\tnavigation: true,\r\n\t\tdrag: true,\r\n\t\tshowCursor: true,\r\n\t\tinterval: 40,\r\n\t\tspeedMultiplier: 7,\r\n\t\tmonitorInt: 10,\r\n\t\t\t\tonReady: function() {\r\n\t\t\t$(\"#threesixty-slider-1183_QrNwGe\").removeClass('threesixty-loading');\r\n\t\t\t\t\t\t\t\t}\r\n\t\t\t});\r\n\t\t\t}(jQuery));\r\n<\/script><\/p>\n","protected":false},"excerpt":{"rendered":"<p>Packband auf Papierbasis mit einer Klebschicht aus nat\u00fcrlichem Gummi. Geeignet f\u00fcr schnell klebende Verschl\u00fcsse Breiten von 19-150mm und L\u00e4ngen von 50-500m\u00a0 Bis zu drei Farben ab einem Druck von 108 Rollen \/ 3 Kartons Diapositiver Druck oder All Over-Druck m\u00f6glich Standardfarben Wei\u00df und Braun Kein ger\u00e4uscharmes Abrollen Mit oder ohne Faserverst\u00e4rkung Umweltfreundlich Begrenzte Haltbarkeit<\/p>\n","protected":false},"author":3,"featured_media":6821,"parent":263,"menu_order":27,"comment_status":"closed","ping_status":"closed","template":"templates\/template_single_product.php","meta":{"footnotes":""},"class_list":["post-269","page","type-page","status-publish","has-post-thumbnail","hentry"],"yoast_head":"<!-- This site is optimized with the Yoast SEO plugin v25.6 - https:\/\/yoast.com\/wordpress\/plugins\/seo\/ -->\n<title>Selbstklebendes Papier - Van de Borne<\/title>\n<meta name=\"robots\" content=\"index, follow, max-snippet:-1, max-image-preview:large, max-video-preview:-1\" \/>\n<link rel=\"canonical\" href=\"https:\/\/www.vdborne.nl\/de\/produkte\/klebeband-2\/selbstklebendes-papier\/\" \/>\n<meta property=\"og:locale\" content=\"de_DE\" \/>\n<meta property=\"og:type\" content=\"article\" \/>\n<meta property=\"og:title\" content=\"Selbstklebendes Papier - Van de Borne\" \/>\n<meta property=\"og:description\" content=\"Packband auf Papierbasis mit einer Klebschicht aus nat\u00fcrlichem Gummi. Geeignet f\u00fcr schnell klebende Verschl\u00fcsse Breiten von 19-150mm und L\u00e4ngen von 50-500m\u00a0 Bis zu drei Farben ab einem Druck von 108 Rollen \/ 3 Kartons Diapositiver Druck oder All Over-Druck m\u00f6glich Standardfarben Wei\u00df und Braun Kein ger\u00e4uscharmes Abrollen Mit oder ohne Faserverst\u00e4rkung Umweltfreundlich Begrenzte Haltbarkeit\" \/>\n<meta property=\"og:url\" content=\"https:\/\/www.vdborne.nl\/de\/produkte\/klebeband-2\/selbstklebendes-papier\/\" \/>\n<meta property=\"og:site_name\" content=\"Van de Borne\" \/>\n<meta property=\"article:publisher\" content=\"https:\/\/www.facebook.com\/profile.php?id=100063606229530\" \/>\n<meta property=\"article:modified_time\" content=\"2025-09-13T10:58:26+00:00\" \/>\n<meta property=\"og:image\" content=\"https:\/\/www.vdborne.nl\/wp-content\/uploads\/2025\/09\/Doos-Papier-nw-1000x1000-1.png\" \/>\n\t<meta property=\"og:image:width\" content=\"1000\" \/>\n\t<meta property=\"og:image:height\" content=\"1000\" \/>\n\t<meta property=\"og:image:type\" content=\"image\/png\" \/>\n<meta name=\"twitter:card\" content=\"summary_large_image\" \/>\n<meta name=\"twitter:label1\" content=\"Gesch\u00e4tzte Lesezeit\" \/>\n\t<meta name=\"twitter:data1\" content=\"1\u00a0Minute\" \/>\n<script type=\"application\/ld+json\" class=\"yoast-schema-graph\">{\"@context\":\"https:\/\/schema.org\",\"@graph\":[{\"@type\":\"WebPage\",\"@id\":\"https:\/\/www.vdborne.nl\/de\/produkte\/klebeband-2\/selbstklebendes-papier\/\",\"url\":\"https:\/\/www.vdborne.nl\/de\/produkte\/klebeband-2\/selbstklebendes-papier\/\",\"name\":\"Selbstklebendes Papier - Van de Borne\",\"isPartOf\":{\"@id\":\"https:\/\/www.vdborne.nl\/de\/#website\"},\"primaryImageOfPage\":{\"@id\":\"https:\/\/www.vdborne.nl\/de\/produkte\/klebeband-2\/selbstklebendes-papier\/#primaryimage\"},\"image\":{\"@id\":\"https:\/\/www.vdborne.nl\/de\/produkte\/klebeband-2\/selbstklebendes-papier\/#primaryimage\"},\"thumbnailUrl\":\"https:\/\/www.vdborne.nl\/wp-content\/uploads\/2025\/09\/Doos-Papier-nw-1000x1000-1.png\",\"datePublished\":\"2016-08-09T07:40:47+00:00\",\"dateModified\":\"2025-09-13T10:58:26+00:00\",\"breadcrumb\":{\"@id\":\"https:\/\/www.vdborne.nl\/de\/produkte\/klebeband-2\/selbstklebendes-papier\/#breadcrumb\"},\"inLanguage\":\"de\",\"potentialAction\":[{\"@type\":\"ReadAction\",\"target\":[\"https:\/\/www.vdborne.nl\/de\/produkte\/klebeband-2\/selbstklebendes-papier\/\"]}]},{\"@type\":\"ImageObject\",\"inLanguage\":\"de\",\"@id\":\"https:\/\/www.vdborne.nl\/de\/produkte\/klebeband-2\/selbstklebendes-papier\/#primaryimage\",\"url\":\"https:\/\/www.vdborne.nl\/wp-content\/uploads\/2025\/09\/Doos-Papier-nw-1000x1000-1.png\",\"contentUrl\":\"https:\/\/www.vdborne.nl\/wp-content\/uploads\/2025\/09\/Doos-Papier-nw-1000x1000-1.png\",\"width\":1000,\"height\":1000},{\"@type\":\"BreadcrumbList\",\"@id\":\"https:\/\/www.vdborne.nl\/de\/produkte\/klebeband-2\/selbstklebendes-papier\/#breadcrumb\",\"itemListElement\":[{\"@type\":\"ListItem\",\"position\":1,\"name\":\"Home\",\"item\":\"https:\/\/www.vdborne.nl\/de\/\"},{\"@type\":\"ListItem\",\"position\":2,\"name\":\"Produkte\",\"item\":\"https:\/\/www.vdborne.nl\/producten\/\"},{\"@type\":\"ListItem\",\"position\":3,\"name\":\"Klebeband\",\"item\":\"https:\/\/www.vdborne.nl\/producten\/tapes-2\/\"},{\"@type\":\"ListItem\",\"position\":4,\"name\":\"Selbstklebendes Papier\"}]},{\"@type\":\"WebSite\",\"@id\":\"https:\/\/www.vdborne.nl\/de\/#website\",\"url\":\"https:\/\/www.vdborne.nl\/de\/\",\"name\":\"Van de Borne\",\"description\":\"En nog een WordPress site\",\"publisher\":{\"@id\":\"https:\/\/www.vdborne.nl\/de\/#organization\"},\"potentialAction\":[{\"@type\":\"SearchAction\",\"target\":{\"@type\":\"EntryPoint\",\"urlTemplate\":\"https:\/\/www.vdborne.nl\/de\/?s={search_term_string}\"},\"query-input\":{\"@type\":\"PropertyValueSpecification\",\"valueRequired\":true,\"valueName\":\"search_term_string\"}}],\"inLanguage\":\"de\"},{\"@type\":\"Organization\",\"@id\":\"https:\/\/www.vdborne.nl\/de\/#organization\",\"name\":\"Van de Borne\",\"url\":\"https:\/\/www.vdborne.nl\/de\/\",\"logo\":{\"@type\":\"ImageObject\",\"inLanguage\":\"de\",\"@id\":\"https:\/\/www.vdborne.nl\/de\/#\/schema\/logo\/image\/\",\"url\":\"https:\/\/www.vdborne.nl\/wp-content\/uploads\/2023\/07\/logo-1.png\",\"contentUrl\":\"https:\/\/www.vdborne.nl\/wp-content\/uploads\/2023\/07\/logo-1.png\",\"width\":120,\"height\":62,\"caption\":\"Van de Borne\"},\"image\":{\"@id\":\"https:\/\/www.vdborne.nl\/de\/#\/schema\/logo\/image\/\"},\"sameAs\":[\"https:\/\/www.facebook.com\/profile.php?id=100063606229530\"]}]}<\/script>\n<!-- \/ Yoast SEO plugin. -->","yoast_head_json":{"title":"Selbstklebendes Papier - Van de Borne","robots":{"index":"index","follow":"follow","max-snippet":"max-snippet:-1","max-image-preview":"max-image-preview:large","max-video-preview":"max-video-preview:-1"},"canonical":"https:\/\/www.vdborne.nl\/de\/produkte\/klebeband-2\/selbstklebendes-papier\/","og_locale":"de_DE","og_type":"article","og_title":"Selbstklebendes Papier - Van de Borne","og_description":"Packband auf Papierbasis mit einer Klebschicht aus nat\u00fcrlichem Gummi. Geeignet f\u00fcr schnell klebende Verschl\u00fcsse Breiten von 19-150mm und L\u00e4ngen von 50-500m\u00a0 Bis zu drei Farben ab einem Druck von 108 Rollen \/ 3 Kartons Diapositiver Druck oder All Over-Druck m\u00f6glich Standardfarben Wei\u00df und Braun Kein ger\u00e4uscharmes Abrollen Mit oder ohne Faserverst\u00e4rkung Umweltfreundlich Begrenzte Haltbarkeit","og_url":"https:\/\/www.vdborne.nl\/de\/produkte\/klebeband-2\/selbstklebendes-papier\/","og_site_name":"Van de Borne","article_publisher":"https:\/\/www.facebook.com\/profile.php?id=100063606229530","article_modified_time":"2025-09-13T10:58:26+00:00","og_image":[{"width":1000,"height":1000,"url":"https:\/\/www.vdborne.nl\/wp-content\/uploads\/2025\/09\/Doos-Papier-nw-1000x1000-1.png","type":"image\/png"}],"twitter_card":"summary_large_image","twitter_misc":{"Gesch\u00e4tzte Lesezeit":"1\u00a0Minute"},"schema":{"@context":"https:\/\/schema.org","@graph":[{"@type":"WebPage","@id":"https:\/\/www.vdborne.nl\/de\/produkte\/klebeband-2\/selbstklebendes-papier\/","url":"https:\/\/www.vdborne.nl\/de\/produkte\/klebeband-2\/selbstklebendes-papier\/","name":"Selbstklebendes Papier - Van de Borne","isPartOf":{"@id":"https:\/\/www.vdborne.nl\/de\/#website"},"primaryImageOfPage":{"@id":"https:\/\/www.vdborne.nl\/de\/produkte\/klebeband-2\/selbstklebendes-papier\/#primaryimage"},"image":{"@id":"https:\/\/www.vdborne.nl\/de\/produkte\/klebeband-2\/selbstklebendes-papier\/#primaryimage"},"thumbnailUrl":"https:\/\/www.vdborne.nl\/wp-content\/uploads\/2025\/09\/Doos-Papier-nw-1000x1000-1.png","datePublished":"2016-08-09T07:40:47+00:00","dateModified":"2025-09-13T10:58:26+00:00","breadcrumb":{"@id":"https:\/\/www.vdborne.nl\/de\/produkte\/klebeband-2\/selbstklebendes-papier\/#breadcrumb"},"inLanguage":"de","potentialAction":[{"@type":"ReadAction","target":["https:\/\/www.vdborne.nl\/de\/produkte\/klebeband-2\/selbstklebendes-papier\/"]}]},{"@type":"ImageObject","inLanguage":"de","@id":"https:\/\/www.vdborne.nl\/de\/produkte\/klebeband-2\/selbstklebendes-papier\/#primaryimage","url":"https:\/\/www.vdborne.nl\/wp-content\/uploads\/2025\/09\/Doos-Papier-nw-1000x1000-1.png","contentUrl":"https:\/\/www.vdborne.nl\/wp-content\/uploads\/2025\/09\/Doos-Papier-nw-1000x1000-1.png","width":1000,"height":1000},{"@type":"BreadcrumbList","@id":"https:\/\/www.vdborne.nl\/de\/produkte\/klebeband-2\/selbstklebendes-papier\/#breadcrumb","itemListElement":[{"@type":"ListItem","position":1,"name":"Home","item":"https:\/\/www.vdborne.nl\/de\/"},{"@type":"ListItem","position":2,"name":"Produkte","item":"https:\/\/www.vdborne.nl\/producten\/"},{"@type":"ListItem","position":3,"name":"Klebeband","item":"https:\/\/www.vdborne.nl\/producten\/tapes-2\/"},{"@type":"ListItem","position":4,"name":"Selbstklebendes Papier"}]},{"@type":"WebSite","@id":"https:\/\/www.vdborne.nl\/de\/#website","url":"https:\/\/www.vdborne.nl\/de\/","name":"Van de Borne","description":"En nog een WordPress site","publisher":{"@id":"https:\/\/www.vdborne.nl\/de\/#organization"},"potentialAction":[{"@type":"SearchAction","target":{"@type":"EntryPoint","urlTemplate":"https:\/\/www.vdborne.nl\/de\/?s={search_term_string}"},"query-input":{"@type":"PropertyValueSpecification","valueRequired":true,"valueName":"search_term_string"}}],"inLanguage":"de"},{"@type":"Organization","@id":"https:\/\/www.vdborne.nl\/de\/#organization","name":"Van de Borne","url":"https:\/\/www.vdborne.nl\/de\/","logo":{"@type":"ImageObject","inLanguage":"de","@id":"https:\/\/www.vdborne.nl\/de\/#\/schema\/logo\/image\/","url":"https:\/\/www.vdborne.nl\/wp-content\/uploads\/2023\/07\/logo-1.png","contentUrl":"https:\/\/www.vdborne.nl\/wp-content\/uploads\/2023\/07\/logo-1.png","width":120,"height":62,"caption":"Van de Borne"},"image":{"@id":"https:\/\/www.vdborne.nl\/de\/#\/schema\/logo\/image\/"},"sameAs":["https:\/\/www.facebook.com\/profile.php?id=100063606229530"]}]}},"_links":{"self":[{"href":"https:\/\/www.vdborne.nl\/de\/wp-json\/wp\/v2\/pages\/269","targetHints":{"allow":["GET"]}}],"collection":[{"href":"https:\/\/www.vdborne.nl\/de\/wp-json\/wp\/v2\/pages"}],"about":[{"href":"https:\/\/www.vdborne.nl\/de\/wp-json\/wp\/v2\/types\/page"}],"author":[{"embeddable":true,"href":"https:\/\/www.vdborne.nl\/de\/wp-json\/wp\/v2\/users\/3"}],"replies":[{"embeddable":true,"href":"https:\/\/www.vdborne.nl\/de\/wp-json\/wp\/v2\/comments?post=269"}],"version-history":[{"count":11,"href":"https:\/\/www.vdborne.nl\/de\/wp-json\/wp\/v2\/pages\/269\/revisions"}],"predecessor-version":[{"id":6836,"href":"https:\/\/www.vdborne.nl\/de\/wp-json\/wp\/v2\/pages\/269\/revisions\/6836"}],"up":[{"embeddable":true,"href":"https:\/\/www.vdborne.nl\/de\/wp-json\/wp\/v2\/pages\/263"}],"wp:featuredmedia":[{"embeddable":true,"href":"https:\/\/www.vdborne.nl\/de\/wp-json\/wp\/v2\/media\/6821"}],"wp:attachment":[{"href":"https:\/\/www.vdborne.nl\/de\/wp-json\/wp\/v2\/media?parent=269"}],"curies":[{"name":"wp","href":"https:\/\/api.w.org\/{rel}","templated":true}]}}