{"id":2746,"date":"2019-01-31T14:26:17","date_gmt":"2019-01-31T13:26:17","guid":{"rendered":"http:\/\/www.vdborne.nl\/de\/?page_id=2746"},"modified":"2020-06-25T16:27:18","modified_gmt":"2020-06-25T14:27:18","slug":"gummiertes-papier","status":"publish","type":"page","link":"https:\/\/www.vdborne.nl\/de\/produkte\/klebeband-2\/gummiertes-papier\/","title":{"rendered":"Gummiertes Papier"},"content":{"rendered":"<p>Gummiertes Papier ist in verschiedenen Sorten und Ma\u00dfen bedruckt und unbedruckt erh\u00e4ltlich. Sie k\u00f6nnen \u00fcber Van de Borne BV auch die Bearbeitungsmaschinen f\u00fcr gummiertes Papier bestellen.<span class=\"Apple-converted-space\">\u00a0<\/span><\/p>\n<p>\u00dcbersicht \u00fcber die verschiedenen Optionen:<\/p>\n<p><b>Unverst\u00e4rktes gummiertes Papier<br \/>\n<\/b>Gewicht \u00a0 \u00a0 \u00a0: 60 bis 100 g\/m2<br \/>\nBreite \u00a0 \u00a0 \u00a0 \u00a0 \u00a0: 50 bis 80mm<br \/>\nL\u00e4nge \u00a0 \u00a0 \u00a0 \u00a0 \u00a0: 50 bis 1400m oder mehr<\/p>\n<p><b>Mit Nylon verst\u00e4rktes gummiertes Papier<span class=\"Apple-converted-space\"><br \/>\n<\/span><\/b>Dieses gummierte Papier ist auf der gummierten Seite mit Nylon verst\u00e4rkt. Dabei handelt es sich um 2 bis 5 L\u00e4ngendr\u00e4hte in Kombination mit einem Sinusdraht. Die Dr\u00e4hte befinden sich zwischen der Klebeschicht.<span class=\"Apple-converted-space\">\u00a0<\/span><\/p>\n<p><b>Kraftpapier<br \/>\n<\/b>Dieses gummierte Papier wurde mit l\u00e4ngs und diagonal verlaufenden Dr\u00e4hten verst\u00e4rkt. Die Dr\u00e4hte befinden sich zwischen dem Papier und der Klebeschicht.<span class=\"Apple-converted-space\">\u00a0<\/span><\/p>\n<p>Alle Arten des gummierten Papiers k\u00f6nnen mit maximal drei Farben bedruckt werden.<span class=\"Apple-converted-space\">\u00a0<\/span><\/p>\n<p>Gummiertes Papier bietet vielf\u00e4ltige M\u00f6glichkeiten, die wir gerne mit Ihnen pers\u00f6nlich besprechen m\u00f6chten.<\/p>\n","protected":false},"excerpt":{"rendered":"<p>Gummiertes Papier ist in verschiedenen Sorten und Ma\u00dfen bedruckt und unbedruckt erh\u00e4ltlich. Sie k\u00f6nnen \u00fcber Van de Borne BV auch die Bearbeitungsmaschinen f\u00fcr gummiertes Papier bestellen.\u00a0 \u00dcbersicht \u00fcber die verschiedenen Optionen: Unverst\u00e4rktes gummiertes Papier Gewicht \u00a0 \u00a0 \u00a0: 60 bis 100 g\/m2 Breite \u00a0 \u00a0 \u00a0 \u00a0 \u00a0: 50 bis 80mm L\u00e4nge \u00a0 \u00a0 \u00a0 [&hellip;]<\/p>\n","protected":false},"author":2,"featured_media":4017,"parent":263,"menu_order":26,"comment_status":"closed","ping_status":"closed","template":"templates\/template_single_product.php","meta":{"footnotes":""},"class_list":["post-2746","page","type-page","status-publish","has-post-thumbnail","hentry"],"yoast_head":"<!-- This site is optimized with the Yoast SEO plugin v25.6 - https:\/\/yoast.com\/wordpress\/plugins\/seo\/ -->\n<title>Gummiertes Papier - Van de Borne<\/title>\n<meta name=\"robots\" content=\"index, follow, max-snippet:-1, max-image-preview:large, max-video-preview:-1\" \/>\n<link rel=\"canonical\" href=\"https:\/\/www.vdborne.nl\/de\/produkte\/klebeband-2\/gummiertes-papier\/\" \/>\n<meta property=\"og:locale\" content=\"de_DE\" \/>\n<meta property=\"og:type\" content=\"article\" \/>\n<meta property=\"og:title\" content=\"Gummiertes Papier - Van de Borne\" \/>\n<meta property=\"og:description\" content=\"Gummiertes Papier ist in verschiedenen Sorten und Ma\u00dfen bedruckt und unbedruckt erh\u00e4ltlich. Sie k\u00f6nnen \u00fcber Van de Borne BV auch die Bearbeitungsmaschinen f\u00fcr gummiertes Papier bestellen.\u00a0 \u00dcbersicht \u00fcber die verschiedenen Optionen: Unverst\u00e4rktes gummiertes Papier Gewicht \u00a0 \u00a0 \u00a0: 60 bis 100 g\/m2 Breite \u00a0 \u00a0 \u00a0 \u00a0 \u00a0: 50 bis 80mm L\u00e4nge \u00a0 \u00a0 \u00a0 [&hellip;]\" \/>\n<meta property=\"og:url\" content=\"https:\/\/www.vdborne.nl\/de\/produkte\/klebeband-2\/gummiertes-papier\/\" \/>\n<meta property=\"og:site_name\" content=\"Van de Borne\" \/>\n<meta property=\"article:publisher\" content=\"https:\/\/www.facebook.com\/profile.php?id=100063606229530\" \/>\n<meta property=\"article:modified_time\" content=\"2020-06-25T14:27:18+00:00\" \/>\n<meta property=\"og:image\" content=\"https:\/\/www.vdborne.nl\/wp-content\/uploads\/2020\/06\/Doos-Gegommeerd-500x500-1.png\" \/>\n\t<meta property=\"og:image:width\" content=\"500\" \/>\n\t<meta property=\"og:image:height\" content=\"500\" \/>\n\t<meta property=\"og:image:type\" content=\"image\/png\" \/>\n<meta name=\"twitter:card\" content=\"summary_large_image\" \/>\n<meta name=\"twitter:label1\" content=\"Gesch\u00e4tzte Lesezeit\" \/>\n\t<meta name=\"twitter:data1\" content=\"1\u00a0Minute\" \/>\n<script type=\"application\/ld+json\" class=\"yoast-schema-graph\">{\"@context\":\"https:\/\/schema.org\",\"@graph\":[{\"@type\":\"WebPage\",\"@id\":\"https:\/\/www.vdborne.nl\/de\/produkte\/klebeband-2\/gummiertes-papier\/\",\"url\":\"https:\/\/www.vdborne.nl\/de\/produkte\/klebeband-2\/gummiertes-papier\/\",\"name\":\"Gummiertes Papier - Van de Borne\",\"isPartOf\":{\"@id\":\"https:\/\/www.vdborne.nl\/de\/#website\"},\"primaryImageOfPage\":{\"@id\":\"https:\/\/www.vdborne.nl\/de\/produkte\/klebeband-2\/gummiertes-papier\/#primaryimage\"},\"image\":{\"@id\":\"https:\/\/www.vdborne.nl\/de\/produkte\/klebeband-2\/gummiertes-papier\/#primaryimage\"},\"thumbnailUrl\":\"https:\/\/www.vdborne.nl\/wp-content\/uploads\/2020\/06\/Doos-Gegommeerd-500x500-1.png\",\"datePublished\":\"2019-01-31T13:26:17+00:00\",\"dateModified\":\"2020-06-25T14:27:18+00:00\",\"breadcrumb\":{\"@id\":\"https:\/\/www.vdborne.nl\/de\/produkte\/klebeband-2\/gummiertes-papier\/#breadcrumb\"},\"inLanguage\":\"de\",\"potentialAction\":[{\"@type\":\"ReadAction\",\"target\":[\"https:\/\/www.vdborne.nl\/de\/produkte\/klebeband-2\/gummiertes-papier\/\"]}]},{\"@type\":\"ImageObject\",\"inLanguage\":\"de\",\"@id\":\"https:\/\/www.vdborne.nl\/de\/produkte\/klebeband-2\/gummiertes-papier\/#primaryimage\",\"url\":\"https:\/\/www.vdborne.nl\/wp-content\/uploads\/2020\/06\/Doos-Gegommeerd-500x500-1.png\",\"contentUrl\":\"https:\/\/www.vdborne.nl\/wp-content\/uploads\/2020\/06\/Doos-Gegommeerd-500x500-1.png\",\"width\":500,\"height\":500},{\"@type\":\"BreadcrumbList\",\"@id\":\"https:\/\/www.vdborne.nl\/de\/produkte\/klebeband-2\/gummiertes-papier\/#breadcrumb\",\"itemListElement\":[{\"@type\":\"ListItem\",\"position\":1,\"name\":\"Home\",\"item\":\"https:\/\/www.vdborne.nl\/de\/\"},{\"@type\":\"ListItem\",\"position\":2,\"name\":\"Produkte\",\"item\":\"https:\/\/www.vdborne.nl\/producten\/\"},{\"@type\":\"ListItem\",\"position\":3,\"name\":\"Klebeband\",\"item\":\"https:\/\/www.vdborne.nl\/producten\/tapes-2\/\"},{\"@type\":\"ListItem\",\"position\":4,\"name\":\"Gummiertes Papier\"}]},{\"@type\":\"WebSite\",\"@id\":\"https:\/\/www.vdborne.nl\/de\/#website\",\"url\":\"https:\/\/www.vdborne.nl\/de\/\",\"name\":\"Van de Borne\",\"description\":\"En nog een WordPress site\",\"publisher\":{\"@id\":\"https:\/\/www.vdborne.nl\/de\/#organization\"},\"potentialAction\":[{\"@type\":\"SearchAction\",\"target\":{\"@type\":\"EntryPoint\",\"urlTemplate\":\"https:\/\/www.vdborne.nl\/de\/?s={search_term_string}\"},\"query-input\":{\"@type\":\"PropertyValueSpecification\",\"valueRequired\":true,\"valueName\":\"search_term_string\"}}],\"inLanguage\":\"de\"},{\"@type\":\"Organization\",\"@id\":\"https:\/\/www.vdborne.nl\/de\/#organization\",\"name\":\"Van de Borne\",\"url\":\"https:\/\/www.vdborne.nl\/de\/\",\"logo\":{\"@type\":\"ImageObject\",\"inLanguage\":\"de\",\"@id\":\"https:\/\/www.vdborne.nl\/de\/#\/schema\/logo\/image\/\",\"url\":\"https:\/\/www.vdborne.nl\/wp-content\/uploads\/2023\/07\/logo-1.png\",\"contentUrl\":\"https:\/\/www.vdborne.nl\/wp-content\/uploads\/2023\/07\/logo-1.png\",\"width\":120,\"height\":62,\"caption\":\"Van de Borne\"},\"image\":{\"@id\":\"https:\/\/www.vdborne.nl\/de\/#\/schema\/logo\/image\/\"},\"sameAs\":[\"https:\/\/www.facebook.com\/profile.php?id=100063606229530\"]}]}<\/script>\n<!-- \/ Yoast SEO plugin. -->","yoast_head_json":{"title":"Gummiertes Papier - Van de Borne","robots":{"index":"index","follow":"follow","max-snippet":"max-snippet:-1","max-image-preview":"max-image-preview:large","max-video-preview":"max-video-preview:-1"},"canonical":"https:\/\/www.vdborne.nl\/de\/produkte\/klebeband-2\/gummiertes-papier\/","og_locale":"de_DE","og_type":"article","og_title":"Gummiertes Papier - Van de Borne","og_description":"Gummiertes Papier ist in verschiedenen Sorten und Ma\u00dfen bedruckt und unbedruckt erh\u00e4ltlich. Sie k\u00f6nnen \u00fcber Van de Borne BV auch die Bearbeitungsmaschinen f\u00fcr gummiertes Papier bestellen.\u00a0 \u00dcbersicht \u00fcber die verschiedenen Optionen: Unverst\u00e4rktes gummiertes Papier Gewicht \u00a0 \u00a0 \u00a0: 60 bis 100 g\/m2 Breite \u00a0 \u00a0 \u00a0 \u00a0 \u00a0: 50 bis 80mm L\u00e4nge \u00a0 \u00a0 \u00a0 [&hellip;]","og_url":"https:\/\/www.vdborne.nl\/de\/produkte\/klebeband-2\/gummiertes-papier\/","og_site_name":"Van de Borne","article_publisher":"https:\/\/www.facebook.com\/profile.php?id=100063606229530","article_modified_time":"2020-06-25T14:27:18+00:00","og_image":[{"width":500,"height":500,"url":"https:\/\/www.vdborne.nl\/wp-content\/uploads\/2020\/06\/Doos-Gegommeerd-500x500-1.png","type":"image\/png"}],"twitter_card":"summary_large_image","twitter_misc":{"Gesch\u00e4tzte Lesezeit":"1\u00a0Minute"},"schema":{"@context":"https:\/\/schema.org","@graph":[{"@type":"WebPage","@id":"https:\/\/www.vdborne.nl\/de\/produkte\/klebeband-2\/gummiertes-papier\/","url":"https:\/\/www.vdborne.nl\/de\/produkte\/klebeband-2\/gummiertes-papier\/","name":"Gummiertes Papier - Van de Borne","isPartOf":{"@id":"https:\/\/www.vdborne.nl\/de\/#website"},"primaryImageOfPage":{"@id":"https:\/\/www.vdborne.nl\/de\/produkte\/klebeband-2\/gummiertes-papier\/#primaryimage"},"image":{"@id":"https:\/\/www.vdborne.nl\/de\/produkte\/klebeband-2\/gummiertes-papier\/#primaryimage"},"thumbnailUrl":"https:\/\/www.vdborne.nl\/wp-content\/uploads\/2020\/06\/Doos-Gegommeerd-500x500-1.png","datePublished":"2019-01-31T13:26:17+00:00","dateModified":"2020-06-25T14:27:18+00:00","breadcrumb":{"@id":"https:\/\/www.vdborne.nl\/de\/produkte\/klebeband-2\/gummiertes-papier\/#breadcrumb"},"inLanguage":"de","potentialAction":[{"@type":"ReadAction","target":["https:\/\/www.vdborne.nl\/de\/produkte\/klebeband-2\/gummiertes-papier\/"]}]},{"@type":"ImageObject","inLanguage":"de","@id":"https:\/\/www.vdborne.nl\/de\/produkte\/klebeband-2\/gummiertes-papier\/#primaryimage","url":"https:\/\/www.vdborne.nl\/wp-content\/uploads\/2020\/06\/Doos-Gegommeerd-500x500-1.png","contentUrl":"https:\/\/www.vdborne.nl\/wp-content\/uploads\/2020\/06\/Doos-Gegommeerd-500x500-1.png","width":500,"height":500},{"@type":"BreadcrumbList","@id":"https:\/\/www.vdborne.nl\/de\/produkte\/klebeband-2\/gummiertes-papier\/#breadcrumb","itemListElement":[{"@type":"ListItem","position":1,"name":"Home","item":"https:\/\/www.vdborne.nl\/de\/"},{"@type":"ListItem","position":2,"name":"Produkte","item":"https:\/\/www.vdborne.nl\/producten\/"},{"@type":"ListItem","position":3,"name":"Klebeband","item":"https:\/\/www.vdborne.nl\/producten\/tapes-2\/"},{"@type":"ListItem","position":4,"name":"Gummiertes Papier"}]},{"@type":"WebSite","@id":"https:\/\/www.vdborne.nl\/de\/#website","url":"https:\/\/www.vdborne.nl\/de\/","name":"Van de Borne","description":"En nog een WordPress site","publisher":{"@id":"https:\/\/www.vdborne.nl\/de\/#organization"},"potentialAction":[{"@type":"SearchAction","target":{"@type":"EntryPoint","urlTemplate":"https:\/\/www.vdborne.nl\/de\/?s={search_term_string}"},"query-input":{"@type":"PropertyValueSpecification","valueRequired":true,"valueName":"search_term_string"}}],"inLanguage":"de"},{"@type":"Organization","@id":"https:\/\/www.vdborne.nl\/de\/#organization","name":"Van de Borne","url":"https:\/\/www.vdborne.nl\/de\/","logo":{"@type":"ImageObject","inLanguage":"de","@id":"https:\/\/www.vdborne.nl\/de\/#\/schema\/logo\/image\/","url":"https:\/\/www.vdborne.nl\/wp-content\/uploads\/2023\/07\/logo-1.png","contentUrl":"https:\/\/www.vdborne.nl\/wp-content\/uploads\/2023\/07\/logo-1.png","width":120,"height":62,"caption":"Van de Borne"},"image":{"@id":"https:\/\/www.vdborne.nl\/de\/#\/schema\/logo\/image\/"},"sameAs":["https:\/\/www.facebook.com\/profile.php?id=100063606229530"]}]}},"_links":{"self":[{"href":"https:\/\/www.vdborne.nl\/de\/wp-json\/wp\/v2\/pages\/2746","targetHints":{"allow":["GET"]}}],"collection":[{"href":"https:\/\/www.vdborne.nl\/de\/wp-json\/wp\/v2\/pages"}],"about":[{"href":"https:\/\/www.vdborne.nl\/de\/wp-json\/wp\/v2\/types\/page"}],"author":[{"embeddable":true,"href":"https:\/\/www.vdborne.nl\/de\/wp-json\/wp\/v2\/users\/2"}],"replies":[{"embeddable":true,"href":"https:\/\/www.vdborne.nl\/de\/wp-json\/wp\/v2\/comments?post=2746"}],"version-history":[{"count":4,"href":"https:\/\/www.vdborne.nl\/de\/wp-json\/wp\/v2\/pages\/2746\/revisions"}],"predecessor-version":[{"id":2750,"href":"https:\/\/www.vdborne.nl\/de\/wp-json\/wp\/v2\/pages\/2746\/revisions\/2750"}],"up":[{"embeddable":true,"href":"https:\/\/www.vdborne.nl\/de\/wp-json\/wp\/v2\/pages\/263"}],"wp:featuredmedia":[{"embeddable":true,"href":"https:\/\/www.vdborne.nl\/de\/wp-json\/wp\/v2\/media\/4017"}],"wp:attachment":[{"href":"https:\/\/www.vdborne.nl\/de\/wp-json\/wp\/v2\/media?parent=2746"}],"curies":[{"name":"wp","href":"https:\/\/api.w.org\/{rel}","templated":true}]}}