{"id":2799,"date":"2019-02-01T10:06:36","date_gmt":"2019-02-01T09:06:36","guid":{"rendered":"http:\/\/www.vdborne.nl\/de\/?page_id=2799"},"modified":"2021-07-29T14:47:39","modified_gmt":"2021-07-29T12:47:39","slug":"sicherheitsbander","status":"publish","type":"page","link":"https:\/\/www.vdborne.nl\/de\/produkte\/ubriges\/sicherheitsbander\/","title":{"rendered":"Sicherheitsb\u00e4nder"},"content":{"rendered":"<p>Sicherheitsb\u00e4nder werden vor allem bei Transportunternehmen verwendet, wo schon einmal etwas schief gehen kann. F\u00fcr Sie und Ihre Kunden sehr \u00e4rgerlich. Sicherheitsb\u00e4nder k\u00f6nnen dazu beitragen, die Beschwerde zu vereinfachen. Ihr Kunde wird darauf hingewiesen, aktiv zu werden, falls das Band besch\u00e4digt oder ge\u00f6ffnet ist.<\/p>\n<p>Viele kennen bereits die blaue Variante. Nun sind Sicherheitsb\u00e4nder auch in Rot erh\u00e4ltlich und verst\u00e4rken mit dieser Farbe noch einmal die Warnung.<span class=\"Apple-converted-space\">\u00a0<\/span><\/p>\n<p><img decoding=\"async\" class=\"wp-image-2507 alignleft\" src=\"https:\/\/www.vdborne.nl\/wp-content\/uploads\/2018\/07\/security-tape-rood-en-blauw_smal-1024x330.png\" alt=\"\" width=\"600\" height=\"193\" srcset=\"https:\/\/www.vdborne.nl\/wp-content\/uploads\/2018\/07\/security-tape-rood-en-blauw_smal-1024x330.png 1024w, https:\/\/www.vdborne.nl\/wp-content\/uploads\/2018\/07\/security-tape-rood-en-blauw_smal-300x97.png 300w, https:\/\/www.vdborne.nl\/wp-content\/uploads\/2018\/07\/security-tape-rood-en-blauw_smal-768x248.png 768w, https:\/\/www.vdborne.nl\/wp-content\/uploads\/2018\/07\/security-tape-rood-en-blauw_smal-100x32.png 100w\" sizes=\"(max-width: 600px) 100vw, 600px\" \/><\/p>\n<p><strong>Merkmale:<\/strong><\/p>\n<ul>\n<li>Text in zwei Sprachen: Niederl\u00e4ndisch und Englisch<\/li>\n<li>PP-Klebeband 32\u03bc<\/li>\n<li>Under Surface-Druck und damit rei\u00dffest<\/li>\n<li>Mindestabnahme 1 Karton (36 Rollen)<\/li>\n<li>Weitere Produktmerkmale siehe <a href=\"https:\/\/www.vdborne.nl\/wp-content\/uploads\/2017\/12\/DATA-EN-PPA-UnderSurface-32%C2%B5.pdf\">Datenblatt<\/a><\/li>\n<\/ul>\n<p>Bitte <a href=\"https:\/\/www.vdborne.nl\/de\/kontakt\/\">kontaktieren<\/a> Sie uns f\u00fcr weitere Informationen<\/p>\n","protected":false},"excerpt":{"rendered":"<p>Sicherheitsb\u00e4nder werden vor allem bei Transportunternehmen verwendet, wo schon einmal etwas schief gehen kann. F\u00fcr Sie und Ihre Kunden sehr \u00e4rgerlich. Sicherheitsb\u00e4nder k\u00f6nnen dazu beitragen, die Beschwerde zu vereinfachen. Ihr Kunde wird darauf hingewiesen, aktiv zu werden, falls das Band besch\u00e4digt oder ge\u00f6ffnet ist. Viele kennen bereits die blaue Variante. Nun sind Sicherheitsb\u00e4nder auch in [&hellip;]<\/p>\n","protected":false},"author":2,"featured_media":4070,"parent":2488,"menu_order":54,"comment_status":"closed","ping_status":"closed","template":"","meta":{"footnotes":""},"class_list":["post-2799","page","type-page","status-publish","has-post-thumbnail","hentry"],"yoast_head":"<!-- This site is optimized with the Yoast SEO plugin v25.6 - https:\/\/yoast.com\/wordpress\/plugins\/seo\/ -->\n<title>Sicherheitsb\u00e4nder - Van de Borne<\/title>\n<meta name=\"robots\" content=\"index, follow, max-snippet:-1, max-image-preview:large, max-video-preview:-1\" \/>\n<link rel=\"canonical\" href=\"https:\/\/www.vdborne.nl\/de\/produkte\/ubriges\/sicherheitsbander\/\" \/>\n<meta property=\"og:locale\" content=\"de_DE\" \/>\n<meta property=\"og:type\" content=\"article\" \/>\n<meta property=\"og:title\" content=\"Sicherheitsb\u00e4nder - Van de Borne\" \/>\n<meta property=\"og:description\" content=\"Sicherheitsb\u00e4nder werden vor allem bei Transportunternehmen verwendet, wo schon einmal etwas schief gehen kann. F\u00fcr Sie und Ihre Kunden sehr \u00e4rgerlich. Sicherheitsb\u00e4nder k\u00f6nnen dazu beitragen, die Beschwerde zu vereinfachen. Ihr Kunde wird darauf hingewiesen, aktiv zu werden, falls das Band besch\u00e4digt oder ge\u00f6ffnet ist. Viele kennen bereits die blaue Variante. Nun sind Sicherheitsb\u00e4nder auch in [&hellip;]\" \/>\n<meta property=\"og:url\" content=\"https:\/\/www.vdborne.nl\/de\/produkte\/ubriges\/sicherheitsbander\/\" \/>\n<meta property=\"og:site_name\" content=\"Van de Borne\" \/>\n<meta property=\"article:publisher\" content=\"https:\/\/www.facebook.com\/profile.php?id=100063606229530\" \/>\n<meta property=\"article:modified_time\" content=\"2021-07-29T12:47:39+00:00\" \/>\n<meta property=\"og:image\" content=\"https:\/\/www.vdborne.nl\/wp-content\/uploads\/2020\/07\/Security-tape-500x500-1.png\" \/>\n\t<meta property=\"og:image:width\" content=\"500\" \/>\n\t<meta property=\"og:image:height\" content=\"500\" \/>\n\t<meta property=\"og:image:type\" content=\"image\/png\" \/>\n<meta name=\"twitter:card\" content=\"summary_large_image\" \/>\n<meta name=\"twitter:label1\" content=\"Gesch\u00e4tzte Lesezeit\" \/>\n\t<meta name=\"twitter:data1\" content=\"1\u00a0Minute\" \/>\n<script type=\"application\/ld+json\" class=\"yoast-schema-graph\">{\"@context\":\"https:\/\/schema.org\",\"@graph\":[{\"@type\":\"WebPage\",\"@id\":\"https:\/\/www.vdborne.nl\/de\/produkte\/ubriges\/sicherheitsbander\/\",\"url\":\"https:\/\/www.vdborne.nl\/de\/produkte\/ubriges\/sicherheitsbander\/\",\"name\":\"Sicherheitsb\u00e4nder - Van de Borne\",\"isPartOf\":{\"@id\":\"https:\/\/www.vdborne.nl\/de\/#website\"},\"primaryImageOfPage\":{\"@id\":\"https:\/\/www.vdborne.nl\/de\/produkte\/ubriges\/sicherheitsbander\/#primaryimage\"},\"image\":{\"@id\":\"https:\/\/www.vdborne.nl\/de\/produkte\/ubriges\/sicherheitsbander\/#primaryimage\"},\"thumbnailUrl\":\"https:\/\/www.vdborne.nl\/wp-content\/uploads\/2020\/07\/Security-tape-500x500-1.png\",\"datePublished\":\"2019-02-01T09:06:36+00:00\",\"dateModified\":\"2021-07-29T12:47:39+00:00\",\"breadcrumb\":{\"@id\":\"https:\/\/www.vdborne.nl\/de\/produkte\/ubriges\/sicherheitsbander\/#breadcrumb\"},\"inLanguage\":\"de\",\"potentialAction\":[{\"@type\":\"ReadAction\",\"target\":[\"https:\/\/www.vdborne.nl\/de\/produkte\/ubriges\/sicherheitsbander\/\"]}]},{\"@type\":\"ImageObject\",\"inLanguage\":\"de\",\"@id\":\"https:\/\/www.vdborne.nl\/de\/produkte\/ubriges\/sicherheitsbander\/#primaryimage\",\"url\":\"https:\/\/www.vdborne.nl\/wp-content\/uploads\/2020\/07\/Security-tape-500x500-1.png\",\"contentUrl\":\"https:\/\/www.vdborne.nl\/wp-content\/uploads\/2020\/07\/Security-tape-500x500-1.png\",\"width\":500,\"height\":500},{\"@type\":\"BreadcrumbList\",\"@id\":\"https:\/\/www.vdborne.nl\/de\/produkte\/ubriges\/sicherheitsbander\/#breadcrumb\",\"itemListElement\":[{\"@type\":\"ListItem\",\"position\":1,\"name\":\"Home\",\"item\":\"https:\/\/www.vdborne.nl\/de\/\"},{\"@type\":\"ListItem\",\"position\":2,\"name\":\"Produkte\",\"item\":\"https:\/\/www.vdborne.nl\/producten\/\"},{\"@type\":\"ListItem\",\"position\":3,\"name\":\"\u00dcbriges\",\"item\":\"https:\/\/www.vdborne.nl\/de\/produkte\/ubriges\/\"},{\"@type\":\"ListItem\",\"position\":4,\"name\":\"Sicherheitsb\u00e4nder\"}]},{\"@type\":\"WebSite\",\"@id\":\"https:\/\/www.vdborne.nl\/de\/#website\",\"url\":\"https:\/\/www.vdborne.nl\/de\/\",\"name\":\"Van de Borne\",\"description\":\"En nog een WordPress site\",\"publisher\":{\"@id\":\"https:\/\/www.vdborne.nl\/de\/#organization\"},\"potentialAction\":[{\"@type\":\"SearchAction\",\"target\":{\"@type\":\"EntryPoint\",\"urlTemplate\":\"https:\/\/www.vdborne.nl\/de\/?s={search_term_string}\"},\"query-input\":{\"@type\":\"PropertyValueSpecification\",\"valueRequired\":true,\"valueName\":\"search_term_string\"}}],\"inLanguage\":\"de\"},{\"@type\":\"Organization\",\"@id\":\"https:\/\/www.vdborne.nl\/de\/#organization\",\"name\":\"Van de Borne\",\"url\":\"https:\/\/www.vdborne.nl\/de\/\",\"logo\":{\"@type\":\"ImageObject\",\"inLanguage\":\"de\",\"@id\":\"https:\/\/www.vdborne.nl\/de\/#\/schema\/logo\/image\/\",\"url\":\"https:\/\/www.vdborne.nl\/wp-content\/uploads\/2023\/07\/logo-1.png\",\"contentUrl\":\"https:\/\/www.vdborne.nl\/wp-content\/uploads\/2023\/07\/logo-1.png\",\"width\":120,\"height\":62,\"caption\":\"Van de Borne\"},\"image\":{\"@id\":\"https:\/\/www.vdborne.nl\/de\/#\/schema\/logo\/image\/\"},\"sameAs\":[\"https:\/\/www.facebook.com\/profile.php?id=100063606229530\"]}]}<\/script>\n<!-- \/ Yoast SEO plugin. -->","yoast_head_json":{"title":"Sicherheitsb\u00e4nder - Van de Borne","robots":{"index":"index","follow":"follow","max-snippet":"max-snippet:-1","max-image-preview":"max-image-preview:large","max-video-preview":"max-video-preview:-1"},"canonical":"https:\/\/www.vdborne.nl\/de\/produkte\/ubriges\/sicherheitsbander\/","og_locale":"de_DE","og_type":"article","og_title":"Sicherheitsb\u00e4nder - Van de Borne","og_description":"Sicherheitsb\u00e4nder werden vor allem bei Transportunternehmen verwendet, wo schon einmal etwas schief gehen kann. F\u00fcr Sie und Ihre Kunden sehr \u00e4rgerlich. Sicherheitsb\u00e4nder k\u00f6nnen dazu beitragen, die Beschwerde zu vereinfachen. Ihr Kunde wird darauf hingewiesen, aktiv zu werden, falls das Band besch\u00e4digt oder ge\u00f6ffnet ist. Viele kennen bereits die blaue Variante. Nun sind Sicherheitsb\u00e4nder auch in [&hellip;]","og_url":"https:\/\/www.vdborne.nl\/de\/produkte\/ubriges\/sicherheitsbander\/","og_site_name":"Van de Borne","article_publisher":"https:\/\/www.facebook.com\/profile.php?id=100063606229530","article_modified_time":"2021-07-29T12:47:39+00:00","og_image":[{"width":500,"height":500,"url":"https:\/\/www.vdborne.nl\/wp-content\/uploads\/2020\/07\/Security-tape-500x500-1.png","type":"image\/png"}],"twitter_card":"summary_large_image","twitter_misc":{"Gesch\u00e4tzte Lesezeit":"1\u00a0Minute"},"schema":{"@context":"https:\/\/schema.org","@graph":[{"@type":"WebPage","@id":"https:\/\/www.vdborne.nl\/de\/produkte\/ubriges\/sicherheitsbander\/","url":"https:\/\/www.vdborne.nl\/de\/produkte\/ubriges\/sicherheitsbander\/","name":"Sicherheitsb\u00e4nder - Van de Borne","isPartOf":{"@id":"https:\/\/www.vdborne.nl\/de\/#website"},"primaryImageOfPage":{"@id":"https:\/\/www.vdborne.nl\/de\/produkte\/ubriges\/sicherheitsbander\/#primaryimage"},"image":{"@id":"https:\/\/www.vdborne.nl\/de\/produkte\/ubriges\/sicherheitsbander\/#primaryimage"},"thumbnailUrl":"https:\/\/www.vdborne.nl\/wp-content\/uploads\/2020\/07\/Security-tape-500x500-1.png","datePublished":"2019-02-01T09:06:36+00:00","dateModified":"2021-07-29T12:47:39+00:00","breadcrumb":{"@id":"https:\/\/www.vdborne.nl\/de\/produkte\/ubriges\/sicherheitsbander\/#breadcrumb"},"inLanguage":"de","potentialAction":[{"@type":"ReadAction","target":["https:\/\/www.vdborne.nl\/de\/produkte\/ubriges\/sicherheitsbander\/"]}]},{"@type":"ImageObject","inLanguage":"de","@id":"https:\/\/www.vdborne.nl\/de\/produkte\/ubriges\/sicherheitsbander\/#primaryimage","url":"https:\/\/www.vdborne.nl\/wp-content\/uploads\/2020\/07\/Security-tape-500x500-1.png","contentUrl":"https:\/\/www.vdborne.nl\/wp-content\/uploads\/2020\/07\/Security-tape-500x500-1.png","width":500,"height":500},{"@type":"BreadcrumbList","@id":"https:\/\/www.vdborne.nl\/de\/produkte\/ubriges\/sicherheitsbander\/#breadcrumb","itemListElement":[{"@type":"ListItem","position":1,"name":"Home","item":"https:\/\/www.vdborne.nl\/de\/"},{"@type":"ListItem","position":2,"name":"Produkte","item":"https:\/\/www.vdborne.nl\/producten\/"},{"@type":"ListItem","position":3,"name":"\u00dcbriges","item":"https:\/\/www.vdborne.nl\/de\/produkte\/ubriges\/"},{"@type":"ListItem","position":4,"name":"Sicherheitsb\u00e4nder"}]},{"@type":"WebSite","@id":"https:\/\/www.vdborne.nl\/de\/#website","url":"https:\/\/www.vdborne.nl\/de\/","name":"Van de Borne","description":"En nog een WordPress site","publisher":{"@id":"https:\/\/www.vdborne.nl\/de\/#organization"},"potentialAction":[{"@type":"SearchAction","target":{"@type":"EntryPoint","urlTemplate":"https:\/\/www.vdborne.nl\/de\/?s={search_term_string}"},"query-input":{"@type":"PropertyValueSpecification","valueRequired":true,"valueName":"search_term_string"}}],"inLanguage":"de"},{"@type":"Organization","@id":"https:\/\/www.vdborne.nl\/de\/#organization","name":"Van de Borne","url":"https:\/\/www.vdborne.nl\/de\/","logo":{"@type":"ImageObject","inLanguage":"de","@id":"https:\/\/www.vdborne.nl\/de\/#\/schema\/logo\/image\/","url":"https:\/\/www.vdborne.nl\/wp-content\/uploads\/2023\/07\/logo-1.png","contentUrl":"https:\/\/www.vdborne.nl\/wp-content\/uploads\/2023\/07\/logo-1.png","width":120,"height":62,"caption":"Van de Borne"},"image":{"@id":"https:\/\/www.vdborne.nl\/de\/#\/schema\/logo\/image\/"},"sameAs":["https:\/\/www.facebook.com\/profile.php?id=100063606229530"]}]}},"_links":{"self":[{"href":"https:\/\/www.vdborne.nl\/de\/wp-json\/wp\/v2\/pages\/2799","targetHints":{"allow":["GET"]}}],"collection":[{"href":"https:\/\/www.vdborne.nl\/de\/wp-json\/wp\/v2\/pages"}],"about":[{"href":"https:\/\/www.vdborne.nl\/de\/wp-json\/wp\/v2\/types\/page"}],"author":[{"embeddable":true,"href":"https:\/\/www.vdborne.nl\/de\/wp-json\/wp\/v2\/users\/2"}],"replies":[{"embeddable":true,"href":"https:\/\/www.vdborne.nl\/de\/wp-json\/wp\/v2\/comments?post=2799"}],"version-history":[{"count":10,"href":"https:\/\/www.vdborne.nl\/de\/wp-json\/wp\/v2\/pages\/2799\/revisions"}],"predecessor-version":[{"id":4337,"href":"https:\/\/www.vdborne.nl\/de\/wp-json\/wp\/v2\/pages\/2799\/revisions\/4337"}],"up":[{"embeddable":true,"href":"https:\/\/www.vdborne.nl\/de\/wp-json\/wp\/v2\/pages\/2488"}],"wp:featuredmedia":[{"embeddable":true,"href":"https:\/\/www.vdborne.nl\/de\/wp-json\/wp\/v2\/media\/4070"}],"wp:attachment":[{"href":"https:\/\/www.vdborne.nl\/de\/wp-json\/wp\/v2\/media?parent=2799"}],"curies":[{"name":"wp","href":"https:\/\/api.w.org\/{rel}","templated":true}]}}