{"id":2809,"date":"2019-02-01T10:19:23","date_gmt":"2019-02-01T09:19:23","guid":{"rendered":"http:\/\/www.vdborne.nl\/de\/?page_id=2809"},"modified":"2020-07-03T11:21:38","modified_gmt":"2020-07-03T09:21:38","slug":"nahtloser-druck","status":"publish","type":"page","link":"https:\/\/www.vdborne.nl\/de\/produkte\/ubriges\/nahtloser-druck\/","title":{"rendered":"Nahtloser Druck"},"content":{"rendered":"<p>Keine Unterbrechungen mehr erforderlich. Stattdessen verl\u00e4uft die Bedruckung durchgehend \u00fcber die gesamte L\u00e4nge der Rolle.<\/p>\n<p>Wir bieten Ihnen jetzt die M\u00f6glichkeit, jeden diapositiven und durchg\u00e4ngigen Druck nahtlos anzufertigen. Dies abh\u00e4ngig von Druckl\u00e4ngen und Farben zu g\u00fcnstigen Preisen f\u00fcr die Vorlagen.<span class=\"Apple-converted-space\">\u00a0<\/span><\/p>\n<p><a href=\"mailto:tape@vdborne.nl?subject=Nahtloser%20Druck\" target=\"_blank\" rel=\"noopener noreferrer\">Preise auf Anfrage.<\/a><\/p>\n","protected":false},"excerpt":{"rendered":"<p>Keine Unterbrechungen mehr erforderlich. Stattdessen verl\u00e4uft die Bedruckung durchgehend \u00fcber die gesamte L\u00e4nge der Rolle. Wir bieten Ihnen jetzt die M\u00f6glichkeit, jeden diapositiven und durchg\u00e4ngigen Druck nahtlos anzufertigen. Dies abh\u00e4ngig von Druckl\u00e4ngen und Farben zu g\u00fcnstigen Preisen f\u00fcr die Vorlagen.\u00a0 Preise auf Anfrage.<\/p>\n","protected":false},"author":2,"featured_media":4068,"parent":2488,"menu_order":53,"comment_status":"closed","ping_status":"closed","template":"","meta":{"footnotes":""},"class_list":["post-2809","page","type-page","status-publish","has-post-thumbnail","hentry"],"yoast_head":"<!-- This site is optimized with the Yoast SEO plugin v25.6 - https:\/\/yoast.com\/wordpress\/plugins\/seo\/ -->\n<title>Nahtloser Druck - Van de Borne<\/title>\n<meta name=\"robots\" content=\"index, follow, max-snippet:-1, max-image-preview:large, max-video-preview:-1\" \/>\n<link rel=\"canonical\" href=\"https:\/\/www.vdborne.nl\/de\/produkte\/ubriges\/nahtloser-druck\/\" \/>\n<meta property=\"og:locale\" content=\"de_DE\" \/>\n<meta property=\"og:type\" content=\"article\" \/>\n<meta property=\"og:title\" content=\"Nahtloser Druck - Van de Borne\" \/>\n<meta property=\"og:description\" content=\"Keine Unterbrechungen mehr erforderlich. Stattdessen verl\u00e4uft die Bedruckung durchgehend \u00fcber die gesamte L\u00e4nge der Rolle. Wir bieten Ihnen jetzt die M\u00f6glichkeit, jeden diapositiven und durchg\u00e4ngigen Druck nahtlos anzufertigen. Dies abh\u00e4ngig von Druckl\u00e4ngen und Farben zu g\u00fcnstigen Preisen f\u00fcr die Vorlagen.\u00a0 Preise auf Anfrage.\" \/>\n<meta property=\"og:url\" content=\"https:\/\/www.vdborne.nl\/de\/produkte\/ubriges\/nahtloser-druck\/\" \/>\n<meta property=\"og:site_name\" content=\"Van de Borne\" \/>\n<meta property=\"article:publisher\" content=\"https:\/\/www.facebook.com\/profile.php?id=100063606229530\" \/>\n<meta property=\"article:modified_time\" content=\"2020-07-03T09:21:38+00:00\" \/>\n<meta property=\"og:image\" content=\"https:\/\/www.vdborne.nl\/wp-content\/uploads\/2020\/07\/Bedrukken-zonder-lasnaad-500x500-1.png\" \/>\n\t<meta property=\"og:image:width\" content=\"500\" \/>\n\t<meta property=\"og:image:height\" content=\"500\" \/>\n\t<meta property=\"og:image:type\" content=\"image\/png\" \/>\n<meta name=\"twitter:card\" content=\"summary_large_image\" \/>\n<script type=\"application\/ld+json\" class=\"yoast-schema-graph\">{\"@context\":\"https:\/\/schema.org\",\"@graph\":[{\"@type\":\"WebPage\",\"@id\":\"https:\/\/www.vdborne.nl\/de\/produkte\/ubriges\/nahtloser-druck\/\",\"url\":\"https:\/\/www.vdborne.nl\/de\/produkte\/ubriges\/nahtloser-druck\/\",\"name\":\"Nahtloser Druck - Van de Borne\",\"isPartOf\":{\"@id\":\"https:\/\/www.vdborne.nl\/de\/#website\"},\"primaryImageOfPage\":{\"@id\":\"https:\/\/www.vdborne.nl\/de\/produkte\/ubriges\/nahtloser-druck\/#primaryimage\"},\"image\":{\"@id\":\"https:\/\/www.vdborne.nl\/de\/produkte\/ubriges\/nahtloser-druck\/#primaryimage\"},\"thumbnailUrl\":\"https:\/\/www.vdborne.nl\/wp-content\/uploads\/2020\/07\/Bedrukken-zonder-lasnaad-500x500-1.png\",\"datePublished\":\"2019-02-01T09:19:23+00:00\",\"dateModified\":\"2020-07-03T09:21:38+00:00\",\"breadcrumb\":{\"@id\":\"https:\/\/www.vdborne.nl\/de\/produkte\/ubriges\/nahtloser-druck\/#breadcrumb\"},\"inLanguage\":\"de\",\"potentialAction\":[{\"@type\":\"ReadAction\",\"target\":[\"https:\/\/www.vdborne.nl\/de\/produkte\/ubriges\/nahtloser-druck\/\"]}]},{\"@type\":\"ImageObject\",\"inLanguage\":\"de\",\"@id\":\"https:\/\/www.vdborne.nl\/de\/produkte\/ubriges\/nahtloser-druck\/#primaryimage\",\"url\":\"https:\/\/www.vdborne.nl\/wp-content\/uploads\/2020\/07\/Bedrukken-zonder-lasnaad-500x500-1.png\",\"contentUrl\":\"https:\/\/www.vdborne.nl\/wp-content\/uploads\/2020\/07\/Bedrukken-zonder-lasnaad-500x500-1.png\",\"width\":500,\"height\":500},{\"@type\":\"BreadcrumbList\",\"@id\":\"https:\/\/www.vdborne.nl\/de\/produkte\/ubriges\/nahtloser-druck\/#breadcrumb\",\"itemListElement\":[{\"@type\":\"ListItem\",\"position\":1,\"name\":\"Home\",\"item\":\"https:\/\/www.vdborne.nl\/de\/\"},{\"@type\":\"ListItem\",\"position\":2,\"name\":\"Produkte\",\"item\":\"https:\/\/www.vdborne.nl\/producten\/\"},{\"@type\":\"ListItem\",\"position\":3,\"name\":\"\u00dcbriges\",\"item\":\"https:\/\/www.vdborne.nl\/de\/produkte\/ubriges\/\"},{\"@type\":\"ListItem\",\"position\":4,\"name\":\"Nahtloser Druck\"}]},{\"@type\":\"WebSite\",\"@id\":\"https:\/\/www.vdborne.nl\/de\/#website\",\"url\":\"https:\/\/www.vdborne.nl\/de\/\",\"name\":\"Van de Borne\",\"description\":\"En nog een WordPress site\",\"publisher\":{\"@id\":\"https:\/\/www.vdborne.nl\/de\/#organization\"},\"potentialAction\":[{\"@type\":\"SearchAction\",\"target\":{\"@type\":\"EntryPoint\",\"urlTemplate\":\"https:\/\/www.vdborne.nl\/de\/?s={search_term_string}\"},\"query-input\":{\"@type\":\"PropertyValueSpecification\",\"valueRequired\":true,\"valueName\":\"search_term_string\"}}],\"inLanguage\":\"de\"},{\"@type\":\"Organization\",\"@id\":\"https:\/\/www.vdborne.nl\/de\/#organization\",\"name\":\"Van de Borne\",\"url\":\"https:\/\/www.vdborne.nl\/de\/\",\"logo\":{\"@type\":\"ImageObject\",\"inLanguage\":\"de\",\"@id\":\"https:\/\/www.vdborne.nl\/de\/#\/schema\/logo\/image\/\",\"url\":\"https:\/\/www.vdborne.nl\/wp-content\/uploads\/2023\/07\/logo-1.png\",\"contentUrl\":\"https:\/\/www.vdborne.nl\/wp-content\/uploads\/2023\/07\/logo-1.png\",\"width\":120,\"height\":62,\"caption\":\"Van de Borne\"},\"image\":{\"@id\":\"https:\/\/www.vdborne.nl\/de\/#\/schema\/logo\/image\/\"},\"sameAs\":[\"https:\/\/www.facebook.com\/profile.php?id=100063606229530\"]}]}<\/script>\n<!-- \/ Yoast SEO plugin. -->","yoast_head_json":{"title":"Nahtloser Druck - Van de Borne","robots":{"index":"index","follow":"follow","max-snippet":"max-snippet:-1","max-image-preview":"max-image-preview:large","max-video-preview":"max-video-preview:-1"},"canonical":"https:\/\/www.vdborne.nl\/de\/produkte\/ubriges\/nahtloser-druck\/","og_locale":"de_DE","og_type":"article","og_title":"Nahtloser Druck - Van de Borne","og_description":"Keine Unterbrechungen mehr erforderlich. Stattdessen verl\u00e4uft die Bedruckung durchgehend \u00fcber die gesamte L\u00e4nge der Rolle. Wir bieten Ihnen jetzt die M\u00f6glichkeit, jeden diapositiven und durchg\u00e4ngigen Druck nahtlos anzufertigen. Dies abh\u00e4ngig von Druckl\u00e4ngen und Farben zu g\u00fcnstigen Preisen f\u00fcr die Vorlagen.\u00a0 Preise auf Anfrage.","og_url":"https:\/\/www.vdborne.nl\/de\/produkte\/ubriges\/nahtloser-druck\/","og_site_name":"Van de Borne","article_publisher":"https:\/\/www.facebook.com\/profile.php?id=100063606229530","article_modified_time":"2020-07-03T09:21:38+00:00","og_image":[{"width":500,"height":500,"url":"https:\/\/www.vdborne.nl\/wp-content\/uploads\/2020\/07\/Bedrukken-zonder-lasnaad-500x500-1.png","type":"image\/png"}],"twitter_card":"summary_large_image","schema":{"@context":"https:\/\/schema.org","@graph":[{"@type":"WebPage","@id":"https:\/\/www.vdborne.nl\/de\/produkte\/ubriges\/nahtloser-druck\/","url":"https:\/\/www.vdborne.nl\/de\/produkte\/ubriges\/nahtloser-druck\/","name":"Nahtloser Druck - Van de Borne","isPartOf":{"@id":"https:\/\/www.vdborne.nl\/de\/#website"},"primaryImageOfPage":{"@id":"https:\/\/www.vdborne.nl\/de\/produkte\/ubriges\/nahtloser-druck\/#primaryimage"},"image":{"@id":"https:\/\/www.vdborne.nl\/de\/produkte\/ubriges\/nahtloser-druck\/#primaryimage"},"thumbnailUrl":"https:\/\/www.vdborne.nl\/wp-content\/uploads\/2020\/07\/Bedrukken-zonder-lasnaad-500x500-1.png","datePublished":"2019-02-01T09:19:23+00:00","dateModified":"2020-07-03T09:21:38+00:00","breadcrumb":{"@id":"https:\/\/www.vdborne.nl\/de\/produkte\/ubriges\/nahtloser-druck\/#breadcrumb"},"inLanguage":"de","potentialAction":[{"@type":"ReadAction","target":["https:\/\/www.vdborne.nl\/de\/produkte\/ubriges\/nahtloser-druck\/"]}]},{"@type":"ImageObject","inLanguage":"de","@id":"https:\/\/www.vdborne.nl\/de\/produkte\/ubriges\/nahtloser-druck\/#primaryimage","url":"https:\/\/www.vdborne.nl\/wp-content\/uploads\/2020\/07\/Bedrukken-zonder-lasnaad-500x500-1.png","contentUrl":"https:\/\/www.vdborne.nl\/wp-content\/uploads\/2020\/07\/Bedrukken-zonder-lasnaad-500x500-1.png","width":500,"height":500},{"@type":"BreadcrumbList","@id":"https:\/\/www.vdborne.nl\/de\/produkte\/ubriges\/nahtloser-druck\/#breadcrumb","itemListElement":[{"@type":"ListItem","position":1,"name":"Home","item":"https:\/\/www.vdborne.nl\/de\/"},{"@type":"ListItem","position":2,"name":"Produkte","item":"https:\/\/www.vdborne.nl\/producten\/"},{"@type":"ListItem","position":3,"name":"\u00dcbriges","item":"https:\/\/www.vdborne.nl\/de\/produkte\/ubriges\/"},{"@type":"ListItem","position":4,"name":"Nahtloser Druck"}]},{"@type":"WebSite","@id":"https:\/\/www.vdborne.nl\/de\/#website","url":"https:\/\/www.vdborne.nl\/de\/","name":"Van de Borne","description":"En nog een WordPress site","publisher":{"@id":"https:\/\/www.vdborne.nl\/de\/#organization"},"potentialAction":[{"@type":"SearchAction","target":{"@type":"EntryPoint","urlTemplate":"https:\/\/www.vdborne.nl\/de\/?s={search_term_string}"},"query-input":{"@type":"PropertyValueSpecification","valueRequired":true,"valueName":"search_term_string"}}],"inLanguage":"de"},{"@type":"Organization","@id":"https:\/\/www.vdborne.nl\/de\/#organization","name":"Van de Borne","url":"https:\/\/www.vdborne.nl\/de\/","logo":{"@type":"ImageObject","inLanguage":"de","@id":"https:\/\/www.vdborne.nl\/de\/#\/schema\/logo\/image\/","url":"https:\/\/www.vdborne.nl\/wp-content\/uploads\/2023\/07\/logo-1.png","contentUrl":"https:\/\/www.vdborne.nl\/wp-content\/uploads\/2023\/07\/logo-1.png","width":120,"height":62,"caption":"Van de Borne"},"image":{"@id":"https:\/\/www.vdborne.nl\/de\/#\/schema\/logo\/image\/"},"sameAs":["https:\/\/www.facebook.com\/profile.php?id=100063606229530"]}]}},"_links":{"self":[{"href":"https:\/\/www.vdborne.nl\/de\/wp-json\/wp\/v2\/pages\/2809","targetHints":{"allow":["GET"]}}],"collection":[{"href":"https:\/\/www.vdborne.nl\/de\/wp-json\/wp\/v2\/pages"}],"about":[{"href":"https:\/\/www.vdborne.nl\/de\/wp-json\/wp\/v2\/types\/page"}],"author":[{"embeddable":true,"href":"https:\/\/www.vdborne.nl\/de\/wp-json\/wp\/v2\/users\/2"}],"replies":[{"embeddable":true,"href":"https:\/\/www.vdborne.nl\/de\/wp-json\/wp\/v2\/comments?post=2809"}],"version-history":[{"count":1,"href":"https:\/\/www.vdborne.nl\/de\/wp-json\/wp\/v2\/pages\/2809\/revisions"}],"predecessor-version":[{"id":2810,"href":"https:\/\/www.vdborne.nl\/de\/wp-json\/wp\/v2\/pages\/2809\/revisions\/2810"}],"up":[{"embeddable":true,"href":"https:\/\/www.vdborne.nl\/de\/wp-json\/wp\/v2\/pages\/2488"}],"wp:featuredmedia":[{"embeddable":true,"href":"https:\/\/www.vdborne.nl\/de\/wp-json\/wp\/v2\/media\/4068"}],"wp:attachment":[{"href":"https:\/\/www.vdborne.nl\/de\/wp-json\/wp\/v2\/media?parent=2809"}],"curies":[{"name":"wp","href":"https:\/\/api.w.org\/{rel}","templated":true}]}}