{"id":2811,"date":"2019-02-01T10:39:40","date_gmt":"2019-02-01T09:39:40","guid":{"rendered":"http:\/\/www.vdborne.nl\/de\/?page_id=2811"},"modified":"2020-07-03T11:20:58","modified_gmt":"2020-07-03T09:20:58","slug":"absperrband-beidseitig-bedruckt","status":"publish","type":"page","link":"https:\/\/www.vdborne.nl\/de\/produkte\/ubriges\/absperrband-beidseitig-bedruckt\/","title":{"rendered":"Absperrband beidseitig bedruckt"},"content":{"rendered":"<p>Neben einseitig bedruckten Absperrb\u00e4ndern bieten wir die M\u00f6glichkeit zu beidseitig bedruckten Absperrb\u00e4ndern. Auf diese Weise ist Ihr Unternehmen oder Produkt auf beiden Seiten zu sehen. Ideal als Werbematerial bei zeitweiligen Absperrungen und Events.<\/p>\n<ul>\n<li>Bedruckbar in verschiedenen Farben<\/li>\n<li>Breite: 60-1200mm<\/li>\n<li>L\u00e4nge: min. 250 bis max. 500 Meter<\/li>\n<li>Dicke: 30-150\u00b5m<\/li>\n<\/ul>\n<p><strong>Minimumabnahme:<\/strong><\/p>\n<ul>\n<li>1 bis 2 Farben: 50 Rollen zu je 250 Metern<\/li>\n<li>3 Farben: 100 Follen zu je 250 Metern<\/li>\n<li>Ab 4 Farben: 300 Rollen zu je 250 Metern<\/li>\n<\/ul>\n<p><a href=\"mailto:tape@vdborne.nl?subject=Information%20Absperrband\" target=\"_blank\" rel=\"noopener noreferrer\" data-cke-saved-href=\"mailto:tape@vdborne.nl?subject=Vraag%20n.a.v.%20nieuwsbrief%20Afzetlint\">Kontaktieren<\/a>\u00a0Sie uns\u00a0f\u00fcr weitere Informationen.<\/p>\n","protected":false},"excerpt":{"rendered":"<p>Neben einseitig bedruckten Absperrb\u00e4ndern bieten wir die M\u00f6glichkeit zu beidseitig bedruckten Absperrb\u00e4ndern. Auf diese Weise ist Ihr Unternehmen oder Produkt auf beiden Seiten zu sehen. Ideal als Werbematerial bei zeitweiligen Absperrungen und Events. Bedruckbar in verschiedenen Farben Breite: 60-1200mm L\u00e4nge: min. 250 bis max. 500 Meter Dicke: 30-150\u00b5m Minimumabnahme: 1 bis 2 Farben: 50 Rollen [&hellip;]<\/p>\n","protected":false},"author":2,"featured_media":4066,"parent":2488,"menu_order":52,"comment_status":"closed","ping_status":"closed","template":"","meta":{"footnotes":""},"class_list":["post-2811","page","type-page","status-publish","has-post-thumbnail","hentry"],"yoast_head":"<!-- This site is optimized with the Yoast SEO plugin v25.6 - https:\/\/yoast.com\/wordpress\/plugins\/seo\/ -->\n<title>Absperrband beidseitig bedruckt - Van de Borne<\/title>\n<meta name=\"robots\" content=\"index, follow, max-snippet:-1, max-image-preview:large, max-video-preview:-1\" \/>\n<link rel=\"canonical\" href=\"https:\/\/www.vdborne.nl\/de\/produkte\/ubriges\/absperrband-beidseitig-bedruckt\/\" \/>\n<meta property=\"og:locale\" content=\"de_DE\" \/>\n<meta property=\"og:type\" content=\"article\" \/>\n<meta property=\"og:title\" content=\"Absperrband beidseitig bedruckt - Van de Borne\" \/>\n<meta property=\"og:description\" content=\"Neben einseitig bedruckten Absperrb\u00e4ndern bieten wir die M\u00f6glichkeit zu beidseitig bedruckten Absperrb\u00e4ndern. Auf diese Weise ist Ihr Unternehmen oder Produkt auf beiden Seiten zu sehen. Ideal als Werbematerial bei zeitweiligen Absperrungen und Events. Bedruckbar in verschiedenen Farben Breite: 60-1200mm L\u00e4nge: min. 250 bis max. 500 Meter Dicke: 30-150\u00b5m Minimumabnahme: 1 bis 2 Farben: 50 Rollen [&hellip;]\" \/>\n<meta property=\"og:url\" content=\"https:\/\/www.vdborne.nl\/de\/produkte\/ubriges\/absperrband-beidseitig-bedruckt\/\" \/>\n<meta property=\"og:site_name\" content=\"Van de Borne\" \/>\n<meta property=\"article:publisher\" content=\"https:\/\/www.facebook.com\/profile.php?id=100063606229530\" \/>\n<meta property=\"article:modified_time\" content=\"2020-07-03T09:20:58+00:00\" \/>\n<meta property=\"og:image\" content=\"https:\/\/www.vdborne.nl\/wp-content\/uploads\/2020\/07\/Afzetlint-500x500-1.png\" \/>\n\t<meta property=\"og:image:width\" content=\"500\" \/>\n\t<meta property=\"og:image:height\" content=\"500\" \/>\n\t<meta property=\"og:image:type\" content=\"image\/png\" \/>\n<meta name=\"twitter:card\" content=\"summary_large_image\" \/>\n<script type=\"application\/ld+json\" class=\"yoast-schema-graph\">{\"@context\":\"https:\/\/schema.org\",\"@graph\":[{\"@type\":\"WebPage\",\"@id\":\"https:\/\/www.vdborne.nl\/de\/produkte\/ubriges\/absperrband-beidseitig-bedruckt\/\",\"url\":\"https:\/\/www.vdborne.nl\/de\/produkte\/ubriges\/absperrband-beidseitig-bedruckt\/\",\"name\":\"Absperrband beidseitig bedruckt - Van de Borne\",\"isPartOf\":{\"@id\":\"https:\/\/www.vdborne.nl\/de\/#website\"},\"primaryImageOfPage\":{\"@id\":\"https:\/\/www.vdborne.nl\/de\/produkte\/ubriges\/absperrband-beidseitig-bedruckt\/#primaryimage\"},\"image\":{\"@id\":\"https:\/\/www.vdborne.nl\/de\/produkte\/ubriges\/absperrband-beidseitig-bedruckt\/#primaryimage\"},\"thumbnailUrl\":\"https:\/\/www.vdborne.nl\/wp-content\/uploads\/2020\/07\/Afzetlint-500x500-1.png\",\"datePublished\":\"2019-02-01T09:39:40+00:00\",\"dateModified\":\"2020-07-03T09:20:58+00:00\",\"breadcrumb\":{\"@id\":\"https:\/\/www.vdborne.nl\/de\/produkte\/ubriges\/absperrband-beidseitig-bedruckt\/#breadcrumb\"},\"inLanguage\":\"de\",\"potentialAction\":[{\"@type\":\"ReadAction\",\"target\":[\"https:\/\/www.vdborne.nl\/de\/produkte\/ubriges\/absperrband-beidseitig-bedruckt\/\"]}]},{\"@type\":\"ImageObject\",\"inLanguage\":\"de\",\"@id\":\"https:\/\/www.vdborne.nl\/de\/produkte\/ubriges\/absperrband-beidseitig-bedruckt\/#primaryimage\",\"url\":\"https:\/\/www.vdborne.nl\/wp-content\/uploads\/2020\/07\/Afzetlint-500x500-1.png\",\"contentUrl\":\"https:\/\/www.vdborne.nl\/wp-content\/uploads\/2020\/07\/Afzetlint-500x500-1.png\",\"width\":500,\"height\":500},{\"@type\":\"BreadcrumbList\",\"@id\":\"https:\/\/www.vdborne.nl\/de\/produkte\/ubriges\/absperrband-beidseitig-bedruckt\/#breadcrumb\",\"itemListElement\":[{\"@type\":\"ListItem\",\"position\":1,\"name\":\"Home\",\"item\":\"https:\/\/www.vdborne.nl\/de\/\"},{\"@type\":\"ListItem\",\"position\":2,\"name\":\"Produkte\",\"item\":\"https:\/\/www.vdborne.nl\/producten\/\"},{\"@type\":\"ListItem\",\"position\":3,\"name\":\"\u00dcbriges\",\"item\":\"https:\/\/www.vdborne.nl\/de\/produkte\/ubriges\/\"},{\"@type\":\"ListItem\",\"position\":4,\"name\":\"Absperrband beidseitig bedruckt\"}]},{\"@type\":\"WebSite\",\"@id\":\"https:\/\/www.vdborne.nl\/de\/#website\",\"url\":\"https:\/\/www.vdborne.nl\/de\/\",\"name\":\"Van de Borne\",\"description\":\"En nog een WordPress site\",\"publisher\":{\"@id\":\"https:\/\/www.vdborne.nl\/de\/#organization\"},\"potentialAction\":[{\"@type\":\"SearchAction\",\"target\":{\"@type\":\"EntryPoint\",\"urlTemplate\":\"https:\/\/www.vdborne.nl\/de\/?s={search_term_string}\"},\"query-input\":{\"@type\":\"PropertyValueSpecification\",\"valueRequired\":true,\"valueName\":\"search_term_string\"}}],\"inLanguage\":\"de\"},{\"@type\":\"Organization\",\"@id\":\"https:\/\/www.vdborne.nl\/de\/#organization\",\"name\":\"Van de Borne\",\"url\":\"https:\/\/www.vdborne.nl\/de\/\",\"logo\":{\"@type\":\"ImageObject\",\"inLanguage\":\"de\",\"@id\":\"https:\/\/www.vdborne.nl\/de\/#\/schema\/logo\/image\/\",\"url\":\"https:\/\/www.vdborne.nl\/wp-content\/uploads\/2023\/07\/logo-1.png\",\"contentUrl\":\"https:\/\/www.vdborne.nl\/wp-content\/uploads\/2023\/07\/logo-1.png\",\"width\":120,\"height\":62,\"caption\":\"Van de Borne\"},\"image\":{\"@id\":\"https:\/\/www.vdborne.nl\/de\/#\/schema\/logo\/image\/\"},\"sameAs\":[\"https:\/\/www.facebook.com\/profile.php?id=100063606229530\"]}]}<\/script>\n<!-- \/ Yoast SEO plugin. -->","yoast_head_json":{"title":"Absperrband beidseitig bedruckt - Van de Borne","robots":{"index":"index","follow":"follow","max-snippet":"max-snippet:-1","max-image-preview":"max-image-preview:large","max-video-preview":"max-video-preview:-1"},"canonical":"https:\/\/www.vdborne.nl\/de\/produkte\/ubriges\/absperrband-beidseitig-bedruckt\/","og_locale":"de_DE","og_type":"article","og_title":"Absperrband beidseitig bedruckt - Van de Borne","og_description":"Neben einseitig bedruckten Absperrb\u00e4ndern bieten wir die M\u00f6glichkeit zu beidseitig bedruckten Absperrb\u00e4ndern. Auf diese Weise ist Ihr Unternehmen oder Produkt auf beiden Seiten zu sehen. Ideal als Werbematerial bei zeitweiligen Absperrungen und Events. Bedruckbar in verschiedenen Farben Breite: 60-1200mm L\u00e4nge: min. 250 bis max. 500 Meter Dicke: 30-150\u00b5m Minimumabnahme: 1 bis 2 Farben: 50 Rollen [&hellip;]","og_url":"https:\/\/www.vdborne.nl\/de\/produkte\/ubriges\/absperrband-beidseitig-bedruckt\/","og_site_name":"Van de Borne","article_publisher":"https:\/\/www.facebook.com\/profile.php?id=100063606229530","article_modified_time":"2020-07-03T09:20:58+00:00","og_image":[{"width":500,"height":500,"url":"https:\/\/www.vdborne.nl\/wp-content\/uploads\/2020\/07\/Afzetlint-500x500-1.png","type":"image\/png"}],"twitter_card":"summary_large_image","schema":{"@context":"https:\/\/schema.org","@graph":[{"@type":"WebPage","@id":"https:\/\/www.vdborne.nl\/de\/produkte\/ubriges\/absperrband-beidseitig-bedruckt\/","url":"https:\/\/www.vdborne.nl\/de\/produkte\/ubriges\/absperrband-beidseitig-bedruckt\/","name":"Absperrband beidseitig bedruckt - Van de Borne","isPartOf":{"@id":"https:\/\/www.vdborne.nl\/de\/#website"},"primaryImageOfPage":{"@id":"https:\/\/www.vdborne.nl\/de\/produkte\/ubriges\/absperrband-beidseitig-bedruckt\/#primaryimage"},"image":{"@id":"https:\/\/www.vdborne.nl\/de\/produkte\/ubriges\/absperrband-beidseitig-bedruckt\/#primaryimage"},"thumbnailUrl":"https:\/\/www.vdborne.nl\/wp-content\/uploads\/2020\/07\/Afzetlint-500x500-1.png","datePublished":"2019-02-01T09:39:40+00:00","dateModified":"2020-07-03T09:20:58+00:00","breadcrumb":{"@id":"https:\/\/www.vdborne.nl\/de\/produkte\/ubriges\/absperrband-beidseitig-bedruckt\/#breadcrumb"},"inLanguage":"de","potentialAction":[{"@type":"ReadAction","target":["https:\/\/www.vdborne.nl\/de\/produkte\/ubriges\/absperrband-beidseitig-bedruckt\/"]}]},{"@type":"ImageObject","inLanguage":"de","@id":"https:\/\/www.vdborne.nl\/de\/produkte\/ubriges\/absperrband-beidseitig-bedruckt\/#primaryimage","url":"https:\/\/www.vdborne.nl\/wp-content\/uploads\/2020\/07\/Afzetlint-500x500-1.png","contentUrl":"https:\/\/www.vdborne.nl\/wp-content\/uploads\/2020\/07\/Afzetlint-500x500-1.png","width":500,"height":500},{"@type":"BreadcrumbList","@id":"https:\/\/www.vdborne.nl\/de\/produkte\/ubriges\/absperrband-beidseitig-bedruckt\/#breadcrumb","itemListElement":[{"@type":"ListItem","position":1,"name":"Home","item":"https:\/\/www.vdborne.nl\/de\/"},{"@type":"ListItem","position":2,"name":"Produkte","item":"https:\/\/www.vdborne.nl\/producten\/"},{"@type":"ListItem","position":3,"name":"\u00dcbriges","item":"https:\/\/www.vdborne.nl\/de\/produkte\/ubriges\/"},{"@type":"ListItem","position":4,"name":"Absperrband beidseitig bedruckt"}]},{"@type":"WebSite","@id":"https:\/\/www.vdborne.nl\/de\/#website","url":"https:\/\/www.vdborne.nl\/de\/","name":"Van de Borne","description":"En nog een WordPress site","publisher":{"@id":"https:\/\/www.vdborne.nl\/de\/#organization"},"potentialAction":[{"@type":"SearchAction","target":{"@type":"EntryPoint","urlTemplate":"https:\/\/www.vdborne.nl\/de\/?s={search_term_string}"},"query-input":{"@type":"PropertyValueSpecification","valueRequired":true,"valueName":"search_term_string"}}],"inLanguage":"de"},{"@type":"Organization","@id":"https:\/\/www.vdborne.nl\/de\/#organization","name":"Van de Borne","url":"https:\/\/www.vdborne.nl\/de\/","logo":{"@type":"ImageObject","inLanguage":"de","@id":"https:\/\/www.vdborne.nl\/de\/#\/schema\/logo\/image\/","url":"https:\/\/www.vdborne.nl\/wp-content\/uploads\/2023\/07\/logo-1.png","contentUrl":"https:\/\/www.vdborne.nl\/wp-content\/uploads\/2023\/07\/logo-1.png","width":120,"height":62,"caption":"Van de Borne"},"image":{"@id":"https:\/\/www.vdborne.nl\/de\/#\/schema\/logo\/image\/"},"sameAs":["https:\/\/www.facebook.com\/profile.php?id=100063606229530"]}]}},"_links":{"self":[{"href":"https:\/\/www.vdborne.nl\/de\/wp-json\/wp\/v2\/pages\/2811","targetHints":{"allow":["GET"]}}],"collection":[{"href":"https:\/\/www.vdborne.nl\/de\/wp-json\/wp\/v2\/pages"}],"about":[{"href":"https:\/\/www.vdborne.nl\/de\/wp-json\/wp\/v2\/types\/page"}],"author":[{"embeddable":true,"href":"https:\/\/www.vdborne.nl\/de\/wp-json\/wp\/v2\/users\/2"}],"replies":[{"embeddable":true,"href":"https:\/\/www.vdborne.nl\/de\/wp-json\/wp\/v2\/comments?post=2811"}],"version-history":[{"count":4,"href":"https:\/\/www.vdborne.nl\/de\/wp-json\/wp\/v2\/pages\/2811\/revisions"}],"predecessor-version":[{"id":2817,"href":"https:\/\/www.vdborne.nl\/de\/wp-json\/wp\/v2\/pages\/2811\/revisions\/2817"}],"up":[{"embeddable":true,"href":"https:\/\/www.vdborne.nl\/de\/wp-json\/wp\/v2\/pages\/2488"}],"wp:featuredmedia":[{"embeddable":true,"href":"https:\/\/www.vdborne.nl\/de\/wp-json\/wp\/v2\/media\/4066"}],"wp:attachment":[{"href":"https:\/\/www.vdborne.nl\/de\/wp-json\/wp\/v2\/media?parent=2811"}],"curies":[{"name":"wp","href":"https:\/\/api.w.org\/{rel}","templated":true}]}}