{"id":2821,"date":"2019-02-01T11:38:44","date_gmt":"2019-02-01T10:38:44","guid":{"rendered":"http:\/\/www.vdborne.nl\/de\/?page_id=2821"},"modified":"2020-07-03T11:19:52","modified_gmt":"2020-07-03T09:19:52","slug":"papierband","status":"publish","type":"page","link":"https:\/\/www.vdborne.nl\/de\/produkte\/ubriges\/papierband\/","title":{"rendered":"Papierband"},"content":{"rendered":"<h4>Repr\u00e4sentativ und umweltfreundlich.<\/h4>\n<p>Papierb\u00e4nder sind besonders umweltfreundlich. Die B\u00e4nder k\u00f6nnen vollst\u00e4ndig verwertet und gemeinsam mit Kartons recycelt werden. Ein brauner Karton mit braunem Klebeband aus Papier wirkt repr\u00e4sentativ und strahlt Umweltbewusstsein aus.<\/p>\n<p>Daneben ist Papierband auch noch sehr sicher. Es klebt fest am Karton und l\u00e4sst sich nicht entfernen, ohne dabei sichtbare Spuren zu hinterlassen.<span class=\"Apple-converted-space\">\u00a0<\/span><\/p>\n<p>Bei schweren Verpackungen ist es m\u00f6glich, das Klebeband mit Fasern zu verst\u00e4rken.<span class=\"Apple-converted-space\">\u00a0<\/span><\/p>\n<p>&nbsp;<\/p>\n<p>Wir bieten zwei verschiedene Sorten Packband:<\/p>\n<h3><a href=\"https:\/\/www.vdborne.nl\/de\/produkte\/klebeband\/selbstklebendes-papier\/\">Selbstklebendes Papier<\/a><\/h3>\n<h5>Packband auf Papierbasis mit einer Klebeschicht aus nat\u00fcrlichem Gummi.<span class=\"Apple-converted-space\">\u00a0<\/span><\/h5>\n<ul>\n<li>Schnellklebend<span class=\"Apple-converted-space\">\u00a0<\/span><\/li>\n<li>Rollenbreite: 19-150mm<\/li>\n<li>L\u00e4nge: 50-500m<\/li>\n<li>Bedruckung m\u00f6glich<\/li>\n<li>Faserverst\u00e4rkung m\u00f6glich<\/li>\n<li>Erh\u00e4ltlich in Wei\u00df und Braun<\/li>\n<\/ul>\n<h3><a href=\"https:\/\/www.vdborne.nl\/de\/produkte\/klebeband\/gummiertes-papier\/\"><b>Gummiertes Papier<\/b><\/a><\/h3>\n<h5>Packband aus Papier mit hervorragend klebender Gummierung.<span class=\"Apple-converted-space\">\u00a0<\/span><\/h5>\n<ul>\n<li>Klebt hervorragend<\/li>\n<li>Rollenbreite: 50-150mm<\/li>\n<li>L\u00e4nge: 500m<span class=\"Apple-converted-space\">\u00a0<\/span><\/li>\n<li>Bedruckung m\u00f6glich<\/li>\n<li>Faserverst\u00e4rkung m\u00f6glich<\/li>\n<li>Erh\u00e4ltlich in Braun, Wei\u00df und Wei\u00df-Braun<\/li>\n<li>Verarbeitungsmaschine erforderlich<\/li>\n<\/ul>\n<p><a href=\"mailto:a.neggers@vdborne.nl?subject=Information%20Papierband\" target=\"_blank\" rel=\"noopener noreferrer\" data-cke-saved-href=\"mailto:tape@vdborne.nl?subject=Vraag%20n.a.v.%20nieuwsbrief%20Afzetlint\">Kontaktieren<\/a>\u00a0Sie uns f\u00fcr weitere Informationen.<\/p>\n","protected":false},"excerpt":{"rendered":"<p>Repr\u00e4sentativ und umweltfreundlich. Papierb\u00e4nder sind besonders umweltfreundlich. Die B\u00e4nder k\u00f6nnen vollst\u00e4ndig verwertet und gemeinsam mit Kartons recycelt werden. Ein brauner Karton mit braunem Klebeband aus Papier wirkt repr\u00e4sentativ und strahlt Umweltbewusstsein aus. Daneben ist Papierband auch noch sehr sicher. Es klebt fest am Karton und l\u00e4sst sich nicht entfernen, ohne dabei sichtbare Spuren zu hinterlassen.\u00a0 [&hellip;]<\/p>\n","protected":false},"author":2,"featured_media":4064,"parent":2488,"menu_order":52,"comment_status":"closed","ping_status":"closed","template":"","meta":{"footnotes":""},"class_list":["post-2821","page","type-page","status-publish","has-post-thumbnail","hentry"],"yoast_head":"<!-- This site is optimized with the Yoast SEO plugin v25.6 - https:\/\/yoast.com\/wordpress\/plugins\/seo\/ -->\n<title>Papierband - Van de Borne<\/title>\n<meta name=\"robots\" content=\"index, follow, max-snippet:-1, max-image-preview:large, max-video-preview:-1\" \/>\n<link rel=\"canonical\" href=\"https:\/\/www.vdborne.nl\/de\/produkte\/ubriges\/papierband\/\" \/>\n<meta property=\"og:locale\" content=\"de_DE\" \/>\n<meta property=\"og:type\" content=\"article\" \/>\n<meta property=\"og:title\" content=\"Papierband - Van de Borne\" \/>\n<meta property=\"og:description\" content=\"Repr\u00e4sentativ und umweltfreundlich. Papierb\u00e4nder sind besonders umweltfreundlich. Die B\u00e4nder k\u00f6nnen vollst\u00e4ndig verwertet und gemeinsam mit Kartons recycelt werden. Ein brauner Karton mit braunem Klebeband aus Papier wirkt repr\u00e4sentativ und strahlt Umweltbewusstsein aus. Daneben ist Papierband auch noch sehr sicher. Es klebt fest am Karton und l\u00e4sst sich nicht entfernen, ohne dabei sichtbare Spuren zu hinterlassen.\u00a0 [&hellip;]\" \/>\n<meta property=\"og:url\" content=\"https:\/\/www.vdborne.nl\/de\/produkte\/ubriges\/papierband\/\" \/>\n<meta property=\"og:site_name\" content=\"Van de Borne\" \/>\n<meta property=\"article:publisher\" content=\"https:\/\/www.facebook.com\/profile.php?id=100063606229530\" \/>\n<meta property=\"article:modified_time\" content=\"2020-07-03T09:19:52+00:00\" \/>\n<meta property=\"og:image\" content=\"https:\/\/www.vdborne.nl\/wp-content\/uploads\/2020\/07\/Papieren-tape-500x500-1.png\" \/>\n\t<meta property=\"og:image:width\" content=\"500\" \/>\n\t<meta property=\"og:image:height\" content=\"500\" \/>\n\t<meta property=\"og:image:type\" content=\"image\/png\" \/>\n<meta name=\"twitter:card\" content=\"summary_large_image\" \/>\n<meta name=\"twitter:label1\" content=\"Gesch\u00e4tzte Lesezeit\" \/>\n\t<meta name=\"twitter:data1\" content=\"1\u00a0Minute\" \/>\n<script type=\"application\/ld+json\" class=\"yoast-schema-graph\">{\"@context\":\"https:\/\/schema.org\",\"@graph\":[{\"@type\":\"WebPage\",\"@id\":\"https:\/\/www.vdborne.nl\/de\/produkte\/ubriges\/papierband\/\",\"url\":\"https:\/\/www.vdborne.nl\/de\/produkte\/ubriges\/papierband\/\",\"name\":\"Papierband - Van de Borne\",\"isPartOf\":{\"@id\":\"https:\/\/www.vdborne.nl\/de\/#website\"},\"primaryImageOfPage\":{\"@id\":\"https:\/\/www.vdborne.nl\/de\/produkte\/ubriges\/papierband\/#primaryimage\"},\"image\":{\"@id\":\"https:\/\/www.vdborne.nl\/de\/produkte\/ubriges\/papierband\/#primaryimage\"},\"thumbnailUrl\":\"https:\/\/www.vdborne.nl\/wp-content\/uploads\/2020\/07\/Papieren-tape-500x500-1.png\",\"datePublished\":\"2019-02-01T10:38:44+00:00\",\"dateModified\":\"2020-07-03T09:19:52+00:00\",\"breadcrumb\":{\"@id\":\"https:\/\/www.vdborne.nl\/de\/produkte\/ubriges\/papierband\/#breadcrumb\"},\"inLanguage\":\"de\",\"potentialAction\":[{\"@type\":\"ReadAction\",\"target\":[\"https:\/\/www.vdborne.nl\/de\/produkte\/ubriges\/papierband\/\"]}]},{\"@type\":\"ImageObject\",\"inLanguage\":\"de\",\"@id\":\"https:\/\/www.vdborne.nl\/de\/produkte\/ubriges\/papierband\/#primaryimage\",\"url\":\"https:\/\/www.vdborne.nl\/wp-content\/uploads\/2020\/07\/Papieren-tape-500x500-1.png\",\"contentUrl\":\"https:\/\/www.vdborne.nl\/wp-content\/uploads\/2020\/07\/Papieren-tape-500x500-1.png\",\"width\":500,\"height\":500},{\"@type\":\"BreadcrumbList\",\"@id\":\"https:\/\/www.vdborne.nl\/de\/produkte\/ubriges\/papierband\/#breadcrumb\",\"itemListElement\":[{\"@type\":\"ListItem\",\"position\":1,\"name\":\"Home\",\"item\":\"https:\/\/www.vdborne.nl\/de\/\"},{\"@type\":\"ListItem\",\"position\":2,\"name\":\"Produkte\",\"item\":\"https:\/\/www.vdborne.nl\/producten\/\"},{\"@type\":\"ListItem\",\"position\":3,\"name\":\"\u00dcbriges\",\"item\":\"https:\/\/www.vdborne.nl\/de\/produkte\/ubriges\/\"},{\"@type\":\"ListItem\",\"position\":4,\"name\":\"Papierband\"}]},{\"@type\":\"WebSite\",\"@id\":\"https:\/\/www.vdborne.nl\/de\/#website\",\"url\":\"https:\/\/www.vdborne.nl\/de\/\",\"name\":\"Van de Borne\",\"description\":\"En nog een WordPress site\",\"publisher\":{\"@id\":\"https:\/\/www.vdborne.nl\/de\/#organization\"},\"potentialAction\":[{\"@type\":\"SearchAction\",\"target\":{\"@type\":\"EntryPoint\",\"urlTemplate\":\"https:\/\/www.vdborne.nl\/de\/?s={search_term_string}\"},\"query-input\":{\"@type\":\"PropertyValueSpecification\",\"valueRequired\":true,\"valueName\":\"search_term_string\"}}],\"inLanguage\":\"de\"},{\"@type\":\"Organization\",\"@id\":\"https:\/\/www.vdborne.nl\/de\/#organization\",\"name\":\"Van de Borne\",\"url\":\"https:\/\/www.vdborne.nl\/de\/\",\"logo\":{\"@type\":\"ImageObject\",\"inLanguage\":\"de\",\"@id\":\"https:\/\/www.vdborne.nl\/de\/#\/schema\/logo\/image\/\",\"url\":\"https:\/\/www.vdborne.nl\/wp-content\/uploads\/2023\/07\/logo-1.png\",\"contentUrl\":\"https:\/\/www.vdborne.nl\/wp-content\/uploads\/2023\/07\/logo-1.png\",\"width\":120,\"height\":62,\"caption\":\"Van de Borne\"},\"image\":{\"@id\":\"https:\/\/www.vdborne.nl\/de\/#\/schema\/logo\/image\/\"},\"sameAs\":[\"https:\/\/www.facebook.com\/profile.php?id=100063606229530\"]}]}<\/script>\n<!-- \/ Yoast SEO plugin. -->","yoast_head_json":{"title":"Papierband - Van de Borne","robots":{"index":"index","follow":"follow","max-snippet":"max-snippet:-1","max-image-preview":"max-image-preview:large","max-video-preview":"max-video-preview:-1"},"canonical":"https:\/\/www.vdborne.nl\/de\/produkte\/ubriges\/papierband\/","og_locale":"de_DE","og_type":"article","og_title":"Papierband - Van de Borne","og_description":"Repr\u00e4sentativ und umweltfreundlich. Papierb\u00e4nder sind besonders umweltfreundlich. Die B\u00e4nder k\u00f6nnen vollst\u00e4ndig verwertet und gemeinsam mit Kartons recycelt werden. Ein brauner Karton mit braunem Klebeband aus Papier wirkt repr\u00e4sentativ und strahlt Umweltbewusstsein aus. Daneben ist Papierband auch noch sehr sicher. Es klebt fest am Karton und l\u00e4sst sich nicht entfernen, ohne dabei sichtbare Spuren zu hinterlassen.\u00a0 [&hellip;]","og_url":"https:\/\/www.vdborne.nl\/de\/produkte\/ubriges\/papierband\/","og_site_name":"Van de Borne","article_publisher":"https:\/\/www.facebook.com\/profile.php?id=100063606229530","article_modified_time":"2020-07-03T09:19:52+00:00","og_image":[{"width":500,"height":500,"url":"https:\/\/www.vdborne.nl\/wp-content\/uploads\/2020\/07\/Papieren-tape-500x500-1.png","type":"image\/png"}],"twitter_card":"summary_large_image","twitter_misc":{"Gesch\u00e4tzte Lesezeit":"1\u00a0Minute"},"schema":{"@context":"https:\/\/schema.org","@graph":[{"@type":"WebPage","@id":"https:\/\/www.vdborne.nl\/de\/produkte\/ubriges\/papierband\/","url":"https:\/\/www.vdborne.nl\/de\/produkte\/ubriges\/papierband\/","name":"Papierband - Van de Borne","isPartOf":{"@id":"https:\/\/www.vdborne.nl\/de\/#website"},"primaryImageOfPage":{"@id":"https:\/\/www.vdborne.nl\/de\/produkte\/ubriges\/papierband\/#primaryimage"},"image":{"@id":"https:\/\/www.vdborne.nl\/de\/produkte\/ubriges\/papierband\/#primaryimage"},"thumbnailUrl":"https:\/\/www.vdborne.nl\/wp-content\/uploads\/2020\/07\/Papieren-tape-500x500-1.png","datePublished":"2019-02-01T10:38:44+00:00","dateModified":"2020-07-03T09:19:52+00:00","breadcrumb":{"@id":"https:\/\/www.vdborne.nl\/de\/produkte\/ubriges\/papierband\/#breadcrumb"},"inLanguage":"de","potentialAction":[{"@type":"ReadAction","target":["https:\/\/www.vdborne.nl\/de\/produkte\/ubriges\/papierband\/"]}]},{"@type":"ImageObject","inLanguage":"de","@id":"https:\/\/www.vdborne.nl\/de\/produkte\/ubriges\/papierband\/#primaryimage","url":"https:\/\/www.vdborne.nl\/wp-content\/uploads\/2020\/07\/Papieren-tape-500x500-1.png","contentUrl":"https:\/\/www.vdborne.nl\/wp-content\/uploads\/2020\/07\/Papieren-tape-500x500-1.png","width":500,"height":500},{"@type":"BreadcrumbList","@id":"https:\/\/www.vdborne.nl\/de\/produkte\/ubriges\/papierband\/#breadcrumb","itemListElement":[{"@type":"ListItem","position":1,"name":"Home","item":"https:\/\/www.vdborne.nl\/de\/"},{"@type":"ListItem","position":2,"name":"Produkte","item":"https:\/\/www.vdborne.nl\/producten\/"},{"@type":"ListItem","position":3,"name":"\u00dcbriges","item":"https:\/\/www.vdborne.nl\/de\/produkte\/ubriges\/"},{"@type":"ListItem","position":4,"name":"Papierband"}]},{"@type":"WebSite","@id":"https:\/\/www.vdborne.nl\/de\/#website","url":"https:\/\/www.vdborne.nl\/de\/","name":"Van de Borne","description":"En nog een WordPress site","publisher":{"@id":"https:\/\/www.vdborne.nl\/de\/#organization"},"potentialAction":[{"@type":"SearchAction","target":{"@type":"EntryPoint","urlTemplate":"https:\/\/www.vdborne.nl\/de\/?s={search_term_string}"},"query-input":{"@type":"PropertyValueSpecification","valueRequired":true,"valueName":"search_term_string"}}],"inLanguage":"de"},{"@type":"Organization","@id":"https:\/\/www.vdborne.nl\/de\/#organization","name":"Van de Borne","url":"https:\/\/www.vdborne.nl\/de\/","logo":{"@type":"ImageObject","inLanguage":"de","@id":"https:\/\/www.vdborne.nl\/de\/#\/schema\/logo\/image\/","url":"https:\/\/www.vdborne.nl\/wp-content\/uploads\/2023\/07\/logo-1.png","contentUrl":"https:\/\/www.vdborne.nl\/wp-content\/uploads\/2023\/07\/logo-1.png","width":120,"height":62,"caption":"Van de Borne"},"image":{"@id":"https:\/\/www.vdborne.nl\/de\/#\/schema\/logo\/image\/"},"sameAs":["https:\/\/www.facebook.com\/profile.php?id=100063606229530"]}]}},"_links":{"self":[{"href":"https:\/\/www.vdborne.nl\/de\/wp-json\/wp\/v2\/pages\/2821","targetHints":{"allow":["GET"]}}],"collection":[{"href":"https:\/\/www.vdborne.nl\/de\/wp-json\/wp\/v2\/pages"}],"about":[{"href":"https:\/\/www.vdborne.nl\/de\/wp-json\/wp\/v2\/types\/page"}],"author":[{"embeddable":true,"href":"https:\/\/www.vdborne.nl\/de\/wp-json\/wp\/v2\/users\/2"}],"replies":[{"embeddable":true,"href":"https:\/\/www.vdborne.nl\/de\/wp-json\/wp\/v2\/comments?post=2821"}],"version-history":[{"count":1,"href":"https:\/\/www.vdborne.nl\/de\/wp-json\/wp\/v2\/pages\/2821\/revisions"}],"predecessor-version":[{"id":2822,"href":"https:\/\/www.vdborne.nl\/de\/wp-json\/wp\/v2\/pages\/2821\/revisions\/2822"}],"up":[{"embeddable":true,"href":"https:\/\/www.vdborne.nl\/de\/wp-json\/wp\/v2\/pages\/2488"}],"wp:featuredmedia":[{"embeddable":true,"href":"https:\/\/www.vdborne.nl\/de\/wp-json\/wp\/v2\/media\/4064"}],"wp:attachment":[{"href":"https:\/\/www.vdborne.nl\/de\/wp-json\/wp\/v2\/media?parent=2821"}],"curies":[{"name":"wp","href":"https:\/\/api.w.org\/{rel}","templated":true}]}}