{"id":2825,"date":"2020-03-12T13:58:35","date_gmt":"2020-03-12T12:58:35","guid":{"rendered":"http:\/\/www.vdborne.nl\/de\/?page_id=2825"},"modified":"2020-07-03T12:47:10","modified_gmt":"2020-07-03T10:47:10","slug":"2b2-klebeband","status":"publish","type":"page","link":"https:\/\/www.vdborne.nl\/de\/produkte\/spender\/2b2-klebeband\/","title":{"rendered":"2B2 Klebeband"},"content":{"rendered":"<p>Mit diesem Spender f\u00fcr unsere 2B2-Klebeb\u00e4nder verschlie\u00dfen Sie Plastikt\u00fcten in einer einzigen Bewegung. Dank der Kombination aus hochwertigem Papier und Klebeband l\u00e4sst sich der Verschluss ganz leicht wieder \u00f6ffnen.<span class=\"Apple-converted-space\">\u00a0<\/span><\/p>\n<p><img decoding=\"async\" class=\"alignleft wp-image-3198\" src=\"https:\/\/www.vdborne.nl\/wp-content\/uploads\/2019\/07\/Groente-geel-300x300.jpg\" alt=\"\" width=\"200\" height=\"200\" srcset=\"https:\/\/www.vdborne.nl\/wp-content\/uploads\/2019\/07\/Groente-geel-300x300.jpg 300w, https:\/\/www.vdborne.nl\/wp-content\/uploads\/2019\/07\/Groente-geel-150x150.jpg 150w, https:\/\/www.vdborne.nl\/wp-content\/uploads\/2019\/07\/Groente-geel-390x390.jpg 390w, https:\/\/www.vdborne.nl\/wp-content\/uploads\/2019\/07\/Groente-geel-100x100.jpg 100w, https:\/\/www.vdborne.nl\/wp-content\/uploads\/2019\/07\/Groente-geel.jpg 591w\" sizes=\"(max-width: 200px) 100vw, 200px\" \/> <img decoding=\"async\" class=\"alignleft wp-image-3199\" src=\"https:\/\/www.vdborne.nl\/wp-content\/uploads\/2019\/07\/Brood-rood-150x150.jpg\" alt=\"\" width=\"200\" height=\"200\" srcset=\"https:\/\/www.vdborne.nl\/wp-content\/uploads\/2019\/07\/Brood-rood-150x150.jpg 150w, https:\/\/www.vdborne.nl\/wp-content\/uploads\/2019\/07\/Brood-rood-300x300.jpg 300w, https:\/\/www.vdborne.nl\/wp-content\/uploads\/2019\/07\/Brood-rood-390x390.jpg 390w, https:\/\/www.vdborne.nl\/wp-content\/uploads\/2019\/07\/Brood-rood-100x100.jpg 100w, https:\/\/www.vdborne.nl\/wp-content\/uploads\/2019\/07\/Brood-rood.jpg 591w\" sizes=\"(max-width: 200px) 100vw, 200px\" \/><\/p>\n<p>&nbsp;<\/p>\n<p>&nbsp;<\/p>\n<div id=\"threesixty-slider-3148_aYbanA\" class=\"threesixty-loading threesixty-image threesixty-light-blue threesixty-flat-round threesixty-no-border\" style=\"width: 400px;\">\r\n\t<div class=\"threesixty-preview-3148_aYbanA\"><img decoding=\"async\" class=\"threesixty-preview-image\" src=\"https:\/\/www.vdborne.nl\/wp-content\/uploads\/2019\/07\/00045-1.jpg\"\/><\/div>\r\n\t<div class=\"threesixty-spinner threesixty-spinner-3148_aYbanA\">\r\n\t\t<span>0%<\/span>\r\n\t<\/div>\r\n\t<ol class=\"threesixty-images threesixty-images-3148_aYbanA\"><\/ol>\r\n\t\t\t<a href=\"#threesixty-slider-3148_aYbanA\" class=\"threesixty-mfp-anchor\"><\/a>\r\n\t<\/div>\r\n<!--SPV--><script type=\"text\/javascript\">\/\/SPV\r\n(function($) {\r\n\t\"use strict\";\r\n\t\t$('#threesixty-slider-3148_aYbanA .threesixty-mfp-anchor').magnificPopup({\r\n\t\ttype:'inline',\r\n\t\tcloseOnBgClick: true,\r\n\t\tmidClick: true,\r\n\t\tcallbacks: {\r\n\t\t\t resize: function() {\r\n\t\t\t \tvar originalHeight \t= 480,\r\n\t\t\t \t\toriginalWidth \t= 720,\r\n\t\t\t \t\tmfpHeight \t\t= 480,\r\n\t\t\t \t\tmfpWidth \t\t= 720,\r\n\t\t\t \t\tratio \t\t\t= originalWidth \/ originalHeight,\r\n\t\t\t \t\twinHeight \t\t= $(window).height(),\r\n\t\t\t \t\twinWidth \t\t= $(window).width();\r\n\t\t\t \t\r\n\t\t\t \tif ( originalHeight > winHeight * 0.9 ) {\r\n\t\t\t \t\tmfpHeight \t\t= winHeight * 0.9;\r\n\t\t\t \t\tmfpWidth \t\t= mfpHeight * ratio;\r\n\t\t\t\t}\r\n\t\t\t\tif ( mfpWidth > winWidth * 0.9 ) {\r\n\t\t\t \t\tmfpWidth \t\t= winWidth * 0.9;\r\n\t\t\t \t\tmfpHeight \t\t= mfpWidth \/ ratio;\r\n\t\t\t\t}\r\n\t\t\t \tif ( mfpHeight < originalHeight && mfpWidth < originalWidth ) {\r\n\t\t\t\t    $('#threesixty-slider-3148_aYbanA').height(mfpHeight);\r\n\t\t\t\t    $('#threesixty-slider-3148_aYbanA').width(mfpWidth);\r\n\t\t\t\t} \r\n\t\t\t\telse {\r\n\t\t\t\t    $('#threesixty-slider-3148_aYbanA').height(originalHeight);\r\n\t\t\t\t    $('#threesixty-slider-3148_aYbanA').width(originalWidth);\r\n\t\t\t\t}\r\n\t\t\t},\r\n\t\t\tclose: function() {\r\n\t\t\t    $('#threesixty-slider-3148_aYbanA').height('auto');\r\n\t\t\t    $('#threesixty-slider-3148_aYbanA').width(400);\r\n\t\t\t}\r\n\t\t},\r\n\t\tcloseMarkup :\"<button class=\\\"mfp-close\\\"><\/button>\"\r\n\t});\r\n\t\tvar product_3148_aYbanA = $('#threesixty-slider-3148_aYbanA').ThreeSixty({\r\n\t\ttotalFrames: 45,\r\n\t\tendFrame: 0,\r\n\t\tcurrentFrame: 45,\r\n\t\timgList: '.threesixty-images-3148_aYbanA',\r\n\t\tprogress: '.threesixty-spinner-3148_aYbanA',\r\n\t\tpreview: '.threesixty-preview-3148_aYbanA',\r\n\t\timages: ['https:\/\/www.vdborne.nl\/wp-content\/uploads\/2019\/07\/00001-1.jpg','https:\/\/www.vdborne.nl\/wp-content\/uploads\/2019\/07\/00002-1.jpg','https:\/\/www.vdborne.nl\/wp-content\/uploads\/2019\/07\/00003-1.jpg','https:\/\/www.vdborne.nl\/wp-content\/uploads\/2019\/07\/00004-1.jpg','https:\/\/www.vdborne.nl\/wp-content\/uploads\/2019\/07\/00005-1.jpg','https:\/\/www.vdborne.nl\/wp-content\/uploads\/2019\/07\/00006-1.jpg','https:\/\/www.vdborne.nl\/wp-content\/uploads\/2019\/07\/00007-1.jpg','https:\/\/www.vdborne.nl\/wp-content\/uploads\/2019\/07\/00008-1.jpg','https:\/\/www.vdborne.nl\/wp-content\/uploads\/2019\/07\/00009-1.jpg','https:\/\/www.vdborne.nl\/wp-content\/uploads\/2019\/07\/00010-1.jpg','https:\/\/www.vdborne.nl\/wp-content\/uploads\/2019\/07\/00011-1.jpg','https:\/\/www.vdborne.nl\/wp-content\/uploads\/2019\/07\/00012-1.jpg','https:\/\/www.vdborne.nl\/wp-content\/uploads\/2019\/07\/00013-1.jpg','https:\/\/www.vdborne.nl\/wp-content\/uploads\/2019\/07\/00014-1.jpg','https:\/\/www.vdborne.nl\/wp-content\/uploads\/2019\/07\/00015-1.jpg','https:\/\/www.vdborne.nl\/wp-content\/uploads\/2019\/07\/00016-1.jpg','https:\/\/www.vdborne.nl\/wp-content\/uploads\/2019\/07\/00017-1.jpg','https:\/\/www.vdborne.nl\/wp-content\/uploads\/2019\/07\/00018-1.jpg','https:\/\/www.vdborne.nl\/wp-content\/uploads\/2019\/07\/00019-1.jpg','https:\/\/www.vdborne.nl\/wp-content\/uploads\/2019\/07\/00020-1.jpg','https:\/\/www.vdborne.nl\/wp-content\/uploads\/2019\/07\/00021-1.jpg','https:\/\/www.vdborne.nl\/wp-content\/uploads\/2019\/07\/00022-1.jpg','https:\/\/www.vdborne.nl\/wp-content\/uploads\/2019\/07\/00023-1.jpg','https:\/\/www.vdborne.nl\/wp-content\/uploads\/2019\/07\/00024-1.jpg','https:\/\/www.vdborne.nl\/wp-content\/uploads\/2019\/07\/00025-1.jpg','https:\/\/www.vdborne.nl\/wp-content\/uploads\/2019\/07\/00026-1.jpg','https:\/\/www.vdborne.nl\/wp-content\/uploads\/2019\/07\/00027-1.jpg','https:\/\/www.vdborne.nl\/wp-content\/uploads\/2019\/07\/00028-1.jpg','https:\/\/www.vdborne.nl\/wp-content\/uploads\/2019\/07\/00029-1.jpg','https:\/\/www.vdborne.nl\/wp-content\/uploads\/2019\/07\/00030-1.jpg','https:\/\/www.vdborne.nl\/wp-content\/uploads\/2019\/07\/00031-1.jpg','https:\/\/www.vdborne.nl\/wp-content\/uploads\/2019\/07\/00032-1.jpg','https:\/\/www.vdborne.nl\/wp-content\/uploads\/2019\/07\/00033-1.jpg','https:\/\/www.vdborne.nl\/wp-content\/uploads\/2019\/07\/00034-1.jpg','https:\/\/www.vdborne.nl\/wp-content\/uploads\/2019\/07\/00035-1.jpg','https:\/\/www.vdborne.nl\/wp-content\/uploads\/2019\/07\/00036-1.jpg','https:\/\/www.vdborne.nl\/wp-content\/uploads\/2019\/07\/00037-1.jpg','https:\/\/www.vdborne.nl\/wp-content\/uploads\/2019\/07\/00038-1.jpg','https:\/\/www.vdborne.nl\/wp-content\/uploads\/2019\/07\/00039-1.jpg','https:\/\/www.vdborne.nl\/wp-content\/uploads\/2019\/07\/00040-1.jpg','https:\/\/www.vdborne.nl\/wp-content\/uploads\/2019\/07\/00041-1.jpg','https:\/\/www.vdborne.nl\/wp-content\/uploads\/2019\/07\/00042-1.jpg','https:\/\/www.vdborne.nl\/wp-content\/uploads\/2019\/07\/00043-1.jpg','https:\/\/www.vdborne.nl\/wp-content\/uploads\/2019\/07\/00044-1.jpg','https:\/\/www.vdborne.nl\/wp-content\/uploads\/2019\/07\/00045-1.jpg'],\r\n\t\theight: 0,\r\n\t\twidth: 400,\r\n\t\tnavigation: true,\r\n\t\tdrag: true,\r\n\t\tshowCursor: true,\r\n\t\tinterval: 40,\r\n\t\tspeedMultiplier: 7,\r\n\t\tmonitorInt: 10,\r\n\t\t\t\tonReady: function() {\r\n\t\t\t$(\"#threesixty-slider-3148_aYbanA\").removeClass('threesixty-loading');\r\n\t\t\t\t\t\t\t\t}\r\n\t\t\t});\r\n\t\t\t}(jQuery));\r\n<\/script>\n","protected":false},"excerpt":{"rendered":"<p>Mit diesem Spender f\u00fcr unsere 2B2-Klebeb\u00e4nder verschlie\u00dfen Sie Plastikt\u00fcten in einer einzigen Bewegung. Dank der Kombination aus hochwertigem Papier und Klebeband l\u00e4sst sich der Verschluss ganz leicht wieder \u00f6ffnen.\u00a0 &nbsp; &nbsp;<\/p>\n","protected":false},"author":2,"featured_media":4090,"parent":2823,"menu_order":48,"comment_status":"closed","ping_status":"closed","template":"","meta":{"footnotes":""},"class_list":["post-2825","page","type-page","status-publish","has-post-thumbnail","hentry"],"yoast_head":"<!-- This site is optimized with the Yoast SEO plugin v25.6 - https:\/\/yoast.com\/wordpress\/plugins\/seo\/ -->\n<title>2B2 Klebeband - Van de Borne<\/title>\n<meta name=\"robots\" content=\"index, follow, max-snippet:-1, max-image-preview:large, max-video-preview:-1\" \/>\n<link rel=\"canonical\" href=\"https:\/\/www.vdborne.nl\/de\/produkte\/spender\/2b2-klebeband\/\" \/>\n<meta property=\"og:locale\" content=\"de_DE\" \/>\n<meta property=\"og:type\" content=\"article\" \/>\n<meta property=\"og:title\" content=\"2B2 Klebeband - Van de Borne\" \/>\n<meta property=\"og:description\" content=\"Mit diesem Spender f\u00fcr unsere 2B2-Klebeb\u00e4nder verschlie\u00dfen Sie Plastikt\u00fcten in einer einzigen Bewegung. Dank der Kombination aus hochwertigem Papier und Klebeband l\u00e4sst sich der Verschluss ganz leicht wieder \u00f6ffnen.\u00a0 &nbsp; &nbsp;\" \/>\n<meta property=\"og:url\" content=\"https:\/\/www.vdborne.nl\/de\/produkte\/spender\/2b2-klebeband\/\" \/>\n<meta property=\"og:site_name\" content=\"Van de Borne\" \/>\n<meta property=\"article:publisher\" content=\"https:\/\/www.facebook.com\/profile.php?id=100063606229530\" \/>\n<meta property=\"article:modified_time\" content=\"2020-07-03T10:47:10+00:00\" \/>\n<meta property=\"og:image\" content=\"https:\/\/www.vdborne.nl\/wp-content\/uploads\/2020\/07\/2b2-dispenser-500x500-1.png\" \/>\n\t<meta property=\"og:image:width\" content=\"500\" \/>\n\t<meta property=\"og:image:height\" content=\"500\" \/>\n\t<meta property=\"og:image:type\" content=\"image\/png\" \/>\n<meta name=\"twitter:card\" content=\"summary_large_image\" \/>\n<script type=\"application\/ld+json\" class=\"yoast-schema-graph\">{\"@context\":\"https:\/\/schema.org\",\"@graph\":[{\"@type\":\"WebPage\",\"@id\":\"https:\/\/www.vdborne.nl\/de\/produkte\/spender\/2b2-klebeband\/\",\"url\":\"https:\/\/www.vdborne.nl\/de\/produkte\/spender\/2b2-klebeband\/\",\"name\":\"2B2 Klebeband - Van de Borne\",\"isPartOf\":{\"@id\":\"https:\/\/www.vdborne.nl\/de\/#website\"},\"primaryImageOfPage\":{\"@id\":\"https:\/\/www.vdborne.nl\/de\/produkte\/spender\/2b2-klebeband\/#primaryimage\"},\"image\":{\"@id\":\"https:\/\/www.vdborne.nl\/de\/produkte\/spender\/2b2-klebeband\/#primaryimage\"},\"thumbnailUrl\":\"https:\/\/www.vdborne.nl\/wp-content\/uploads\/2020\/07\/2b2-dispenser-500x500-1.png\",\"datePublished\":\"2020-03-12T12:58:35+00:00\",\"dateModified\":\"2020-07-03T10:47:10+00:00\",\"breadcrumb\":{\"@id\":\"https:\/\/www.vdborne.nl\/de\/produkte\/spender\/2b2-klebeband\/#breadcrumb\"},\"inLanguage\":\"de\",\"potentialAction\":[{\"@type\":\"ReadAction\",\"target\":[\"https:\/\/www.vdborne.nl\/de\/produkte\/spender\/2b2-klebeband\/\"]}]},{\"@type\":\"ImageObject\",\"inLanguage\":\"de\",\"@id\":\"https:\/\/www.vdborne.nl\/de\/produkte\/spender\/2b2-klebeband\/#primaryimage\",\"url\":\"https:\/\/www.vdborne.nl\/wp-content\/uploads\/2020\/07\/2b2-dispenser-500x500-1.png\",\"contentUrl\":\"https:\/\/www.vdborne.nl\/wp-content\/uploads\/2020\/07\/2b2-dispenser-500x500-1.png\",\"width\":500,\"height\":500},{\"@type\":\"BreadcrumbList\",\"@id\":\"https:\/\/www.vdborne.nl\/de\/produkte\/spender\/2b2-klebeband\/#breadcrumb\",\"itemListElement\":[{\"@type\":\"ListItem\",\"position\":1,\"name\":\"Home\",\"item\":\"https:\/\/www.vdborne.nl\/de\/\"},{\"@type\":\"ListItem\",\"position\":2,\"name\":\"Produkte\",\"item\":\"https:\/\/www.vdborne.nl\/producten\/\"},{\"@type\":\"ListItem\",\"position\":3,\"name\":\"Spender\",\"item\":\"https:\/\/www.vdborne.nl\/de\/produkte\/spender\/\"},{\"@type\":\"ListItem\",\"position\":4,\"name\":\"2B2 Klebeband\"}]},{\"@type\":\"WebSite\",\"@id\":\"https:\/\/www.vdborne.nl\/de\/#website\",\"url\":\"https:\/\/www.vdborne.nl\/de\/\",\"name\":\"Van de Borne\",\"description\":\"En nog een WordPress site\",\"publisher\":{\"@id\":\"https:\/\/www.vdborne.nl\/de\/#organization\"},\"potentialAction\":[{\"@type\":\"SearchAction\",\"target\":{\"@type\":\"EntryPoint\",\"urlTemplate\":\"https:\/\/www.vdborne.nl\/de\/?s={search_term_string}\"},\"query-input\":{\"@type\":\"PropertyValueSpecification\",\"valueRequired\":true,\"valueName\":\"search_term_string\"}}],\"inLanguage\":\"de\"},{\"@type\":\"Organization\",\"@id\":\"https:\/\/www.vdborne.nl\/de\/#organization\",\"name\":\"Van de Borne\",\"url\":\"https:\/\/www.vdborne.nl\/de\/\",\"logo\":{\"@type\":\"ImageObject\",\"inLanguage\":\"de\",\"@id\":\"https:\/\/www.vdborne.nl\/de\/#\/schema\/logo\/image\/\",\"url\":\"https:\/\/www.vdborne.nl\/wp-content\/uploads\/2023\/07\/logo-1.png\",\"contentUrl\":\"https:\/\/www.vdborne.nl\/wp-content\/uploads\/2023\/07\/logo-1.png\",\"width\":120,\"height\":62,\"caption\":\"Van de Borne\"},\"image\":{\"@id\":\"https:\/\/www.vdborne.nl\/de\/#\/schema\/logo\/image\/\"},\"sameAs\":[\"https:\/\/www.facebook.com\/profile.php?id=100063606229530\"]}]}<\/script>\n<!-- \/ Yoast SEO plugin. -->","yoast_head_json":{"title":"2B2 Klebeband - Van de Borne","robots":{"index":"index","follow":"follow","max-snippet":"max-snippet:-1","max-image-preview":"max-image-preview:large","max-video-preview":"max-video-preview:-1"},"canonical":"https:\/\/www.vdborne.nl\/de\/produkte\/spender\/2b2-klebeband\/","og_locale":"de_DE","og_type":"article","og_title":"2B2 Klebeband - Van de Borne","og_description":"Mit diesem Spender f\u00fcr unsere 2B2-Klebeb\u00e4nder verschlie\u00dfen Sie Plastikt\u00fcten in einer einzigen Bewegung. Dank der Kombination aus hochwertigem Papier und Klebeband l\u00e4sst sich der Verschluss ganz leicht wieder \u00f6ffnen.\u00a0 &nbsp; &nbsp;","og_url":"https:\/\/www.vdborne.nl\/de\/produkte\/spender\/2b2-klebeband\/","og_site_name":"Van de Borne","article_publisher":"https:\/\/www.facebook.com\/profile.php?id=100063606229530","article_modified_time":"2020-07-03T10:47:10+00:00","og_image":[{"width":500,"height":500,"url":"https:\/\/www.vdborne.nl\/wp-content\/uploads\/2020\/07\/2b2-dispenser-500x500-1.png","type":"image\/png"}],"twitter_card":"summary_large_image","schema":{"@context":"https:\/\/schema.org","@graph":[{"@type":"WebPage","@id":"https:\/\/www.vdborne.nl\/de\/produkte\/spender\/2b2-klebeband\/","url":"https:\/\/www.vdborne.nl\/de\/produkte\/spender\/2b2-klebeband\/","name":"2B2 Klebeband - Van de Borne","isPartOf":{"@id":"https:\/\/www.vdborne.nl\/de\/#website"},"primaryImageOfPage":{"@id":"https:\/\/www.vdborne.nl\/de\/produkte\/spender\/2b2-klebeband\/#primaryimage"},"image":{"@id":"https:\/\/www.vdborne.nl\/de\/produkte\/spender\/2b2-klebeband\/#primaryimage"},"thumbnailUrl":"https:\/\/www.vdborne.nl\/wp-content\/uploads\/2020\/07\/2b2-dispenser-500x500-1.png","datePublished":"2020-03-12T12:58:35+00:00","dateModified":"2020-07-03T10:47:10+00:00","breadcrumb":{"@id":"https:\/\/www.vdborne.nl\/de\/produkte\/spender\/2b2-klebeband\/#breadcrumb"},"inLanguage":"de","potentialAction":[{"@type":"ReadAction","target":["https:\/\/www.vdborne.nl\/de\/produkte\/spender\/2b2-klebeband\/"]}]},{"@type":"ImageObject","inLanguage":"de","@id":"https:\/\/www.vdborne.nl\/de\/produkte\/spender\/2b2-klebeband\/#primaryimage","url":"https:\/\/www.vdborne.nl\/wp-content\/uploads\/2020\/07\/2b2-dispenser-500x500-1.png","contentUrl":"https:\/\/www.vdborne.nl\/wp-content\/uploads\/2020\/07\/2b2-dispenser-500x500-1.png","width":500,"height":500},{"@type":"BreadcrumbList","@id":"https:\/\/www.vdborne.nl\/de\/produkte\/spender\/2b2-klebeband\/#breadcrumb","itemListElement":[{"@type":"ListItem","position":1,"name":"Home","item":"https:\/\/www.vdborne.nl\/de\/"},{"@type":"ListItem","position":2,"name":"Produkte","item":"https:\/\/www.vdborne.nl\/producten\/"},{"@type":"ListItem","position":3,"name":"Spender","item":"https:\/\/www.vdborne.nl\/de\/produkte\/spender\/"},{"@type":"ListItem","position":4,"name":"2B2 Klebeband"}]},{"@type":"WebSite","@id":"https:\/\/www.vdborne.nl\/de\/#website","url":"https:\/\/www.vdborne.nl\/de\/","name":"Van de Borne","description":"En nog een WordPress site","publisher":{"@id":"https:\/\/www.vdborne.nl\/de\/#organization"},"potentialAction":[{"@type":"SearchAction","target":{"@type":"EntryPoint","urlTemplate":"https:\/\/www.vdborne.nl\/de\/?s={search_term_string}"},"query-input":{"@type":"PropertyValueSpecification","valueRequired":true,"valueName":"search_term_string"}}],"inLanguage":"de"},{"@type":"Organization","@id":"https:\/\/www.vdborne.nl\/de\/#organization","name":"Van de Borne","url":"https:\/\/www.vdborne.nl\/de\/","logo":{"@type":"ImageObject","inLanguage":"de","@id":"https:\/\/www.vdborne.nl\/de\/#\/schema\/logo\/image\/","url":"https:\/\/www.vdborne.nl\/wp-content\/uploads\/2023\/07\/logo-1.png","contentUrl":"https:\/\/www.vdborne.nl\/wp-content\/uploads\/2023\/07\/logo-1.png","width":120,"height":62,"caption":"Van de Borne"},"image":{"@id":"https:\/\/www.vdborne.nl\/de\/#\/schema\/logo\/image\/"},"sameAs":["https:\/\/www.facebook.com\/profile.php?id=100063606229530"]}]}},"_links":{"self":[{"href":"https:\/\/www.vdborne.nl\/de\/wp-json\/wp\/v2\/pages\/2825","targetHints":{"allow":["GET"]}}],"collection":[{"href":"https:\/\/www.vdborne.nl\/de\/wp-json\/wp\/v2\/pages"}],"about":[{"href":"https:\/\/www.vdborne.nl\/de\/wp-json\/wp\/v2\/types\/page"}],"author":[{"embeddable":true,"href":"https:\/\/www.vdborne.nl\/de\/wp-json\/wp\/v2\/users\/2"}],"replies":[{"embeddable":true,"href":"https:\/\/www.vdborne.nl\/de\/wp-json\/wp\/v2\/comments?post=2825"}],"version-history":[{"count":4,"href":"https:\/\/www.vdborne.nl\/de\/wp-json\/wp\/v2\/pages\/2825\/revisions"}],"predecessor-version":[{"id":3495,"href":"https:\/\/www.vdborne.nl\/de\/wp-json\/wp\/v2\/pages\/2825\/revisions\/3495"}],"up":[{"embeddable":true,"href":"https:\/\/www.vdborne.nl\/de\/wp-json\/wp\/v2\/pages\/2823"}],"wp:featuredmedia":[{"embeddable":true,"href":"https:\/\/www.vdborne.nl\/de\/wp-json\/wp\/v2\/media\/4090"}],"wp:attachment":[{"href":"https:\/\/www.vdborne.nl\/de\/wp-json\/wp\/v2\/media?parent=2825"}],"curies":[{"name":"wp","href":"https:\/\/api.w.org\/{rel}","templated":true}]}}