{"id":2828,"date":"2020-03-12T13:25:09","date_gmt":"2020-03-12T12:25:09","guid":{"rendered":"http:\/\/www.vdborne.nl\/de\/?page_id=2828"},"modified":"2020-07-03T12:43:47","modified_gmt":"2020-07-03T10:43:47","slug":"abroller","status":"publish","type":"page","link":"https:\/\/www.vdborne.nl\/de\/produkte\/spender\/abroller\/","title":{"rendered":"Abroller"},"content":{"rendered":"<p>Zur manuellen Verarbeitung unserer Klebeb\u00e4nder bieten wir eine Reihe spezifischer Spender, die jeweils auf bestimmte Klebeb\u00e4nder abgestimmt sind. Dies betrifft zum Beispiel das Material oder die Breite der Klebeb\u00e4nder.<span class=\"Apple-converted-space\">\u00a0<\/span><\/p>\n<p>Wir beraten Sie gerne.<\/p>\n<p><img decoding=\"async\" class=\"alignleft wp-image-707 size-medium\" src=\"https:\/\/www.vdborne.nl\/wp-content\/uploads\/2016\/10\/Tape-dispenser-500x500-300x300.jpg\" alt=\"Tape dispenser\" width=\"300\" height=\"300\" srcset=\"https:\/\/www.vdborne.nl\/wp-content\/uploads\/2016\/10\/Tape-dispenser-500x500-300x300.jpg 300w, https:\/\/www.vdborne.nl\/wp-content\/uploads\/2016\/10\/Tape-dispenser-500x500-150x150.jpg 150w, https:\/\/www.vdborne.nl\/wp-content\/uploads\/2016\/10\/Tape-dispenser-500x500-390x390.jpg 390w, https:\/\/www.vdborne.nl\/wp-content\/uploads\/2016\/10\/Tape-dispenser-500x500.jpg 500w\" sizes=\"(max-width: 300px) 100vw, 300px\" \/><img decoding=\"async\" class=\"alignleft wp-image-3066 size-medium\" src=\"https:\/\/www.vdborne.nl\/wp-content\/uploads\/2019\/06\/handdispenser-in-werking-300x300.jpg\" alt=\"\" width=\"300\" height=\"300\" srcset=\"https:\/\/www.vdborne.nl\/wp-content\/uploads\/2019\/06\/handdispenser-in-werking-300x300.jpg 300w, https:\/\/www.vdborne.nl\/wp-content\/uploads\/2019\/06\/handdispenser-in-werking-150x150.jpg 150w, https:\/\/www.vdborne.nl\/wp-content\/uploads\/2019\/06\/handdispenser-in-werking-768x768.jpg 768w, https:\/\/www.vdborne.nl\/wp-content\/uploads\/2019\/06\/handdispenser-in-werking-1024x1024.jpg 1024w, https:\/\/www.vdborne.nl\/wp-content\/uploads\/2019\/06\/handdispenser-in-werking-390x390.jpg 390w, https:\/\/www.vdborne.nl\/wp-content\/uploads\/2019\/06\/handdispenser-in-werking-100x100.jpg 100w\" sizes=\"(max-width: 300px) 100vw, 300px\" \/><\/p>\n","protected":false},"excerpt":{"rendered":"<p>Zur manuellen Verarbeitung unserer Klebeb\u00e4nder bieten wir eine Reihe spezifischer Spender, die jeweils auf bestimmte Klebeb\u00e4nder abgestimmt sind. Dies betrifft zum Beispiel das Material oder die Breite der Klebeb\u00e4nder.\u00a0 Wir beraten Sie gerne.<\/p>\n","protected":false},"author":2,"featured_media":4086,"parent":2823,"menu_order":45,"comment_status":"closed","ping_status":"closed","template":"","meta":{"footnotes":""},"class_list":["post-2828","page","type-page","status-publish","has-post-thumbnail","hentry"],"yoast_head":"<!-- This site is optimized with the Yoast SEO plugin v25.6 - https:\/\/yoast.com\/wordpress\/plugins\/seo\/ -->\n<title>Abroller - Van de Borne<\/title>\n<meta name=\"robots\" content=\"index, follow, max-snippet:-1, max-image-preview:large, max-video-preview:-1\" \/>\n<link rel=\"canonical\" href=\"https:\/\/www.vdborne.nl\/de\/produkte\/spender\/abroller\/\" \/>\n<meta property=\"og:locale\" content=\"de_DE\" \/>\n<meta property=\"og:type\" content=\"article\" \/>\n<meta property=\"og:title\" content=\"Abroller - Van de Borne\" \/>\n<meta property=\"og:description\" content=\"Zur manuellen Verarbeitung unserer Klebeb\u00e4nder bieten wir eine Reihe spezifischer Spender, die jeweils auf bestimmte Klebeb\u00e4nder abgestimmt sind. Dies betrifft zum Beispiel das Material oder die Breite der Klebeb\u00e4nder.\u00a0 Wir beraten Sie gerne.\" \/>\n<meta property=\"og:url\" content=\"https:\/\/www.vdborne.nl\/de\/produkte\/spender\/abroller\/\" \/>\n<meta property=\"og:site_name\" content=\"Van de Borne\" \/>\n<meta property=\"article:publisher\" content=\"https:\/\/www.facebook.com\/profile.php?id=100063606229530\" \/>\n<meta property=\"article:modified_time\" content=\"2020-07-03T10:43:47+00:00\" \/>\n<meta property=\"og:image\" content=\"https:\/\/www.vdborne.nl\/wp-content\/uploads\/2020\/07\/Tape-dispenser-500x500-1.png\" \/>\n\t<meta property=\"og:image:width\" content=\"500\" \/>\n\t<meta property=\"og:image:height\" content=\"500\" \/>\n\t<meta property=\"og:image:type\" content=\"image\/png\" \/>\n<meta name=\"twitter:card\" content=\"summary_large_image\" \/>\n<script type=\"application\/ld+json\" class=\"yoast-schema-graph\">{\"@context\":\"https:\/\/schema.org\",\"@graph\":[{\"@type\":\"WebPage\",\"@id\":\"https:\/\/www.vdborne.nl\/de\/produkte\/spender\/abroller\/\",\"url\":\"https:\/\/www.vdborne.nl\/de\/produkte\/spender\/abroller\/\",\"name\":\"Abroller - Van de Borne\",\"isPartOf\":{\"@id\":\"https:\/\/www.vdborne.nl\/de\/#website\"},\"primaryImageOfPage\":{\"@id\":\"https:\/\/www.vdborne.nl\/de\/produkte\/spender\/abroller\/#primaryimage\"},\"image\":{\"@id\":\"https:\/\/www.vdborne.nl\/de\/produkte\/spender\/abroller\/#primaryimage\"},\"thumbnailUrl\":\"https:\/\/www.vdborne.nl\/wp-content\/uploads\/2020\/07\/Tape-dispenser-500x500-1.png\",\"datePublished\":\"2020-03-12T12:25:09+00:00\",\"dateModified\":\"2020-07-03T10:43:47+00:00\",\"breadcrumb\":{\"@id\":\"https:\/\/www.vdborne.nl\/de\/produkte\/spender\/abroller\/#breadcrumb\"},\"inLanguage\":\"de\",\"potentialAction\":[{\"@type\":\"ReadAction\",\"target\":[\"https:\/\/www.vdborne.nl\/de\/produkte\/spender\/abroller\/\"]}]},{\"@type\":\"ImageObject\",\"inLanguage\":\"de\",\"@id\":\"https:\/\/www.vdborne.nl\/de\/produkte\/spender\/abroller\/#primaryimage\",\"url\":\"https:\/\/www.vdborne.nl\/wp-content\/uploads\/2020\/07\/Tape-dispenser-500x500-1.png\",\"contentUrl\":\"https:\/\/www.vdborne.nl\/wp-content\/uploads\/2020\/07\/Tape-dispenser-500x500-1.png\",\"width\":500,\"height\":500},{\"@type\":\"BreadcrumbList\",\"@id\":\"https:\/\/www.vdborne.nl\/de\/produkte\/spender\/abroller\/#breadcrumb\",\"itemListElement\":[{\"@type\":\"ListItem\",\"position\":1,\"name\":\"Home\",\"item\":\"https:\/\/www.vdborne.nl\/de\/\"},{\"@type\":\"ListItem\",\"position\":2,\"name\":\"Produkte\",\"item\":\"https:\/\/www.vdborne.nl\/producten\/\"},{\"@type\":\"ListItem\",\"position\":3,\"name\":\"Spender\",\"item\":\"https:\/\/www.vdborne.nl\/de\/produkte\/spender\/\"},{\"@type\":\"ListItem\",\"position\":4,\"name\":\"Abroller\"}]},{\"@type\":\"WebSite\",\"@id\":\"https:\/\/www.vdborne.nl\/de\/#website\",\"url\":\"https:\/\/www.vdborne.nl\/de\/\",\"name\":\"Van de Borne\",\"description\":\"En nog een WordPress site\",\"publisher\":{\"@id\":\"https:\/\/www.vdborne.nl\/de\/#organization\"},\"potentialAction\":[{\"@type\":\"SearchAction\",\"target\":{\"@type\":\"EntryPoint\",\"urlTemplate\":\"https:\/\/www.vdborne.nl\/de\/?s={search_term_string}\"},\"query-input\":{\"@type\":\"PropertyValueSpecification\",\"valueRequired\":true,\"valueName\":\"search_term_string\"}}],\"inLanguage\":\"de\"},{\"@type\":\"Organization\",\"@id\":\"https:\/\/www.vdborne.nl\/de\/#organization\",\"name\":\"Van de Borne\",\"url\":\"https:\/\/www.vdborne.nl\/de\/\",\"logo\":{\"@type\":\"ImageObject\",\"inLanguage\":\"de\",\"@id\":\"https:\/\/www.vdborne.nl\/de\/#\/schema\/logo\/image\/\",\"url\":\"https:\/\/www.vdborne.nl\/wp-content\/uploads\/2023\/07\/logo-1.png\",\"contentUrl\":\"https:\/\/www.vdborne.nl\/wp-content\/uploads\/2023\/07\/logo-1.png\",\"width\":120,\"height\":62,\"caption\":\"Van de Borne\"},\"image\":{\"@id\":\"https:\/\/www.vdborne.nl\/de\/#\/schema\/logo\/image\/\"},\"sameAs\":[\"https:\/\/www.facebook.com\/profile.php?id=100063606229530\"]}]}<\/script>\n<!-- \/ Yoast SEO plugin. -->","yoast_head_json":{"title":"Abroller - Van de Borne","robots":{"index":"index","follow":"follow","max-snippet":"max-snippet:-1","max-image-preview":"max-image-preview:large","max-video-preview":"max-video-preview:-1"},"canonical":"https:\/\/www.vdborne.nl\/de\/produkte\/spender\/abroller\/","og_locale":"de_DE","og_type":"article","og_title":"Abroller - Van de Borne","og_description":"Zur manuellen Verarbeitung unserer Klebeb\u00e4nder bieten wir eine Reihe spezifischer Spender, die jeweils auf bestimmte Klebeb\u00e4nder abgestimmt sind. Dies betrifft zum Beispiel das Material oder die Breite der Klebeb\u00e4nder.\u00a0 Wir beraten Sie gerne.","og_url":"https:\/\/www.vdborne.nl\/de\/produkte\/spender\/abroller\/","og_site_name":"Van de Borne","article_publisher":"https:\/\/www.facebook.com\/profile.php?id=100063606229530","article_modified_time":"2020-07-03T10:43:47+00:00","og_image":[{"width":500,"height":500,"url":"https:\/\/www.vdborne.nl\/wp-content\/uploads\/2020\/07\/Tape-dispenser-500x500-1.png","type":"image\/png"}],"twitter_card":"summary_large_image","schema":{"@context":"https:\/\/schema.org","@graph":[{"@type":"WebPage","@id":"https:\/\/www.vdborne.nl\/de\/produkte\/spender\/abroller\/","url":"https:\/\/www.vdborne.nl\/de\/produkte\/spender\/abroller\/","name":"Abroller - Van de Borne","isPartOf":{"@id":"https:\/\/www.vdborne.nl\/de\/#website"},"primaryImageOfPage":{"@id":"https:\/\/www.vdborne.nl\/de\/produkte\/spender\/abroller\/#primaryimage"},"image":{"@id":"https:\/\/www.vdborne.nl\/de\/produkte\/spender\/abroller\/#primaryimage"},"thumbnailUrl":"https:\/\/www.vdborne.nl\/wp-content\/uploads\/2020\/07\/Tape-dispenser-500x500-1.png","datePublished":"2020-03-12T12:25:09+00:00","dateModified":"2020-07-03T10:43:47+00:00","breadcrumb":{"@id":"https:\/\/www.vdborne.nl\/de\/produkte\/spender\/abroller\/#breadcrumb"},"inLanguage":"de","potentialAction":[{"@type":"ReadAction","target":["https:\/\/www.vdborne.nl\/de\/produkte\/spender\/abroller\/"]}]},{"@type":"ImageObject","inLanguage":"de","@id":"https:\/\/www.vdborne.nl\/de\/produkte\/spender\/abroller\/#primaryimage","url":"https:\/\/www.vdborne.nl\/wp-content\/uploads\/2020\/07\/Tape-dispenser-500x500-1.png","contentUrl":"https:\/\/www.vdborne.nl\/wp-content\/uploads\/2020\/07\/Tape-dispenser-500x500-1.png","width":500,"height":500},{"@type":"BreadcrumbList","@id":"https:\/\/www.vdborne.nl\/de\/produkte\/spender\/abroller\/#breadcrumb","itemListElement":[{"@type":"ListItem","position":1,"name":"Home","item":"https:\/\/www.vdborne.nl\/de\/"},{"@type":"ListItem","position":2,"name":"Produkte","item":"https:\/\/www.vdborne.nl\/producten\/"},{"@type":"ListItem","position":3,"name":"Spender","item":"https:\/\/www.vdborne.nl\/de\/produkte\/spender\/"},{"@type":"ListItem","position":4,"name":"Abroller"}]},{"@type":"WebSite","@id":"https:\/\/www.vdborne.nl\/de\/#website","url":"https:\/\/www.vdborne.nl\/de\/","name":"Van de Borne","description":"En nog een WordPress site","publisher":{"@id":"https:\/\/www.vdborne.nl\/de\/#organization"},"potentialAction":[{"@type":"SearchAction","target":{"@type":"EntryPoint","urlTemplate":"https:\/\/www.vdborne.nl\/de\/?s={search_term_string}"},"query-input":{"@type":"PropertyValueSpecification","valueRequired":true,"valueName":"search_term_string"}}],"inLanguage":"de"},{"@type":"Organization","@id":"https:\/\/www.vdborne.nl\/de\/#organization","name":"Van de Borne","url":"https:\/\/www.vdborne.nl\/de\/","logo":{"@type":"ImageObject","inLanguage":"de","@id":"https:\/\/www.vdborne.nl\/de\/#\/schema\/logo\/image\/","url":"https:\/\/www.vdborne.nl\/wp-content\/uploads\/2023\/07\/logo-1.png","contentUrl":"https:\/\/www.vdborne.nl\/wp-content\/uploads\/2023\/07\/logo-1.png","width":120,"height":62,"caption":"Van de Borne"},"image":{"@id":"https:\/\/www.vdborne.nl\/de\/#\/schema\/logo\/image\/"},"sameAs":["https:\/\/www.facebook.com\/profile.php?id=100063606229530"]}]}},"_links":{"self":[{"href":"https:\/\/www.vdborne.nl\/de\/wp-json\/wp\/v2\/pages\/2828","targetHints":{"allow":["GET"]}}],"collection":[{"href":"https:\/\/www.vdborne.nl\/de\/wp-json\/wp\/v2\/pages"}],"about":[{"href":"https:\/\/www.vdborne.nl\/de\/wp-json\/wp\/v2\/types\/page"}],"author":[{"embeddable":true,"href":"https:\/\/www.vdborne.nl\/de\/wp-json\/wp\/v2\/users\/2"}],"replies":[{"embeddable":true,"href":"https:\/\/www.vdborne.nl\/de\/wp-json\/wp\/v2\/comments?post=2828"}],"version-history":[{"count":2,"href":"https:\/\/www.vdborne.nl\/de\/wp-json\/wp\/v2\/pages\/2828\/revisions"}],"predecessor-version":[{"id":3485,"href":"https:\/\/www.vdborne.nl\/de\/wp-json\/wp\/v2\/pages\/2828\/revisions\/3485"}],"up":[{"embeddable":true,"href":"https:\/\/www.vdborne.nl\/de\/wp-json\/wp\/v2\/pages\/2823"}],"wp:featuredmedia":[{"embeddable":true,"href":"https:\/\/www.vdborne.nl\/de\/wp-json\/wp\/v2\/media\/4086"}],"wp:attachment":[{"href":"https:\/\/www.vdborne.nl\/de\/wp-json\/wp\/v2\/media?parent=2828"}],"curies":[{"name":"wp","href":"https:\/\/api.w.org\/{rel}","templated":true}]}}