{"id":2832,"date":"2020-03-12T13:31:09","date_gmt":"2020-03-12T12:31:09","guid":{"rendered":"http:\/\/www.vdborne.nl\/de\/?page_id=2832"},"modified":"2020-07-03T12:46:26","modified_gmt":"2020-07-03T10:46:26","slug":"klebebandspender-fuer-nassklebestreifen","status":"publish","type":"page","link":"https:\/\/www.vdborne.nl\/de\/produkte\/spender\/klebebandspender-fuer-nassklebestreifen\/","title":{"rendered":"Klebebandspender f\u00fcr Nassklebestreifen"},"content":{"rendered":"<p>In Zusammenarbeit mit der Firma Cyklop bieten wir zur Verarbeitung von Nassklebestreifen spezielle Ger\u00e4te an.<span class=\"Apple-converted-space\">\u00a0<\/span><\/p>\n<h2>B 6<\/h2>\n<p>B 6 ist ein manueller Klebebandspender. Der Rahmen ist aus lackiertem Stahl gefertigt und die meisten Einzelteile sind vor Rost gesch\u00fctzt. Das B 6-Ger\u00e4t kann Nassklebeb\u00e4nder verarbeiten, unabh\u00e4ngig davon, auf welcher Seite sich die Gummierung befindet. Es ist einfach in der Handhabung und sehr zuverl\u00e4ssig.<span class=\"Apple-converted-space\">\u00a0<\/span><\/p>\n<p><a href=\"https:\/\/youtu.be\/eu_Or4oAA6M\" target=\"_blank\" rel=\"noopener noreferrer\">Das Video ansehen<\/a><span class=\"Apple-converted-space\">\u00a0<\/span><\/p>\n<h5><img decoding=\"async\" class=\"wp-image-3031 size-medium alignleft\" src=\"https:\/\/www.vdborne.nl\/wp-content\/uploads\/2019\/06\/B-6-300x300.jpg\" alt=\"\" width=\"300\" height=\"300\" srcset=\"https:\/\/www.vdborne.nl\/wp-content\/uploads\/2019\/06\/B-6-300x300.jpg 300w, https:\/\/www.vdborne.nl\/wp-content\/uploads\/2019\/06\/B-6-150x150.jpg 150w, https:\/\/www.vdborne.nl\/wp-content\/uploads\/2019\/06\/B-6-768x768.jpg 768w, https:\/\/www.vdborne.nl\/wp-content\/uploads\/2019\/06\/B-6-390x390.jpg 390w, https:\/\/www.vdborne.nl\/wp-content\/uploads\/2019\/06\/B-6-100x100.jpg 100w, https:\/\/www.vdborne.nl\/wp-content\/uploads\/2019\/06\/B-6.jpg 1000w\" sizes=\"(max-width: 300px) 100vw, 300px\" \/><br \/>\nTechnische Daten B 6<\/h5>\n<ul>\n<li>Gewicht: ca. 9 kg<\/li>\n<li>Ma\u00dfe: 385 x 285 x 220 mm (L x B x H)<span class=\"Apple-converted-space\">\u00a0<\/span><\/li>\n<li>L\u00e4nge der Streifen: einstellbar<\/li>\n<li>Verwendung: Jede Art gummiertes Papier (verst\u00e4rkt oder unverst\u00e4rkt)<\/li>\n<li>Bandbreite: 20 bis 100 mm<span class=\"Apple-converted-space\">\u00a0<\/span><\/li>\n<li>Bandl\u00e4nge: 100 bis 1.100 mm<\/li>\n<li>Rollendurchmesser: bis 200 mm <span class=\"Apple-converted-space\">\u00a0<\/span><\/li>\n<\/ul>\n<p><span class=\"Apple-converted-space\">\u00a0<\/span><\/p>\n<h2>Lapomatic<\/h2>\n<p>Der Papierklebebandgeber Lapomatic ist ein elektrischer Spender f\u00fcr gummiertes Papier mit wasserbest\u00e4ndigem Soft Touch-Bedienungsfeld. Geeignet zum Verschlie\u00dfen gr\u00f6\u00dferer Mengen Verpackungen mit gummiertem Papier. Der Lapomatic verf\u00fcgt \u00fcber ein elektronisches Kontrollsystem beim Schneiden des Papierklebebandes. Damit schneidet der Spender auch beim Einschalten der Repeat-Funktion jedes Mal die vorab eingestellte L\u00e4nge ab. Der Lapomatic ist zuverl\u00e4ssig, ger\u00e4uscharm, nutzerfreundlich und robust. Die rostanf\u00e4lligen Unterteile sind poliert oder verzinkt. Dies garantiert eine lange Lebensdauer mit geringem Wartungsaufwand. <span class=\"Apple-converted-space\">\u00a0<\/span><\/p>\n<p><a href=\"https:\/\/youtu.be\/DsxyUBAIGns\" target=\"_blank\" rel=\"noopener noreferrer\">Das Video ansehen<\/a><\/p>\n<h5><img decoding=\"async\" class=\"alignleft wp-image-3028 size-medium\" src=\"https:\/\/www.vdborne.nl\/wp-content\/uploads\/2019\/06\/Lapomatic-300x300.jpg\" alt=\"\" width=\"300\" height=\"300\" srcset=\"https:\/\/www.vdborne.nl\/wp-content\/uploads\/2019\/06\/Lapomatic-300x300.jpg 300w, https:\/\/www.vdborne.nl\/wp-content\/uploads\/2019\/06\/Lapomatic-150x150.jpg 150w, https:\/\/www.vdborne.nl\/wp-content\/uploads\/2019\/06\/Lapomatic-768x768.jpg 768w, https:\/\/www.vdborne.nl\/wp-content\/uploads\/2019\/06\/Lapomatic-390x390.jpg 390w, https:\/\/www.vdborne.nl\/wp-content\/uploads\/2019\/06\/Lapomatic-100x100.jpg 100w, https:\/\/www.vdborne.nl\/wp-content\/uploads\/2019\/06\/Lapomatic.jpg 1000w\" sizes=\"(max-width: 300px) 100vw, 300px\" \/><\/h5>\n<h5>Technische Daten Lapomatic<\/h5>\n<ul>\n<li>Gewicht: ca. 12 kg<\/li>\n<li>Ma\u00dfe 250 x 290 x 450 mm (L x B x H)<span class=\"Apple-converted-space\">\u00a0<\/span><\/li>\n<li>L\u00e4nge der Streifen: Einstellbar<\/li>\n<li>Verwendung: Jede Art gummiertes Papier (verst\u00e4rkt oder unverst\u00e4rkt)<\/li>\n<li>Bandbreite: 20 bis 100 mm<span class=\"Apple-converted-space\">\u00a0<\/span><\/li>\n<li>Bandl\u00e4nge: 100 bis 1.150 mm<\/li>\n<li>Rollendurchmesser: bis 200 mm<\/li>\n<\/ul>\n","protected":false},"excerpt":{"rendered":"<p>In Zusammenarbeit mit der Firma Cyklop bieten wir zur Verarbeitung von Nassklebestreifen spezielle Ger\u00e4te an.\u00a0 B 6 B 6 ist ein manueller Klebebandspender. Der Rahmen ist aus lackiertem Stahl gefertigt und die meisten Einzelteile sind vor Rost gesch\u00fctzt. Das B 6-Ger\u00e4t kann Nassklebeb\u00e4nder verarbeiten, unabh\u00e4ngig davon, auf welcher Seite sich die Gummierung befindet. Es ist [&hellip;]<\/p>\n","protected":false},"author":2,"featured_media":4084,"parent":2823,"menu_order":47,"comment_status":"closed","ping_status":"closed","template":"","meta":{"footnotes":""},"class_list":["post-2832","page","type-page","status-publish","has-post-thumbnail","hentry"],"yoast_head":"<!-- This site is optimized with the Yoast SEO plugin v25.6 - https:\/\/yoast.com\/wordpress\/plugins\/seo\/ -->\n<title>Klebebandspender f\u00fcr Nassklebestreifen - Van de Borne<\/title>\n<meta name=\"robots\" content=\"index, follow, max-snippet:-1, max-image-preview:large, max-video-preview:-1\" \/>\n<link rel=\"canonical\" href=\"https:\/\/www.vdborne.nl\/de\/produkte\/spender\/klebebandspender-fuer-nassklebestreifen\/\" \/>\n<meta property=\"og:locale\" content=\"de_DE\" \/>\n<meta property=\"og:type\" content=\"article\" \/>\n<meta property=\"og:title\" content=\"Klebebandspender f\u00fcr Nassklebestreifen - Van de Borne\" \/>\n<meta property=\"og:description\" content=\"In Zusammenarbeit mit der Firma Cyklop bieten wir zur Verarbeitung von Nassklebestreifen spezielle Ger\u00e4te an.\u00a0 B 6 B 6 ist ein manueller Klebebandspender. Der Rahmen ist aus lackiertem Stahl gefertigt und die meisten Einzelteile sind vor Rost gesch\u00fctzt. Das B 6-Ger\u00e4t kann Nassklebeb\u00e4nder verarbeiten, unabh\u00e4ngig davon, auf welcher Seite sich die Gummierung befindet. Es ist [&hellip;]\" \/>\n<meta property=\"og:url\" content=\"https:\/\/www.vdborne.nl\/de\/produkte\/spender\/klebebandspender-fuer-nassklebestreifen\/\" \/>\n<meta property=\"og:site_name\" content=\"Van de Borne\" \/>\n<meta property=\"article:publisher\" content=\"https:\/\/www.facebook.com\/profile.php?id=100063606229530\" \/>\n<meta property=\"article:modified_time\" content=\"2020-07-03T10:46:26+00:00\" \/>\n<meta property=\"og:image\" content=\"https:\/\/www.vdborne.nl\/wp-content\/uploads\/2020\/07\/Lapomatic-500x500-1.png\" \/>\n\t<meta property=\"og:image:width\" content=\"500\" \/>\n\t<meta property=\"og:image:height\" content=\"500\" \/>\n\t<meta property=\"og:image:type\" content=\"image\/png\" \/>\n<meta name=\"twitter:card\" content=\"summary_large_image\" \/>\n<meta name=\"twitter:label1\" content=\"Gesch\u00e4tzte Lesezeit\" \/>\n\t<meta name=\"twitter:data1\" content=\"1\u00a0Minute\" \/>\n<script type=\"application\/ld+json\" class=\"yoast-schema-graph\">{\"@context\":\"https:\/\/schema.org\",\"@graph\":[{\"@type\":\"WebPage\",\"@id\":\"https:\/\/www.vdborne.nl\/de\/produkte\/spender\/klebebandspender-fuer-nassklebestreifen\/\",\"url\":\"https:\/\/www.vdborne.nl\/de\/produkte\/spender\/klebebandspender-fuer-nassklebestreifen\/\",\"name\":\"Klebebandspender f\u00fcr Nassklebestreifen - Van de Borne\",\"isPartOf\":{\"@id\":\"https:\/\/www.vdborne.nl\/de\/#website\"},\"primaryImageOfPage\":{\"@id\":\"https:\/\/www.vdborne.nl\/de\/produkte\/spender\/klebebandspender-fuer-nassklebestreifen\/#primaryimage\"},\"image\":{\"@id\":\"https:\/\/www.vdborne.nl\/de\/produkte\/spender\/klebebandspender-fuer-nassklebestreifen\/#primaryimage\"},\"thumbnailUrl\":\"https:\/\/www.vdborne.nl\/wp-content\/uploads\/2020\/07\/Lapomatic-500x500-1.png\",\"datePublished\":\"2020-03-12T12:31:09+00:00\",\"dateModified\":\"2020-07-03T10:46:26+00:00\",\"breadcrumb\":{\"@id\":\"https:\/\/www.vdborne.nl\/de\/produkte\/spender\/klebebandspender-fuer-nassklebestreifen\/#breadcrumb\"},\"inLanguage\":\"de\",\"potentialAction\":[{\"@type\":\"ReadAction\",\"target\":[\"https:\/\/www.vdborne.nl\/de\/produkte\/spender\/klebebandspender-fuer-nassklebestreifen\/\"]}]},{\"@type\":\"ImageObject\",\"inLanguage\":\"de\",\"@id\":\"https:\/\/www.vdborne.nl\/de\/produkte\/spender\/klebebandspender-fuer-nassklebestreifen\/#primaryimage\",\"url\":\"https:\/\/www.vdborne.nl\/wp-content\/uploads\/2020\/07\/Lapomatic-500x500-1.png\",\"contentUrl\":\"https:\/\/www.vdborne.nl\/wp-content\/uploads\/2020\/07\/Lapomatic-500x500-1.png\",\"width\":500,\"height\":500},{\"@type\":\"BreadcrumbList\",\"@id\":\"https:\/\/www.vdborne.nl\/de\/produkte\/spender\/klebebandspender-fuer-nassklebestreifen\/#breadcrumb\",\"itemListElement\":[{\"@type\":\"ListItem\",\"position\":1,\"name\":\"Home\",\"item\":\"https:\/\/www.vdborne.nl\/de\/\"},{\"@type\":\"ListItem\",\"position\":2,\"name\":\"Produkte\",\"item\":\"https:\/\/www.vdborne.nl\/producten\/\"},{\"@type\":\"ListItem\",\"position\":3,\"name\":\"Spender\",\"item\":\"https:\/\/www.vdborne.nl\/de\/produkte\/spender\/\"},{\"@type\":\"ListItem\",\"position\":4,\"name\":\"Klebebandspender f\u00fcr Nassklebestreifen\"}]},{\"@type\":\"WebSite\",\"@id\":\"https:\/\/www.vdborne.nl\/de\/#website\",\"url\":\"https:\/\/www.vdborne.nl\/de\/\",\"name\":\"Van de Borne\",\"description\":\"En nog een WordPress site\",\"publisher\":{\"@id\":\"https:\/\/www.vdborne.nl\/de\/#organization\"},\"potentialAction\":[{\"@type\":\"SearchAction\",\"target\":{\"@type\":\"EntryPoint\",\"urlTemplate\":\"https:\/\/www.vdborne.nl\/de\/?s={search_term_string}\"},\"query-input\":{\"@type\":\"PropertyValueSpecification\",\"valueRequired\":true,\"valueName\":\"search_term_string\"}}],\"inLanguage\":\"de\"},{\"@type\":\"Organization\",\"@id\":\"https:\/\/www.vdborne.nl\/de\/#organization\",\"name\":\"Van de Borne\",\"url\":\"https:\/\/www.vdborne.nl\/de\/\",\"logo\":{\"@type\":\"ImageObject\",\"inLanguage\":\"de\",\"@id\":\"https:\/\/www.vdborne.nl\/de\/#\/schema\/logo\/image\/\",\"url\":\"https:\/\/www.vdborne.nl\/wp-content\/uploads\/2023\/07\/logo-1.png\",\"contentUrl\":\"https:\/\/www.vdborne.nl\/wp-content\/uploads\/2023\/07\/logo-1.png\",\"width\":120,\"height\":62,\"caption\":\"Van de Borne\"},\"image\":{\"@id\":\"https:\/\/www.vdborne.nl\/de\/#\/schema\/logo\/image\/\"},\"sameAs\":[\"https:\/\/www.facebook.com\/profile.php?id=100063606229530\"]}]}<\/script>\n<!-- \/ Yoast SEO plugin. -->","yoast_head_json":{"title":"Klebebandspender f\u00fcr Nassklebestreifen - Van de Borne","robots":{"index":"index","follow":"follow","max-snippet":"max-snippet:-1","max-image-preview":"max-image-preview:large","max-video-preview":"max-video-preview:-1"},"canonical":"https:\/\/www.vdborne.nl\/de\/produkte\/spender\/klebebandspender-fuer-nassklebestreifen\/","og_locale":"de_DE","og_type":"article","og_title":"Klebebandspender f\u00fcr Nassklebestreifen - Van de Borne","og_description":"In Zusammenarbeit mit der Firma Cyklop bieten wir zur Verarbeitung von Nassklebestreifen spezielle Ger\u00e4te an.\u00a0 B 6 B 6 ist ein manueller Klebebandspender. Der Rahmen ist aus lackiertem Stahl gefertigt und die meisten Einzelteile sind vor Rost gesch\u00fctzt. Das B 6-Ger\u00e4t kann Nassklebeb\u00e4nder verarbeiten, unabh\u00e4ngig davon, auf welcher Seite sich die Gummierung befindet. Es ist [&hellip;]","og_url":"https:\/\/www.vdborne.nl\/de\/produkte\/spender\/klebebandspender-fuer-nassklebestreifen\/","og_site_name":"Van de Borne","article_publisher":"https:\/\/www.facebook.com\/profile.php?id=100063606229530","article_modified_time":"2020-07-03T10:46:26+00:00","og_image":[{"width":500,"height":500,"url":"https:\/\/www.vdborne.nl\/wp-content\/uploads\/2020\/07\/Lapomatic-500x500-1.png","type":"image\/png"}],"twitter_card":"summary_large_image","twitter_misc":{"Gesch\u00e4tzte Lesezeit":"1\u00a0Minute"},"schema":{"@context":"https:\/\/schema.org","@graph":[{"@type":"WebPage","@id":"https:\/\/www.vdborne.nl\/de\/produkte\/spender\/klebebandspender-fuer-nassklebestreifen\/","url":"https:\/\/www.vdborne.nl\/de\/produkte\/spender\/klebebandspender-fuer-nassklebestreifen\/","name":"Klebebandspender f\u00fcr Nassklebestreifen - Van de Borne","isPartOf":{"@id":"https:\/\/www.vdborne.nl\/de\/#website"},"primaryImageOfPage":{"@id":"https:\/\/www.vdborne.nl\/de\/produkte\/spender\/klebebandspender-fuer-nassklebestreifen\/#primaryimage"},"image":{"@id":"https:\/\/www.vdborne.nl\/de\/produkte\/spender\/klebebandspender-fuer-nassklebestreifen\/#primaryimage"},"thumbnailUrl":"https:\/\/www.vdborne.nl\/wp-content\/uploads\/2020\/07\/Lapomatic-500x500-1.png","datePublished":"2020-03-12T12:31:09+00:00","dateModified":"2020-07-03T10:46:26+00:00","breadcrumb":{"@id":"https:\/\/www.vdborne.nl\/de\/produkte\/spender\/klebebandspender-fuer-nassklebestreifen\/#breadcrumb"},"inLanguage":"de","potentialAction":[{"@type":"ReadAction","target":["https:\/\/www.vdborne.nl\/de\/produkte\/spender\/klebebandspender-fuer-nassklebestreifen\/"]}]},{"@type":"ImageObject","inLanguage":"de","@id":"https:\/\/www.vdborne.nl\/de\/produkte\/spender\/klebebandspender-fuer-nassklebestreifen\/#primaryimage","url":"https:\/\/www.vdborne.nl\/wp-content\/uploads\/2020\/07\/Lapomatic-500x500-1.png","contentUrl":"https:\/\/www.vdborne.nl\/wp-content\/uploads\/2020\/07\/Lapomatic-500x500-1.png","width":500,"height":500},{"@type":"BreadcrumbList","@id":"https:\/\/www.vdborne.nl\/de\/produkte\/spender\/klebebandspender-fuer-nassklebestreifen\/#breadcrumb","itemListElement":[{"@type":"ListItem","position":1,"name":"Home","item":"https:\/\/www.vdborne.nl\/de\/"},{"@type":"ListItem","position":2,"name":"Produkte","item":"https:\/\/www.vdborne.nl\/producten\/"},{"@type":"ListItem","position":3,"name":"Spender","item":"https:\/\/www.vdborne.nl\/de\/produkte\/spender\/"},{"@type":"ListItem","position":4,"name":"Klebebandspender f\u00fcr Nassklebestreifen"}]},{"@type":"WebSite","@id":"https:\/\/www.vdborne.nl\/de\/#website","url":"https:\/\/www.vdborne.nl\/de\/","name":"Van de Borne","description":"En nog een WordPress site","publisher":{"@id":"https:\/\/www.vdborne.nl\/de\/#organization"},"potentialAction":[{"@type":"SearchAction","target":{"@type":"EntryPoint","urlTemplate":"https:\/\/www.vdborne.nl\/de\/?s={search_term_string}"},"query-input":{"@type":"PropertyValueSpecification","valueRequired":true,"valueName":"search_term_string"}}],"inLanguage":"de"},{"@type":"Organization","@id":"https:\/\/www.vdborne.nl\/de\/#organization","name":"Van de Borne","url":"https:\/\/www.vdborne.nl\/de\/","logo":{"@type":"ImageObject","inLanguage":"de","@id":"https:\/\/www.vdborne.nl\/de\/#\/schema\/logo\/image\/","url":"https:\/\/www.vdborne.nl\/wp-content\/uploads\/2023\/07\/logo-1.png","contentUrl":"https:\/\/www.vdborne.nl\/wp-content\/uploads\/2023\/07\/logo-1.png","width":120,"height":62,"caption":"Van de Borne"},"image":{"@id":"https:\/\/www.vdborne.nl\/de\/#\/schema\/logo\/image\/"},"sameAs":["https:\/\/www.facebook.com\/profile.php?id=100063606229530"]}]}},"_links":{"self":[{"href":"https:\/\/www.vdborne.nl\/de\/wp-json\/wp\/v2\/pages\/2832","targetHints":{"allow":["GET"]}}],"collection":[{"href":"https:\/\/www.vdborne.nl\/de\/wp-json\/wp\/v2\/pages"}],"about":[{"href":"https:\/\/www.vdborne.nl\/de\/wp-json\/wp\/v2\/types\/page"}],"author":[{"embeddable":true,"href":"https:\/\/www.vdborne.nl\/de\/wp-json\/wp\/v2\/users\/2"}],"replies":[{"embeddable":true,"href":"https:\/\/www.vdborne.nl\/de\/wp-json\/wp\/v2\/comments?post=2832"}],"version-history":[{"count":8,"href":"https:\/\/www.vdborne.nl\/de\/wp-json\/wp\/v2\/pages\/2832\/revisions"}],"predecessor-version":[{"id":3493,"href":"https:\/\/www.vdborne.nl\/de\/wp-json\/wp\/v2\/pages\/2832\/revisions\/3493"}],"up":[{"embeddable":true,"href":"https:\/\/www.vdborne.nl\/de\/wp-json\/wp\/v2\/pages\/2823"}],"wp:featuredmedia":[{"embeddable":true,"href":"https:\/\/www.vdborne.nl\/de\/wp-json\/wp\/v2\/media\/4084"}],"wp:attachment":[{"href":"https:\/\/www.vdborne.nl\/de\/wp-json\/wp\/v2\/media?parent=2832"}],"curies":[{"name":"wp","href":"https:\/\/api.w.org\/{rel}","templated":true}]}}