{"id":286,"date":"2016-08-09T09:59:10","date_gmt":"2016-08-09T07:59:10","guid":{"rendered":"http:\/\/www.vdborne.nl\/de\/?page_id=286"},"modified":"2020-06-26T10:05:26","modified_gmt":"2020-06-26T08:05:26","slug":"2b2-tapes-fur-plastiktuten","status":"publish","type":"page","link":"https:\/\/www.vdborne.nl\/de\/produkte\/spezialitaeten\/2b2-tapes-fur-plastiktuten\/","title":{"rendered":"2B2 Tapes f\u00fcr Plastikt\u00fcten"},"content":{"rendered":"<p>Mit unseren 2B2-Klebeb\u00e4ndern schlie\u00dfen Sie Plastikt\u00fcten mit einer einzigen Handbewegung. Dank der Kombination aus hochwertigem Klebeband und Papier l\u00e4sst sich der Verschluss schnell wieder \u00f6ffnen.<span class=\"Apple-converted-space\">\u00a0<\/span><\/p>\n<p>Keine kaputten Brot- oder Gefriert\u00fcten mehr. Sofort wiederverschlie\u00dfbar. Abroller und Klebeb\u00e4nder sind ab Lager in verschiedenen Farben lieferbar. Nachf\u00fcllb\u00e4nder sind einzeln bestellbar.<span class=\"Apple-converted-space\">\u00a0<\/span><span class=\"Apple-converted-space\">\u00a0<\/span><\/p>\n<h2>Standard<\/h2>\n<p>PVC-Klebeband in allen Standardfarben. Das Papier ist wei\u00df<\/p>\n<h2>Bedruckt<\/h2>\n<p>Klebeband und Papier jeweils mit bis zu 3 Farben in so gut wie jeder PMS, HKS oder RAL-Farbe bedruckbar. Wir arbeiten mit PMS (Pantone)-Farben. HKS- und RAL-Farben werden von uns in PMS-Farben umgewandelt, so dass es geringf\u00fcgige Unterschiede zur Originalfarbe geben kann.<\/p>\n","protected":false},"excerpt":{"rendered":"<p>Mit unseren 2B2-Klebeb\u00e4ndern schlie\u00dfen Sie Plastikt\u00fcten mit einer einzigen Handbewegung. Dank der Kombination aus hochwertigem Klebeband und Papier l\u00e4sst sich der Verschluss schnell wieder \u00f6ffnen.\u00a0 Keine kaputten Brot- oder Gefriert\u00fcten mehr. Sofort wiederverschlie\u00dfbar. Abroller und Klebeb\u00e4nder sind ab Lager in verschiedenen Farben lieferbar. Nachf\u00fcllb\u00e4nder sind einzeln bestellbar.\u00a0\u00a0 Standard PVC-Klebeband in allen Standardfarben. Das Papier ist [&hellip;]<\/p>\n","protected":false},"author":3,"featured_media":4034,"parent":282,"menu_order":33,"comment_status":"closed","ping_status":"closed","template":"templates\/template_single_product.php","meta":{"footnotes":""},"class_list":["post-286","page","type-page","status-publish","has-post-thumbnail","hentry"],"yoast_head":"<!-- This site is optimized with the Yoast SEO plugin v27.4 - https:\/\/yoast.com\/product\/yoast-seo-wordpress\/ -->\n<title>2B2 Tapes f\u00fcr Plastikt\u00fcten - Van de Borne<\/title>\n<meta name=\"robots\" content=\"index, follow, max-snippet:-1, max-image-preview:large, max-video-preview:-1\" \/>\n<link rel=\"canonical\" href=\"https:\/\/www.vdborne.nl\/de\/produkte\/spezialitaeten\/2b2-tapes-fur-plastiktuten\/\" \/>\n<meta property=\"og:locale\" content=\"de_DE\" \/>\n<meta property=\"og:type\" content=\"article\" \/>\n<meta property=\"og:title\" content=\"2B2 Tapes f\u00fcr Plastikt\u00fcten - Van de Borne\" \/>\n<meta property=\"og:description\" content=\"Mit unseren 2B2-Klebeb\u00e4ndern schlie\u00dfen Sie Plastikt\u00fcten mit einer einzigen Handbewegung. Dank der Kombination aus hochwertigem Klebeband und Papier l\u00e4sst sich der Verschluss schnell wieder \u00f6ffnen.\u00a0 Keine kaputten Brot- oder Gefriert\u00fcten mehr. Sofort wiederverschlie\u00dfbar. Abroller und Klebeb\u00e4nder sind ab Lager in verschiedenen Farben lieferbar. Nachf\u00fcllb\u00e4nder sind einzeln bestellbar.\u00a0\u00a0 Standard PVC-Klebeband in allen Standardfarben. Das Papier ist [&hellip;]\" \/>\n<meta property=\"og:url\" content=\"https:\/\/www.vdborne.nl\/de\/produkte\/spezialitaeten\/2b2-tapes-fur-plastiktuten\/\" \/>\n<meta property=\"og:site_name\" content=\"Van de Borne\" \/>\n<meta property=\"article:publisher\" content=\"https:\/\/www.facebook.com\/profile.php?id=100063606229530\" \/>\n<meta property=\"article:modified_time\" content=\"2020-06-26T08:05:26+00:00\" \/>\n<meta property=\"og:image\" content=\"https:\/\/www.vdborne.nl\/wp-content\/uploads\/2020\/06\/Doos-2B2-tape-500x500-1.png\" \/>\n\t<meta property=\"og:image:width\" content=\"500\" \/>\n\t<meta property=\"og:image:height\" content=\"500\" \/>\n\t<meta property=\"og:image:type\" content=\"image\/png\" \/>\n<meta name=\"twitter:card\" content=\"summary_large_image\" \/>\n<meta name=\"twitter:label1\" content=\"Gesch\u00e4tzte Lesezeit\" \/>\n\t<meta name=\"twitter:data1\" content=\"1\u00a0Minute\" \/>\n<script type=\"application\/ld+json\" class=\"yoast-schema-graph\">{\"@context\":\"https:\\\/\\\/schema.org\",\"@graph\":[{\"@type\":\"WebPage\",\"@id\":\"https:\\\/\\\/www.vdborne.nl\\\/de\\\/produkte\\\/spezialitaeten\\\/2b2-tapes-fur-plastiktuten\\\/\",\"url\":\"https:\\\/\\\/www.vdborne.nl\\\/de\\\/produkte\\\/spezialitaeten\\\/2b2-tapes-fur-plastiktuten\\\/\",\"name\":\"2B2 Tapes f\u00fcr Plastikt\u00fcten - Van de Borne\",\"isPartOf\":{\"@id\":\"https:\\\/\\\/www.vdborne.nl\\\/de\\\/#website\"},\"primaryImageOfPage\":{\"@id\":\"https:\\\/\\\/www.vdborne.nl\\\/de\\\/produkte\\\/spezialitaeten\\\/2b2-tapes-fur-plastiktuten\\\/#primaryimage\"},\"image\":{\"@id\":\"https:\\\/\\\/www.vdborne.nl\\\/de\\\/produkte\\\/spezialitaeten\\\/2b2-tapes-fur-plastiktuten\\\/#primaryimage\"},\"thumbnailUrl\":\"https:\\\/\\\/www.vdborne.nl\\\/wp-content\\\/uploads\\\/2020\\\/06\\\/Doos-2B2-tape-500x500-1.png\",\"datePublished\":\"2016-08-09T07:59:10+00:00\",\"dateModified\":\"2020-06-26T08:05:26+00:00\",\"breadcrumb\":{\"@id\":\"https:\\\/\\\/www.vdborne.nl\\\/de\\\/produkte\\\/spezialitaeten\\\/2b2-tapes-fur-plastiktuten\\\/#breadcrumb\"},\"inLanguage\":\"de\",\"potentialAction\":[{\"@type\":\"ReadAction\",\"target\":[\"https:\\\/\\\/www.vdborne.nl\\\/de\\\/produkte\\\/spezialitaeten\\\/2b2-tapes-fur-plastiktuten\\\/\"]}]},{\"@type\":\"ImageObject\",\"inLanguage\":\"de\",\"@id\":\"https:\\\/\\\/www.vdborne.nl\\\/de\\\/produkte\\\/spezialitaeten\\\/2b2-tapes-fur-plastiktuten\\\/#primaryimage\",\"url\":\"https:\\\/\\\/www.vdborne.nl\\\/wp-content\\\/uploads\\\/2020\\\/06\\\/Doos-2B2-tape-500x500-1.png\",\"contentUrl\":\"https:\\\/\\\/www.vdborne.nl\\\/wp-content\\\/uploads\\\/2020\\\/06\\\/Doos-2B2-tape-500x500-1.png\",\"width\":500,\"height\":500},{\"@type\":\"BreadcrumbList\",\"@id\":\"https:\\\/\\\/www.vdborne.nl\\\/de\\\/produkte\\\/spezialitaeten\\\/2b2-tapes-fur-plastiktuten\\\/#breadcrumb\",\"itemListElement\":[{\"@type\":\"ListItem\",\"position\":1,\"name\":\"Home\",\"item\":\"https:\\\/\\\/www.vdborne.nl\\\/de\\\/\"},{\"@type\":\"ListItem\",\"position\":2,\"name\":\"Produkte\",\"item\":\"https:\\\/\\\/www.vdborne.nl\\\/producten\\\/\"},{\"@type\":\"ListItem\",\"position\":3,\"name\":\"Spezialit\u00e4ten\",\"item\":\"https:\\\/\\\/www.vdborne.nl\\\/de\\\/produkte\\\/spezialitaeten\\\/\"},{\"@type\":\"ListItem\",\"position\":4,\"name\":\"2B2 Tapes f\u00fcr Plastikt\u00fcten\"}]},{\"@type\":\"WebSite\",\"@id\":\"https:\\\/\\\/www.vdborne.nl\\\/de\\\/#website\",\"url\":\"https:\\\/\\\/www.vdborne.nl\\\/de\\\/\",\"name\":\"Van de Borne\",\"description\":\"En nog een WordPress site\",\"publisher\":{\"@id\":\"https:\\\/\\\/www.vdborne.nl\\\/de\\\/#organization\"},\"potentialAction\":[{\"@type\":\"SearchAction\",\"target\":{\"@type\":\"EntryPoint\",\"urlTemplate\":\"https:\\\/\\\/www.vdborne.nl\\\/de\\\/?s={search_term_string}\"},\"query-input\":{\"@type\":\"PropertyValueSpecification\",\"valueRequired\":true,\"valueName\":\"search_term_string\"}}],\"inLanguage\":\"de\"},{\"@type\":\"Organization\",\"@id\":\"https:\\\/\\\/www.vdborne.nl\\\/de\\\/#organization\",\"name\":\"Van de Borne\",\"url\":\"https:\\\/\\\/www.vdborne.nl\\\/de\\\/\",\"logo\":{\"@type\":\"ImageObject\",\"inLanguage\":\"de\",\"@id\":\"https:\\\/\\\/www.vdborne.nl\\\/de\\\/#\\\/schema\\\/logo\\\/image\\\/\",\"url\":\"https:\\\/\\\/www.vdborne.nl\\\/wp-content\\\/uploads\\\/2023\\\/07\\\/logo-1.png\",\"contentUrl\":\"https:\\\/\\\/www.vdborne.nl\\\/wp-content\\\/uploads\\\/2023\\\/07\\\/logo-1.png\",\"width\":120,\"height\":62,\"caption\":\"Van de Borne\"},\"image\":{\"@id\":\"https:\\\/\\\/www.vdborne.nl\\\/de\\\/#\\\/schema\\\/logo\\\/image\\\/\"},\"sameAs\":[\"https:\\\/\\\/www.facebook.com\\\/profile.php?id=100063606229530\"]}]}<\/script>\n<!-- \/ Yoast SEO plugin. -->","yoast_head_json":{"title":"2B2 Tapes f\u00fcr Plastikt\u00fcten - Van de Borne","robots":{"index":"index","follow":"follow","max-snippet":"max-snippet:-1","max-image-preview":"max-image-preview:large","max-video-preview":"max-video-preview:-1"},"canonical":"https:\/\/www.vdborne.nl\/de\/produkte\/spezialitaeten\/2b2-tapes-fur-plastiktuten\/","og_locale":"de_DE","og_type":"article","og_title":"2B2 Tapes f\u00fcr Plastikt\u00fcten - Van de Borne","og_description":"Mit unseren 2B2-Klebeb\u00e4ndern schlie\u00dfen Sie Plastikt\u00fcten mit einer einzigen Handbewegung. Dank der Kombination aus hochwertigem Klebeband und Papier l\u00e4sst sich der Verschluss schnell wieder \u00f6ffnen.\u00a0 Keine kaputten Brot- oder Gefriert\u00fcten mehr. Sofort wiederverschlie\u00dfbar. Abroller und Klebeb\u00e4nder sind ab Lager in verschiedenen Farben lieferbar. Nachf\u00fcllb\u00e4nder sind einzeln bestellbar.\u00a0\u00a0 Standard PVC-Klebeband in allen Standardfarben. Das Papier ist [&hellip;]","og_url":"https:\/\/www.vdborne.nl\/de\/produkte\/spezialitaeten\/2b2-tapes-fur-plastiktuten\/","og_site_name":"Van de Borne","article_publisher":"https:\/\/www.facebook.com\/profile.php?id=100063606229530","article_modified_time":"2020-06-26T08:05:26+00:00","og_image":[{"width":500,"height":500,"url":"https:\/\/www.vdborne.nl\/wp-content\/uploads\/2020\/06\/Doos-2B2-tape-500x500-1.png","type":"image\/png"}],"twitter_card":"summary_large_image","twitter_misc":{"Gesch\u00e4tzte Lesezeit":"1\u00a0Minute"},"schema":{"@context":"https:\/\/schema.org","@graph":[{"@type":"WebPage","@id":"https:\/\/www.vdborne.nl\/de\/produkte\/spezialitaeten\/2b2-tapes-fur-plastiktuten\/","url":"https:\/\/www.vdborne.nl\/de\/produkte\/spezialitaeten\/2b2-tapes-fur-plastiktuten\/","name":"2B2 Tapes f\u00fcr Plastikt\u00fcten - Van de Borne","isPartOf":{"@id":"https:\/\/www.vdborne.nl\/de\/#website"},"primaryImageOfPage":{"@id":"https:\/\/www.vdborne.nl\/de\/produkte\/spezialitaeten\/2b2-tapes-fur-plastiktuten\/#primaryimage"},"image":{"@id":"https:\/\/www.vdborne.nl\/de\/produkte\/spezialitaeten\/2b2-tapes-fur-plastiktuten\/#primaryimage"},"thumbnailUrl":"https:\/\/www.vdborne.nl\/wp-content\/uploads\/2020\/06\/Doos-2B2-tape-500x500-1.png","datePublished":"2016-08-09T07:59:10+00:00","dateModified":"2020-06-26T08:05:26+00:00","breadcrumb":{"@id":"https:\/\/www.vdborne.nl\/de\/produkte\/spezialitaeten\/2b2-tapes-fur-plastiktuten\/#breadcrumb"},"inLanguage":"de","potentialAction":[{"@type":"ReadAction","target":["https:\/\/www.vdborne.nl\/de\/produkte\/spezialitaeten\/2b2-tapes-fur-plastiktuten\/"]}]},{"@type":"ImageObject","inLanguage":"de","@id":"https:\/\/www.vdborne.nl\/de\/produkte\/spezialitaeten\/2b2-tapes-fur-plastiktuten\/#primaryimage","url":"https:\/\/www.vdborne.nl\/wp-content\/uploads\/2020\/06\/Doos-2B2-tape-500x500-1.png","contentUrl":"https:\/\/www.vdborne.nl\/wp-content\/uploads\/2020\/06\/Doos-2B2-tape-500x500-1.png","width":500,"height":500},{"@type":"BreadcrumbList","@id":"https:\/\/www.vdborne.nl\/de\/produkte\/spezialitaeten\/2b2-tapes-fur-plastiktuten\/#breadcrumb","itemListElement":[{"@type":"ListItem","position":1,"name":"Home","item":"https:\/\/www.vdborne.nl\/de\/"},{"@type":"ListItem","position":2,"name":"Produkte","item":"https:\/\/www.vdborne.nl\/producten\/"},{"@type":"ListItem","position":3,"name":"Spezialit\u00e4ten","item":"https:\/\/www.vdborne.nl\/de\/produkte\/spezialitaeten\/"},{"@type":"ListItem","position":4,"name":"2B2 Tapes f\u00fcr Plastikt\u00fcten"}]},{"@type":"WebSite","@id":"https:\/\/www.vdborne.nl\/de\/#website","url":"https:\/\/www.vdborne.nl\/de\/","name":"Van de Borne","description":"En nog een WordPress site","publisher":{"@id":"https:\/\/www.vdborne.nl\/de\/#organization"},"potentialAction":[{"@type":"SearchAction","target":{"@type":"EntryPoint","urlTemplate":"https:\/\/www.vdborne.nl\/de\/?s={search_term_string}"},"query-input":{"@type":"PropertyValueSpecification","valueRequired":true,"valueName":"search_term_string"}}],"inLanguage":"de"},{"@type":"Organization","@id":"https:\/\/www.vdborne.nl\/de\/#organization","name":"Van de Borne","url":"https:\/\/www.vdborne.nl\/de\/","logo":{"@type":"ImageObject","inLanguage":"de","@id":"https:\/\/www.vdborne.nl\/de\/#\/schema\/logo\/image\/","url":"https:\/\/www.vdborne.nl\/wp-content\/uploads\/2023\/07\/logo-1.png","contentUrl":"https:\/\/www.vdborne.nl\/wp-content\/uploads\/2023\/07\/logo-1.png","width":120,"height":62,"caption":"Van de Borne"},"image":{"@id":"https:\/\/www.vdborne.nl\/de\/#\/schema\/logo\/image\/"},"sameAs":["https:\/\/www.facebook.com\/profile.php?id=100063606229530"]}]}},"_links":{"self":[{"href":"https:\/\/www.vdborne.nl\/de\/wp-json\/wp\/v2\/pages\/286","targetHints":{"allow":["GET"]}}],"collection":[{"href":"https:\/\/www.vdborne.nl\/de\/wp-json\/wp\/v2\/pages"}],"about":[{"href":"https:\/\/www.vdborne.nl\/de\/wp-json\/wp\/v2\/types\/page"}],"author":[{"embeddable":true,"href":"https:\/\/www.vdborne.nl\/de\/wp-json\/wp\/v2\/users\/3"}],"replies":[{"embeddable":true,"href":"https:\/\/www.vdborne.nl\/de\/wp-json\/wp\/v2\/comments?post=286"}],"version-history":[{"count":7,"href":"https:\/\/www.vdborne.nl\/de\/wp-json\/wp\/v2\/pages\/286\/revisions"}],"predecessor-version":[{"id":2774,"href":"https:\/\/www.vdborne.nl\/de\/wp-json\/wp\/v2\/pages\/286\/revisions\/2774"}],"up":[{"embeddable":true,"href":"https:\/\/www.vdborne.nl\/de\/wp-json\/wp\/v2\/pages\/282"}],"wp:featuredmedia":[{"embeddable":true,"href":"https:\/\/www.vdborne.nl\/de\/wp-json\/wp\/v2\/media\/4034"}],"wp:attachment":[{"href":"https:\/\/www.vdborne.nl\/de\/wp-json\/wp\/v2\/media?parent=286"}],"curies":[{"name":"wp","href":"https:\/\/api.w.org\/{rel}","templated":true}]}}