{"id":287,"date":"2016-08-09T10:03:24","date_gmt":"2016-08-09T08:03:24","guid":{"rendered":"http:\/\/www.vdborne.nl\/de\/?page_id=287"},"modified":"2020-06-26T10:10:57","modified_gmt":"2020-06-26T08:10:57","slug":"fingerlift-klebeband","status":"publish","type":"page","link":"https:\/\/www.vdborne.nl\/de\/produkte\/spezialitaeten\/fingerlift-klebeband\/","title":{"rendered":"Fingerlift-Klebeband"},"content":{"rendered":"<p>Kartons sorgf\u00e4ltig schlie\u00dfen und anschlie\u00dfend ohne scharfe Gegenst\u00e4nde wieder \u00f6ffnen, um Besch\u00e4digungen und Verletzungen zu vermeiden. Spart au\u00dferdem viel Zeit beim Umverpacken.<span class=\"Apple-converted-space\">\u00a0<\/span><\/p>\n<p><a href=\"https:\/\/www.youtube.com\/watch?v=K-W60udqH1M\">Hier das Video ansehen.<\/a><\/p>\n<h2>Standard<\/h2>\n<p>Klebeband mit zus\u00e4tzlicher Markierung zur Verdeutlichung.<\/p>\n<h2>Bedruckt<\/h2>\n<p>Mit bis zu 3 Farben in so gut wie jeder PMS, HKS oder RAL-Farbe bedruckbar. Wir arbeiten mit PMS (Pantone)-Farben. HKS- und RAL-Farben werden von uns in PMS-Farben umgewandelt, so dass es geringf\u00fcgige Unterschiede zur Originalfarbe geben kann.<span class=\"Apple-converted-space\">\u00a0<\/span><\/p>\n","protected":false},"excerpt":{"rendered":"<p>Kartons sorgf\u00e4ltig schlie\u00dfen und anschlie\u00dfend ohne scharfe Gegenst\u00e4nde wieder \u00f6ffnen, um Besch\u00e4digungen und Verletzungen zu vermeiden. Spart au\u00dferdem viel Zeit beim Umverpacken.\u00a0 Hier das Video ansehen. Standard Klebeband mit zus\u00e4tzlicher Markierung zur Verdeutlichung. Bedruckt Mit bis zu 3 Farben in so gut wie jeder PMS, HKS oder RAL-Farbe bedruckbar. Wir arbeiten mit PMS (Pantone)-Farben. HKS- [&hellip;]<\/p>\n","protected":false},"author":3,"featured_media":4038,"parent":282,"menu_order":34,"comment_status":"closed","ping_status":"closed","template":"templates\/template_single_product.php","meta":{"footnotes":""},"class_list":["post-287","page","type-page","status-publish","has-post-thumbnail","hentry"],"yoast_head":"<!-- This site is optimized with the Yoast SEO plugin v25.6 - https:\/\/yoast.com\/wordpress\/plugins\/seo\/ -->\n<title>Fingerlift-Klebeband - Van de Borne<\/title>\n<meta name=\"robots\" content=\"index, follow, max-snippet:-1, max-image-preview:large, max-video-preview:-1\" \/>\n<link rel=\"canonical\" href=\"https:\/\/www.vdborne.nl\/de\/produkte\/spezialitaeten\/fingerlift-klebeband\/\" \/>\n<meta property=\"og:locale\" content=\"de_DE\" \/>\n<meta property=\"og:type\" content=\"article\" \/>\n<meta property=\"og:title\" content=\"Fingerlift-Klebeband - Van de Borne\" \/>\n<meta property=\"og:description\" content=\"Kartons sorgf\u00e4ltig schlie\u00dfen und anschlie\u00dfend ohne scharfe Gegenst\u00e4nde wieder \u00f6ffnen, um Besch\u00e4digungen und Verletzungen zu vermeiden. Spart au\u00dferdem viel Zeit beim Umverpacken.\u00a0 Hier das Video ansehen. Standard Klebeband mit zus\u00e4tzlicher Markierung zur Verdeutlichung. Bedruckt Mit bis zu 3 Farben in so gut wie jeder PMS, HKS oder RAL-Farbe bedruckbar. Wir arbeiten mit PMS (Pantone)-Farben. HKS- [&hellip;]\" \/>\n<meta property=\"og:url\" content=\"https:\/\/www.vdborne.nl\/de\/produkte\/spezialitaeten\/fingerlift-klebeband\/\" \/>\n<meta property=\"og:site_name\" content=\"Van de Borne\" \/>\n<meta property=\"article:publisher\" content=\"https:\/\/www.facebook.com\/profile.php?id=100063606229530\" \/>\n<meta property=\"article:modified_time\" content=\"2020-06-26T08:10:57+00:00\" \/>\n<meta property=\"og:image\" content=\"https:\/\/www.vdborne.nl\/wp-content\/uploads\/2020\/06\/Doos-Fingerlift-500x500-1.png\" \/>\n\t<meta property=\"og:image:width\" content=\"500\" \/>\n\t<meta property=\"og:image:height\" content=\"500\" \/>\n\t<meta property=\"og:image:type\" content=\"image\/png\" \/>\n<meta name=\"twitter:card\" content=\"summary_large_image\" \/>\n<script type=\"application\/ld+json\" class=\"yoast-schema-graph\">{\"@context\":\"https:\/\/schema.org\",\"@graph\":[{\"@type\":\"WebPage\",\"@id\":\"https:\/\/www.vdborne.nl\/de\/produkte\/spezialitaeten\/fingerlift-klebeband\/\",\"url\":\"https:\/\/www.vdborne.nl\/de\/produkte\/spezialitaeten\/fingerlift-klebeband\/\",\"name\":\"Fingerlift-Klebeband - Van de Borne\",\"isPartOf\":{\"@id\":\"https:\/\/www.vdborne.nl\/de\/#website\"},\"primaryImageOfPage\":{\"@id\":\"https:\/\/www.vdborne.nl\/de\/produkte\/spezialitaeten\/fingerlift-klebeband\/#primaryimage\"},\"image\":{\"@id\":\"https:\/\/www.vdborne.nl\/de\/produkte\/spezialitaeten\/fingerlift-klebeband\/#primaryimage\"},\"thumbnailUrl\":\"https:\/\/www.vdborne.nl\/wp-content\/uploads\/2020\/06\/Doos-Fingerlift-500x500-1.png\",\"datePublished\":\"2016-08-09T08:03:24+00:00\",\"dateModified\":\"2020-06-26T08:10:57+00:00\",\"breadcrumb\":{\"@id\":\"https:\/\/www.vdborne.nl\/de\/produkte\/spezialitaeten\/fingerlift-klebeband\/#breadcrumb\"},\"inLanguage\":\"de\",\"potentialAction\":[{\"@type\":\"ReadAction\",\"target\":[\"https:\/\/www.vdborne.nl\/de\/produkte\/spezialitaeten\/fingerlift-klebeband\/\"]}]},{\"@type\":\"ImageObject\",\"inLanguage\":\"de\",\"@id\":\"https:\/\/www.vdborne.nl\/de\/produkte\/spezialitaeten\/fingerlift-klebeband\/#primaryimage\",\"url\":\"https:\/\/www.vdborne.nl\/wp-content\/uploads\/2020\/06\/Doos-Fingerlift-500x500-1.png\",\"contentUrl\":\"https:\/\/www.vdborne.nl\/wp-content\/uploads\/2020\/06\/Doos-Fingerlift-500x500-1.png\",\"width\":500,\"height\":500},{\"@type\":\"BreadcrumbList\",\"@id\":\"https:\/\/www.vdborne.nl\/de\/produkte\/spezialitaeten\/fingerlift-klebeband\/#breadcrumb\",\"itemListElement\":[{\"@type\":\"ListItem\",\"position\":1,\"name\":\"Home\",\"item\":\"https:\/\/www.vdborne.nl\/de\/\"},{\"@type\":\"ListItem\",\"position\":2,\"name\":\"Produkte\",\"item\":\"https:\/\/www.vdborne.nl\/producten\/\"},{\"@type\":\"ListItem\",\"position\":3,\"name\":\"Spezialit\u00e4ten\",\"item\":\"https:\/\/www.vdborne.nl\/de\/produkte\/spezialitaeten\/\"},{\"@type\":\"ListItem\",\"position\":4,\"name\":\"Fingerlift-Klebeband\"}]},{\"@type\":\"WebSite\",\"@id\":\"https:\/\/www.vdborne.nl\/de\/#website\",\"url\":\"https:\/\/www.vdborne.nl\/de\/\",\"name\":\"Van de Borne\",\"description\":\"En nog een WordPress site\",\"publisher\":{\"@id\":\"https:\/\/www.vdborne.nl\/de\/#organization\"},\"potentialAction\":[{\"@type\":\"SearchAction\",\"target\":{\"@type\":\"EntryPoint\",\"urlTemplate\":\"https:\/\/www.vdborne.nl\/de\/?s={search_term_string}\"},\"query-input\":{\"@type\":\"PropertyValueSpecification\",\"valueRequired\":true,\"valueName\":\"search_term_string\"}}],\"inLanguage\":\"de\"},{\"@type\":\"Organization\",\"@id\":\"https:\/\/www.vdborne.nl\/de\/#organization\",\"name\":\"Van de Borne\",\"url\":\"https:\/\/www.vdborne.nl\/de\/\",\"logo\":{\"@type\":\"ImageObject\",\"inLanguage\":\"de\",\"@id\":\"https:\/\/www.vdborne.nl\/de\/#\/schema\/logo\/image\/\",\"url\":\"https:\/\/www.vdborne.nl\/wp-content\/uploads\/2023\/07\/logo-1.png\",\"contentUrl\":\"https:\/\/www.vdborne.nl\/wp-content\/uploads\/2023\/07\/logo-1.png\",\"width\":120,\"height\":62,\"caption\":\"Van de Borne\"},\"image\":{\"@id\":\"https:\/\/www.vdborne.nl\/de\/#\/schema\/logo\/image\/\"},\"sameAs\":[\"https:\/\/www.facebook.com\/profile.php?id=100063606229530\"]}]}<\/script>\n<!-- \/ Yoast SEO plugin. -->","yoast_head_json":{"title":"Fingerlift-Klebeband - Van de Borne","robots":{"index":"index","follow":"follow","max-snippet":"max-snippet:-1","max-image-preview":"max-image-preview:large","max-video-preview":"max-video-preview:-1"},"canonical":"https:\/\/www.vdborne.nl\/de\/produkte\/spezialitaeten\/fingerlift-klebeband\/","og_locale":"de_DE","og_type":"article","og_title":"Fingerlift-Klebeband - Van de Borne","og_description":"Kartons sorgf\u00e4ltig schlie\u00dfen und anschlie\u00dfend ohne scharfe Gegenst\u00e4nde wieder \u00f6ffnen, um Besch\u00e4digungen und Verletzungen zu vermeiden. Spart au\u00dferdem viel Zeit beim Umverpacken.\u00a0 Hier das Video ansehen. Standard Klebeband mit zus\u00e4tzlicher Markierung zur Verdeutlichung. Bedruckt Mit bis zu 3 Farben in so gut wie jeder PMS, HKS oder RAL-Farbe bedruckbar. Wir arbeiten mit PMS (Pantone)-Farben. HKS- [&hellip;]","og_url":"https:\/\/www.vdborne.nl\/de\/produkte\/spezialitaeten\/fingerlift-klebeband\/","og_site_name":"Van de Borne","article_publisher":"https:\/\/www.facebook.com\/profile.php?id=100063606229530","article_modified_time":"2020-06-26T08:10:57+00:00","og_image":[{"width":500,"height":500,"url":"https:\/\/www.vdborne.nl\/wp-content\/uploads\/2020\/06\/Doos-Fingerlift-500x500-1.png","type":"image\/png"}],"twitter_card":"summary_large_image","schema":{"@context":"https:\/\/schema.org","@graph":[{"@type":"WebPage","@id":"https:\/\/www.vdborne.nl\/de\/produkte\/spezialitaeten\/fingerlift-klebeband\/","url":"https:\/\/www.vdborne.nl\/de\/produkte\/spezialitaeten\/fingerlift-klebeband\/","name":"Fingerlift-Klebeband - Van de Borne","isPartOf":{"@id":"https:\/\/www.vdborne.nl\/de\/#website"},"primaryImageOfPage":{"@id":"https:\/\/www.vdborne.nl\/de\/produkte\/spezialitaeten\/fingerlift-klebeband\/#primaryimage"},"image":{"@id":"https:\/\/www.vdborne.nl\/de\/produkte\/spezialitaeten\/fingerlift-klebeband\/#primaryimage"},"thumbnailUrl":"https:\/\/www.vdborne.nl\/wp-content\/uploads\/2020\/06\/Doos-Fingerlift-500x500-1.png","datePublished":"2016-08-09T08:03:24+00:00","dateModified":"2020-06-26T08:10:57+00:00","breadcrumb":{"@id":"https:\/\/www.vdborne.nl\/de\/produkte\/spezialitaeten\/fingerlift-klebeband\/#breadcrumb"},"inLanguage":"de","potentialAction":[{"@type":"ReadAction","target":["https:\/\/www.vdborne.nl\/de\/produkte\/spezialitaeten\/fingerlift-klebeband\/"]}]},{"@type":"ImageObject","inLanguage":"de","@id":"https:\/\/www.vdborne.nl\/de\/produkte\/spezialitaeten\/fingerlift-klebeband\/#primaryimage","url":"https:\/\/www.vdborne.nl\/wp-content\/uploads\/2020\/06\/Doos-Fingerlift-500x500-1.png","contentUrl":"https:\/\/www.vdborne.nl\/wp-content\/uploads\/2020\/06\/Doos-Fingerlift-500x500-1.png","width":500,"height":500},{"@type":"BreadcrumbList","@id":"https:\/\/www.vdborne.nl\/de\/produkte\/spezialitaeten\/fingerlift-klebeband\/#breadcrumb","itemListElement":[{"@type":"ListItem","position":1,"name":"Home","item":"https:\/\/www.vdborne.nl\/de\/"},{"@type":"ListItem","position":2,"name":"Produkte","item":"https:\/\/www.vdborne.nl\/producten\/"},{"@type":"ListItem","position":3,"name":"Spezialit\u00e4ten","item":"https:\/\/www.vdborne.nl\/de\/produkte\/spezialitaeten\/"},{"@type":"ListItem","position":4,"name":"Fingerlift-Klebeband"}]},{"@type":"WebSite","@id":"https:\/\/www.vdborne.nl\/de\/#website","url":"https:\/\/www.vdborne.nl\/de\/","name":"Van de Borne","description":"En nog een WordPress site","publisher":{"@id":"https:\/\/www.vdborne.nl\/de\/#organization"},"potentialAction":[{"@type":"SearchAction","target":{"@type":"EntryPoint","urlTemplate":"https:\/\/www.vdborne.nl\/de\/?s={search_term_string}"},"query-input":{"@type":"PropertyValueSpecification","valueRequired":true,"valueName":"search_term_string"}}],"inLanguage":"de"},{"@type":"Organization","@id":"https:\/\/www.vdborne.nl\/de\/#organization","name":"Van de Borne","url":"https:\/\/www.vdborne.nl\/de\/","logo":{"@type":"ImageObject","inLanguage":"de","@id":"https:\/\/www.vdborne.nl\/de\/#\/schema\/logo\/image\/","url":"https:\/\/www.vdborne.nl\/wp-content\/uploads\/2023\/07\/logo-1.png","contentUrl":"https:\/\/www.vdborne.nl\/wp-content\/uploads\/2023\/07\/logo-1.png","width":120,"height":62,"caption":"Van de Borne"},"image":{"@id":"https:\/\/www.vdborne.nl\/de\/#\/schema\/logo\/image\/"},"sameAs":["https:\/\/www.facebook.com\/profile.php?id=100063606229530"]}]}},"_links":{"self":[{"href":"https:\/\/www.vdborne.nl\/de\/wp-json\/wp\/v2\/pages\/287","targetHints":{"allow":["GET"]}}],"collection":[{"href":"https:\/\/www.vdborne.nl\/de\/wp-json\/wp\/v2\/pages"}],"about":[{"href":"https:\/\/www.vdborne.nl\/de\/wp-json\/wp\/v2\/types\/page"}],"author":[{"embeddable":true,"href":"https:\/\/www.vdborne.nl\/de\/wp-json\/wp\/v2\/users\/3"}],"replies":[{"embeddable":true,"href":"https:\/\/www.vdborne.nl\/de\/wp-json\/wp\/v2\/comments?post=287"}],"version-history":[{"count":4,"href":"https:\/\/www.vdborne.nl\/de\/wp-json\/wp\/v2\/pages\/287\/revisions"}],"predecessor-version":[{"id":2765,"href":"https:\/\/www.vdborne.nl\/de\/wp-json\/wp\/v2\/pages\/287\/revisions\/2765"}],"up":[{"embeddable":true,"href":"https:\/\/www.vdborne.nl\/de\/wp-json\/wp\/v2\/pages\/282"}],"wp:featuredmedia":[{"embeddable":true,"href":"https:\/\/www.vdborne.nl\/de\/wp-json\/wp\/v2\/media\/4038"}],"wp:attachment":[{"href":"https:\/\/www.vdborne.nl\/de\/wp-json\/wp\/v2\/media?parent=287"}],"curies":[{"name":"wp","href":"https:\/\/api.w.org\/{rel}","templated":true}]}}