{"id":288,"date":"2016-08-09T10:03:49","date_gmt":"2016-08-09T08:03:49","guid":{"rendered":"http:\/\/www.vdborne.nl\/de\/?page_id=288"},"modified":"2020-06-26T10:12:20","modified_gmt":"2020-06-26T08:12:20","slug":"tamper-evident","status":"publish","type":"page","link":"https:\/\/www.vdborne.nl\/de\/produkte\/spezialitaeten\/tamper-evident\/","title":{"rendered":"Tamper Evident (Sicherheitsklebeband)"},"content":{"rendered":"<p>Unser hochwertiges Sicherheitsklebeband sch\u00fctzt vor dem unbefugten \u00d6ffnen Ihrer Produkte. Das Klebeband hinterl\u00e4sst bei der Entfernung Spuren, die nicht entfernt werden k\u00f6nnen, und kann nicht zum Wiederverschlie\u00dfen verwendet werden.<span class=\"Apple-converted-space\">\u00a0<\/span><\/p>\n<p><a href=\"https:\/\/www.youtube.com\/watch?v=a-5WUbaj6j4\">Hier das Video ansehen.<\/a><\/p>\n<h2>Standard<\/h2>\n<p>50mm x 66 Meter in Rot.<\/p>\n<h2>Bedruckt<\/h2>\n<p>Dieses Klebeband kann nicht bedruckt werden.<\/p>\n","protected":false},"excerpt":{"rendered":"<p>Unser hochwertiges Sicherheitsklebeband sch\u00fctzt vor dem unbefugten \u00d6ffnen Ihrer Produkte. Das Klebeband hinterl\u00e4sst bei der Entfernung Spuren, die nicht entfernt werden k\u00f6nnen, und kann nicht zum Wiederverschlie\u00dfen verwendet werden.\u00a0 Hier das Video ansehen. Standard 50mm x 66 Meter in Rot. Bedruckt Dieses Klebeband kann nicht bedruckt werden.<\/p>\n","protected":false},"author":3,"featured_media":4042,"parent":282,"menu_order":35,"comment_status":"closed","ping_status":"closed","template":"templates\/template_single_product.php","meta":{"footnotes":""},"class_list":["post-288","page","type-page","status-publish","has-post-thumbnail","hentry"],"yoast_head":"<!-- This site is optimized with the Yoast SEO plugin v25.6 - https:\/\/yoast.com\/wordpress\/plugins\/seo\/ -->\n<title>Tamper Evident (Sicherheitsklebeband) - Van de Borne<\/title>\n<meta name=\"robots\" content=\"index, follow, max-snippet:-1, max-image-preview:large, max-video-preview:-1\" \/>\n<link rel=\"canonical\" href=\"https:\/\/www.vdborne.nl\/de\/produkte\/spezialitaeten\/tamper-evident\/\" \/>\n<meta property=\"og:locale\" content=\"de_DE\" \/>\n<meta property=\"og:type\" content=\"article\" \/>\n<meta property=\"og:title\" content=\"Tamper Evident (Sicherheitsklebeband) - Van de Borne\" \/>\n<meta property=\"og:description\" content=\"Unser hochwertiges Sicherheitsklebeband sch\u00fctzt vor dem unbefugten \u00d6ffnen Ihrer Produkte. Das Klebeband hinterl\u00e4sst bei der Entfernung Spuren, die nicht entfernt werden k\u00f6nnen, und kann nicht zum Wiederverschlie\u00dfen verwendet werden.\u00a0 Hier das Video ansehen. Standard 50mm x 66 Meter in Rot. Bedruckt Dieses Klebeband kann nicht bedruckt werden.\" \/>\n<meta property=\"og:url\" content=\"https:\/\/www.vdborne.nl\/de\/produkte\/spezialitaeten\/tamper-evident\/\" \/>\n<meta property=\"og:site_name\" content=\"Van de Borne\" \/>\n<meta property=\"article:publisher\" content=\"https:\/\/www.facebook.com\/profile.php?id=100063606229530\" \/>\n<meta property=\"article:modified_time\" content=\"2020-06-26T08:12:20+00:00\" \/>\n<meta property=\"og:image\" content=\"https:\/\/www.vdborne.nl\/wp-content\/uploads\/2020\/06\/Doos-Tamper-evidence-500x500-1.png\" \/>\n\t<meta property=\"og:image:width\" content=\"500\" \/>\n\t<meta property=\"og:image:height\" content=\"500\" \/>\n\t<meta property=\"og:image:type\" content=\"image\/png\" \/>\n<meta name=\"twitter:card\" content=\"summary_large_image\" \/>\n<script type=\"application\/ld+json\" class=\"yoast-schema-graph\">{\"@context\":\"https:\/\/schema.org\",\"@graph\":[{\"@type\":\"WebPage\",\"@id\":\"https:\/\/www.vdborne.nl\/de\/produkte\/spezialitaeten\/tamper-evident\/\",\"url\":\"https:\/\/www.vdborne.nl\/de\/produkte\/spezialitaeten\/tamper-evident\/\",\"name\":\"Tamper Evident (Sicherheitsklebeband) - Van de Borne\",\"isPartOf\":{\"@id\":\"https:\/\/www.vdborne.nl\/de\/#website\"},\"primaryImageOfPage\":{\"@id\":\"https:\/\/www.vdborne.nl\/de\/produkte\/spezialitaeten\/tamper-evident\/#primaryimage\"},\"image\":{\"@id\":\"https:\/\/www.vdborne.nl\/de\/produkte\/spezialitaeten\/tamper-evident\/#primaryimage\"},\"thumbnailUrl\":\"https:\/\/www.vdborne.nl\/wp-content\/uploads\/2020\/06\/Doos-Tamper-evidence-500x500-1.png\",\"datePublished\":\"2016-08-09T08:03:49+00:00\",\"dateModified\":\"2020-06-26T08:12:20+00:00\",\"breadcrumb\":{\"@id\":\"https:\/\/www.vdborne.nl\/de\/produkte\/spezialitaeten\/tamper-evident\/#breadcrumb\"},\"inLanguage\":\"de\",\"potentialAction\":[{\"@type\":\"ReadAction\",\"target\":[\"https:\/\/www.vdborne.nl\/de\/produkte\/spezialitaeten\/tamper-evident\/\"]}]},{\"@type\":\"ImageObject\",\"inLanguage\":\"de\",\"@id\":\"https:\/\/www.vdborne.nl\/de\/produkte\/spezialitaeten\/tamper-evident\/#primaryimage\",\"url\":\"https:\/\/www.vdborne.nl\/wp-content\/uploads\/2020\/06\/Doos-Tamper-evidence-500x500-1.png\",\"contentUrl\":\"https:\/\/www.vdborne.nl\/wp-content\/uploads\/2020\/06\/Doos-Tamper-evidence-500x500-1.png\",\"width\":500,\"height\":500},{\"@type\":\"BreadcrumbList\",\"@id\":\"https:\/\/www.vdborne.nl\/de\/produkte\/spezialitaeten\/tamper-evident\/#breadcrumb\",\"itemListElement\":[{\"@type\":\"ListItem\",\"position\":1,\"name\":\"Home\",\"item\":\"https:\/\/www.vdborne.nl\/de\/\"},{\"@type\":\"ListItem\",\"position\":2,\"name\":\"Produkte\",\"item\":\"https:\/\/www.vdborne.nl\/producten\/\"},{\"@type\":\"ListItem\",\"position\":3,\"name\":\"Spezialit\u00e4ten\",\"item\":\"https:\/\/www.vdborne.nl\/de\/produkte\/spezialitaeten\/\"},{\"@type\":\"ListItem\",\"position\":4,\"name\":\"Tamper Evident (Sicherheitsklebeband)\"}]},{\"@type\":\"WebSite\",\"@id\":\"https:\/\/www.vdborne.nl\/de\/#website\",\"url\":\"https:\/\/www.vdborne.nl\/de\/\",\"name\":\"Van de Borne\",\"description\":\"En nog een WordPress site\",\"publisher\":{\"@id\":\"https:\/\/www.vdborne.nl\/de\/#organization\"},\"potentialAction\":[{\"@type\":\"SearchAction\",\"target\":{\"@type\":\"EntryPoint\",\"urlTemplate\":\"https:\/\/www.vdborne.nl\/de\/?s={search_term_string}\"},\"query-input\":{\"@type\":\"PropertyValueSpecification\",\"valueRequired\":true,\"valueName\":\"search_term_string\"}}],\"inLanguage\":\"de\"},{\"@type\":\"Organization\",\"@id\":\"https:\/\/www.vdborne.nl\/de\/#organization\",\"name\":\"Van de Borne\",\"url\":\"https:\/\/www.vdborne.nl\/de\/\",\"logo\":{\"@type\":\"ImageObject\",\"inLanguage\":\"de\",\"@id\":\"https:\/\/www.vdborne.nl\/de\/#\/schema\/logo\/image\/\",\"url\":\"https:\/\/www.vdborne.nl\/wp-content\/uploads\/2023\/07\/logo-1.png\",\"contentUrl\":\"https:\/\/www.vdborne.nl\/wp-content\/uploads\/2023\/07\/logo-1.png\",\"width\":120,\"height\":62,\"caption\":\"Van de Borne\"},\"image\":{\"@id\":\"https:\/\/www.vdborne.nl\/de\/#\/schema\/logo\/image\/\"},\"sameAs\":[\"https:\/\/www.facebook.com\/profile.php?id=100063606229530\"]}]}<\/script>\n<!-- \/ Yoast SEO plugin. -->","yoast_head_json":{"title":"Tamper Evident (Sicherheitsklebeband) - Van de Borne","robots":{"index":"index","follow":"follow","max-snippet":"max-snippet:-1","max-image-preview":"max-image-preview:large","max-video-preview":"max-video-preview:-1"},"canonical":"https:\/\/www.vdborne.nl\/de\/produkte\/spezialitaeten\/tamper-evident\/","og_locale":"de_DE","og_type":"article","og_title":"Tamper Evident (Sicherheitsklebeband) - Van de Borne","og_description":"Unser hochwertiges Sicherheitsklebeband sch\u00fctzt vor dem unbefugten \u00d6ffnen Ihrer Produkte. Das Klebeband hinterl\u00e4sst bei der Entfernung Spuren, die nicht entfernt werden k\u00f6nnen, und kann nicht zum Wiederverschlie\u00dfen verwendet werden.\u00a0 Hier das Video ansehen. Standard 50mm x 66 Meter in Rot. Bedruckt Dieses Klebeband kann nicht bedruckt werden.","og_url":"https:\/\/www.vdborne.nl\/de\/produkte\/spezialitaeten\/tamper-evident\/","og_site_name":"Van de Borne","article_publisher":"https:\/\/www.facebook.com\/profile.php?id=100063606229530","article_modified_time":"2020-06-26T08:12:20+00:00","og_image":[{"width":500,"height":500,"url":"https:\/\/www.vdborne.nl\/wp-content\/uploads\/2020\/06\/Doos-Tamper-evidence-500x500-1.png","type":"image\/png"}],"twitter_card":"summary_large_image","schema":{"@context":"https:\/\/schema.org","@graph":[{"@type":"WebPage","@id":"https:\/\/www.vdborne.nl\/de\/produkte\/spezialitaeten\/tamper-evident\/","url":"https:\/\/www.vdborne.nl\/de\/produkte\/spezialitaeten\/tamper-evident\/","name":"Tamper Evident (Sicherheitsklebeband) - Van de Borne","isPartOf":{"@id":"https:\/\/www.vdborne.nl\/de\/#website"},"primaryImageOfPage":{"@id":"https:\/\/www.vdborne.nl\/de\/produkte\/spezialitaeten\/tamper-evident\/#primaryimage"},"image":{"@id":"https:\/\/www.vdborne.nl\/de\/produkte\/spezialitaeten\/tamper-evident\/#primaryimage"},"thumbnailUrl":"https:\/\/www.vdborne.nl\/wp-content\/uploads\/2020\/06\/Doos-Tamper-evidence-500x500-1.png","datePublished":"2016-08-09T08:03:49+00:00","dateModified":"2020-06-26T08:12:20+00:00","breadcrumb":{"@id":"https:\/\/www.vdborne.nl\/de\/produkte\/spezialitaeten\/tamper-evident\/#breadcrumb"},"inLanguage":"de","potentialAction":[{"@type":"ReadAction","target":["https:\/\/www.vdborne.nl\/de\/produkte\/spezialitaeten\/tamper-evident\/"]}]},{"@type":"ImageObject","inLanguage":"de","@id":"https:\/\/www.vdborne.nl\/de\/produkte\/spezialitaeten\/tamper-evident\/#primaryimage","url":"https:\/\/www.vdborne.nl\/wp-content\/uploads\/2020\/06\/Doos-Tamper-evidence-500x500-1.png","contentUrl":"https:\/\/www.vdborne.nl\/wp-content\/uploads\/2020\/06\/Doos-Tamper-evidence-500x500-1.png","width":500,"height":500},{"@type":"BreadcrumbList","@id":"https:\/\/www.vdborne.nl\/de\/produkte\/spezialitaeten\/tamper-evident\/#breadcrumb","itemListElement":[{"@type":"ListItem","position":1,"name":"Home","item":"https:\/\/www.vdborne.nl\/de\/"},{"@type":"ListItem","position":2,"name":"Produkte","item":"https:\/\/www.vdborne.nl\/producten\/"},{"@type":"ListItem","position":3,"name":"Spezialit\u00e4ten","item":"https:\/\/www.vdborne.nl\/de\/produkte\/spezialitaeten\/"},{"@type":"ListItem","position":4,"name":"Tamper Evident (Sicherheitsklebeband)"}]},{"@type":"WebSite","@id":"https:\/\/www.vdborne.nl\/de\/#website","url":"https:\/\/www.vdborne.nl\/de\/","name":"Van de Borne","description":"En nog een WordPress site","publisher":{"@id":"https:\/\/www.vdborne.nl\/de\/#organization"},"potentialAction":[{"@type":"SearchAction","target":{"@type":"EntryPoint","urlTemplate":"https:\/\/www.vdborne.nl\/de\/?s={search_term_string}"},"query-input":{"@type":"PropertyValueSpecification","valueRequired":true,"valueName":"search_term_string"}}],"inLanguage":"de"},{"@type":"Organization","@id":"https:\/\/www.vdborne.nl\/de\/#organization","name":"Van de Borne","url":"https:\/\/www.vdborne.nl\/de\/","logo":{"@type":"ImageObject","inLanguage":"de","@id":"https:\/\/www.vdborne.nl\/de\/#\/schema\/logo\/image\/","url":"https:\/\/www.vdborne.nl\/wp-content\/uploads\/2023\/07\/logo-1.png","contentUrl":"https:\/\/www.vdborne.nl\/wp-content\/uploads\/2023\/07\/logo-1.png","width":120,"height":62,"caption":"Van de Borne"},"image":{"@id":"https:\/\/www.vdborne.nl\/de\/#\/schema\/logo\/image\/"},"sameAs":["https:\/\/www.facebook.com\/profile.php?id=100063606229530"]}]}},"_links":{"self":[{"href":"https:\/\/www.vdborne.nl\/de\/wp-json\/wp\/v2\/pages\/288","targetHints":{"allow":["GET"]}}],"collection":[{"href":"https:\/\/www.vdborne.nl\/de\/wp-json\/wp\/v2\/pages"}],"about":[{"href":"https:\/\/www.vdborne.nl\/de\/wp-json\/wp\/v2\/types\/page"}],"author":[{"embeddable":true,"href":"https:\/\/www.vdborne.nl\/de\/wp-json\/wp\/v2\/users\/3"}],"replies":[{"embeddable":true,"href":"https:\/\/www.vdborne.nl\/de\/wp-json\/wp\/v2\/comments?post=288"}],"version-history":[{"count":6,"href":"https:\/\/www.vdborne.nl\/de\/wp-json\/wp\/v2\/pages\/288\/revisions"}],"predecessor-version":[{"id":2778,"href":"https:\/\/www.vdborne.nl\/de\/wp-json\/wp\/v2\/pages\/288\/revisions\/2778"}],"up":[{"embeddable":true,"href":"https:\/\/www.vdborne.nl\/de\/wp-json\/wp\/v2\/pages\/282"}],"wp:featuredmedia":[{"embeddable":true,"href":"https:\/\/www.vdborne.nl\/de\/wp-json\/wp\/v2\/media\/4042"}],"wp:attachment":[{"href":"https:\/\/www.vdborne.nl\/de\/wp-json\/wp\/v2\/media?parent=288"}],"curies":[{"name":"wp","href":"https:\/\/api.w.org\/{rel}","templated":true}]}}