{"id":2959,"date":"2019-05-17T10:38:53","date_gmt":"2019-05-17T08:38:53","guid":{"rendered":"http:\/\/www.vdborne.nl\/de\/?page_id=2959"},"modified":"2019-06-13T10:41:35","modified_gmt":"2019-06-13T08:41:35","slug":"under-surface-druck","status":"publish","type":"page","link":"https:\/\/www.vdborne.nl\/de\/produkte\/klebeband-2\/pp-acryl\/under-surface-druck\/","title":{"rendered":"Under Surface Druck"},"content":{"rendered":"<p>PP-Acryl und PP-Hotmelt k\u00f6nnen mit zwei verschiedenen Methoden bedruckt werden.\u00a0Auf der PP-Folie oder &#8222;Under Surface&#8220;.<\/p>\n<p>&nbsp;<\/p>\n<h4>Bedrucken der Oberseite:<\/h4>\n<p><img decoding=\"async\" class=\"alignleft wp-image-3002\" src=\"https:\/\/www.vdborne.nl\/wp-content\/uploads\/2019\/06\/topprint-bedrukking_DE-1024x584.jpg\" alt=\"\" width=\"400\" height=\"228\" srcset=\"https:\/\/www.vdborne.nl\/wp-content\/uploads\/2019\/06\/topprint-bedrukking_DE-1024x584.jpg 1024w, https:\/\/www.vdborne.nl\/wp-content\/uploads\/2019\/06\/topprint-bedrukking_DE-300x171.jpg 300w, https:\/\/www.vdborne.nl\/wp-content\/uploads\/2019\/06\/topprint-bedrukking_DE-768x438.jpg 768w, https:\/\/www.vdborne.nl\/wp-content\/uploads\/2019\/06\/topprint-bedrukking_DE-100x57.jpg 100w\" sizes=\"(max-width: 400px) 100vw, 400px\" \/><\/p>\n<p>Beim Bedrucken der Oberseite wird die Tinte auf die PP-Folie gedruckt. Die Klebeschicht befindet sich unter der transparenten Folie. Zum Schutz des Aufdrucks wird dieser mit Lack beschichtet.<\/p>\n<p>&nbsp;<\/p>\n<h4>Under Surface Druck:<\/h4>\n<h4><img decoding=\"async\" class=\"alignleft wp-image-3004\" src=\"https:\/\/www.vdborne.nl\/wp-content\/uploads\/2019\/06\/undersurface-bedrukking_DE-1024x584.jpg\" alt=\"\" width=\"400\" height=\"228\" srcset=\"https:\/\/www.vdborne.nl\/wp-content\/uploads\/2019\/06\/undersurface-bedrukking_DE-1024x584.jpg 1024w, https:\/\/www.vdborne.nl\/wp-content\/uploads\/2019\/06\/undersurface-bedrukking_DE-300x171.jpg 300w, https:\/\/www.vdborne.nl\/wp-content\/uploads\/2019\/06\/undersurface-bedrukking_DE-768x438.jpg 768w, https:\/\/www.vdborne.nl\/wp-content\/uploads\/2019\/06\/undersurface-bedrukking_DE-100x57.jpg 100w\" sizes=\"(max-width: 400px) 100vw, 400px\" \/><\/h4>\n<p>Beim Under Surface Druck\u00a0wird die Tinte auf die Unterseite der PP-Folie gedruckt. Unter dem Aufdruck wird dann die Klebeschicht angebracht, so dass sich der Aufdruck zwischen der Folie und der Klebeschicht befindet. Infolgedessen ist das Tape \u00fcber einen l\u00e4ngeren Zeitraum haltbar, dr\u00fcckt der Aufdruck nicht durch und ist verschlei\u00dffest.<\/p>\n<p>&nbsp;<\/p>\n<h4><\/h4>\n<h4>Vorteile Bedrucken Oberseite:<\/h4>\n<ul>\n<li>kosteng\u00fcnstig<\/li>\n<li>kleinere Auflagen m\u00f6glich<\/li>\n<li>schnellere Lieferzeit m\u00f6glich<\/li>\n<\/ul>\n<p>&nbsp;<\/p>\n<h4><\/h4>\n<h4>Vorteile Under Surface Druck:<\/h4>\n<ul>\n<li>Aufdruck dr\u00fcckt nicht durch<\/li>\n<li>verschlei\u00dffest<\/li>\n<li>lange haltbar<\/li>\n<\/ul>\n<p>Fr\u00fcher war diese Art des Bedruckens nur bei Abnahme gro\u00dfer St\u00fcckzahlen m\u00f6glich, jetzt aber auch bei kleineren Auftr\u00e4gen ab 360 Rollen, bis zu 3 Farben.<\/p>\n<p>Haben Sie Interesse oder m\u00f6chten Sie weitere Informationen? Nehmen Sie dann gerne <a href=\"https:\/\/www.vdborne.nl\/de\/kontakt\/\">Kontakt<\/a> zu uns auf.<span class=\"Apple-converted-space\">\u00a0<\/span><\/p>\n","protected":false},"excerpt":{"rendered":"<p>PP-Acryl und PP-Hotmelt k\u00f6nnen mit zwei verschiedenen Methoden bedruckt werden.\u00a0Auf der PP-Folie oder &#8222;Under Surface&#8220;. &nbsp; Bedrucken der Oberseite: Beim Bedrucken der Oberseite wird die Tinte auf die PP-Folie gedruckt. Die Klebeschicht befindet sich unter der transparenten Folie. Zum Schutz des Aufdrucks wird dieser mit Lack beschichtet. &nbsp; Under Surface Druck: Beim Under Surface Druck\u00a0wird [&hellip;]<\/p>\n","protected":false},"author":2,"featured_media":2946,"parent":266,"menu_order":0,"comment_status":"closed","ping_status":"closed","template":"","meta":{"footnotes":""},"class_list":["post-2959","page","type-page","status-publish","has-post-thumbnail","hentry"],"yoast_head":"<!-- This site is optimized with the Yoast SEO plugin v25.6 - https:\/\/yoast.com\/wordpress\/plugins\/seo\/ -->\n<title>Under Surface Druck - Van de Borne<\/title>\n<meta name=\"robots\" content=\"index, follow, max-snippet:-1, max-image-preview:large, max-video-preview:-1\" \/>\n<link rel=\"canonical\" href=\"https:\/\/www.vdborne.nl\/producten\/tapes-2\/pp-acryl\/under-surface-bedrukking\/\" \/>\n<meta property=\"og:locale\" content=\"de_DE\" \/>\n<meta property=\"og:type\" content=\"article\" \/>\n<meta property=\"og:title\" content=\"Under Surface Druck - Van de Borne\" \/>\n<meta property=\"og:description\" content=\"PP-Acryl und PP-Hotmelt k\u00f6nnen mit zwei verschiedenen Methoden bedruckt werden.\u00a0Auf der PP-Folie oder &#8222;Under Surface&#8220;. &nbsp; Bedrucken der Oberseite: Beim Bedrucken der Oberseite wird die Tinte auf die PP-Folie gedruckt. Die Klebeschicht befindet sich unter der transparenten Folie. Zum Schutz des Aufdrucks wird dieser mit Lack beschichtet. &nbsp; Under Surface Druck: Beim Under Surface Druck\u00a0wird [&hellip;]\" \/>\n<meta property=\"og:url\" content=\"https:\/\/www.vdborne.nl\/producten\/tapes-2\/pp-acryl\/under-surface-bedrukking\/\" \/>\n<meta property=\"og:site_name\" content=\"Van de Borne\" \/>\n<meta property=\"article:publisher\" content=\"https:\/\/www.facebook.com\/profile.php?id=100063606229530\" \/>\n<meta property=\"article:modified_time\" content=\"2019-06-13T08:41:35+00:00\" \/>\n<meta property=\"og:image\" content=\"https:\/\/www.vdborne.nl\/wp-content\/uploads\/2019\/05\/undersurface_thumb.jpg\" \/>\n\t<meta property=\"og:image:width\" content=\"1000\" \/>\n\t<meta property=\"og:image:height\" content=\"1000\" \/>\n\t<meta property=\"og:image:type\" content=\"image\/jpeg\" \/>\n<meta name=\"twitter:card\" content=\"summary_large_image\" \/>\n<meta name=\"twitter:label1\" content=\"Gesch\u00e4tzte Lesezeit\" \/>\n\t<meta name=\"twitter:data1\" content=\"1\u00a0Minute\" \/>\n<script type=\"application\/ld+json\" class=\"yoast-schema-graph\">{\"@context\":\"https:\/\/schema.org\",\"@graph\":[{\"@type\":\"WebPage\",\"@id\":\"https:\/\/www.vdborne.nl\/producten\/tapes-2\/pp-acryl\/under-surface-bedrukking\/\",\"url\":\"https:\/\/www.vdborne.nl\/producten\/tapes-2\/pp-acryl\/under-surface-bedrukking\/\",\"name\":\"Under Surface Druck - Van de Borne\",\"isPartOf\":{\"@id\":\"https:\/\/www.vdborne.nl\/de\/#website\"},\"primaryImageOfPage\":{\"@id\":\"https:\/\/www.vdborne.nl\/producten\/tapes-2\/pp-acryl\/under-surface-bedrukking\/#primaryimage\"},\"image\":{\"@id\":\"https:\/\/www.vdborne.nl\/producten\/tapes-2\/pp-acryl\/under-surface-bedrukking\/#primaryimage\"},\"thumbnailUrl\":\"https:\/\/www.vdborne.nl\/wp-content\/uploads\/2019\/05\/undersurface_thumb.jpg\",\"datePublished\":\"2019-05-17T08:38:53+00:00\",\"dateModified\":\"2019-06-13T08:41:35+00:00\",\"breadcrumb\":{\"@id\":\"https:\/\/www.vdborne.nl\/producten\/tapes-2\/pp-acryl\/under-surface-bedrukking\/#breadcrumb\"},\"inLanguage\":\"de\",\"potentialAction\":[{\"@type\":\"ReadAction\",\"target\":[\"https:\/\/www.vdborne.nl\/producten\/tapes-2\/pp-acryl\/under-surface-bedrukking\/\"]}]},{\"@type\":\"ImageObject\",\"inLanguage\":\"de\",\"@id\":\"https:\/\/www.vdborne.nl\/producten\/tapes-2\/pp-acryl\/under-surface-bedrukking\/#primaryimage\",\"url\":\"https:\/\/www.vdborne.nl\/wp-content\/uploads\/2019\/05\/undersurface_thumb.jpg\",\"contentUrl\":\"https:\/\/www.vdborne.nl\/wp-content\/uploads\/2019\/05\/undersurface_thumb.jpg\",\"width\":1000,\"height\":1000,\"caption\":\"DCIM100GOPROGOPR3948.\"},{\"@type\":\"BreadcrumbList\",\"@id\":\"https:\/\/www.vdborne.nl\/producten\/tapes-2\/pp-acryl\/under-surface-bedrukking\/#breadcrumb\",\"itemListElement\":[{\"@type\":\"ListItem\",\"position\":1,\"name\":\"Home\",\"item\":\"https:\/\/www.vdborne.nl\/de\/\"},{\"@type\":\"ListItem\",\"position\":2,\"name\":\"Produkte\",\"item\":\"https:\/\/www.vdborne.nl\/producten\/\"},{\"@type\":\"ListItem\",\"position\":3,\"name\":\"Klebeband\",\"item\":\"https:\/\/www.vdborne.nl\/producten\/tapes-2\/\"},{\"@type\":\"ListItem\",\"position\":4,\"name\":\"PP Acryl\",\"item\":\"https:\/\/www.vdborne.nl\/producten\/tapes-2\/pp-acryl\/\"},{\"@type\":\"ListItem\",\"position\":5,\"name\":\"Under Surface Druck\"}]},{\"@type\":\"WebSite\",\"@id\":\"https:\/\/www.vdborne.nl\/de\/#website\",\"url\":\"https:\/\/www.vdborne.nl\/de\/\",\"name\":\"Van de Borne\",\"description\":\"En nog een WordPress site\",\"publisher\":{\"@id\":\"https:\/\/www.vdborne.nl\/de\/#organization\"},\"potentialAction\":[{\"@type\":\"SearchAction\",\"target\":{\"@type\":\"EntryPoint\",\"urlTemplate\":\"https:\/\/www.vdborne.nl\/de\/?s={search_term_string}\"},\"query-input\":{\"@type\":\"PropertyValueSpecification\",\"valueRequired\":true,\"valueName\":\"search_term_string\"}}],\"inLanguage\":\"de\"},{\"@type\":\"Organization\",\"@id\":\"https:\/\/www.vdborne.nl\/de\/#organization\",\"name\":\"Van de Borne\",\"url\":\"https:\/\/www.vdborne.nl\/de\/\",\"logo\":{\"@type\":\"ImageObject\",\"inLanguage\":\"de\",\"@id\":\"https:\/\/www.vdborne.nl\/de\/#\/schema\/logo\/image\/\",\"url\":\"https:\/\/www.vdborne.nl\/wp-content\/uploads\/2023\/07\/logo-1.png\",\"contentUrl\":\"https:\/\/www.vdborne.nl\/wp-content\/uploads\/2023\/07\/logo-1.png\",\"width\":120,\"height\":62,\"caption\":\"Van de Borne\"},\"image\":{\"@id\":\"https:\/\/www.vdborne.nl\/de\/#\/schema\/logo\/image\/\"},\"sameAs\":[\"https:\/\/www.facebook.com\/profile.php?id=100063606229530\"]}]}<\/script>\n<!-- \/ Yoast SEO plugin. -->","yoast_head_json":{"title":"Under Surface Druck - Van de Borne","robots":{"index":"index","follow":"follow","max-snippet":"max-snippet:-1","max-image-preview":"max-image-preview:large","max-video-preview":"max-video-preview:-1"},"canonical":"https:\/\/www.vdborne.nl\/producten\/tapes-2\/pp-acryl\/under-surface-bedrukking\/","og_locale":"de_DE","og_type":"article","og_title":"Under Surface Druck - Van de Borne","og_description":"PP-Acryl und PP-Hotmelt k\u00f6nnen mit zwei verschiedenen Methoden bedruckt werden.\u00a0Auf der PP-Folie oder &#8222;Under Surface&#8220;. &nbsp; Bedrucken der Oberseite: Beim Bedrucken der Oberseite wird die Tinte auf die PP-Folie gedruckt. Die Klebeschicht befindet sich unter der transparenten Folie. Zum Schutz des Aufdrucks wird dieser mit Lack beschichtet. &nbsp; Under Surface Druck: Beim Under Surface Druck\u00a0wird [&hellip;]","og_url":"https:\/\/www.vdborne.nl\/producten\/tapes-2\/pp-acryl\/under-surface-bedrukking\/","og_site_name":"Van de Borne","article_publisher":"https:\/\/www.facebook.com\/profile.php?id=100063606229530","article_modified_time":"2019-06-13T08:41:35+00:00","og_image":[{"width":1000,"height":1000,"url":"https:\/\/www.vdborne.nl\/wp-content\/uploads\/2019\/05\/undersurface_thumb.jpg","type":"image\/jpeg"}],"twitter_card":"summary_large_image","twitter_misc":{"Gesch\u00e4tzte Lesezeit":"1\u00a0Minute"},"schema":{"@context":"https:\/\/schema.org","@graph":[{"@type":"WebPage","@id":"https:\/\/www.vdborne.nl\/producten\/tapes-2\/pp-acryl\/under-surface-bedrukking\/","url":"https:\/\/www.vdborne.nl\/producten\/tapes-2\/pp-acryl\/under-surface-bedrukking\/","name":"Under Surface Druck - Van de Borne","isPartOf":{"@id":"https:\/\/www.vdborne.nl\/de\/#website"},"primaryImageOfPage":{"@id":"https:\/\/www.vdborne.nl\/producten\/tapes-2\/pp-acryl\/under-surface-bedrukking\/#primaryimage"},"image":{"@id":"https:\/\/www.vdborne.nl\/producten\/tapes-2\/pp-acryl\/under-surface-bedrukking\/#primaryimage"},"thumbnailUrl":"https:\/\/www.vdborne.nl\/wp-content\/uploads\/2019\/05\/undersurface_thumb.jpg","datePublished":"2019-05-17T08:38:53+00:00","dateModified":"2019-06-13T08:41:35+00:00","breadcrumb":{"@id":"https:\/\/www.vdborne.nl\/producten\/tapes-2\/pp-acryl\/under-surface-bedrukking\/#breadcrumb"},"inLanguage":"de","potentialAction":[{"@type":"ReadAction","target":["https:\/\/www.vdborne.nl\/producten\/tapes-2\/pp-acryl\/under-surface-bedrukking\/"]}]},{"@type":"ImageObject","inLanguage":"de","@id":"https:\/\/www.vdborne.nl\/producten\/tapes-2\/pp-acryl\/under-surface-bedrukking\/#primaryimage","url":"https:\/\/www.vdborne.nl\/wp-content\/uploads\/2019\/05\/undersurface_thumb.jpg","contentUrl":"https:\/\/www.vdborne.nl\/wp-content\/uploads\/2019\/05\/undersurface_thumb.jpg","width":1000,"height":1000,"caption":"DCIM100GOPROGOPR3948."},{"@type":"BreadcrumbList","@id":"https:\/\/www.vdborne.nl\/producten\/tapes-2\/pp-acryl\/under-surface-bedrukking\/#breadcrumb","itemListElement":[{"@type":"ListItem","position":1,"name":"Home","item":"https:\/\/www.vdborne.nl\/de\/"},{"@type":"ListItem","position":2,"name":"Produkte","item":"https:\/\/www.vdborne.nl\/producten\/"},{"@type":"ListItem","position":3,"name":"Klebeband","item":"https:\/\/www.vdborne.nl\/producten\/tapes-2\/"},{"@type":"ListItem","position":4,"name":"PP Acryl","item":"https:\/\/www.vdborne.nl\/producten\/tapes-2\/pp-acryl\/"},{"@type":"ListItem","position":5,"name":"Under Surface Druck"}]},{"@type":"WebSite","@id":"https:\/\/www.vdborne.nl\/de\/#website","url":"https:\/\/www.vdborne.nl\/de\/","name":"Van de Borne","description":"En nog een WordPress site","publisher":{"@id":"https:\/\/www.vdborne.nl\/de\/#organization"},"potentialAction":[{"@type":"SearchAction","target":{"@type":"EntryPoint","urlTemplate":"https:\/\/www.vdborne.nl\/de\/?s={search_term_string}"},"query-input":{"@type":"PropertyValueSpecification","valueRequired":true,"valueName":"search_term_string"}}],"inLanguage":"de"},{"@type":"Organization","@id":"https:\/\/www.vdborne.nl\/de\/#organization","name":"Van de Borne","url":"https:\/\/www.vdborne.nl\/de\/","logo":{"@type":"ImageObject","inLanguage":"de","@id":"https:\/\/www.vdborne.nl\/de\/#\/schema\/logo\/image\/","url":"https:\/\/www.vdborne.nl\/wp-content\/uploads\/2023\/07\/logo-1.png","contentUrl":"https:\/\/www.vdborne.nl\/wp-content\/uploads\/2023\/07\/logo-1.png","width":120,"height":62,"caption":"Van de Borne"},"image":{"@id":"https:\/\/www.vdborne.nl\/de\/#\/schema\/logo\/image\/"},"sameAs":["https:\/\/www.facebook.com\/profile.php?id=100063606229530"]}]}},"_links":{"self":[{"href":"https:\/\/www.vdborne.nl\/de\/wp-json\/wp\/v2\/pages\/2959","targetHints":{"allow":["GET"]}}],"collection":[{"href":"https:\/\/www.vdborne.nl\/de\/wp-json\/wp\/v2\/pages"}],"about":[{"href":"https:\/\/www.vdborne.nl\/de\/wp-json\/wp\/v2\/types\/page"}],"author":[{"embeddable":true,"href":"https:\/\/www.vdborne.nl\/de\/wp-json\/wp\/v2\/users\/2"}],"replies":[{"embeddable":true,"href":"https:\/\/www.vdborne.nl\/de\/wp-json\/wp\/v2\/comments?post=2959"}],"version-history":[{"count":10,"href":"https:\/\/www.vdborne.nl\/de\/wp-json\/wp\/v2\/pages\/2959\/revisions"}],"predecessor-version":[{"id":3006,"href":"https:\/\/www.vdborne.nl\/de\/wp-json\/wp\/v2\/pages\/2959\/revisions\/3006"}],"up":[{"embeddable":true,"href":"https:\/\/www.vdborne.nl\/de\/wp-json\/wp\/v2\/pages\/266"}],"wp:featuredmedia":[{"embeddable":true,"href":"https:\/\/www.vdborne.nl\/de\/wp-json\/wp\/v2\/media\/2946"}],"wp:attachment":[{"href":"https:\/\/www.vdborne.nl\/de\/wp-json\/wp\/v2\/media?parent=2959"}],"curies":[{"name":"wp","href":"https:\/\/api.w.org\/{rel}","templated":true}]}}