{"id":307,"date":"2016-08-09T10:18:59","date_gmt":"2016-08-09T08:18:59","guid":{"rendered":"http:\/\/www.vdborne.nl\/de\/?page_id=307"},"modified":"2021-08-06T11:39:57","modified_gmt":"2021-08-06T09:39:57","slug":"dtp-studio-2","status":"publish","type":"page","link":"https:\/\/www.vdborne.nl\/de\/dtp-studio-2\/","title":{"rendered":"DTP Studio"},"content":{"rendered":"<p>Wir verf\u00fcgen \u00fcber unsere eigene DTP-Abteilung. Mit gro\u00dfer Sorgfalt und den entsprechenden Fachkenntnissen werden die von Ihnen gelieferten Dateien so bearbeitet, dass wir sie in unserer Druckerei technisch verwenden k\u00f6nnen. Gerne fertigen wir f\u00fcr Sie auch ein Logo oder andere Designs an. Sie erhalten Ihren Entwurf innerhalb von zwei Arbeitstagen.<span class=\"Apple-converted-space\">\u00a0<\/span><\/p>\n<p><a href=\"https:\/\/www.vdborne.nl\/wp-content\/uploads\/2021\/08\/DE_Aanleverspecificaties.pdf\">Spezifikationen f\u00fcr die Lieferung<\/a><\/p>\n","protected":false},"excerpt":{"rendered":"<p>Wir verf\u00fcgen \u00fcber unsere eigene DTP-Abteilung. Mit gro\u00dfer Sorgfalt und den entsprechenden Fachkenntnissen werden die von Ihnen gelieferten Dateien so bearbeitet, dass wir sie in unserer Druckerei technisch verwenden k\u00f6nnen. Gerne fertigen wir f\u00fcr Sie auch ein Logo oder andere Designs an. Sie erhalten Ihren Entwurf innerhalb von zwei Arbeitstagen.\u00a0 Spezifikationen f\u00fcr die Lieferung<\/p>\n","protected":false},"author":3,"featured_media":0,"parent":0,"menu_order":30,"comment_status":"closed","ping_status":"closed","template":"","meta":{"footnotes":""},"class_list":["post-307","page","type-page","status-publish","hentry"],"yoast_head":"<!-- This site is optimized with the Yoast SEO plugin v25.6 - https:\/\/yoast.com\/wordpress\/plugins\/seo\/ -->\n<title>DTP Studio - Van de Borne<\/title>\n<meta name=\"robots\" content=\"index, follow, max-snippet:-1, max-image-preview:large, max-video-preview:-1\" \/>\n<link rel=\"canonical\" href=\"https:\/\/www.vdborne.nl\/dtp-studio\/\" \/>\n<meta property=\"og:locale\" content=\"de_DE\" \/>\n<meta property=\"og:type\" content=\"article\" \/>\n<meta property=\"og:title\" content=\"DTP Studio - Van de Borne\" \/>\n<meta property=\"og:description\" content=\"Wir verf\u00fcgen \u00fcber unsere eigene DTP-Abteilung. Mit gro\u00dfer Sorgfalt und den entsprechenden Fachkenntnissen werden die von Ihnen gelieferten Dateien so bearbeitet, dass wir sie in unserer Druckerei technisch verwenden k\u00f6nnen. Gerne fertigen wir f\u00fcr Sie auch ein Logo oder andere Designs an. Sie erhalten Ihren Entwurf innerhalb von zwei Arbeitstagen.\u00a0 Spezifikationen f\u00fcr die Lieferung\" \/>\n<meta property=\"og:url\" content=\"https:\/\/www.vdborne.nl\/dtp-studio\/\" \/>\n<meta property=\"og:site_name\" content=\"Van de Borne\" \/>\n<meta property=\"article:publisher\" content=\"https:\/\/www.facebook.com\/profile.php?id=100063606229530\" \/>\n<meta property=\"article:modified_time\" content=\"2021-08-06T09:39:57+00:00\" \/>\n<meta name=\"twitter:card\" content=\"summary_large_image\" \/>\n<meta name=\"twitter:label1\" content=\"Gesch\u00e4tzte Lesezeit\" \/>\n\t<meta name=\"twitter:data1\" content=\"1\u00a0Minute\" \/>\n<script type=\"application\/ld+json\" class=\"yoast-schema-graph\">{\"@context\":\"https:\/\/schema.org\",\"@graph\":[{\"@type\":\"WebPage\",\"@id\":\"https:\/\/www.vdborne.nl\/dtp-studio\/\",\"url\":\"https:\/\/www.vdborne.nl\/dtp-studio\/\",\"name\":\"DTP Studio - Van de Borne\",\"isPartOf\":{\"@id\":\"https:\/\/www.vdborne.nl\/de\/#website\"},\"datePublished\":\"2016-08-09T08:18:59+00:00\",\"dateModified\":\"2021-08-06T09:39:57+00:00\",\"breadcrumb\":{\"@id\":\"https:\/\/www.vdborne.nl\/dtp-studio\/#breadcrumb\"},\"inLanguage\":\"de\",\"potentialAction\":[{\"@type\":\"ReadAction\",\"target\":[\"https:\/\/www.vdborne.nl\/dtp-studio\/\"]}]},{\"@type\":\"BreadcrumbList\",\"@id\":\"https:\/\/www.vdborne.nl\/dtp-studio\/#breadcrumb\",\"itemListElement\":[{\"@type\":\"ListItem\",\"position\":1,\"name\":\"Home\",\"item\":\"https:\/\/www.vdborne.nl\/de\/\"},{\"@type\":\"ListItem\",\"position\":2,\"name\":\"DTP Studio\"}]},{\"@type\":\"WebSite\",\"@id\":\"https:\/\/www.vdborne.nl\/de\/#website\",\"url\":\"https:\/\/www.vdborne.nl\/de\/\",\"name\":\"Van de Borne\",\"description\":\"En nog een WordPress site\",\"publisher\":{\"@id\":\"https:\/\/www.vdborne.nl\/de\/#organization\"},\"potentialAction\":[{\"@type\":\"SearchAction\",\"target\":{\"@type\":\"EntryPoint\",\"urlTemplate\":\"https:\/\/www.vdborne.nl\/de\/?s={search_term_string}\"},\"query-input\":{\"@type\":\"PropertyValueSpecification\",\"valueRequired\":true,\"valueName\":\"search_term_string\"}}],\"inLanguage\":\"de\"},{\"@type\":\"Organization\",\"@id\":\"https:\/\/www.vdborne.nl\/de\/#organization\",\"name\":\"Van de Borne\",\"url\":\"https:\/\/www.vdborne.nl\/de\/\",\"logo\":{\"@type\":\"ImageObject\",\"inLanguage\":\"de\",\"@id\":\"https:\/\/www.vdborne.nl\/de\/#\/schema\/logo\/image\/\",\"url\":\"https:\/\/www.vdborne.nl\/wp-content\/uploads\/2023\/07\/logo-1.png\",\"contentUrl\":\"https:\/\/www.vdborne.nl\/wp-content\/uploads\/2023\/07\/logo-1.png\",\"width\":120,\"height\":62,\"caption\":\"Van de Borne\"},\"image\":{\"@id\":\"https:\/\/www.vdborne.nl\/de\/#\/schema\/logo\/image\/\"},\"sameAs\":[\"https:\/\/www.facebook.com\/profile.php?id=100063606229530\"]}]}<\/script>\n<!-- \/ Yoast SEO plugin. -->","yoast_head_json":{"title":"DTP Studio - Van de Borne","robots":{"index":"index","follow":"follow","max-snippet":"max-snippet:-1","max-image-preview":"max-image-preview:large","max-video-preview":"max-video-preview:-1"},"canonical":"https:\/\/www.vdborne.nl\/dtp-studio\/","og_locale":"de_DE","og_type":"article","og_title":"DTP Studio - Van de Borne","og_description":"Wir verf\u00fcgen \u00fcber unsere eigene DTP-Abteilung. Mit gro\u00dfer Sorgfalt und den entsprechenden Fachkenntnissen werden die von Ihnen gelieferten Dateien so bearbeitet, dass wir sie in unserer Druckerei technisch verwenden k\u00f6nnen. Gerne fertigen wir f\u00fcr Sie auch ein Logo oder andere Designs an. Sie erhalten Ihren Entwurf innerhalb von zwei Arbeitstagen.\u00a0 Spezifikationen f\u00fcr die Lieferung","og_url":"https:\/\/www.vdborne.nl\/dtp-studio\/","og_site_name":"Van de Borne","article_publisher":"https:\/\/www.facebook.com\/profile.php?id=100063606229530","article_modified_time":"2021-08-06T09:39:57+00:00","twitter_card":"summary_large_image","twitter_misc":{"Gesch\u00e4tzte Lesezeit":"1\u00a0Minute"},"schema":{"@context":"https:\/\/schema.org","@graph":[{"@type":"WebPage","@id":"https:\/\/www.vdborne.nl\/dtp-studio\/","url":"https:\/\/www.vdborne.nl\/dtp-studio\/","name":"DTP Studio - Van de Borne","isPartOf":{"@id":"https:\/\/www.vdborne.nl\/de\/#website"},"datePublished":"2016-08-09T08:18:59+00:00","dateModified":"2021-08-06T09:39:57+00:00","breadcrumb":{"@id":"https:\/\/www.vdborne.nl\/dtp-studio\/#breadcrumb"},"inLanguage":"de","potentialAction":[{"@type":"ReadAction","target":["https:\/\/www.vdborne.nl\/dtp-studio\/"]}]},{"@type":"BreadcrumbList","@id":"https:\/\/www.vdborne.nl\/dtp-studio\/#breadcrumb","itemListElement":[{"@type":"ListItem","position":1,"name":"Home","item":"https:\/\/www.vdborne.nl\/de\/"},{"@type":"ListItem","position":2,"name":"DTP Studio"}]},{"@type":"WebSite","@id":"https:\/\/www.vdborne.nl\/de\/#website","url":"https:\/\/www.vdborne.nl\/de\/","name":"Van de Borne","description":"En nog een WordPress site","publisher":{"@id":"https:\/\/www.vdborne.nl\/de\/#organization"},"potentialAction":[{"@type":"SearchAction","target":{"@type":"EntryPoint","urlTemplate":"https:\/\/www.vdborne.nl\/de\/?s={search_term_string}"},"query-input":{"@type":"PropertyValueSpecification","valueRequired":true,"valueName":"search_term_string"}}],"inLanguage":"de"},{"@type":"Organization","@id":"https:\/\/www.vdborne.nl\/de\/#organization","name":"Van de Borne","url":"https:\/\/www.vdborne.nl\/de\/","logo":{"@type":"ImageObject","inLanguage":"de","@id":"https:\/\/www.vdborne.nl\/de\/#\/schema\/logo\/image\/","url":"https:\/\/www.vdborne.nl\/wp-content\/uploads\/2023\/07\/logo-1.png","contentUrl":"https:\/\/www.vdborne.nl\/wp-content\/uploads\/2023\/07\/logo-1.png","width":120,"height":62,"caption":"Van de Borne"},"image":{"@id":"https:\/\/www.vdborne.nl\/de\/#\/schema\/logo\/image\/"},"sameAs":["https:\/\/www.facebook.com\/profile.php?id=100063606229530"]}]}},"_links":{"self":[{"href":"https:\/\/www.vdborne.nl\/de\/wp-json\/wp\/v2\/pages\/307","targetHints":{"allow":["GET"]}}],"collection":[{"href":"https:\/\/www.vdborne.nl\/de\/wp-json\/wp\/v2\/pages"}],"about":[{"href":"https:\/\/www.vdborne.nl\/de\/wp-json\/wp\/v2\/types\/page"}],"author":[{"embeddable":true,"href":"https:\/\/www.vdborne.nl\/de\/wp-json\/wp\/v2\/users\/3"}],"replies":[{"embeddable":true,"href":"https:\/\/www.vdborne.nl\/de\/wp-json\/wp\/v2\/comments?post=307"}],"version-history":[{"count":9,"href":"https:\/\/www.vdborne.nl\/de\/wp-json\/wp\/v2\/pages\/307\/revisions"}],"predecessor-version":[{"id":4375,"href":"https:\/\/www.vdborne.nl\/de\/wp-json\/wp\/v2\/pages\/307\/revisions\/4375"}],"wp:attachment":[{"href":"https:\/\/www.vdborne.nl\/de\/wp-json\/wp\/v2\/media?parent=307"}],"curies":[{"name":"wp","href":"https:\/\/api.w.org\/{rel}","templated":true}]}}