{"id":3503,"date":"2020-03-12T14:10:16","date_gmt":"2020-03-12T13:10:16","guid":{"rendered":"http:\/\/www.vdborne.nl\/de\/?page_id=3503"},"modified":"2020-07-03T12:47:59","modified_gmt":"2020-07-03T10:47:59","slug":"etikettenspender","status":"publish","type":"page","link":"https:\/\/www.vdborne.nl\/de\/produkte\/spender\/etikettenspender\/","title":{"rendered":"Etikettenspender"},"content":{"rendered":"<p>Etikettenspender f\u00fcr den Tisch. Diese Spender k\u00f6nnen einh\u00e4ndig benutzt werden. Die Etiketten l\u00f6sen sich von selbst vom Silikonpapier und lassen sich einfach aufkleben.<\/p>\n<p>Erh\u00e4ltlich in f\u00fcnf verschiedenen Ma\u00dfen:<\/p>\n<p><img decoding=\"async\" class=\"alignleft wp-image-3088\" src=\"https:\/\/www.vdborne.nl\/wp-content\/uploads\/2019\/06\/LB318-150x150.jpg\" alt=\"\" width=\"200\" height=\"133\" srcset=\"https:\/\/www.vdborne.nl\/wp-content\/uploads\/2019\/06\/LB318-300x200.jpg 300w, https:\/\/www.vdborne.nl\/wp-content\/uploads\/2019\/06\/LB318-100x67.jpg 100w, https:\/\/www.vdborne.nl\/wp-content\/uploads\/2019\/06\/LB318.jpg 600w\" sizes=\"(max-width: 200px) 100vw, 200px\" \/>LB318 &#8211; 8,90 cm breit<br \/>\n<img decoding=\"async\" class=\"alignleft wp-image-3089\" src=\"https:\/\/www.vdborne.nl\/wp-content\/uploads\/2019\/06\/LB418-150x150.jpg\" alt=\"\" width=\"200\" height=\"133\" srcset=\"https:\/\/www.vdborne.nl\/wp-content\/uploads\/2019\/06\/LB418-300x200.jpg 300w, https:\/\/www.vdborne.nl\/wp-content\/uploads\/2019\/06\/LB418-100x67.jpg 100w, https:\/\/www.vdborne.nl\/wp-content\/uploads\/2019\/06\/LB418.jpg 600w\" sizes=\"(max-width: 200px) 100vw, 200px\" \/>LB418 &#8211; 11,40 cm breit<br \/>\n<img decoding=\"async\" class=\"alignleft wp-image-3090\" src=\"https:\/\/www.vdborne.nl\/wp-content\/uploads\/2019\/06\/LB618-150x150.jpg\" alt=\"\" width=\"200\" height=\"133\" srcset=\"https:\/\/www.vdborne.nl\/wp-content\/uploads\/2019\/06\/LB618-300x200.jpg 300w, https:\/\/www.vdborne.nl\/wp-content\/uploads\/2019\/06\/LB618-100x67.jpg 100w, https:\/\/www.vdborne.nl\/wp-content\/uploads\/2019\/06\/LB618.jpg 600w\" sizes=\"(max-width: 200px) 100vw, 200px\" \/>LB618 &#8211; 16,50 cm breit<br \/>\n<img decoding=\"async\" class=\"alignleft wp-image-3091\" src=\"https:\/\/www.vdborne.nl\/wp-content\/uploads\/2019\/06\/LB1018-150x150.jpg\" alt=\"\" width=\"200\" height=\"133\" srcset=\"https:\/\/www.vdborne.nl\/wp-content\/uploads\/2019\/06\/LB1018-300x200.jpg 300w, https:\/\/www.vdborne.nl\/wp-content\/uploads\/2019\/06\/LB1018-100x67.jpg 100w, https:\/\/www.vdborne.nl\/wp-content\/uploads\/2019\/06\/LB1018.jpg 600w\" sizes=\"(max-width: 200px) 100vw, 200px\" \/>LB1018 &#8211; 26,70 cm breit<br \/>\n<img decoding=\"async\" class=\"alignleft wp-image-3087\" src=\"https:\/\/www.vdborne.nl\/wp-content\/uploads\/2019\/06\/LB1218-150x150.jpg\" alt=\"\" width=\"200\" height=\"133\" srcset=\"https:\/\/www.vdborne.nl\/wp-content\/uploads\/2019\/06\/LB1218-300x200.jpg 300w, https:\/\/www.vdborne.nl\/wp-content\/uploads\/2019\/06\/LB1218-100x67.jpg 100w, https:\/\/www.vdborne.nl\/wp-content\/uploads\/2019\/06\/LB1218.jpg 600w\" sizes=\"(max-width: 200px) 100vw, 200px\" \/>LB1218 &#8211; 31,75 cm breit<\/p>\n","protected":false},"excerpt":{"rendered":"<p>Etikettenspender f\u00fcr den Tisch. Diese Spender k\u00f6nnen einh\u00e4ndig benutzt werden. Die Etiketten l\u00f6sen sich von selbst vom Silikonpapier und lassen sich einfach aufkleben. Erh\u00e4ltlich in f\u00fcnf verschiedenen Ma\u00dfen: LB318 &#8211; 8,90 cm breit LB418 &#8211; 11,40 cm breit LB618 &#8211; 16,50 cm breit LB1018 &#8211; 26,70 cm breit LB1218 &#8211; 31,75 cm breit<\/p>\n","protected":false},"author":2,"featured_media":4082,"parent":2823,"menu_order":49,"comment_status":"closed","ping_status":"closed","template":"","meta":{"footnotes":""},"class_list":["post-3503","page","type-page","status-publish","has-post-thumbnail","hentry"],"yoast_head":"<!-- This site is optimized with the Yoast SEO plugin v25.6 - https:\/\/yoast.com\/wordpress\/plugins\/seo\/ -->\n<title>Etikettenspender - Van de Borne<\/title>\n<meta name=\"robots\" content=\"index, follow, max-snippet:-1, max-image-preview:large, max-video-preview:-1\" \/>\n<link rel=\"canonical\" href=\"https:\/\/www.vdborne.nl\/de\/produkte\/spender\/etikettenspender\/\" \/>\n<meta property=\"og:locale\" content=\"de_DE\" \/>\n<meta property=\"og:type\" content=\"article\" \/>\n<meta property=\"og:title\" content=\"Etikettenspender - Van de Borne\" \/>\n<meta property=\"og:description\" content=\"Etikettenspender f\u00fcr den Tisch. Diese Spender k\u00f6nnen einh\u00e4ndig benutzt werden. Die Etiketten l\u00f6sen sich von selbst vom Silikonpapier und lassen sich einfach aufkleben. Erh\u00e4ltlich in f\u00fcnf verschiedenen Ma\u00dfen: LB318 &#8211; 8,90 cm breit LB418 &#8211; 11,40 cm breit LB618 &#8211; 16,50 cm breit LB1018 &#8211; 26,70 cm breit LB1218 &#8211; 31,75 cm breit\" \/>\n<meta property=\"og:url\" content=\"https:\/\/www.vdborne.nl\/de\/produkte\/spender\/etikettenspender\/\" \/>\n<meta property=\"og:site_name\" content=\"Van de Borne\" \/>\n<meta property=\"article:publisher\" content=\"https:\/\/www.facebook.com\/profile.php?id=100063606229530\" \/>\n<meta property=\"article:modified_time\" content=\"2020-07-03T10:47:59+00:00\" \/>\n<meta property=\"og:image\" content=\"https:\/\/www.vdborne.nl\/wp-content\/uploads\/2020\/07\/Etiketten-dispenser-500x500-1.png\" \/>\n\t<meta property=\"og:image:width\" content=\"500\" \/>\n\t<meta property=\"og:image:height\" content=\"500\" \/>\n\t<meta property=\"og:image:type\" content=\"image\/png\" \/>\n<meta name=\"twitter:card\" content=\"summary_large_image\" \/>\n<script type=\"application\/ld+json\" class=\"yoast-schema-graph\">{\"@context\":\"https:\/\/schema.org\",\"@graph\":[{\"@type\":\"WebPage\",\"@id\":\"https:\/\/www.vdborne.nl\/de\/produkte\/spender\/etikettenspender\/\",\"url\":\"https:\/\/www.vdborne.nl\/de\/produkte\/spender\/etikettenspender\/\",\"name\":\"Etikettenspender - Van de Borne\",\"isPartOf\":{\"@id\":\"https:\/\/www.vdborne.nl\/de\/#website\"},\"primaryImageOfPage\":{\"@id\":\"https:\/\/www.vdborne.nl\/de\/produkte\/spender\/etikettenspender\/#primaryimage\"},\"image\":{\"@id\":\"https:\/\/www.vdborne.nl\/de\/produkte\/spender\/etikettenspender\/#primaryimage\"},\"thumbnailUrl\":\"https:\/\/www.vdborne.nl\/wp-content\/uploads\/2020\/07\/Etiketten-dispenser-500x500-1.png\",\"datePublished\":\"2020-03-12T13:10:16+00:00\",\"dateModified\":\"2020-07-03T10:47:59+00:00\",\"breadcrumb\":{\"@id\":\"https:\/\/www.vdborne.nl\/de\/produkte\/spender\/etikettenspender\/#breadcrumb\"},\"inLanguage\":\"de\",\"potentialAction\":[{\"@type\":\"ReadAction\",\"target\":[\"https:\/\/www.vdborne.nl\/de\/produkte\/spender\/etikettenspender\/\"]}]},{\"@type\":\"ImageObject\",\"inLanguage\":\"de\",\"@id\":\"https:\/\/www.vdborne.nl\/de\/produkte\/spender\/etikettenspender\/#primaryimage\",\"url\":\"https:\/\/www.vdborne.nl\/wp-content\/uploads\/2020\/07\/Etiketten-dispenser-500x500-1.png\",\"contentUrl\":\"https:\/\/www.vdborne.nl\/wp-content\/uploads\/2020\/07\/Etiketten-dispenser-500x500-1.png\",\"width\":500,\"height\":500},{\"@type\":\"BreadcrumbList\",\"@id\":\"https:\/\/www.vdborne.nl\/de\/produkte\/spender\/etikettenspender\/#breadcrumb\",\"itemListElement\":[{\"@type\":\"ListItem\",\"position\":1,\"name\":\"Home\",\"item\":\"https:\/\/www.vdborne.nl\/de\/\"},{\"@type\":\"ListItem\",\"position\":2,\"name\":\"Produkte\",\"item\":\"https:\/\/www.vdborne.nl\/producten\/\"},{\"@type\":\"ListItem\",\"position\":3,\"name\":\"Spender\",\"item\":\"https:\/\/www.vdborne.nl\/de\/produkte\/spender\/\"},{\"@type\":\"ListItem\",\"position\":4,\"name\":\"Etikettenspender\"}]},{\"@type\":\"WebSite\",\"@id\":\"https:\/\/www.vdborne.nl\/de\/#website\",\"url\":\"https:\/\/www.vdborne.nl\/de\/\",\"name\":\"Van de Borne\",\"description\":\"En nog een WordPress site\",\"publisher\":{\"@id\":\"https:\/\/www.vdborne.nl\/de\/#organization\"},\"potentialAction\":[{\"@type\":\"SearchAction\",\"target\":{\"@type\":\"EntryPoint\",\"urlTemplate\":\"https:\/\/www.vdborne.nl\/de\/?s={search_term_string}\"},\"query-input\":{\"@type\":\"PropertyValueSpecification\",\"valueRequired\":true,\"valueName\":\"search_term_string\"}}],\"inLanguage\":\"de\"},{\"@type\":\"Organization\",\"@id\":\"https:\/\/www.vdborne.nl\/de\/#organization\",\"name\":\"Van de Borne\",\"url\":\"https:\/\/www.vdborne.nl\/de\/\",\"logo\":{\"@type\":\"ImageObject\",\"inLanguage\":\"de\",\"@id\":\"https:\/\/www.vdborne.nl\/de\/#\/schema\/logo\/image\/\",\"url\":\"https:\/\/www.vdborne.nl\/wp-content\/uploads\/2023\/07\/logo-1.png\",\"contentUrl\":\"https:\/\/www.vdborne.nl\/wp-content\/uploads\/2023\/07\/logo-1.png\",\"width\":120,\"height\":62,\"caption\":\"Van de Borne\"},\"image\":{\"@id\":\"https:\/\/www.vdborne.nl\/de\/#\/schema\/logo\/image\/\"},\"sameAs\":[\"https:\/\/www.facebook.com\/profile.php?id=100063606229530\"]}]}<\/script>\n<!-- \/ Yoast SEO plugin. -->","yoast_head_json":{"title":"Etikettenspender - Van de Borne","robots":{"index":"index","follow":"follow","max-snippet":"max-snippet:-1","max-image-preview":"max-image-preview:large","max-video-preview":"max-video-preview:-1"},"canonical":"https:\/\/www.vdborne.nl\/de\/produkte\/spender\/etikettenspender\/","og_locale":"de_DE","og_type":"article","og_title":"Etikettenspender - Van de Borne","og_description":"Etikettenspender f\u00fcr den Tisch. Diese Spender k\u00f6nnen einh\u00e4ndig benutzt werden. Die Etiketten l\u00f6sen sich von selbst vom Silikonpapier und lassen sich einfach aufkleben. Erh\u00e4ltlich in f\u00fcnf verschiedenen Ma\u00dfen: LB318 &#8211; 8,90 cm breit LB418 &#8211; 11,40 cm breit LB618 &#8211; 16,50 cm breit LB1018 &#8211; 26,70 cm breit LB1218 &#8211; 31,75 cm breit","og_url":"https:\/\/www.vdborne.nl\/de\/produkte\/spender\/etikettenspender\/","og_site_name":"Van de Borne","article_publisher":"https:\/\/www.facebook.com\/profile.php?id=100063606229530","article_modified_time":"2020-07-03T10:47:59+00:00","og_image":[{"width":500,"height":500,"url":"https:\/\/www.vdborne.nl\/wp-content\/uploads\/2020\/07\/Etiketten-dispenser-500x500-1.png","type":"image\/png"}],"twitter_card":"summary_large_image","schema":{"@context":"https:\/\/schema.org","@graph":[{"@type":"WebPage","@id":"https:\/\/www.vdborne.nl\/de\/produkte\/spender\/etikettenspender\/","url":"https:\/\/www.vdborne.nl\/de\/produkte\/spender\/etikettenspender\/","name":"Etikettenspender - Van de Borne","isPartOf":{"@id":"https:\/\/www.vdborne.nl\/de\/#website"},"primaryImageOfPage":{"@id":"https:\/\/www.vdborne.nl\/de\/produkte\/spender\/etikettenspender\/#primaryimage"},"image":{"@id":"https:\/\/www.vdborne.nl\/de\/produkte\/spender\/etikettenspender\/#primaryimage"},"thumbnailUrl":"https:\/\/www.vdborne.nl\/wp-content\/uploads\/2020\/07\/Etiketten-dispenser-500x500-1.png","datePublished":"2020-03-12T13:10:16+00:00","dateModified":"2020-07-03T10:47:59+00:00","breadcrumb":{"@id":"https:\/\/www.vdborne.nl\/de\/produkte\/spender\/etikettenspender\/#breadcrumb"},"inLanguage":"de","potentialAction":[{"@type":"ReadAction","target":["https:\/\/www.vdborne.nl\/de\/produkte\/spender\/etikettenspender\/"]}]},{"@type":"ImageObject","inLanguage":"de","@id":"https:\/\/www.vdborne.nl\/de\/produkte\/spender\/etikettenspender\/#primaryimage","url":"https:\/\/www.vdborne.nl\/wp-content\/uploads\/2020\/07\/Etiketten-dispenser-500x500-1.png","contentUrl":"https:\/\/www.vdborne.nl\/wp-content\/uploads\/2020\/07\/Etiketten-dispenser-500x500-1.png","width":500,"height":500},{"@type":"BreadcrumbList","@id":"https:\/\/www.vdborne.nl\/de\/produkte\/spender\/etikettenspender\/#breadcrumb","itemListElement":[{"@type":"ListItem","position":1,"name":"Home","item":"https:\/\/www.vdborne.nl\/de\/"},{"@type":"ListItem","position":2,"name":"Produkte","item":"https:\/\/www.vdborne.nl\/producten\/"},{"@type":"ListItem","position":3,"name":"Spender","item":"https:\/\/www.vdborne.nl\/de\/produkte\/spender\/"},{"@type":"ListItem","position":4,"name":"Etikettenspender"}]},{"@type":"WebSite","@id":"https:\/\/www.vdborne.nl\/de\/#website","url":"https:\/\/www.vdborne.nl\/de\/","name":"Van de Borne","description":"En nog een WordPress site","publisher":{"@id":"https:\/\/www.vdborne.nl\/de\/#organization"},"potentialAction":[{"@type":"SearchAction","target":{"@type":"EntryPoint","urlTemplate":"https:\/\/www.vdborne.nl\/de\/?s={search_term_string}"},"query-input":{"@type":"PropertyValueSpecification","valueRequired":true,"valueName":"search_term_string"}}],"inLanguage":"de"},{"@type":"Organization","@id":"https:\/\/www.vdborne.nl\/de\/#organization","name":"Van de Borne","url":"https:\/\/www.vdborne.nl\/de\/","logo":{"@type":"ImageObject","inLanguage":"de","@id":"https:\/\/www.vdborne.nl\/de\/#\/schema\/logo\/image\/","url":"https:\/\/www.vdborne.nl\/wp-content\/uploads\/2023\/07\/logo-1.png","contentUrl":"https:\/\/www.vdborne.nl\/wp-content\/uploads\/2023\/07\/logo-1.png","width":120,"height":62,"caption":"Van de Borne"},"image":{"@id":"https:\/\/www.vdborne.nl\/de\/#\/schema\/logo\/image\/"},"sameAs":["https:\/\/www.facebook.com\/profile.php?id=100063606229530"]}]}},"_links":{"self":[{"href":"https:\/\/www.vdborne.nl\/de\/wp-json\/wp\/v2\/pages\/3503","targetHints":{"allow":["GET"]}}],"collection":[{"href":"https:\/\/www.vdborne.nl\/de\/wp-json\/wp\/v2\/pages"}],"about":[{"href":"https:\/\/www.vdborne.nl\/de\/wp-json\/wp\/v2\/types\/page"}],"author":[{"embeddable":true,"href":"https:\/\/www.vdborne.nl\/de\/wp-json\/wp\/v2\/users\/2"}],"replies":[{"embeddable":true,"href":"https:\/\/www.vdborne.nl\/de\/wp-json\/wp\/v2\/comments?post=3503"}],"version-history":[{"count":2,"href":"https:\/\/www.vdborne.nl\/de\/wp-json\/wp\/v2\/pages\/3503\/revisions"}],"predecessor-version":[{"id":3505,"href":"https:\/\/www.vdborne.nl\/de\/wp-json\/wp\/v2\/pages\/3503\/revisions\/3505"}],"up":[{"embeddable":true,"href":"https:\/\/www.vdborne.nl\/de\/wp-json\/wp\/v2\/pages\/2823"}],"wp:featuredmedia":[{"embeddable":true,"href":"https:\/\/www.vdborne.nl\/de\/wp-json\/wp\/v2\/media\/4082"}],"wp:attachment":[{"href":"https:\/\/www.vdborne.nl\/de\/wp-json\/wp\/v2\/media?parent=3503"}],"curies":[{"name":"wp","href":"https:\/\/api.w.org\/{rel}","templated":true}]}}