{"id":3506,"date":"2020-03-12T14:15:20","date_gmt":"2020-03-12T13:15:20","guid":{"rendered":"http:\/\/www.vdborne.nl\/de\/?page_id=3506"},"modified":"2020-06-26T11:32:09","modified_gmt":"2020-06-26T09:32:09","slug":"blankoetiketten","status":"publish","type":"page","link":"https:\/\/www.vdborne.nl\/de\/produkte\/etiketten\/blankoetiketten\/","title":{"rendered":"Blankoetiketten"},"content":{"rendered":"<p>Blankoetiketten werden vor allem in Logistikzentren zum Einsatz von individuellen und pers\u00f6nlichen Informationen wie Barcodes, Adressaufklebern, Sendungsverfolgungsetiketten oder Versandaufklebern genutzt. Auch f\u00fcr Produktinformationen werden Blankoetiketten gerne verwendet.<span class=\"Apple-converted-space\">\u00a0<\/span><\/p>\n<p>Blankoetiketten sind als B\u00f6gen oder auf Rollen erh\u00e4ltlich, mit und ohne Perforation, in allen m\u00f6glichen Farben und vielf\u00e4ltigen Materialien wie Papier, Polyethylen (PE), thermisch oder nicht-thermisch, usw. Zum Kleben bestehen ebenfalls diverse Optionen wie permanent und abwaschbar, Spezialklebstoff f\u00fcr niedrige Temperaturen und viele andere Gelegenheiten.<\/p>\n<p>Wir haben 2019 eine Stanzmaschine erworben, mit der wir Ihnen nun noch viele weitere Optionen f\u00fcr Blankoetiketten anbieten k\u00f6nnen. Diese liefern wir auf die von uns bekannte Art: <strong>Schnell und zu g\u00fcnstigen Preisen!<\/strong><\/p>\n","protected":false},"excerpt":{"rendered":"<p>Blankoetiketten werden vor allem in Logistikzentren zum Einsatz von individuellen und pers\u00f6nlichen Informationen wie Barcodes, Adressaufklebern, Sendungsverfolgungsetiketten oder Versandaufklebern genutzt. Auch f\u00fcr Produktinformationen werden Blankoetiketten gerne verwendet.\u00a0 Blankoetiketten sind als B\u00f6gen oder auf Rollen erh\u00e4ltlich, mit und ohne Perforation, in allen m\u00f6glichen Farben und vielf\u00e4ltigen Materialien wie Papier, Polyethylen (PE), thermisch oder nicht-thermisch, usw. Zum [&hellip;]<\/p>\n","protected":false},"author":2,"featured_media":4047,"parent":297,"menu_order":43,"comment_status":"closed","ping_status":"closed","template":"templates\/template_single_product.php","meta":{"footnotes":""},"class_list":["post-3506","page","type-page","status-publish","has-post-thumbnail","hentry"],"yoast_head":"<!-- This site is optimized with the Yoast SEO plugin v25.6 - https:\/\/yoast.com\/wordpress\/plugins\/seo\/ -->\n<title>Blankoetiketten - Van de Borne<\/title>\n<meta name=\"robots\" content=\"index, follow, max-snippet:-1, max-image-preview:large, max-video-preview:-1\" \/>\n<link rel=\"canonical\" href=\"https:\/\/www.vdborne.nl\/de\/produkte\/etiketten\/blankoetiketten\/\" \/>\n<meta property=\"og:locale\" content=\"de_DE\" \/>\n<meta property=\"og:type\" content=\"article\" \/>\n<meta property=\"og:title\" content=\"Blankoetiketten - Van de Borne\" \/>\n<meta property=\"og:description\" content=\"Blankoetiketten werden vor allem in Logistikzentren zum Einsatz von individuellen und pers\u00f6nlichen Informationen wie Barcodes, Adressaufklebern, Sendungsverfolgungsetiketten oder Versandaufklebern genutzt. Auch f\u00fcr Produktinformationen werden Blankoetiketten gerne verwendet.\u00a0 Blankoetiketten sind als B\u00f6gen oder auf Rollen erh\u00e4ltlich, mit und ohne Perforation, in allen m\u00f6glichen Farben und vielf\u00e4ltigen Materialien wie Papier, Polyethylen (PE), thermisch oder nicht-thermisch, usw. Zum [&hellip;]\" \/>\n<meta property=\"og:url\" content=\"https:\/\/www.vdborne.nl\/de\/produkte\/etiketten\/blankoetiketten\/\" \/>\n<meta property=\"og:site_name\" content=\"Van de Borne\" \/>\n<meta property=\"article:publisher\" content=\"https:\/\/www.facebook.com\/profile.php?id=100063606229530\" \/>\n<meta property=\"article:modified_time\" content=\"2020-06-26T09:32:09+00:00\" \/>\n<meta property=\"og:image\" content=\"https:\/\/www.vdborne.nl\/wp-content\/uploads\/2020\/06\/Doos-Etiketten-onbedrukt-500x500-1.png\" \/>\n\t<meta property=\"og:image:width\" content=\"500\" \/>\n\t<meta property=\"og:image:height\" content=\"500\" \/>\n\t<meta property=\"og:image:type\" content=\"image\/png\" \/>\n<meta name=\"twitter:card\" content=\"summary_large_image\" \/>\n<meta name=\"twitter:label1\" content=\"Gesch\u00e4tzte Lesezeit\" \/>\n\t<meta name=\"twitter:data1\" content=\"1\u00a0Minute\" \/>\n<script type=\"application\/ld+json\" class=\"yoast-schema-graph\">{\"@context\":\"https:\/\/schema.org\",\"@graph\":[{\"@type\":\"WebPage\",\"@id\":\"https:\/\/www.vdborne.nl\/de\/produkte\/etiketten\/blankoetiketten\/\",\"url\":\"https:\/\/www.vdborne.nl\/de\/produkte\/etiketten\/blankoetiketten\/\",\"name\":\"Blankoetiketten - Van de Borne\",\"isPartOf\":{\"@id\":\"https:\/\/www.vdborne.nl\/de\/#website\"},\"primaryImageOfPage\":{\"@id\":\"https:\/\/www.vdborne.nl\/de\/produkte\/etiketten\/blankoetiketten\/#primaryimage\"},\"image\":{\"@id\":\"https:\/\/www.vdborne.nl\/de\/produkte\/etiketten\/blankoetiketten\/#primaryimage\"},\"thumbnailUrl\":\"https:\/\/www.vdborne.nl\/wp-content\/uploads\/2020\/06\/Doos-Etiketten-onbedrukt-500x500-1.png\",\"datePublished\":\"2020-03-12T13:15:20+00:00\",\"dateModified\":\"2020-06-26T09:32:09+00:00\",\"breadcrumb\":{\"@id\":\"https:\/\/www.vdborne.nl\/de\/produkte\/etiketten\/blankoetiketten\/#breadcrumb\"},\"inLanguage\":\"de\",\"potentialAction\":[{\"@type\":\"ReadAction\",\"target\":[\"https:\/\/www.vdborne.nl\/de\/produkte\/etiketten\/blankoetiketten\/\"]}]},{\"@type\":\"ImageObject\",\"inLanguage\":\"de\",\"@id\":\"https:\/\/www.vdborne.nl\/de\/produkte\/etiketten\/blankoetiketten\/#primaryimage\",\"url\":\"https:\/\/www.vdborne.nl\/wp-content\/uploads\/2020\/06\/Doos-Etiketten-onbedrukt-500x500-1.png\",\"contentUrl\":\"https:\/\/www.vdborne.nl\/wp-content\/uploads\/2020\/06\/Doos-Etiketten-onbedrukt-500x500-1.png\",\"width\":500,\"height\":500},{\"@type\":\"BreadcrumbList\",\"@id\":\"https:\/\/www.vdborne.nl\/de\/produkte\/etiketten\/blankoetiketten\/#breadcrumb\",\"itemListElement\":[{\"@type\":\"ListItem\",\"position\":1,\"name\":\"Home\",\"item\":\"https:\/\/www.vdborne.nl\/de\/\"},{\"@type\":\"ListItem\",\"position\":2,\"name\":\"Produkte\",\"item\":\"https:\/\/www.vdborne.nl\/producten\/\"},{\"@type\":\"ListItem\",\"position\":3,\"name\":\"Etiketten\",\"item\":\"https:\/\/www.vdborne.nl\/de\/produkte\/etiketten\/\"},{\"@type\":\"ListItem\",\"position\":4,\"name\":\"Blankoetiketten\"}]},{\"@type\":\"WebSite\",\"@id\":\"https:\/\/www.vdborne.nl\/de\/#website\",\"url\":\"https:\/\/www.vdborne.nl\/de\/\",\"name\":\"Van de Borne\",\"description\":\"En nog een WordPress site\",\"publisher\":{\"@id\":\"https:\/\/www.vdborne.nl\/de\/#organization\"},\"potentialAction\":[{\"@type\":\"SearchAction\",\"target\":{\"@type\":\"EntryPoint\",\"urlTemplate\":\"https:\/\/www.vdborne.nl\/de\/?s={search_term_string}\"},\"query-input\":{\"@type\":\"PropertyValueSpecification\",\"valueRequired\":true,\"valueName\":\"search_term_string\"}}],\"inLanguage\":\"de\"},{\"@type\":\"Organization\",\"@id\":\"https:\/\/www.vdborne.nl\/de\/#organization\",\"name\":\"Van de Borne\",\"url\":\"https:\/\/www.vdborne.nl\/de\/\",\"logo\":{\"@type\":\"ImageObject\",\"inLanguage\":\"de\",\"@id\":\"https:\/\/www.vdborne.nl\/de\/#\/schema\/logo\/image\/\",\"url\":\"https:\/\/www.vdborne.nl\/wp-content\/uploads\/2023\/07\/logo-1.png\",\"contentUrl\":\"https:\/\/www.vdborne.nl\/wp-content\/uploads\/2023\/07\/logo-1.png\",\"width\":120,\"height\":62,\"caption\":\"Van de Borne\"},\"image\":{\"@id\":\"https:\/\/www.vdborne.nl\/de\/#\/schema\/logo\/image\/\"},\"sameAs\":[\"https:\/\/www.facebook.com\/profile.php?id=100063606229530\"]}]}<\/script>\n<!-- \/ Yoast SEO plugin. -->","yoast_head_json":{"title":"Blankoetiketten - Van de Borne","robots":{"index":"index","follow":"follow","max-snippet":"max-snippet:-1","max-image-preview":"max-image-preview:large","max-video-preview":"max-video-preview:-1"},"canonical":"https:\/\/www.vdborne.nl\/de\/produkte\/etiketten\/blankoetiketten\/","og_locale":"de_DE","og_type":"article","og_title":"Blankoetiketten - Van de Borne","og_description":"Blankoetiketten werden vor allem in Logistikzentren zum Einsatz von individuellen und pers\u00f6nlichen Informationen wie Barcodes, Adressaufklebern, Sendungsverfolgungsetiketten oder Versandaufklebern genutzt. Auch f\u00fcr Produktinformationen werden Blankoetiketten gerne verwendet.\u00a0 Blankoetiketten sind als B\u00f6gen oder auf Rollen erh\u00e4ltlich, mit und ohne Perforation, in allen m\u00f6glichen Farben und vielf\u00e4ltigen Materialien wie Papier, Polyethylen (PE), thermisch oder nicht-thermisch, usw. Zum [&hellip;]","og_url":"https:\/\/www.vdborne.nl\/de\/produkte\/etiketten\/blankoetiketten\/","og_site_name":"Van de Borne","article_publisher":"https:\/\/www.facebook.com\/profile.php?id=100063606229530","article_modified_time":"2020-06-26T09:32:09+00:00","og_image":[{"width":500,"height":500,"url":"https:\/\/www.vdborne.nl\/wp-content\/uploads\/2020\/06\/Doos-Etiketten-onbedrukt-500x500-1.png","type":"image\/png"}],"twitter_card":"summary_large_image","twitter_misc":{"Gesch\u00e4tzte Lesezeit":"1\u00a0Minute"},"schema":{"@context":"https:\/\/schema.org","@graph":[{"@type":"WebPage","@id":"https:\/\/www.vdborne.nl\/de\/produkte\/etiketten\/blankoetiketten\/","url":"https:\/\/www.vdborne.nl\/de\/produkte\/etiketten\/blankoetiketten\/","name":"Blankoetiketten - Van de Borne","isPartOf":{"@id":"https:\/\/www.vdborne.nl\/de\/#website"},"primaryImageOfPage":{"@id":"https:\/\/www.vdborne.nl\/de\/produkte\/etiketten\/blankoetiketten\/#primaryimage"},"image":{"@id":"https:\/\/www.vdborne.nl\/de\/produkte\/etiketten\/blankoetiketten\/#primaryimage"},"thumbnailUrl":"https:\/\/www.vdborne.nl\/wp-content\/uploads\/2020\/06\/Doos-Etiketten-onbedrukt-500x500-1.png","datePublished":"2020-03-12T13:15:20+00:00","dateModified":"2020-06-26T09:32:09+00:00","breadcrumb":{"@id":"https:\/\/www.vdborne.nl\/de\/produkte\/etiketten\/blankoetiketten\/#breadcrumb"},"inLanguage":"de","potentialAction":[{"@type":"ReadAction","target":["https:\/\/www.vdborne.nl\/de\/produkte\/etiketten\/blankoetiketten\/"]}]},{"@type":"ImageObject","inLanguage":"de","@id":"https:\/\/www.vdborne.nl\/de\/produkte\/etiketten\/blankoetiketten\/#primaryimage","url":"https:\/\/www.vdborne.nl\/wp-content\/uploads\/2020\/06\/Doos-Etiketten-onbedrukt-500x500-1.png","contentUrl":"https:\/\/www.vdborne.nl\/wp-content\/uploads\/2020\/06\/Doos-Etiketten-onbedrukt-500x500-1.png","width":500,"height":500},{"@type":"BreadcrumbList","@id":"https:\/\/www.vdborne.nl\/de\/produkte\/etiketten\/blankoetiketten\/#breadcrumb","itemListElement":[{"@type":"ListItem","position":1,"name":"Home","item":"https:\/\/www.vdborne.nl\/de\/"},{"@type":"ListItem","position":2,"name":"Produkte","item":"https:\/\/www.vdborne.nl\/producten\/"},{"@type":"ListItem","position":3,"name":"Etiketten","item":"https:\/\/www.vdborne.nl\/de\/produkte\/etiketten\/"},{"@type":"ListItem","position":4,"name":"Blankoetiketten"}]},{"@type":"WebSite","@id":"https:\/\/www.vdborne.nl\/de\/#website","url":"https:\/\/www.vdborne.nl\/de\/","name":"Van de Borne","description":"En nog een WordPress site","publisher":{"@id":"https:\/\/www.vdborne.nl\/de\/#organization"},"potentialAction":[{"@type":"SearchAction","target":{"@type":"EntryPoint","urlTemplate":"https:\/\/www.vdborne.nl\/de\/?s={search_term_string}"},"query-input":{"@type":"PropertyValueSpecification","valueRequired":true,"valueName":"search_term_string"}}],"inLanguage":"de"},{"@type":"Organization","@id":"https:\/\/www.vdborne.nl\/de\/#organization","name":"Van de Borne","url":"https:\/\/www.vdborne.nl\/de\/","logo":{"@type":"ImageObject","inLanguage":"de","@id":"https:\/\/www.vdborne.nl\/de\/#\/schema\/logo\/image\/","url":"https:\/\/www.vdborne.nl\/wp-content\/uploads\/2023\/07\/logo-1.png","contentUrl":"https:\/\/www.vdborne.nl\/wp-content\/uploads\/2023\/07\/logo-1.png","width":120,"height":62,"caption":"Van de Borne"},"image":{"@id":"https:\/\/www.vdborne.nl\/de\/#\/schema\/logo\/image\/"},"sameAs":["https:\/\/www.facebook.com\/profile.php?id=100063606229530"]}]}},"_links":{"self":[{"href":"https:\/\/www.vdborne.nl\/de\/wp-json\/wp\/v2\/pages\/3506","targetHints":{"allow":["GET"]}}],"collection":[{"href":"https:\/\/www.vdborne.nl\/de\/wp-json\/wp\/v2\/pages"}],"about":[{"href":"https:\/\/www.vdborne.nl\/de\/wp-json\/wp\/v2\/types\/page"}],"author":[{"embeddable":true,"href":"https:\/\/www.vdborne.nl\/de\/wp-json\/wp\/v2\/users\/2"}],"replies":[{"embeddable":true,"href":"https:\/\/www.vdborne.nl\/de\/wp-json\/wp\/v2\/comments?post=3506"}],"version-history":[{"count":1,"href":"https:\/\/www.vdborne.nl\/de\/wp-json\/wp\/v2\/pages\/3506\/revisions"}],"predecessor-version":[{"id":3507,"href":"https:\/\/www.vdborne.nl\/de\/wp-json\/wp\/v2\/pages\/3506\/revisions\/3507"}],"up":[{"embeddable":true,"href":"https:\/\/www.vdborne.nl\/de\/wp-json\/wp\/v2\/pages\/297"}],"wp:featuredmedia":[{"embeddable":true,"href":"https:\/\/www.vdborne.nl\/de\/wp-json\/wp\/v2\/media\/4047"}],"wp:attachment":[{"href":"https:\/\/www.vdborne.nl\/de\/wp-json\/wp\/v2\/media?parent=3506"}],"curies":[{"name":"wp","href":"https:\/\/api.w.org\/{rel}","templated":true}]}}