{"id":3521,"date":"2020-03-12T15:08:44","date_gmt":"2020-03-12T14:08:44","guid":{"rendered":"http:\/\/www.vdborne.nl\/de\/?page_id=3521"},"modified":"2022-05-12T16:09:02","modified_gmt":"2022-05-12T14:09:02","slug":"monta-biopack-831","status":"publish","type":"page","link":"https:\/\/www.vdborne.nl\/de\/produkte\/klebeband-2\/monta-biopack-831\/","title":{"rendered":"monta biopack\u00ae 831"},"content":{"rendered":"<h2>Zertifiziertes nachhaltiges Klebeband<\/h2>\n<p>monta biopack\u00ae ist ein nachhaltiges Selbstklebeband, das nachweislich die Anforderungen bzgl. Kompostierbarkeit, biologischer Abbaubarkeit, \u00d6kotoxizit\u00e4t und Materialeigenschaften der EN 13432, ASTM D 6400-04, AS 4736 (2006) und ISO 17088 (2012) erf\u00fcllt: Zertifiziert durch T\u00dcV Austria mit \u201eOK COMPOST INDUSTRIAL\u201c.<span class=\"Apple-converted-space\">\u00a0<\/span><\/p>\n<h3>Was bedeutet industrielle Kompostierbarkeit?<\/h3>\n<ul>\n<li>Biologische Abbaubarkeit:<br \/>\nVollst\u00e4ndigebiologischeAbbaubarkeitgilt alsnachgewiesen, wenneinbiologischerAbbauvon mindestens90% in wenigerals6 Monatenstattfindet<\/li>\n<li>Fragmentierung und keine sichtbare Verschmutzung im endg\u00fcltigen Kompost:Proben des Testmaterials werden drei Monate mit Bioabfall kompostiert. Der endg\u00fcltige Kompost wird dann mit einem 2mm Sieb gesiebt. Die Masse der R\u00fcckst\u00e4nde des Pr\u00fcfmaterials mit Abmessungen &gt;2 mm muss weniger als 10% der urspr\u00fcnglichen Masse betragen.<\/li>\n<li>Keine negativen Auswirkungen auf den Kompostierungsprozess:<br \/>\nVerifiziertmiteinemKompostierungstestimPilotma\u00dfstab.<\/li>\n<li>Geringe Schwermetallkonzentrationen (unter den angegebenen H\u00f6chstwerten) und keine negativen Auswirkungen auf den endg\u00fcltigen Kompost:Ein Pflanzenwachstumstest (OECD 208 modifiziert) und andere physikalisch-chemische Analysen werden auf den Kompost angewendet, bei dem der Abbau des Testmaterials stattgefunden hat.<\/li>\n<\/ul>\n<h3>Technische Daten:<\/h3>\n<ul>\n<li>Stabiler und robuster Tr\u00e4ger<span class=\"Apple-converted-space\">\u00a0<\/span><\/li>\n<li>Geringe Dehnung<\/li>\n<li>Ausgezeichnete Soforthaftung und Klebkraft auf unterschiedlichsten Oberfl\u00e4chen<\/li>\n<li>Von Hand ab-und einrei\u00dfbar<\/li>\n<li>Temperaturbest\u00e4ndig von -30\u00b0C bis kurzfristig +110\u00b0C (nach Verarbeitung bei Raumtemperatur)<\/li>\n<li>Leicht abrollend<\/li>\n<\/ul>\n<h3>Standard Abmessungen:<\/h3>\n<ul>\n<li>80m x 50mm<\/li>\n<li>80m x 12mm<\/li>\n<li>1200m x 50mm<\/li>\n<li>Verf\u00fcgbar mit Green lineKern<\/li>\n<\/ul>\n<h3>Anwendungen:<\/h3>\n<ul>\n<li>Verschluss<span class=\"Apple-converted-space\">\u00a0<\/span><\/li>\n<li>B\u00fcndeln von Blumen und Gartenabf\u00e4llen<\/li>\n<li>Verschluss mittelschwerer bis schwerer Kartonagen<\/li>\n<li>Manuelle Applikation in diversen Hand-und Tischabrollern<\/li>\n<li>Maschinelle Applikation auf<span class=\"Apple-converted-space\">\u00a0 <\/span>Verpackungsautomaten<\/li>\n<\/ul>\n<h3>Industrien\/M\u00e4rkte:<\/h3>\n<ul>\n<li>Floristik &amp; Gartenbau<span class=\"Apple-converted-space\">\u00a0<\/span><\/li>\n<li>Hersteller von Bio-Produkten<span class=\"Apple-converted-space\">\u00a0<\/span><\/li>\n<li>\u201eGr\u00fcner\u201c Online-Versandhandel<span class=\"Apple-converted-space\">\u00a0<\/span><\/li>\n<li>Bio-Einzelhandel<span class=\"Apple-converted-space\">\u00a0<\/span><\/li>\n<li>Alle, die bei ihrer Verpackung Wert auf Nachhaltigkeit legen.<\/li>\n<\/ul>\n<h3>Der Produktlebenszyklus\/Kreislauf:<\/h3>\n<p><img decoding=\"async\" class=\"alignleft wp-image-3525 size-full\" src=\"https:\/\/www.vdborne.nl\/wp-content\/uploads\/2020\/03\/DE_Recycling-Biopack.jpg\" alt=\"\" width=\"800\" height=\"424\" srcset=\"https:\/\/www.vdborne.nl\/wp-content\/uploads\/2020\/03\/DE_Recycling-Biopack.jpg 800w, https:\/\/www.vdborne.nl\/wp-content\/uploads\/2020\/03\/DE_Recycling-Biopack-300x159.jpg 300w, https:\/\/www.vdborne.nl\/wp-content\/uploads\/2020\/03\/DE_Recycling-Biopack-768x407.jpg 768w, https:\/\/www.vdborne.nl\/wp-content\/uploads\/2020\/03\/DE_Recycling-Biopack-100x53.jpg 100w\" sizes=\"(max-width: 800px) 100vw, 800px\" \/><\/p>\n","protected":false},"excerpt":{"rendered":"<p>Zertifiziertes nachhaltiges Klebeband monta biopack\u00ae ist ein nachhaltiges Selbstklebeband, das nachweislich die Anforderungen bzgl. Kompostierbarkeit, biologischer Abbaubarkeit, \u00d6kotoxizit\u00e4t und Materialeigenschaften der EN 13432, ASTM D 6400-04, AS 4736 (2006) und ISO 17088 (2012) erf\u00fcllt: Zertifiziert durch T\u00dcV Austria mit \u201eOK COMPOST INDUSTRIAL\u201c.\u00a0 Was bedeutet industrielle Kompostierbarkeit? Biologische Abbaubarkeit: Vollst\u00e4ndigebiologischeAbbaubarkeitgilt alsnachgewiesen, wenneinbiologischerAbbauvon mindestens90% in wenigerals6 Monatenstattfindet [&hellip;]<\/p>\n","protected":false},"author":2,"featured_media":4009,"parent":263,"menu_order":22,"comment_status":"closed","ping_status":"closed","template":"templates\/template_single_product.php","meta":{"footnotes":""},"class_list":["post-3521","page","type-page","status-publish","has-post-thumbnail","hentry"],"yoast_head":"<!-- This site is optimized with the Yoast SEO plugin v25.6 - https:\/\/yoast.com\/wordpress\/plugins\/seo\/ -->\n<title>monta biopack\u00ae 831 - Van de Borne<\/title>\n<meta name=\"robots\" content=\"index, follow, max-snippet:-1, max-image-preview:large, max-video-preview:-1\" \/>\n<link rel=\"canonical\" href=\"https:\/\/www.vdborne.nl\/de\/produkte\/klebeband-2\/monta-biopack-831\/\" \/>\n<meta property=\"og:locale\" content=\"de_DE\" \/>\n<meta property=\"og:type\" content=\"article\" \/>\n<meta property=\"og:title\" content=\"monta biopack\u00ae 831 - Van de Borne\" \/>\n<meta property=\"og:description\" content=\"Zertifiziertes nachhaltiges Klebeband monta biopack\u00ae ist ein nachhaltiges Selbstklebeband, das nachweislich die Anforderungen bzgl. Kompostierbarkeit, biologischer Abbaubarkeit, \u00d6kotoxizit\u00e4t und Materialeigenschaften der EN 13432, ASTM D 6400-04, AS 4736 (2006) und ISO 17088 (2012) erf\u00fcllt: Zertifiziert durch T\u00dcV Austria mit \u201eOK COMPOST INDUSTRIAL\u201c.\u00a0 Was bedeutet industrielle Kompostierbarkeit? Biologische Abbaubarkeit: Vollst\u00e4ndigebiologischeAbbaubarkeitgilt alsnachgewiesen, wenneinbiologischerAbbauvon mindestens90% in wenigerals6 Monatenstattfindet [&hellip;]\" \/>\n<meta property=\"og:url\" content=\"https:\/\/www.vdborne.nl\/de\/produkte\/klebeband-2\/monta-biopack-831\/\" \/>\n<meta property=\"og:site_name\" content=\"Van de Borne\" \/>\n<meta property=\"article:publisher\" content=\"https:\/\/www.facebook.com\/profile.php?id=100063606229530\" \/>\n<meta property=\"article:modified_time\" content=\"2022-05-12T14:09:02+00:00\" \/>\n<meta property=\"og:image\" content=\"https:\/\/www.vdborne.nl\/wp-content\/uploads\/2020\/06\/Doos-Monta-biopack-500x500-1.png\" \/>\n\t<meta property=\"og:image:width\" content=\"500\" \/>\n\t<meta property=\"og:image:height\" content=\"500\" \/>\n\t<meta property=\"og:image:type\" content=\"image\/png\" \/>\n<meta name=\"twitter:card\" content=\"summary_large_image\" \/>\n<meta name=\"twitter:label1\" content=\"Gesch\u00e4tzte Lesezeit\" \/>\n\t<meta name=\"twitter:data1\" content=\"1\u00a0Minute\" \/>\n<script type=\"application\/ld+json\" class=\"yoast-schema-graph\">{\"@context\":\"https:\/\/schema.org\",\"@graph\":[{\"@type\":\"WebPage\",\"@id\":\"https:\/\/www.vdborne.nl\/de\/produkte\/klebeband-2\/monta-biopack-831\/\",\"url\":\"https:\/\/www.vdborne.nl\/de\/produkte\/klebeband-2\/monta-biopack-831\/\",\"name\":\"monta biopack\u00ae 831 - Van de Borne\",\"isPartOf\":{\"@id\":\"https:\/\/www.vdborne.nl\/de\/#website\"},\"primaryImageOfPage\":{\"@id\":\"https:\/\/www.vdborne.nl\/de\/produkte\/klebeband-2\/monta-biopack-831\/#primaryimage\"},\"image\":{\"@id\":\"https:\/\/www.vdborne.nl\/de\/produkte\/klebeband-2\/monta-biopack-831\/#primaryimage\"},\"thumbnailUrl\":\"https:\/\/www.vdborne.nl\/wp-content\/uploads\/2020\/06\/Doos-Monta-biopack-500x500-1.png\",\"datePublished\":\"2020-03-12T14:08:44+00:00\",\"dateModified\":\"2022-05-12T14:09:02+00:00\",\"breadcrumb\":{\"@id\":\"https:\/\/www.vdborne.nl\/de\/produkte\/klebeband-2\/monta-biopack-831\/#breadcrumb\"},\"inLanguage\":\"de\",\"potentialAction\":[{\"@type\":\"ReadAction\",\"target\":[\"https:\/\/www.vdborne.nl\/de\/produkte\/klebeband-2\/monta-biopack-831\/\"]}]},{\"@type\":\"ImageObject\",\"inLanguage\":\"de\",\"@id\":\"https:\/\/www.vdborne.nl\/de\/produkte\/klebeband-2\/monta-biopack-831\/#primaryimage\",\"url\":\"https:\/\/www.vdborne.nl\/wp-content\/uploads\/2020\/06\/Doos-Monta-biopack-500x500-1.png\",\"contentUrl\":\"https:\/\/www.vdborne.nl\/wp-content\/uploads\/2020\/06\/Doos-Monta-biopack-500x500-1.png\",\"width\":500,\"height\":500},{\"@type\":\"BreadcrumbList\",\"@id\":\"https:\/\/www.vdborne.nl\/de\/produkte\/klebeband-2\/monta-biopack-831\/#breadcrumb\",\"itemListElement\":[{\"@type\":\"ListItem\",\"position\":1,\"name\":\"Home\",\"item\":\"https:\/\/www.vdborne.nl\/de\/\"},{\"@type\":\"ListItem\",\"position\":2,\"name\":\"Produkte\",\"item\":\"https:\/\/www.vdborne.nl\/producten\/\"},{\"@type\":\"ListItem\",\"position\":3,\"name\":\"Klebeband\",\"item\":\"https:\/\/www.vdborne.nl\/producten\/tapes-2\/\"},{\"@type\":\"ListItem\",\"position\":4,\"name\":\"monta biopack\u00ae 831\"}]},{\"@type\":\"WebSite\",\"@id\":\"https:\/\/www.vdborne.nl\/de\/#website\",\"url\":\"https:\/\/www.vdborne.nl\/de\/\",\"name\":\"Van de Borne\",\"description\":\"En nog een WordPress site\",\"publisher\":{\"@id\":\"https:\/\/www.vdborne.nl\/de\/#organization\"},\"potentialAction\":[{\"@type\":\"SearchAction\",\"target\":{\"@type\":\"EntryPoint\",\"urlTemplate\":\"https:\/\/www.vdborne.nl\/de\/?s={search_term_string}\"},\"query-input\":{\"@type\":\"PropertyValueSpecification\",\"valueRequired\":true,\"valueName\":\"search_term_string\"}}],\"inLanguage\":\"de\"},{\"@type\":\"Organization\",\"@id\":\"https:\/\/www.vdborne.nl\/de\/#organization\",\"name\":\"Van de Borne\",\"url\":\"https:\/\/www.vdborne.nl\/de\/\",\"logo\":{\"@type\":\"ImageObject\",\"inLanguage\":\"de\",\"@id\":\"https:\/\/www.vdborne.nl\/de\/#\/schema\/logo\/image\/\",\"url\":\"https:\/\/www.vdborne.nl\/wp-content\/uploads\/2023\/07\/logo-1.png\",\"contentUrl\":\"https:\/\/www.vdborne.nl\/wp-content\/uploads\/2023\/07\/logo-1.png\",\"width\":120,\"height\":62,\"caption\":\"Van de Borne\"},\"image\":{\"@id\":\"https:\/\/www.vdborne.nl\/de\/#\/schema\/logo\/image\/\"},\"sameAs\":[\"https:\/\/www.facebook.com\/profile.php?id=100063606229530\"]}]}<\/script>\n<!-- \/ Yoast SEO plugin. -->","yoast_head_json":{"title":"monta biopack\u00ae 831 - Van de Borne","robots":{"index":"index","follow":"follow","max-snippet":"max-snippet:-1","max-image-preview":"max-image-preview:large","max-video-preview":"max-video-preview:-1"},"canonical":"https:\/\/www.vdborne.nl\/de\/produkte\/klebeband-2\/monta-biopack-831\/","og_locale":"de_DE","og_type":"article","og_title":"monta biopack\u00ae 831 - Van de Borne","og_description":"Zertifiziertes nachhaltiges Klebeband monta biopack\u00ae ist ein nachhaltiges Selbstklebeband, das nachweislich die Anforderungen bzgl. Kompostierbarkeit, biologischer Abbaubarkeit, \u00d6kotoxizit\u00e4t und Materialeigenschaften der EN 13432, ASTM D 6400-04, AS 4736 (2006) und ISO 17088 (2012) erf\u00fcllt: Zertifiziert durch T\u00dcV Austria mit \u201eOK COMPOST INDUSTRIAL\u201c.\u00a0 Was bedeutet industrielle Kompostierbarkeit? Biologische Abbaubarkeit: Vollst\u00e4ndigebiologischeAbbaubarkeitgilt alsnachgewiesen, wenneinbiologischerAbbauvon mindestens90% in wenigerals6 Monatenstattfindet [&hellip;]","og_url":"https:\/\/www.vdborne.nl\/de\/produkte\/klebeband-2\/monta-biopack-831\/","og_site_name":"Van de Borne","article_publisher":"https:\/\/www.facebook.com\/profile.php?id=100063606229530","article_modified_time":"2022-05-12T14:09:02+00:00","og_image":[{"width":500,"height":500,"url":"https:\/\/www.vdborne.nl\/wp-content\/uploads\/2020\/06\/Doos-Monta-biopack-500x500-1.png","type":"image\/png"}],"twitter_card":"summary_large_image","twitter_misc":{"Gesch\u00e4tzte Lesezeit":"1\u00a0Minute"},"schema":{"@context":"https:\/\/schema.org","@graph":[{"@type":"WebPage","@id":"https:\/\/www.vdborne.nl\/de\/produkte\/klebeband-2\/monta-biopack-831\/","url":"https:\/\/www.vdborne.nl\/de\/produkte\/klebeband-2\/monta-biopack-831\/","name":"monta biopack\u00ae 831 - Van de Borne","isPartOf":{"@id":"https:\/\/www.vdborne.nl\/de\/#website"},"primaryImageOfPage":{"@id":"https:\/\/www.vdborne.nl\/de\/produkte\/klebeband-2\/monta-biopack-831\/#primaryimage"},"image":{"@id":"https:\/\/www.vdborne.nl\/de\/produkte\/klebeband-2\/monta-biopack-831\/#primaryimage"},"thumbnailUrl":"https:\/\/www.vdborne.nl\/wp-content\/uploads\/2020\/06\/Doos-Monta-biopack-500x500-1.png","datePublished":"2020-03-12T14:08:44+00:00","dateModified":"2022-05-12T14:09:02+00:00","breadcrumb":{"@id":"https:\/\/www.vdborne.nl\/de\/produkte\/klebeband-2\/monta-biopack-831\/#breadcrumb"},"inLanguage":"de","potentialAction":[{"@type":"ReadAction","target":["https:\/\/www.vdborne.nl\/de\/produkte\/klebeband-2\/monta-biopack-831\/"]}]},{"@type":"ImageObject","inLanguage":"de","@id":"https:\/\/www.vdborne.nl\/de\/produkte\/klebeband-2\/monta-biopack-831\/#primaryimage","url":"https:\/\/www.vdborne.nl\/wp-content\/uploads\/2020\/06\/Doos-Monta-biopack-500x500-1.png","contentUrl":"https:\/\/www.vdborne.nl\/wp-content\/uploads\/2020\/06\/Doos-Monta-biopack-500x500-1.png","width":500,"height":500},{"@type":"BreadcrumbList","@id":"https:\/\/www.vdborne.nl\/de\/produkte\/klebeband-2\/monta-biopack-831\/#breadcrumb","itemListElement":[{"@type":"ListItem","position":1,"name":"Home","item":"https:\/\/www.vdborne.nl\/de\/"},{"@type":"ListItem","position":2,"name":"Produkte","item":"https:\/\/www.vdborne.nl\/producten\/"},{"@type":"ListItem","position":3,"name":"Klebeband","item":"https:\/\/www.vdborne.nl\/producten\/tapes-2\/"},{"@type":"ListItem","position":4,"name":"monta biopack\u00ae 831"}]},{"@type":"WebSite","@id":"https:\/\/www.vdborne.nl\/de\/#website","url":"https:\/\/www.vdborne.nl\/de\/","name":"Van de Borne","description":"En nog een WordPress site","publisher":{"@id":"https:\/\/www.vdborne.nl\/de\/#organization"},"potentialAction":[{"@type":"SearchAction","target":{"@type":"EntryPoint","urlTemplate":"https:\/\/www.vdborne.nl\/de\/?s={search_term_string}"},"query-input":{"@type":"PropertyValueSpecification","valueRequired":true,"valueName":"search_term_string"}}],"inLanguage":"de"},{"@type":"Organization","@id":"https:\/\/www.vdborne.nl\/de\/#organization","name":"Van de Borne","url":"https:\/\/www.vdborne.nl\/de\/","logo":{"@type":"ImageObject","inLanguage":"de","@id":"https:\/\/www.vdborne.nl\/de\/#\/schema\/logo\/image\/","url":"https:\/\/www.vdborne.nl\/wp-content\/uploads\/2023\/07\/logo-1.png","contentUrl":"https:\/\/www.vdborne.nl\/wp-content\/uploads\/2023\/07\/logo-1.png","width":120,"height":62,"caption":"Van de Borne"},"image":{"@id":"https:\/\/www.vdborne.nl\/de\/#\/schema\/logo\/image\/"},"sameAs":["https:\/\/www.facebook.com\/profile.php?id=100063606229530"]}]}},"_links":{"self":[{"href":"https:\/\/www.vdborne.nl\/de\/wp-json\/wp\/v2\/pages\/3521","targetHints":{"allow":["GET"]}}],"collection":[{"href":"https:\/\/www.vdborne.nl\/de\/wp-json\/wp\/v2\/pages"}],"about":[{"href":"https:\/\/www.vdborne.nl\/de\/wp-json\/wp\/v2\/types\/page"}],"author":[{"embeddable":true,"href":"https:\/\/www.vdborne.nl\/de\/wp-json\/wp\/v2\/users\/2"}],"replies":[{"embeddable":true,"href":"https:\/\/www.vdborne.nl\/de\/wp-json\/wp\/v2\/comments?post=3521"}],"version-history":[{"count":12,"href":"https:\/\/www.vdborne.nl\/de\/wp-json\/wp\/v2\/pages\/3521\/revisions"}],"predecessor-version":[{"id":4412,"href":"https:\/\/www.vdborne.nl\/de\/wp-json\/wp\/v2\/pages\/3521\/revisions\/4412"}],"up":[{"embeddable":true,"href":"https:\/\/www.vdborne.nl\/de\/wp-json\/wp\/v2\/pages\/263"}],"wp:featuredmedia":[{"embeddable":true,"href":"https:\/\/www.vdborne.nl\/de\/wp-json\/wp\/v2\/media\/4009"}],"wp:attachment":[{"href":"https:\/\/www.vdborne.nl\/de\/wp-json\/wp\/v2\/media?parent=3521"}],"curies":[{"name":"wp","href":"https:\/\/api.w.org\/{rel}","templated":true}]}}