{"id":36,"date":"2016-07-30T11:16:59","date_gmt":"2016-07-30T09:16:59","guid":{"rendered":"http:\/\/www.vdborne.nl\/?page_id=36&#038;lang=de"},"modified":"2021-12-09T11:13:49","modified_gmt":"2021-12-09T10:13:49","slug":"unique-druck-in-oisterwijk","status":"publish","type":"page","link":"https:\/\/www.vdborne.nl\/de\/","title":{"rendered":"&#8222;Spezialisierte Druckerei in Oisterwijk&#8220;"},"content":{"rendered":"<p>Van de Borne b.v. ist eine auf Verpackungsb\u00e4nder, Etiketten, Aufkleber und Absperrb\u00e4nder spezialisierte Druckerei. Seit 36 Jahren sind wir in Oisterwijk in Brabant ans\u00e4ssig und arbeiten f\u00fcr zufriedene Kunden im gesamten Nordwesten Europas. Unsere Tochterfirma 2B d.o.o. deckt f\u00fcr uns den s\u00fcdosteurop\u00e4ischen Markt ab. T\u00e4glich bedrucken wir f\u00fcr unsere europ\u00e4ischen Kunden viele Kilometer B\u00e4nder und unz\u00e4hlige Aufkleber und Etiketten.<span class=\"Apple-converted-space\">\u00a0<\/span><\/p>\n<h3>So arbeiten wir<\/h3>\n<p>Sie besprechen Ihre W\u00fcnsche mit uns und wir erledigen die Arbeit f\u00fcr Sie. Bei technischen Fragen beraten wir Sie gerne. Wir verf\u00fcgen \u00fcber unser eigenes DTP-Studio, Film- und Plattenwerke, 8 Druckpressen f\u00fcr B\u00e4nder und 4 Pressen f\u00fcr Etiketten.<span class=\"Apple-converted-space\">\u00a0<\/span><\/p>\n<h3>Unsere Referenzen und Garantien<span class=\"Apple-converted-space\">\u00a0<\/span><\/h3>\n<p>Verpackungsh\u00e4ndler aus ganz Europa finden den Weg zu uns \u2013 aus gutem Grund! Wir sind stolz darauf von 3M Worldwide als offizielle Druckerei ausgew\u00e4hlt geworden zu sein und arbeiten auch mit Tesa zusammen. Van de Borne stellt h\u00f6chste Anspr\u00fcche an die zertifizierten Normen aller Produkte und h\u00e4lt sich zuverl\u00e4ssig an Absprachen. Auf alle Produkte r\u00e4umen wir eine feste Garantie ein.<\/p>\n<h3>Natural Rolling Quality<\/h3>\n<p>Wir betonen unsere Qualit\u00e4tsanspr\u00fcche mit Hilfe des Labels \u201eNatural Rolling Quality\u201c, mit dem wir uns von anderen abheben. Die Verpackung mit hohem Wiedererkennungswert bedeutet, dass Sie ein hochwertiges Produkt in den H\u00e4nden halten.<span class=\"Apple-converted-space\">\u00a0<\/span><\/p>\n<p>&nbsp;<\/p>\n<p><a href=\"https:\/\/www.vdborne.nl\/de\/produkte\/klebeband-2\/\"><img decoding=\"async\" class=\"alignleft wp-image-2638 size-full\" src=\"https:\/\/www.vdborne.nl\/wp-content\/uploads\/2019\/01\/Knop_Klebeband.png\" alt=\"\" width=\"129\" height=\"40\" srcset=\"https:\/\/www.vdborne.nl\/wp-content\/uploads\/2019\/01\/Knop_Klebeband.png 129w, https:\/\/www.vdborne.nl\/wp-content\/uploads\/2019\/01\/Knop_Klebeband-100x31.png 100w\" sizes=\"(max-width: 129px) 100vw, 129px\" \/><\/a>\u00a0 \u00a0 \u00a0<a href=\"https:\/\/www.vdborne.nl\/de\/produkte\/spezialitaeten\/\"><img decoding=\"async\" class=\"alignleft wp-image-4332 size-full\" src=\"https:\/\/www.vdborne.nl\/wp-content\/uploads\/2021\/07\/Knop_Spezialitaten.png\" alt=\"\" width=\"129\" height=\"40\" srcset=\"https:\/\/www.vdborne.nl\/wp-content\/uploads\/2021\/07\/Knop_Spezialitaten.png 129w, https:\/\/www.vdborne.nl\/wp-content\/uploads\/2021\/07\/Knop_Spezialitaten-100x31.png 100w\" sizes=\"(max-width: 129px) 100vw, 129px\" \/><\/a>\u00a0 \u00a0 \u00a0<a href=\"https:\/\/www.vdborne.nl\/de\/produkte\/etiketten\/\"><img decoding=\"async\" class=\"alignleft wp-image-2637 size-full\" src=\"https:\/\/www.vdborne.nl\/wp-content\/uploads\/2019\/01\/Knop_Etiketten.png\" alt=\"\" width=\"129\" height=\"40\" srcset=\"https:\/\/www.vdborne.nl\/wp-content\/uploads\/2019\/01\/Knop_Etiketten.png 129w, https:\/\/www.vdborne.nl\/wp-content\/uploads\/2019\/01\/Knop_Etiketten-100x31.png 100w\" sizes=\"(max-width: 129px) 100vw, 129px\" \/><\/a><\/p>\n<h2><\/h2>\n<h3>News<\/h3>\n<p>M\u00f6chten Sie \u00fcber die letzten Neuigkeiten aus unserem Haus informiert bleiben, melden Sie sich zu unserem Newsletter an.<\/p>\n<p><a href=\"https:\/\/www.vdborne.nl\/de\/uber-uns\/news\/\"><img decoding=\"async\" class=\"alignleft wp-image-2639 size-full\" src=\"https:\/\/www.vdborne.nl\/wp-content\/uploads\/2019\/01\/Knop_News.png\" alt=\"\" width=\"129\" height=\"40\" srcset=\"https:\/\/www.vdborne.nl\/wp-content\/uploads\/2019\/01\/Knop_News.png 129w, https:\/\/www.vdborne.nl\/wp-content\/uploads\/2019\/01\/Knop_News-100x31.png 100w\" sizes=\"(max-width: 129px) 100vw, 129px\" \/>\u00a0<\/a>\u00a0 \u00a0\u00a0<a href=\"https:\/\/laposta.nl\/f\/ssur23bjgggx\" target=\"_blank\" rel=\"noopener noreferrer\"><img decoding=\"async\" class=\"alignleft wp-image-2640 size-full\" src=\"https:\/\/www.vdborne.nl\/wp-content\/uploads\/2019\/01\/Knop_Newsletter.png\" alt=\"\" width=\"129\" height=\"40\" srcset=\"https:\/\/www.vdborne.nl\/wp-content\/uploads\/2019\/01\/Knop_Newsletter.png 129w, https:\/\/www.vdborne.nl\/wp-content\/uploads\/2019\/01\/Knop_Newsletter-100x31.png 100w\" sizes=\"(max-width: 129px) 100vw, 129px\" \/><\/a><\/p>\n","protected":false},"excerpt":{"rendered":"<p>Van de Borne b.v. ist eine auf Verpackungsb\u00e4nder, Etiketten, Aufkleber und Absperrb\u00e4nder spezialisierte Druckerei. Seit 36 Jahren sind wir in Oisterwijk in Brabant ans\u00e4ssig und arbeiten f\u00fcr zufriedene Kunden im gesamten Nordwesten Europas. Unsere Tochterfirma 2B d.o.o. deckt f\u00fcr uns den s\u00fcdosteurop\u00e4ischen Markt ab. T\u00e4glich bedrucken wir f\u00fcr unsere europ\u00e4ischen Kunden viele Kilometer B\u00e4nder und [&hellip;]<\/p>\n","protected":false},"author":1,"featured_media":0,"parent":0,"menu_order":0,"comment_status":"closed","ping_status":"closed","template":"","meta":{"footnotes":""},"class_list":["post-36","page","type-page","status-publish","hentry"],"yoast_head":"<!-- This site is optimized with the Yoast SEO plugin v25.6 - https:\/\/yoast.com\/wordpress\/plugins\/seo\/ -->\n<title>&quot;Spezialisierte Druckerei in Oisterwijk&quot; - Van de Borne<\/title>\n<meta name=\"robots\" content=\"index, follow, max-snippet:-1, max-image-preview:large, max-video-preview:-1\" \/>\n<link rel=\"canonical\" href=\"https:\/\/www.vdborne.nl\/de\/\" \/>\n<meta property=\"og:locale\" content=\"de_DE\" \/>\n<meta property=\"og:type\" content=\"article\" \/>\n<meta property=\"og:title\" content=\"&quot;Spezialisierte Druckerei in Oisterwijk&quot; - Van de Borne\" \/>\n<meta property=\"og:description\" content=\"Van de Borne b.v. ist eine auf Verpackungsb\u00e4nder, Etiketten, Aufkleber und Absperrb\u00e4nder spezialisierte Druckerei. Seit 36 Jahren sind wir in Oisterwijk in Brabant ans\u00e4ssig und arbeiten f\u00fcr zufriedene Kunden im gesamten Nordwesten Europas. Unsere Tochterfirma 2B d.o.o. deckt f\u00fcr uns den s\u00fcdosteurop\u00e4ischen Markt ab. T\u00e4glich bedrucken wir f\u00fcr unsere europ\u00e4ischen Kunden viele Kilometer B\u00e4nder und [&hellip;]\" \/>\n<meta property=\"og:url\" content=\"https:\/\/www.vdborne.nl\/de\/\" \/>\n<meta property=\"og:site_name\" content=\"Van de Borne\" \/>\n<meta property=\"article:publisher\" content=\"https:\/\/www.facebook.com\/profile.php?id=100063606229530\" \/>\n<meta property=\"article:modified_time\" content=\"2021-12-09T10:13:49+00:00\" \/>\n<meta property=\"og:image\" content=\"https:\/\/www.vdborne.nl\/wp-content\/uploads\/2019\/01\/Knop_Klebeband.png\" \/>\n<meta name=\"twitter:card\" content=\"summary_large_image\" \/>\n<meta name=\"twitter:label1\" content=\"Gesch\u00e4tzte Lesezeit\" \/>\n\t<meta name=\"twitter:data1\" content=\"2\u00a0Minuten\" \/>\n<script type=\"application\/ld+json\" class=\"yoast-schema-graph\">{\"@context\":\"https:\/\/schema.org\",\"@graph\":[{\"@type\":\"WebPage\",\"@id\":\"https:\/\/www.vdborne.nl\/de\/\",\"url\":\"https:\/\/www.vdborne.nl\/de\/\",\"name\":\"\\\"Spezialisierte Druckerei in Oisterwijk\\\" - Van de Borne\",\"isPartOf\":{\"@id\":\"https:\/\/www.vdborne.nl\/de\/#website\"},\"primaryImageOfPage\":{\"@id\":\"https:\/\/www.vdborne.nl\/de\/#primaryimage\"},\"image\":{\"@id\":\"https:\/\/www.vdborne.nl\/de\/#primaryimage\"},\"thumbnailUrl\":\"https:\/\/www.vdborne.nl\/wp-content\/uploads\/2019\/01\/Knop_Klebeband.png\",\"datePublished\":\"2016-07-30T09:16:59+00:00\",\"dateModified\":\"2021-12-09T10:13:49+00:00\",\"breadcrumb\":{\"@id\":\"https:\/\/www.vdborne.nl\/de\/#breadcrumb\"},\"inLanguage\":\"de\",\"potentialAction\":[{\"@type\":\"ReadAction\",\"target\":[\"https:\/\/www.vdborne.nl\/de\/\"]}]},{\"@type\":\"ImageObject\",\"inLanguage\":\"de\",\"@id\":\"https:\/\/www.vdborne.nl\/de\/#primaryimage\",\"url\":\"https:\/\/www.vdborne.nl\/wp-content\/uploads\/2019\/01\/Knop_Klebeband.png\",\"contentUrl\":\"https:\/\/www.vdborne.nl\/wp-content\/uploads\/2019\/01\/Knop_Klebeband.png\"},{\"@type\":\"BreadcrumbList\",\"@id\":\"https:\/\/www.vdborne.nl\/de\/#breadcrumb\",\"itemListElement\":[{\"@type\":\"ListItem\",\"position\":1,\"name\":\"Home\",\"item\":\"https:\/\/www.vdborne.nl\/de\/\"},{\"@type\":\"ListItem\",\"position\":2,\"name\":\"&#8222;Spezialisierte Druckerei in Oisterwijk&#8220;\"}]},{\"@type\":\"WebSite\",\"@id\":\"https:\/\/www.vdborne.nl\/de\/#website\",\"url\":\"https:\/\/www.vdborne.nl\/de\/\",\"name\":\"Van de Borne\",\"description\":\"En nog een WordPress site\",\"publisher\":{\"@id\":\"https:\/\/www.vdborne.nl\/de\/#organization\"},\"potentialAction\":[{\"@type\":\"SearchAction\",\"target\":{\"@type\":\"EntryPoint\",\"urlTemplate\":\"https:\/\/www.vdborne.nl\/de\/?s={search_term_string}\"},\"query-input\":{\"@type\":\"PropertyValueSpecification\",\"valueRequired\":true,\"valueName\":\"search_term_string\"}}],\"inLanguage\":\"de\"},{\"@type\":\"Organization\",\"@id\":\"https:\/\/www.vdborne.nl\/de\/#organization\",\"name\":\"Van de Borne\",\"url\":\"https:\/\/www.vdborne.nl\/de\/\",\"logo\":{\"@type\":\"ImageObject\",\"inLanguage\":\"de\",\"@id\":\"https:\/\/www.vdborne.nl\/de\/#\/schema\/logo\/image\/\",\"url\":\"https:\/\/www.vdborne.nl\/wp-content\/uploads\/2023\/07\/logo-1.png\",\"contentUrl\":\"https:\/\/www.vdborne.nl\/wp-content\/uploads\/2023\/07\/logo-1.png\",\"width\":120,\"height\":62,\"caption\":\"Van de Borne\"},\"image\":{\"@id\":\"https:\/\/www.vdborne.nl\/de\/#\/schema\/logo\/image\/\"},\"sameAs\":[\"https:\/\/www.facebook.com\/profile.php?id=100063606229530\"]}]}<\/script>\n<!-- \/ Yoast SEO plugin. -->","yoast_head_json":{"title":"\"Spezialisierte Druckerei in Oisterwijk\" - Van de Borne","robots":{"index":"index","follow":"follow","max-snippet":"max-snippet:-1","max-image-preview":"max-image-preview:large","max-video-preview":"max-video-preview:-1"},"canonical":"https:\/\/www.vdborne.nl\/de\/","og_locale":"de_DE","og_type":"article","og_title":"\"Spezialisierte Druckerei in Oisterwijk\" - Van de Borne","og_description":"Van de Borne b.v. ist eine auf Verpackungsb\u00e4nder, Etiketten, Aufkleber und Absperrb\u00e4nder spezialisierte Druckerei. Seit 36 Jahren sind wir in Oisterwijk in Brabant ans\u00e4ssig und arbeiten f\u00fcr zufriedene Kunden im gesamten Nordwesten Europas. Unsere Tochterfirma 2B d.o.o. deckt f\u00fcr uns den s\u00fcdosteurop\u00e4ischen Markt ab. T\u00e4glich bedrucken wir f\u00fcr unsere europ\u00e4ischen Kunden viele Kilometer B\u00e4nder und [&hellip;]","og_url":"https:\/\/www.vdborne.nl\/de\/","og_site_name":"Van de Borne","article_publisher":"https:\/\/www.facebook.com\/profile.php?id=100063606229530","article_modified_time":"2021-12-09T10:13:49+00:00","og_image":[{"url":"https:\/\/www.vdborne.nl\/wp-content\/uploads\/2019\/01\/Knop_Klebeband.png","type":"","width":"","height":""}],"twitter_card":"summary_large_image","twitter_misc":{"Gesch\u00e4tzte Lesezeit":"2\u00a0Minuten"},"schema":{"@context":"https:\/\/schema.org","@graph":[{"@type":"WebPage","@id":"https:\/\/www.vdborne.nl\/de\/","url":"https:\/\/www.vdborne.nl\/de\/","name":"\"Spezialisierte Druckerei in Oisterwijk\" - Van de Borne","isPartOf":{"@id":"https:\/\/www.vdborne.nl\/de\/#website"},"primaryImageOfPage":{"@id":"https:\/\/www.vdborne.nl\/de\/#primaryimage"},"image":{"@id":"https:\/\/www.vdborne.nl\/de\/#primaryimage"},"thumbnailUrl":"https:\/\/www.vdborne.nl\/wp-content\/uploads\/2019\/01\/Knop_Klebeband.png","datePublished":"2016-07-30T09:16:59+00:00","dateModified":"2021-12-09T10:13:49+00:00","breadcrumb":{"@id":"https:\/\/www.vdborne.nl\/de\/#breadcrumb"},"inLanguage":"de","potentialAction":[{"@type":"ReadAction","target":["https:\/\/www.vdborne.nl\/de\/"]}]},{"@type":"ImageObject","inLanguage":"de","@id":"https:\/\/www.vdborne.nl\/de\/#primaryimage","url":"https:\/\/www.vdborne.nl\/wp-content\/uploads\/2019\/01\/Knop_Klebeband.png","contentUrl":"https:\/\/www.vdborne.nl\/wp-content\/uploads\/2019\/01\/Knop_Klebeband.png"},{"@type":"BreadcrumbList","@id":"https:\/\/www.vdborne.nl\/de\/#breadcrumb","itemListElement":[{"@type":"ListItem","position":1,"name":"Home","item":"https:\/\/www.vdborne.nl\/de\/"},{"@type":"ListItem","position":2,"name":"&#8222;Spezialisierte Druckerei in Oisterwijk&#8220;"}]},{"@type":"WebSite","@id":"https:\/\/www.vdborne.nl\/de\/#website","url":"https:\/\/www.vdborne.nl\/de\/","name":"Van de Borne","description":"En nog een WordPress site","publisher":{"@id":"https:\/\/www.vdborne.nl\/de\/#organization"},"potentialAction":[{"@type":"SearchAction","target":{"@type":"EntryPoint","urlTemplate":"https:\/\/www.vdborne.nl\/de\/?s={search_term_string}"},"query-input":{"@type":"PropertyValueSpecification","valueRequired":true,"valueName":"search_term_string"}}],"inLanguage":"de"},{"@type":"Organization","@id":"https:\/\/www.vdborne.nl\/de\/#organization","name":"Van de Borne","url":"https:\/\/www.vdborne.nl\/de\/","logo":{"@type":"ImageObject","inLanguage":"de","@id":"https:\/\/www.vdborne.nl\/de\/#\/schema\/logo\/image\/","url":"https:\/\/www.vdborne.nl\/wp-content\/uploads\/2023\/07\/logo-1.png","contentUrl":"https:\/\/www.vdborne.nl\/wp-content\/uploads\/2023\/07\/logo-1.png","width":120,"height":62,"caption":"Van de Borne"},"image":{"@id":"https:\/\/www.vdborne.nl\/de\/#\/schema\/logo\/image\/"},"sameAs":["https:\/\/www.facebook.com\/profile.php?id=100063606229530"]}]}},"_links":{"self":[{"href":"https:\/\/www.vdborne.nl\/de\/wp-json\/wp\/v2\/pages\/36","targetHints":{"allow":["GET"]}}],"collection":[{"href":"https:\/\/www.vdborne.nl\/de\/wp-json\/wp\/v2\/pages"}],"about":[{"href":"https:\/\/www.vdborne.nl\/de\/wp-json\/wp\/v2\/types\/page"}],"author":[{"embeddable":true,"href":"https:\/\/www.vdborne.nl\/de\/wp-json\/wp\/v2\/users\/1"}],"replies":[{"embeddable":true,"href":"https:\/\/www.vdborne.nl\/de\/wp-json\/wp\/v2\/comments?post=36"}],"version-history":[{"count":30,"href":"https:\/\/www.vdborne.nl\/de\/wp-json\/wp\/v2\/pages\/36\/revisions"}],"predecessor-version":[{"id":4389,"href":"https:\/\/www.vdborne.nl\/de\/wp-json\/wp\/v2\/pages\/36\/revisions\/4389"}],"wp:attachment":[{"href":"https:\/\/www.vdborne.nl\/de\/wp-json\/wp\/v2\/media?parent=36"}],"curies":[{"name":"wp","href":"https:\/\/api.w.org\/{rel}","templated":true}]}}